{"id":30400,"date":"2026-02-09T13:47:30","date_gmt":"2026-02-09T11:47:30","guid":{"rendered":"https:\/\/academy.police.md\/?page_id=30400"},"modified":"2026-02-09T13:49:40","modified_gmt":"2026-02-09T11:49:40","slug":"conferinta-stiintifica-internationala-prevenirea-si-combaterea-criminalitatii-probleme-solutii-si-perspective-editia-a-vi-a-din-25-aprilie-2024","status":"publish","type":"page","link":"https:\/\/academy.police.md\/gb\/scoala-doctorala\/conferinta-stiintifica-internationala-prevenirea-si-combaterea-criminalitatii-probleme-solutii-si-perspective-editia-a-vi-a-din-25-aprilie-2024","title":{"rendered":"Conferin\u0163a \u015ftiin\u0163ific\u0103 interna\u0163ional\u0103 \u201ePrevenirea \u015fi combaterea criminalit\u0103\u0163ii: probleme, solu\u0163ii \u015fi perspective\u201d, edi\u0163ia a VI-a, din 25 aprilie 2024"},"content":{"rendered":"\n<p><a rel=\"noreferrer noopener\" href=\"https:\/\/academy.police.md\/wp-content\/uploads\/2024\/06\/Agenda_conferintei_scolii_doctorale_final_24_06_2024.pdf\" target=\"_blank\">Agenda Conferin\u0163ei \u015ftiin\u0163ifice interna\u0163ionale \u201ePrevenirea \u015fi combaterea criminalit\u0103\u0163ii: probleme, solu\u0163ii \u015fi perspective\u201d, Edi\u0163ia a VI-a, 25 aprilie 2024<\/a><\/p>\n\n\n\n<p><a rel=\"noreferrer noopener\" href=\"https:\/\/www.academy.police.md\/wp-content\/uploads\/2025\/01\/Conferinta_internationala_LV_editie_speciala_24_06_2024.pdf\" target=\"_blank\">Conferin\u0163a \u015ftiin\u0163ific\u0103 interna\u0163ional\u0103 \u201ePrevenirea \u015fi combaterea criminalit\u0103\u0163ii: probleme, solu\u0163ii \u015fi perspective\u201d, edi\u0163ia a VI-a. (Materialele Conferin\u0163ei \u015ftiin\u0163ifice interna\u0163ionale din 25.04.2024)<\/a><\/p>\n","protected":false},"excerpt":{"rendered":"<p>Agenda Conferin\u0163ei \u015ftiin\u0163ifice interna\u0163ionale \u201ePrevenirea \u015fi combaterea criminalit\u0103\u0163ii: probleme, solu\u0163ii \u015fi perspective\u201d, Edi\u0163ia a VI-a, 25 aprilie 2024 Conferin\u0163a \u015ftiin\u0163ific\u0103 interna\u0163ional\u0103 \u201ePrevenirea \u015fi combaterea criminalit\u0103\u0163ii: probleme, solu\u0163ii \u015fi perspective\u201d, edi\u0163ia [&hellip;]<\/p>\n","protected":false},"author":8,"featured_media":0,"parent":119,"menu_order":0,"comment_status":"closed","ping_status":"closed","template":"","meta":[],"translation":{"provider":"WPGlobus","version":"2.12.2","language":"gb","enabled_languages":["ro","gb"],"languages":{"ro":{"title":true,"content":true,"excerpt":false},"gb":{"title":false,"content":false,"excerpt":false}}},"acf":[],"_links":{"self":[{"href":"https:\/\/academy.police.md\/gb\/wp-json\/wp\/v2\/pages\/30400"}],"collection":[{"href":"https:\/\/academy.police.md\/gb\/wp-json\/wp\/v2\/pages"}],"about":[{"href":"https:\/\/academy.police.md\/gb\/wp-json\/wp\/v2\/types\/page"}],"author":[{"embeddable":true,"href":"https:\/\/academy.police.md\/gb\/wp-json\/wp\/v2\/users\/8"}],"replies":[{"embeddable":true,"href":"https:\/\/academy.police.md\/gb\/wp-json\/wp\/v2\/comments?post=30400"}],"version-history":[{"count":2,"href":"https:\/\/academy.police.md\/gb\/wp-json\/wp\/v2\/pages\/30400\/revisions"}],"predecessor-version":[{"id":30405,"href":"https:\/\/academy.police.md\/gb\/wp-json\/wp\/v2\/pages\/30400\/revisions\/30405"}],"up":[{"embeddable":true,"href":"https:\/\/academy.police.md\/gb\/wp-json\/wp\/v2\/pages\/119"}],"wp:attachment":[{"href":"https:\/\/academy.police.md\/gb\/wp-json\/wp\/v2\/media?parent=30400"}],"curies":[{"name":"wp","href":"https:\/\/api.w.org\/{rel}","templated":true}]}}