{"id":30398,"date":"2026-02-09T13:45:34","date_gmt":"2026-02-09T11:45:34","guid":{"rendered":"https:\/\/academy.police.md\/?page_id=30398"},"modified":"2026-02-09T13:45:34","modified_gmt":"2026-02-09T11:45:34","slug":"conferinta-stiintifica-internationala-prevenirea-si-combaterea-criminalitatii-probleme-solutii-si-perspective-editia-a-vii-a-din-10-aprilie-2025","status":"publish","type":"page","link":"https:\/\/academy.police.md\/gb\/scoala-doctorala\/conferinta-stiintifica-internationala-prevenirea-si-combaterea-criminalitatii-probleme-solutii-si-perspective-editia-a-vii-a-din-10-aprilie-2025","title":{"rendered":"Conferin\u0163a \u015ftiin\u0163ific\u0103 interna\u0163ional\u0103 \u201ePrevenirea \u015fi combaterea criminalit\u0103\u0163ii: probleme, solu\u0163ii \u015fi perspective\u201d, edi\u0163ia a VII-a, din 10 aprilie 2025"},"content":{"rendered":"\n<p><a href=\"https:\/\/academy.police.md\/wp-content\/uploads\/2025\/06\/Materialele-Conferintei_stiintifice_internationale_10_04_2025.pdf\">Conferin\u0163a \u015ftiin\u0163ific\u0103 interna\u0163ional\u0103 \u201ePrevenirea \u015fi combaterea criminalit\u0103\u0163ii: probleme, solu\u0163ii \u015fi perspective\u201d, edi\u0163ia a VII-a. (Materialele Conferin\u0163ei \u015ftiin\u0163ifice interna\u0163ionale din 10.04.2025)<\/a><\/p>\n\n\n\n<p><a rel=\"noreferrer noopener\" href=\"https:\/\/academy.police.md\/wp-content\/uploads\/2025\/06\/Agenda_conferintei_stiintifice_internationale_10_04_2025-FINALA.pdf\" target=\"_blank\">Agenda Conferin\u0163ei \u015ftiin\u0163ifice interna\u0163ionale \u201ePrevenirea \u015fi combaterea criminalit\u0103\u0163ii: probleme, solu\u0163ii \u015fi perspective\u201d, Edi\u0163ia a VII-a, 10 aprilie 2025<\/a><\/p>\n\n\n\n<p><a rel=\"noreferrer noopener\" href=\"https:\/\/academy.police.md\/wp-content\/uploads\/2025\/03\/Aviz-Conf.-10.04.2025.pdf\" target=\"_blank\">AVIZ privind organizarea Conferin\u0163ei \u015ftiin\u0163ifice interna\u0163ionale \u201ePrevenirea \u015fi combaterea criminalit\u0103\u0163ii: probleme, solu\u0163ii \u015fi perspective\u201d, edi\u0163ia a VII-a. 10 aprilie 2025<\/a><\/p>\n\n\n\n<p><a rel=\"noreferrer noopener\" href=\"https:\/\/academy.police.md\/wp-content\/uploads\/2025\/04\/Invitation-to-Conference-10.04.2025-Academy-Stefan-cel-Mare-RM.pdf\" target=\"_blank\">INVITATION to International Scientific Conference April 10, 2025<\/a><\/p>\n","protected":false},"excerpt":{"rendered":"<p>Conferin\u0163a \u015ftiin\u0163ific\u0103 interna\u0163ional\u0103 \u201ePrevenirea \u015fi combaterea criminalit\u0103\u0163ii: probleme, solu\u0163ii \u015fi perspective\u201d, edi\u0163ia a VII-a. (Materialele Conferin\u0163ei \u015ftiin\u0163ifice interna\u0163ionale din 10.04.2025) Agenda Conferin\u0163ei \u015ftiin\u0163ifice interna\u0163ionale \u201ePrevenirea \u015fi combaterea criminalit\u0103\u0163ii: probleme, solu\u0163ii [&hellip;]<\/p>\n","protected":false},"author":8,"featured_media":0,"parent":119,"menu_order":0,"comment_status":"closed","ping_status":"closed","template":"","meta":[],"translation":{"provider":"WPGlobus","version":"2.12.2","language":"gb","enabled_languages":["ro","gb"],"languages":{"ro":{"title":true,"content":true,"excerpt":false},"gb":{"title":false,"content":false,"excerpt":false}}},"acf":[],"_links":{"self":[{"href":"https:\/\/academy.police.md\/gb\/wp-json\/wp\/v2\/pages\/30398"}],"collection":[{"href":"https:\/\/academy.police.md\/gb\/wp-json\/wp\/v2\/pages"}],"about":[{"href":"https:\/\/academy.police.md\/gb\/wp-json\/wp\/v2\/types\/page"}],"author":[{"embeddable":true,"href":"https:\/\/academy.police.md\/gb\/wp-json\/wp\/v2\/users\/8"}],"replies":[{"embeddable":true,"href":"https:\/\/academy.police.md\/gb\/wp-json\/wp\/v2\/comments?post=30398"}],"version-history":[{"count":1,"href":"https:\/\/academy.police.md\/gb\/wp-json\/wp\/v2\/pages\/30398\/revisions"}],"predecessor-version":[{"id":30399,"href":"https:\/\/academy.police.md\/gb\/wp-json\/wp\/v2\/pages\/30398\/revisions\/30399"}],"up":[{"embeddable":true,"href":"https:\/\/academy.police.md\/gb\/wp-json\/wp\/v2\/pages\/119"}],"wp:attachment":[{"href":"https:\/\/academy.police.md\/gb\/wp-json\/wp\/v2\/media?parent=30398"}],"curies":[{"name":"wp","href":"https:\/\/api.w.org\/{rel}","templated":true}]}}