{"id":30084,"date":"2026-01-30T15:02:56","date_gmt":"2026-01-30T13:02:56","guid":{"rendered":"https:\/\/academy.police.md\/?page_id=30084"},"modified":"2026-04-09T14:02:49","modified_gmt":"2026-04-09T11:02:49","slug":"orar-drept-1-ff-semestrul2","status":"publish","type":"page","link":"https:\/\/academy.police.md\/gb\/directia-studii-si-management-al-calitatii\/orarele-activitatilor-didactice\/orar-drept-1-ff-semestrul2","title":{"rendered":"Orarele activit\u0103\u0163ilor didactice. Programul de studii 0421.1 Drept, ciclul I licen\u0163\u0103, forma de \u00eenv\u0103\u0163\u0103m\u00e2nt cu frecven\u0163\u0103 redus\u0103"},"content":{"rendered":"\n<h2>Anul I<\/h2>\n\n\n\n<p><\/p>\n\n\n\n<h2>Anul II<\/h2>\n\n\n\n<p><a href=\"\/wp-content\/uploads\/2026\/02\/FR-an-II-1.pdf\" data-type=\"URL\" data-id=\"\/wp-content\/uploads\/2026\/02\/FR-an-II-1.pdf\" target=\"_blank\" rel=\"noreferrer noopener\">Orar activit\u0103\u0163ilor didactice<br><\/a><a href=\"https:\/\/academy.police.md\/wp-content\/uploads\/2026\/02\/FR-an-II-aleg_rotated.pdf\">Orar activit\u0103\u0163ilor didactice la libera alegere<\/a><\/p>\n\n\n\n<h2>Anul III<\/h2>\n\n\n\n<p><a href=\"\/wp-content\/uploads\/2026\/02\/sem-II-FR-an-III-.pdf\" data-type=\"URL\" data-id=\"\/wp-content\/uploads\/2026\/02\/sem-II-FR-an-III-.pdf\" target=\"_blank\" rel=\"noreferrer noopener\">Orar activit\u0103\u0163ilor didactice<br><\/a><a href=\"\/wp-content\/uploads\/2026\/02\/sem-II-FR-an-III-aleg_rotated.pdf\" data-type=\"URL\" data-id=\"\/wp-content\/uploads\/2026\/02\/sem-II-FR-an-III-aleg_rotated.pdf\" target=\"_blank\" rel=\"noreferrer noopener\">Orar activit\u0103\u0163ilor didactice la libera alegere<\/a><\/p>\n\n\n\n<h2>Anul IV<\/h2>\n\n\n\n<p><a href=\"\/wp-content\/uploads\/2026\/03\/sem-II-FR-an-IV.pdf\" data-type=\"URL\" data-id=\"\/wp-content\/uploads\/2026\/03\/sem-II-FR-an-IV.pdf\" target=\"_blank\" rel=\"noreferrer noopener\">Orar activit\u0103\u0163ilor didactice<br><\/a><a href=\"\/wp-content\/uploads\/2026\/03\/sem-II-FR-an-IV-aleg_rotated.pdf\" data-type=\"URL\" data-id=\"\/wp-content\/uploads\/2026\/03\/sem-II-FR-an-IV-aleg_rotated.pdf\" target=\"_blank\" rel=\"noreferrer noopener\">Orar activit\u0103\u0163ilor didactice la libera alegere<\/a><\/p>\n\n\n\n<h2>Anul V<\/h2>\n\n\n\n<p><a href=\"\/wp-content\/uploads\/2026\/04\/FR-an-V-ore-de-sinteza_rotated.pdf\" data-type=\"URL\" data-id=\"\/wp-content\/uploads\/2026\/04\/FR-an-V-ore-de-sinteza_rotated.pdf\" target=\"_blank\" rel=\"noreferrer noopener\">Orarul lec\u021biilor de sintez\u0103<br><\/a><a href=\"\/wp-content\/uploads\/2026\/04\/FR-an-V-Examen-Teza-licenta_rotated.pdf\" data-type=\"URL\" data-id=\"\/wp-content\/uploads\/2026\/04\/FR-an-V-Examen-Teza-licenta_rotated.pdf\" target=\"_blank\" rel=\"noreferrer noopener\">Orarul examenelor \u0219i al tezelor de licen\u021b\u0103<\/a><\/p>\n","protected":false},"excerpt":{"rendered":"<p>Anul I Anul II Orar activit\u0103\u0163ilor didacticeOrar activit\u0103\u0163ilor didactice la libera alegere Anul III Orar activit\u0103\u0163ilor didacticeOrar activit\u0103\u0163ilor didactice la libera alegere Anul IV Orar activit\u0103\u0163ilor didacticeOrar activit\u0103\u0163ilor didactice la [&hellip;]<\/p>\n","protected":false},"author":8,"featured_media":0,"parent":213,"menu_order":0,"comment_status":"closed","ping_status":"closed","template":"","meta":[],"translation":{"provider":"WPGlobus","version":"2.12.2","language":"gb","enabled_languages":["ro","gb"],"languages":{"ro":{"title":true,"content":true,"excerpt":false},"gb":{"title":false,"content":false,"excerpt":false}}},"acf":[],"_links":{"self":[{"href":"https:\/\/academy.police.md\/gb\/wp-json\/wp\/v2\/pages\/30084"}],"collection":[{"href":"https:\/\/academy.police.md\/gb\/wp-json\/wp\/v2\/pages"}],"about":[{"href":"https:\/\/academy.police.md\/gb\/wp-json\/wp\/v2\/types\/page"}],"author":[{"embeddable":true,"href":"https:\/\/academy.police.md\/gb\/wp-json\/wp\/v2\/users\/8"}],"replies":[{"embeddable":true,"href":"https:\/\/academy.police.md\/gb\/wp-json\/wp\/v2\/comments?post=30084"}],"version-history":[{"count":6,"href":"https:\/\/academy.police.md\/gb\/wp-json\/wp\/v2\/pages\/30084\/revisions"}],"predecessor-version":[{"id":31863,"href":"https:\/\/academy.police.md\/gb\/wp-json\/wp\/v2\/pages\/30084\/revisions\/31863"}],"up":[{"embeddable":true,"href":"https:\/\/academy.police.md\/gb\/wp-json\/wp\/v2\/pages\/213"}],"wp:attachment":[{"href":"https:\/\/academy.police.md\/gb\/wp-json\/wp\/v2\/media?parent=30084"}],"curies":[{"name":"wp","href":"https:\/\/api.w.org\/{rel}","templated":true}]}}