{"id":30081,"date":"2026-01-30T15:01:04","date_gmt":"2026-01-30T13:01:04","guid":{"rendered":"https:\/\/academy.police.md\/?page_id=30081"},"modified":"2026-04-09T14:31:22","modified_gmt":"2026-04-09T11:31:22","slug":"orar-drept-zi-semestrul2","status":"publish","type":"page","link":"https:\/\/academy.police.md\/gb\/directia-studii-si-management-al-calitatii\/orarele-activitatilor-didactice\/orar-drept-zi-semestrul2","title":{"rendered":"Orarele activit\u0103\u0163ilor didactice. Programul de studii 0421.1 Drept, ciclul I licen\u0163\u0103, forma de \u00eenv\u0103\u0163\u0103m\u00e2nt cu frecven\u0163\u0103"},"content":{"rendered":"\n<h2 class=\"has-text-align-center\">Semestrul II<\/h2>\n\n\n\n<h2>Anul I<\/h2>\n\n\n\n<p><a href=\"\/wp-content\/uploads\/2026\/01\/FD-bug-var-an-I_rotated.pdf\" data-type=\"URL\" data-id=\"\/wp-content\/uploads\/2026\/01\/FD-bug-var-an-I_rotated.pdf\" target=\"_blank\" rel=\"noreferrer noopener\">Orarul activit\u0103\u0163ilor didactice variabil<br><\/a><a href=\"\/wp-content\/uploads\/2026\/01\/FD-bug-const-an-I_rotated.pdf\" data-type=\"URL\" data-id=\"\/wp-content\/uploads\/2026\/01\/FD-bug-const-an-I_rotated.pdf\" target=\"_blank\" rel=\"noreferrer noopener\">Orarul activit\u0103\u0163ilor didactice constant<br><\/a><a href=\"\/wp-content\/uploads\/2026\/01\/FD-bug-an-I-var-aleg_rotated.pdf\" data-type=\"URL\" data-id=\"\/wp-content\/uploads\/2026\/01\/FD-bug-an-I-var-aleg_rotated.pdf\" target=\"_blank\" rel=\"noreferrer noopener\">Orarul activit\u0103\u0163ilor didactice la libera alegere variabil<br><\/a><a href=\"\/wp-content\/uploads\/2026\/01\/FD-bug-an-I-const-aleg_rotated.pdf\" data-type=\"URL\" data-id=\"\/wp-content\/uploads\/2026\/01\/FD-bug-an-I-const-aleg_rotated.pdf\" target=\"_blank\" rel=\"noreferrer noopener\">Orarul activit\u0103\u0163ilor didactice la libera alegere constant<\/a><\/p>\n\n\n\n<p><a href=\"\/wp-content\/uploads\/2026\/01\/FD-taxa-an-I-var_rotated.pdf\" data-type=\"URL\" data-id=\"\/wp-content\/uploads\/2026\/01\/FD-taxa-an-I-var_rotated.pdf\" target=\"_blank\" rel=\"noreferrer noopener\">Orarul activit\u0103\u0163ilor didactice taxa variabil<br><\/a><a href=\"\/wp-content\/uploads\/2026\/01\/FD-taxa-an-I-const_rotated.pdf\" data-type=\"URL\" data-id=\"\/wp-content\/uploads\/2026\/01\/FD-taxa-an-I-const_rotated.pdf\" target=\"_blank\" rel=\"noreferrer noopener\">Orarul activit\u0103\u0163ilor didactice taxa constant<br><\/a><a href=\"\/wp-content\/uploads\/2026\/01\/FD-taxa-an-I-var-aleg_rotated.pdf\" data-type=\"URL\" data-id=\"\/wp-content\/uploads\/2026\/01\/FD-taxa-an-I-var-aleg_rotated.pdf\" target=\"_blank\" rel=\"noreferrer noopener\">Orarul activit\u0103\u0163ilor didactice la libera alegere taxa variabil<br><\/a><a href=\"\/wp-content\/uploads\/2026\/01\/FD-taxa-an-I-const-aleg_rotated.pdf\" data-type=\"URL\" data-id=\"\/wp-content\/uploads\/2026\/01\/FD-taxa-an-I-const-aleg_rotated.pdf\" target=\"_blank\" rel=\"noreferrer noopener\">Orarul activit\u0103\u0163ilor didactice la libera alegere taxa constant<\/a><\/p>\n\n\n\n<p><strong>Sesiunea de examinare<\/strong><br>Orarul evalu\u0103rii unit\u0103\u0163ilor de curs la libera alegere, buget<br>Orarul sesiunii de examinare, buget<br>Orarul evalu\u0103rii unit\u0103\u0163ilor de curs la libera alegere, taxa<br>Orarul sesiunii de examinare, taxa<\/p>\n\n\n\n<h2>Anul II<\/h2>\n\n\n\n<p><a href=\"\/wp-content\/uploads\/2026\/01\/FD-bug-var-an-II_rotated.pdf\" data-type=\"URL\" data-id=\"\/wp-content\/uploads\/2026\/01\/FD-bug-var-an-II_rotated.pdf\" target=\"_blank\" rel=\"noreferrer noopener\">Orarul activit\u0103\u0163ilor didactice variabil<br><\/a><a href=\"\/wp-content\/uploads\/2026\/01\/FD-bug-cons-an-II_rotated.pdf\" data-type=\"URL\" data-id=\"\/wp-content\/uploads\/2026\/01\/FD-bug-cons-an-II_rotated.pdf\" target=\"_blank\" rel=\"noreferrer noopener\">Orarul activit\u0103\u0163ilor didactice constant<\/a><br><a href=\"\/wp-content\/uploads\/2026\/01\/FD-bug-an-II-var-aleg_rotated.pdf\" data-type=\"URL\" data-id=\"\/wp-content\/uploads\/2026\/01\/FD-bug-an-II-var-aleg_rotated.pdf\" target=\"_blank\" rel=\"noreferrer noopener\">Orarul activit\u0103\u0163ilor didactice la libera alegere variabil<br><\/a><a href=\"\/wp-content\/uploads\/2026\/01\/FD-bug-an-II-const-aleg_rotated.pdf\" data-type=\"URL\" data-id=\"\/wp-content\/uploads\/2026\/01\/FD-bug-an-II-const-aleg_rotated.pdf\" target=\"_blank\" rel=\"noreferrer noopener\">Orarul activit\u0103\u0163ilor didactice la libera alegere constant<\/a><\/p>\n\n\n\n<p><a href=\"\/wp-content\/uploads\/2026\/01\/Fd-taxa-an-II-var_rotated.pdf\" data-type=\"URL\" data-id=\"\/wp-content\/uploads\/2026\/01\/Fd-taxa-an-II-var_rotated.pdf\" target=\"_blank\" rel=\"noreferrer noopener\">Orarul activit\u0103\u0163ilor didactice taxa variabil<br><\/a><a href=\"\/wp-content\/uploads\/2026\/01\/FD-taxa-an-II-const_rotated.pdf\" data-type=\"URL\" data-id=\"\/wp-content\/uploads\/2026\/01\/FD-taxa-an-II-const_rotated.pdf\" target=\"_blank\" rel=\"noreferrer noopener\">Orarul activit\u0103\u0163ilor didactice taxa constant<br><\/a><a href=\"\/wp-content\/uploads\/2026\/01\/FD-taxa-an-II-var-aleg_rotated.pdf\" data-type=\"URL\" data-id=\"\/wp-content\/uploads\/2026\/01\/FD-taxa-an-II-var-aleg_rotated.pdf\" target=\"_blank\" rel=\"noreferrer noopener\">Orarul activit\u0103\u0163ilor didactice la libera alegere taxa variabil<br><\/a><a href=\"\/wp-content\/uploads\/2026\/01\/FD-taxa-an-II-const-aleg_rotated.pdf\" data-type=\"URL\" data-id=\"\/wp-content\/uploads\/2026\/01\/FD-taxa-an-II-const-aleg_rotated.pdf\" target=\"_blank\" rel=\"noreferrer noopener\">Orarul activit\u0103\u0163ilor didactice la libera alegere taxa constant<\/a><\/p>\n\n\n\n<p><strong>Sesiunea de examinare<\/strong><br>Orarul evalu\u0103rii unit\u0103\u0163ilor de curs la libera alegere, buget<br>Orarul evalu\u0103rii unit\u0103\u0163ilor de curs la libera alegere, taxa<br>Orarul sesiunii de examinare, buget<br>Orarul sesiunii de examinare, taxa<\/p>\n\n\n\n<h2>Anul III<\/h2>\n\n\n\n<p><a href=\"\/wp-content\/uploads\/2026\/01\/FD-bug-var-an-III_rotated.pdf\" data-type=\"URL\" data-id=\"\/wp-content\/uploads\/2026\/01\/FD-bug-var-an-III_rotated.pdf\" target=\"_blank\" rel=\"noreferrer noopener\">Orarul activit\u0103\u0163ilor didactice variabil<br><\/a><a href=\"\/wp-content\/uploads\/2026\/01\/FD-bug-const-an-III_rotated.pdf\" data-type=\"URL\" data-id=\"\/wp-content\/uploads\/2026\/01\/FD-bug-const-an-III_rotated.pdf\" target=\"_blank\" rel=\"noreferrer noopener\">Orarul activit\u0103\u0163ilor didactice constant<\/a><br><a href=\"\/wp-content\/uploads\/2026\/01\/FD-bug-an-III-var-aleg_rotated.pdf\" data-type=\"URL\" data-id=\"\/wp-content\/uploads\/2026\/01\/FD-bug-an-III-var-aleg_rotated.pdf\" target=\"_blank\" rel=\"noreferrer noopener\">Orarul activit\u0103\u0163ilor didactice la libera alegere variabil<br><\/a><a href=\"\/wp-content\/uploads\/2026\/01\/FD-bug-an-III-const-aleg_rotated.pdf\" data-type=\"URL\" data-id=\"\/wp-content\/uploads\/2026\/01\/FD-bug-an-III-const-aleg_rotated.pdf\" target=\"_blank\" rel=\"noreferrer noopener\">Orarul activit\u0103\u0163ilor didactice la libera alegere constant<\/a><\/p>\n\n\n\n<p><a href=\"\/wp-content\/uploads\/2026\/01\/FD-an-III-taxa-var_rotated.pdf\" data-type=\"URL\" data-id=\"\/wp-content\/uploads\/2026\/01\/FD-an-III-taxa-var_rotated.pdf\" target=\"_blank\" rel=\"noreferrer noopener\">Orarul activit\u0103\u0163ilor didactice taxa variabil<br><\/a><a href=\"\/wp-content\/uploads\/2026\/01\/FD-an-III-taxa-const_rotated.pdf\" data-type=\"URL\" data-id=\"\/wp-content\/uploads\/2026\/01\/FD-an-III-taxa-const_rotated.pdf\" target=\"_blank\" rel=\"noreferrer noopener\">Orarul activit\u0103\u0163ilor didactice taxa constant<br><\/a><a href=\"\/wp-content\/uploads\/2026\/01\/FD-taxa-an-III-var-aleg_rotated.pdf\" data-type=\"URL\" data-id=\"\/wp-content\/uploads\/2026\/01\/FD-taxa-an-III-var-aleg_rotated.pdf\" target=\"_blank\" rel=\"noreferrer noopener\">Orarul activit\u0103\u0163ilor didactice la libera alegere taxa variabil<br><\/a><a href=\"\/wp-content\/uploads\/2026\/01\/FD-taxa-an-III-const-aleg_rotated.pdf\" data-type=\"URL\" data-id=\"\/wp-content\/uploads\/2026\/01\/FD-taxa-an-III-const-aleg_rotated.pdf\" target=\"_blank\" rel=\"noreferrer noopener\">Orarul activit\u0103\u0163ilor didactice la libera alegere taxa constant<\/a><\/p>\n\n\n\n<p><strong>Sesiunea de examinare<\/strong><br>Orarul evalu\u0103rii unit\u0103\u0163ilor de curs la libera alegere buget<br>Orarul evalu\u0103rii unit\u0103\u0163ilor de curs la libera alegere taxa<br>Orarul sesiunii de examinare, buget<br>Orarul sesiunii de examinare, taxa<\/p>\n\n\n\n<h2>Anul IV<\/h2>\n\n\n\n<p><a href=\"\/wp-content\/uploads\/2026\/01\/FD-bug-var-an-IV_rotated.pdf\" data-type=\"URL\" data-id=\"\/wp-content\/uploads\/2026\/01\/FD-bug-var-an-IV_rotated.pdf\" target=\"_blank\" rel=\"noreferrer noopener\">Orarul activit\u0103\u0163ilor didactice variabil<br><\/a><a href=\"\/wp-content\/uploads\/2026\/01\/FD-bug-const-an-IV_rotated.pdf\" data-type=\"URL\" data-id=\"\/wp-content\/uploads\/2026\/01\/FD-bug-const-an-IV_rotated.pdf\" target=\"_blank\" rel=\"noreferrer noopener\">Orarul activit\u0103\u0163ilor didactice constant<\/a><br>Orarul activit\u0103\u0163ilor didactice la libera alegere variabil<br>Orarul activit\u0103\u0163ilor didactice la libera alegere constant<\/p>\n\n\n\n<p><a rel=\"noreferrer noopener\" href=\"\/wp-content\/uploads\/2026\/01\/FD-taxa-an-IV-var_rotated.pdf\" data-type=\"URL\" data-id=\"\/wp-content\/uploads\/2026\/01\/FD-taxa-an-IV-var_rotated.pdf\" target=\"_blank\">Orarul activit\u0103\u0163ilor didactice taxa variabil<br><\/a><a rel=\"noreferrer noopener\" href=\"\/wp-content\/uploads\/2026\/01\/FD-taxa-an-IV-const_rotated.pdf\" data-type=\"URL\" data-id=\"\/wp-content\/uploads\/2026\/01\/FD-taxa-an-IV-const_rotated.pdf\" target=\"_blank\">Orarul activit\u0103\u0163ilor didactice taxa constant<br><\/a>Orarul activit\u0103\u0163ilor didactice la libera alegere taxa variabil<br>Orarul activit\u0103\u0163ilor didactice la libera alegere taxa constant<\/p>\n\n\n\n<p><a rel=\"noreferrer noopener\" href=\"https:\/\/academy.police.md\/wp-content\/uploads\/2026\/04\/FD-buget-an-IV-sesiune-sem-II_rotated.pdf\" target=\"_blank\">Orarul sesiunii de examinare, buget semestrul II<br><\/a><a rel=\"noreferrer noopener\" href=\"https:\/\/academy.police.md\/wp-content\/uploads\/2026\/04\/FD-taxa-an-IV-sesiune-sem-II_rotated.pdf\" target=\"_blank\">Orarul sesiunii de examinare, taxa semestrul II<\/a><\/p>\n","protected":false},"excerpt":{"rendered":"<p>Semestrul II Anul I Orarul activit\u0103\u0163ilor didactice variabilOrarul activit\u0103\u0163ilor didactice constantOrarul activit\u0103\u0163ilor didactice la libera alegere variabilOrarul activit\u0103\u0163ilor didactice la libera alegere constant Orarul activit\u0103\u0163ilor didactice taxa variabilOrarul activit\u0103\u0163ilor didactice [&hellip;]<\/p>\n","protected":false},"author":8,"featured_media":0,"parent":213,"menu_order":0,"comment_status":"closed","ping_status":"closed","template":"","meta":[],"translation":{"provider":"WPGlobus","version":"2.12.2","language":"gb","enabled_languages":["ro","gb"],"languages":{"ro":{"title":true,"content":true,"excerpt":false},"gb":{"title":false,"content":false,"excerpt":false}}},"acf":[],"_links":{"self":[{"href":"https:\/\/academy.police.md\/gb\/wp-json\/wp\/v2\/pages\/30081"}],"collection":[{"href":"https:\/\/academy.police.md\/gb\/wp-json\/wp\/v2\/pages"}],"about":[{"href":"https:\/\/academy.police.md\/gb\/wp-json\/wp\/v2\/types\/page"}],"author":[{"embeddable":true,"href":"https:\/\/academy.police.md\/gb\/wp-json\/wp\/v2\/users\/8"}],"replies":[{"embeddable":true,"href":"https:\/\/academy.police.md\/gb\/wp-json\/wp\/v2\/comments?post=30081"}],"version-history":[{"count":8,"href":"https:\/\/academy.police.md\/gb\/wp-json\/wp\/v2\/pages\/30081\/revisions"}],"predecessor-version":[{"id":31889,"href":"https:\/\/academy.police.md\/gb\/wp-json\/wp\/v2\/pages\/30081\/revisions\/31889"}],"up":[{"embeddable":true,"href":"https:\/\/academy.police.md\/gb\/wp-json\/wp\/v2\/pages\/213"}],"wp:attachment":[{"href":"https:\/\/academy.police.md\/gb\/wp-json\/wp\/v2\/media?parent=30081"}],"curies":[{"name":"wp","href":"https:\/\/api.w.org\/{rel}","templated":true}]}}