{"id":29830,"date":"2026-01-09T16:58:26","date_gmt":"2026-01-09T14:58:26","guid":{"rendered":"https:\/\/academy.police.md\/?page_id=29830"},"modified":"2026-03-25T15:54:52","modified_gmt":"2026-03-25T13:54:52","slug":"teze-de-doctorat-2026","status":"publish","type":"page","link":"https:\/\/academy.police.md\/gb\/scoala-doctorala\/teze-de-doctorat-2026","title":{"rendered":"2026"},"content":{"rendered":"\n<p>Tema tezei de doctor \u00een drept:\u00a0\u201e<em><em>Persoana juridic\u0103 de drept public<\/em><\/em>\u00a0\u201d<br>Autor:\u00a0<strong><strong>Ghenadie PRE\u0162IVAT\u00ceI<\/strong><\/strong><br><a rel=\"noreferrer noopener\" href=\"\/wp-content\/uploads\/2026\/03\/1Aviz_sustinere_publica_a_tezei_Pretivatii-G..pdf\" data-type=\"URL\" data-id=\"\/wp-content\/uploads\/2026\/03\/1Aviz_sustinere_publica_a_tezei_Pretivatii-G..pdf\" target=\"_blank\">AVIZ sus\u0163inere public\u0103<\/a><br><a rel=\"noreferrer noopener\" href=\"\/wp-content\/uploads\/2026\/03\/2Teza_de_doctorat-Pretivatii_G.pdf\" data-type=\"URL\" data-id=\"\/wp-content\/uploads\/2026\/03\/2Teza_de_doctorat-Pretivatii_G.pdf\" target=\"_blank\">Teza de doctor \u00een drept<br><\/a>Rezumatul tezei de doctor:\u00a0<a rel=\"noreferrer noopener\" href=\"\/wp-content\/uploads\/2026\/03\/3Rezumatul-tezei-de-doctor-Pretivatii_G.-RO.pdf\" data-type=\"URL\" data-id=\"\/wp-content\/uploads\/2026\/03\/3Rezumatul-tezei-de-doctor-Pretivatii_G.-RO.pdf\" target=\"_blank\">RO<\/a>\u00a0\/\u00a0<a rel=\"noreferrer noopener\" href=\"\/wp-content\/uploads\/2026\/03\/4Rezumatul-tezei-de-doctor-Pretivatii_G.-ENG.pdf\" data-type=\"URL\" data-id=\"\/wp-content\/uploads\/2026\/03\/4Rezumatul-tezei-de-doctor-Pretivatii_G.-ENG.pdf\" target=\"_blank\">ENG<\/a>.<br>Competen\u0163ele candidatului:\u00a0<a rel=\"noreferrer noopener\" href=\"\/wp-content\/uploads\/2026\/03\/5CV-PRETIVATII_G..pdf\" data-type=\"URL\" data-id=\"\/wp-content\/uploads\/2026\/03\/5CV-PRETIVATII_G..pdf\" target=\"_blank\">CV<\/a>\u00a0\/\u00a0<a rel=\"noreferrer noopener\" href=\"\/wp-content\/uploads\/2026\/03\/6Lista-publicatiilor-la-tema-tezei-Pretivatii_G.pdf\" data-type=\"URL\" data-id=\"\/wp-content\/uploads\/2026\/03\/6Lista-publicatiilor-la-tema-tezei-Pretivatii_G.pdf\" target=\"_blank\">Lista publica\u021biilor la tema tezei<\/a><br>Comisia de sus\u0163inere public\u0103:\u00a0<a rel=\"noreferrer noopener\" href=\"\/wp-content\/uploads\/2026\/03\/7Membrii-Comisiei-de-doctorat-PRETIVATII_G.pdf\" data-type=\"URL\" data-id=\"\/wp-content\/uploads\/2026\/03\/7Membrii-Comisiei-de-doctorat-PRETIVATII_G.pdf\" target=\"_blank\">Membrii comisiei\u00a0<\/a>\/\u00a0<a rel=\"noreferrer noopener\" href=\"\/wp-content\/uploads\/2026\/03\/8Informatii-privind-competentele-membrilor-comisiei-PretivatiiG.pdf\" data-type=\"URL\" data-id=\"\/wp-content\/uploads\/2026\/03\/8Informatii-privind-competentele-membrilor-comisiei-PretivatiiG.pdf\" target=\"_blank\">Informa\u0163ii privind competen\u0163ele membrilor comisiei<\/a><\/p>\n\n\n\n<p><\/p>\n\n\n\n<p>Tema tezei de doctor \u00een drept:&nbsp;\u201e&nbsp;<em>Analiza criminologic\u0103 \u0219i prevenirea criminalit\u0103\u021bii \u00een mediul rural<\/em>&nbsp;\u201d<br>Autor:&nbsp;<strong>Alexandru FRUNZ\u0102<\/strong><br><a href=\"\/wp-content\/uploads\/2026\/01\/1Aviz_sustinere_publica_a_tezei_Frunza-Alexandru.pdf\" data-type=\"URL\" data-id=\"\/wp-content\/uploads\/2026\/01\/1Aviz_sustinere_publica_a_tezei_Frunza-Alexandru.pdf\" target=\"_blank\" rel=\"noreferrer noopener\">AVIZ sus\u0163inere public\u0103<br><\/a><a href=\"\/wp-content\/uploads\/2026\/01\/2Teza-de-doctor-Frunza-Alexandru.pdf\" data-type=\"URL\" data-id=\"\/wp-content\/uploads\/2026\/01\/2Teza-de-doctor-Frunza-Alexandru.pdf\" target=\"_blank\" rel=\"noreferrer noopener\">Teza de doctor \u00een drept<br><\/a>Rezumatul tezei de doctor: <a href=\"\/wp-content\/uploads\/2026\/01\/3Rezumatul-tezei-de-doctor-RO-Frunza-Alexandru.pdf\" data-type=\"URL\" data-id=\"\/wp-content\/uploads\/2026\/01\/3Rezumatul-tezei-de-doctor-RO-Frunza-Alexandru.pdf\" target=\"_blank\" rel=\"noreferrer noopener\">RO<\/a> \/ <a href=\"\/wp-content\/uploads\/2026\/01\/4Rezumatul-tezei-de-doctor-EN-Frunza-Alexandru.pdf\" data-type=\"URL\" data-id=\"\/wp-content\/uploads\/2026\/01\/4Rezumatul-tezei-de-doctor-EN-Frunza-Alexandru.pdf\" target=\"_blank\" rel=\"noreferrer noopener\">ENG<\/a>.<br>Competen\u0163ele candidatului: <a href=\"\/wp-content\/uploads\/2026\/01\/5CV-Frunza-Alexandru.pdf\" data-type=\"URL\" data-id=\"\/wp-content\/uploads\/2026\/01\/5CV-Frunza-Alexandru.pdf\" target=\"_blank\" rel=\"noreferrer noopener\">CV<\/a> \/ <a href=\"\/wp-content\/uploads\/2026\/01\/6Lista-publicatiilor-la-tema-tezei-Frunza-Alexandru.pdf\" data-type=\"URL\" data-id=\"\/wp-content\/uploads\/2026\/01\/6Lista-publicatiilor-la-tema-tezei-Frunza-Alexandru.pdf\" target=\"_blank\" rel=\"noreferrer noopener\">Lista publica\u021biilor la tema tezei<\/a><br>Comisia de sus\u0163inere public\u0103: <a href=\"\/wp-content\/uploads\/2026\/01\/7Membrii-comisiei-de-doctorat-Frunza-Alexandru.pdf\" data-type=\"URL\" data-id=\"\/wp-content\/uploads\/2026\/01\/7Membrii-comisiei-de-doctorat-Frunza-Alexandru.pdf\" target=\"_blank\" rel=\"noreferrer noopener\">Membrii comisiei<\/a> \/ <a href=\"\/wp-content\/uploads\/2026\/01\/8Informatii-privind-competentele-Comisiei-Frunza-Alexandru.pdf\" data-type=\"URL\" data-id=\"\/wp-content\/uploads\/2026\/01\/8Informatii-privind-competentele-Comisiei-Frunza-Alexandru.pdf\" target=\"_blank\" rel=\"noreferrer noopener\">Informa\u0163ii privind competen\u0163ele membrilor comisiei<\/a><\/p>\n","protected":false},"excerpt":{"rendered":"<p>Tema tezei de doctor \u00een drept:\u00a0\u201ePersoana juridic\u0103 de drept public\u00a0\u201dAutor:\u00a0Ghenadie PRE\u0162IVAT\u00ceIAVIZ sus\u0163inere public\u0103Teza de doctor \u00een dreptRezumatul tezei de doctor:\u00a0RO\u00a0\/\u00a0ENG.Competen\u0163ele candidatului:\u00a0CV\u00a0\/\u00a0Lista publica\u021biilor la tema tezeiComisia de sus\u0163inere public\u0103:\u00a0Membrii comisiei\u00a0\/\u00a0Informa\u0163ii privind [&hellip;]<\/p>\n","protected":false},"author":8,"featured_media":0,"parent":119,"menu_order":0,"comment_status":"closed","ping_status":"closed","template":"","meta":[],"translation":{"provider":"WPGlobus","version":"2.12.2","language":"gb","enabled_languages":["ro","gb"],"languages":{"ro":{"title":true,"content":true,"excerpt":false},"gb":{"title":false,"content":false,"excerpt":false}}},"acf":[],"_links":{"self":[{"href":"https:\/\/academy.police.md\/gb\/wp-json\/wp\/v2\/pages\/29830"}],"collection":[{"href":"https:\/\/academy.police.md\/gb\/wp-json\/wp\/v2\/pages"}],"about":[{"href":"https:\/\/academy.police.md\/gb\/wp-json\/wp\/v2\/types\/page"}],"author":[{"embeddable":true,"href":"https:\/\/academy.police.md\/gb\/wp-json\/wp\/v2\/users\/8"}],"replies":[{"embeddable":true,"href":"https:\/\/academy.police.md\/gb\/wp-json\/wp\/v2\/comments?post=29830"}],"version-history":[{"count":5,"href":"https:\/\/academy.police.md\/gb\/wp-json\/wp\/v2\/pages\/29830\/revisions"}],"predecessor-version":[{"id":31522,"href":"https:\/\/academy.police.md\/gb\/wp-json\/wp\/v2\/pages\/29830\/revisions\/31522"}],"up":[{"embeddable":true,"href":"https:\/\/academy.police.md\/gb\/wp-json\/wp\/v2\/pages\/119"}],"wp:attachment":[{"href":"https:\/\/academy.police.md\/gb\/wp-json\/wp\/v2\/media?parent=29830"}],"curies":[{"name":"wp","href":"https:\/\/api.w.org\/{rel}","templated":true}]}}