{"id":28661,"date":"2025-11-17T15:08:40","date_gmt":"2025-11-17T13:08:40","guid":{"rendered":"https:\/\/academy.police.md\/?page_id=28661"},"modified":"2025-11-17T15:33:46","modified_gmt":"2025-11-17T13:33:46","slug":"anale-stiintifice-ed-21-2025","status":"publish","type":"page","link":"https:\/\/academy.police.md\/gb\/reviste\/anale-stiintifice\/anale-stiintifice-ed-21-2025","title":{"rendered":"Anale \u015ftiin\u0163ifice ed.21 2025"},"content":{"rendered":"\n<figure class=\"wp-block-image size-full\"><img loading=\"lazy\" width=\"250\" height=\"349\" src=\"\/wp-content\/uploads\/2024\/01\/coperta_revista_stiintifica_2023.png\" alt=\"\" class=\"wp-image-17284\" srcset=\"\/wp-content\/uploads\/2024\/01\/coperta_revista_stiintifica_2023.png 250w, \/wp-content\/uploads\/2024\/01\/coperta_revista_stiintifica_2023-215x300.png 215w\" sizes=\"(max-width: 250px) 100vw, 250px\" \/><\/figure>\n\n\n\n<figure class=\"wp-block-image size-large\"><a href=\"https:\/\/creativecommons.org\/licenses\/by\/4.0\/\"><img loading=\"lazy\" width=\"88\" height=\"31\" src=\"\/wp-content\/uploads\/2023\/07\/88x31.png\" alt=\"\" class=\"wp-image-13740\"\/><\/a><\/figure>\n\n\n\n<div class=\"wp-block-file\"><a href=\"\/wp-content\/uploads\/2025\/11\/Anale_stiintifice_nr_21_2025_11_05-2.pdf\">Anale_stiintifice_nr_21_2025_11_05<\/a><a href=\"\/wp-content\/uploads\/2025\/11\/Anale_stiintifice_nr_21_2025_11_05-2.pdf\" class=\"wp-block-file__button\" download>Descarc\u0103<\/a><\/div>\n\n\n\n<p><\/p>\n\n\n\n<div style=\"height:50px\" aria-hidden=\"true\" class=\"wp-block-spacer\"><\/div>\n\n\n\n<hr class=\"wp-block-separator is-style-wide\"\/>\n\n\n\n<p><a href=\"\/wp-content\/uploads\/2025\/11\/p_10-20.pdf\" data-type=\"URL\" data-id=\"\/wp-content\/uploads\/2025\/11\/p_10-20.pdf\" target=\"_blank\" rel=\"noreferrer noopener\">Evolu\u021bia istoric\u0103 a puterii executive \u00een contextul evenimentelor din Europa \u00een perioadele modern\u0103 \u0219i contemporan\u0103<br>Historical development of executive power in the context of events in modern Europe<\/a><\/p>\n\n\n\n<p><strong><strong><strong><strong><strong><strong><strong>Liliana CREANG\u0102<\/strong><\/strong><\/strong><\/strong><\/strong><\/strong><\/strong><\/p>\n\n\n\n<figure class=\"wp-block-image size-large\"><a href=\"https:\/\/creativecommons.org\/licenses\/by\/4.0\/\"><img loading=\"lazy\" width=\"88\" height=\"31\" src=\"\/wp-content\/uploads\/2023\/07\/88x31.png\" alt=\"\" class=\"wp-image-13740\"\/><\/a><\/figure>\n\n\n\n<div class=\"wp-block-file\"><a href=\"\/wp-content\/uploads\/2025\/11\/p_10-20.pdf\">p_10-20<\/a><a href=\"\/wp-content\/uploads\/2025\/11\/p_10-20.pdf\" class=\"wp-block-file__button\" download>Descarc\u0103<\/a><\/div>\n\n\n\n<div style=\"height:50px\" aria-hidden=\"true\" class=\"wp-block-spacer\"><\/div>\n\n\n\n<hr class=\"wp-block-separator is-style-wide\"\/>\n\n\n\n<p><a href=\"\/wp-content\/uploads\/2025\/11\/p_21-36.pdf\" data-type=\"URL\" data-id=\"\/wp-content\/uploads\/2025\/11\/p_21-36.pdf\" target=\"_blank\" rel=\"noreferrer noopener\">Unele particularit\u0103\u021bi tactice de efectuare a perchezi\u021biei mijlocului de transport<br>Some tactical features of conducting the search of a means of transport<\/a><\/p>\n\n\n\n<p><strong><strong><strong><strong><strong><strong><strong><strong>Constantin RUSNAC, Felicia V\u00ceRLAN<\/strong><\/strong><\/strong><\/strong><\/strong><\/strong><\/strong><\/strong><\/p>\n\n\n\n<figure class=\"wp-block-image size-large\"><a href=\"https:\/\/creativecommons.org\/licenses\/by\/4.0\/\"><img loading=\"lazy\" width=\"88\" height=\"31\" src=\"\/wp-content\/uploads\/2023\/07\/88x31.png\" alt=\"\" class=\"wp-image-13740\"\/><\/a><\/figure>\n\n\n\n<div class=\"wp-block-file\"><a href=\"\/wp-content\/uploads\/2025\/11\/p_21-36.pdf\">p_21-36<\/a><a href=\"\/wp-content\/uploads\/2025\/11\/p_21-36.pdf\" class=\"wp-block-file__button\" download>Descarc\u0103<\/a><\/div>\n\n\n\n<div style=\"height:50px\" aria-hidden=\"true\" class=\"wp-block-spacer\"><\/div>\n\n\n\n<hr class=\"wp-block-separator is-style-wide\"\/>\n\n\n\n<p><a href=\"\/wp-content\/uploads\/2025\/11\/p_37-50.pdf\" data-type=\"URL\" data-id=\"\/wp-content\/uploads\/2025\/11\/p_37-50.pdf\" target=\"_blank\" rel=\"noreferrer noopener\">Distingerea actelor de generozitate \u0219i a celor stimulatorii de actele de gratificare caracteristice raportului de dona\u021bie<br>Distinguishing acts of generosity and stimulatory acts from acts of gratification characteristics of the donation relationship<\/a><\/p>\n\n\n\n<p><strong><strong><strong><strong><strong><strong><strong><strong>Grigore ARDELEAN, Ana-Andreea MANEA<\/strong><\/strong><\/strong><\/strong><\/strong><\/strong><\/strong><\/strong><\/p>\n\n\n\n<figure class=\"wp-block-image size-large\"><a href=\"https:\/\/creativecommons.org\/licenses\/by\/4.0\/\"><img loading=\"lazy\" width=\"88\" height=\"31\" src=\"\/wp-content\/uploads\/2023\/07\/88x31.png\" alt=\"\" class=\"wp-image-13740\"\/><\/a><\/figure>\n\n\n\n<div class=\"wp-block-file\"><a href=\"\/wp-content\/uploads\/2025\/11\/p_37-50.pdf\">p_37-50<\/a><a href=\"\/wp-content\/uploads\/2025\/11\/p_37-50.pdf\" class=\"wp-block-file__button\" download>Descarc\u0103<\/a><\/div>\n\n\n\n<div style=\"height:50px\" aria-hidden=\"true\" class=\"wp-block-spacer\"><\/div>\n\n\n\n<hr class=\"wp-block-separator is-style-wide\"\/>\n\n\n\n<p><a href=\"\/wp-content\/uploads\/2025\/11\/p_51-64.pdf\" data-type=\"URL\" data-id=\"\/wp-content\/uploads\/2025\/11\/p_51-64.pdf\">Particularit\u0103\u0163ile faptelor infrac\u0163ionale comise de femei: perspective criminologice \u0219i juridico-penale<br>The particularities of criminal acts committed by women: criminological and criminal-law perspectives<\/a><\/p>\n\n\n\n<p><strong><strong><strong><strong><strong><strong><strong><strong>Iurie LARII, Mariana-Cristina DRAGOMIR, Mihail DAVID<\/strong><\/strong><\/strong><\/strong><\/strong><\/strong><\/strong><\/strong><\/p>\n\n\n\n<figure class=\"wp-block-image size-large\"><a href=\"https:\/\/creativecommons.org\/licenses\/by\/4.0\/\"><img loading=\"lazy\" width=\"88\" height=\"31\" src=\"\/wp-content\/uploads\/2023\/07\/88x31.png\" alt=\"\" class=\"wp-image-13740\"\/><\/a><\/figure>\n\n\n\n<div class=\"wp-block-file\"><a href=\"\/wp-content\/uploads\/2025\/11\/p_51-64.pdf\">p_51-64<\/a><a href=\"\/wp-content\/uploads\/2025\/11\/p_51-64.pdf\" class=\"wp-block-file__button\" download>Descarc\u0103<\/a><\/div>\n\n\n\n<div style=\"height:50px\" aria-hidden=\"true\" class=\"wp-block-spacer\"><\/div>\n\n\n\n<hr class=\"wp-block-separator is-style-wide\"\/>\n\n\n\n<p><a href=\"\/wp-content\/uploads\/2025\/11\/p_65-77.pdf\" data-type=\"URL\" data-id=\"\/wp-content\/uploads\/2025\/11\/p_65-77.pdf\">R\u0103spunderea juridic\u0103 a ofi\u021berului de investiga\u021bii \u00een cazul divulg\u0103rii unor informa\u021bii secrete<br>Legal liability of the investigating officer in case of disclosure of secret information<\/a><\/p>\n\n\n\n<p><strong><strong><strong><strong><strong><strong><strong><strong>Alexandru CICALA, Alexandru G\u0102INA<\/strong><\/strong><\/strong><\/strong><\/strong><\/strong><\/strong><\/strong><\/p>\n\n\n\n<figure class=\"wp-block-image size-large\"><a href=\"https:\/\/creativecommons.org\/licenses\/by\/4.0\/\"><img loading=\"lazy\" width=\"88\" height=\"31\" src=\"\/wp-content\/uploads\/2023\/07\/88x31.png\" alt=\"\" class=\"wp-image-13740\"\/><\/a><\/figure>\n\n\n\n<div class=\"wp-block-file\"><a href=\"\/wp-content\/uploads\/2025\/11\/p_65-77.pdf\">p_65-77<\/a><a href=\"\/wp-content\/uploads\/2025\/11\/p_65-77.pdf\" class=\"wp-block-file__button\" download>Descarc\u0103<\/a><\/div>\n\n\n\n<div style=\"height:50px\" aria-hidden=\"true\" class=\"wp-block-spacer\"><\/div>\n\n\n\n<hr class=\"wp-block-separator is-style-wide\"\/>\n\n\n\n<p><a href=\"\/wp-content\/uploads\/2025\/11\/p_78-90.pdf\" data-type=\"URL\" data-id=\"\/wp-content\/uploads\/2025\/11\/p_78-90.pdf\" target=\"_blank\" rel=\"noreferrer noopener\">Reac\u021bia statului la gestionarea crizelor umanitare actuale<br>The state\u2019s response in the management of current humanitarian crises<\/a><\/p>\n\n\n\n<p><strong><strong><strong><strong><strong><strong><strong><strong>Andrei CAZACICOV, Ion Cojocaru<\/strong><\/strong><\/strong><\/strong><\/strong><\/strong><\/strong><\/strong><\/p>\n\n\n\n<figure class=\"wp-block-image size-large\"><a href=\"https:\/\/creativecommons.org\/licenses\/by\/4.0\/\"><img loading=\"lazy\" width=\"88\" height=\"31\" src=\"\/wp-content\/uploads\/2023\/07\/88x31.png\" alt=\"\" class=\"wp-image-13740\"\/><\/a><\/figure>\n\n\n\n<div class=\"wp-block-file\"><a href=\"\/wp-content\/uploads\/2025\/11\/p_78-90.pdf\">p_78-90<\/a><a href=\"\/wp-content\/uploads\/2025\/11\/p_78-90.pdf\" class=\"wp-block-file__button\" download>Descarc\u0103<\/a><\/div>\n\n\n\n<div style=\"height:50px\" aria-hidden=\"true\" class=\"wp-block-spacer\"><\/div>\n\n\n\n<hr class=\"wp-block-separator is-style-wide\"\/>\n\n\n\n<p><a href=\"\/wp-content\/uploads\/2025\/11\/p_91-106.pdf\" data-type=\"URL\" data-id=\"\/wp-content\/uploads\/2025\/11\/p_91-106.pdf\">Procedura de examinare a litigiilor electorale<br>Procedure for examining electoral disputes<\/a><\/p>\n\n\n\n<p><strong><strong><strong><strong><strong><strong><strong><strong>Igor BANTU\u015e<\/strong><\/strong><\/strong><\/strong><\/strong><\/strong><\/strong><\/strong><\/p>\n\n\n\n<figure class=\"wp-block-image size-large\"><a href=\"https:\/\/creativecommons.org\/licenses\/by\/4.0\/\"><img loading=\"lazy\" width=\"88\" height=\"31\" src=\"\/wp-content\/uploads\/2023\/07\/88x31.png\" alt=\"\" class=\"wp-image-13740\"\/><\/a><\/figure>\n\n\n\n<div class=\"wp-block-file\"><a href=\"\/wp-content\/uploads\/2025\/11\/p_91-106.pdf\">p_91-106<\/a><a href=\"\/wp-content\/uploads\/2025\/11\/p_91-106.pdf\" class=\"wp-block-file__button\" download>Descarc\u0103<\/a><\/div>\n\n\n\n<div style=\"height:50px\" aria-hidden=\"true\" class=\"wp-block-spacer\"><\/div>\n\n\n\n<hr class=\"wp-block-separator is-style-wide\"\/>\n\n\n\n<p><a href=\"\/wp-content\/uploads\/2025\/11\/p_107-120.pdf\" data-type=\"URL\" data-id=\"\/wp-content\/uploads\/2025\/11\/p_107-120.pdf\" target=\"_blank\" rel=\"noreferrer noopener\">Psihologia \u015fi caracteristicile minciunii \u00een context sociojuridic<br>The psychology and characteristics of lying in a socio-legal context<\/a><\/p>\n\n\n\n<p><strong><strong><strong><strong><strong><strong><strong><strong>Aliona Bivol<\/strong><\/strong><\/strong><\/strong><\/strong><\/strong><\/strong><\/strong><\/p>\n\n\n\n<figure class=\"wp-block-image size-large\"><a href=\"https:\/\/creativecommons.org\/licenses\/by\/4.0\/\"><img loading=\"lazy\" width=\"88\" height=\"31\" src=\"\/wp-content\/uploads\/2023\/07\/88x31.png\" alt=\"\" class=\"wp-image-13740\"\/><\/a><\/figure>\n\n\n\n<div class=\"wp-block-file\"><a href=\"\/wp-content\/uploads\/2025\/11\/p_107-120.pdf\">p_107-120<\/a><a href=\"\/wp-content\/uploads\/2025\/11\/p_107-120.pdf\" class=\"wp-block-file__button\" download>Descarc\u0103<\/a><\/div>\n\n\n\n<div style=\"height:50px\" aria-hidden=\"true\" class=\"wp-block-spacer\"><\/div>\n\n\n\n<hr class=\"wp-block-separator is-style-wide\"\/>\n\n\n\n<p><a href=\"\/wp-content\/uploads\/2025\/11\/p_121-133.pdf\" data-type=\"URL\" data-id=\"\/wp-content\/uploads\/2025\/11\/p_121-133.pdf\" target=\"_blank\" rel=\"noreferrer noopener\">Testarea cu utilizarea poligrafului: 10 ani de aplicare practic\u0103<br>Polygraph testing: 10 years of practical application<\/a><\/p>\n\n\n\n<p><strong><strong><strong><strong><strong><strong><strong><strong>Igor DONCENCO<\/strong><\/strong><\/strong><\/strong><\/strong><\/strong><\/strong><\/strong><\/p>\n\n\n\n<figure class=\"wp-block-image size-large\"><a href=\"https:\/\/creativecommons.org\/licenses\/by\/4.0\/\"><img loading=\"lazy\" width=\"88\" height=\"31\" src=\"\/wp-content\/uploads\/2023\/07\/88x31.png\" alt=\"\" class=\"wp-image-13740\"\/><\/a><\/figure>\n\n\n\n<div class=\"wp-block-file\"><a href=\"\/wp-content\/uploads\/2025\/11\/p_121-133.pdf\">p_121-133<\/a><a href=\"\/wp-content\/uploads\/2025\/11\/p_121-133.pdf\" class=\"wp-block-file__button\" download>Descarc\u0103<\/a><\/div>\n\n\n\n<div style=\"height:50px\" aria-hidden=\"true\" class=\"wp-block-spacer\"><\/div>\n\n\n\n<hr class=\"wp-block-separator is-style-wide\"\/>\n\n\n\n<p><a href=\"\/wp-content\/uploads\/2025\/11\/p_134-144.pdf\" data-type=\"URL\" data-id=\"\/wp-content\/uploads\/2025\/11\/p_134-144.pdf\" target=\"_blank\" rel=\"noreferrer noopener\">Lipsa de publicitate a urm\u0103ririi penale ca garan\u021bie de protejare a dreptului la via\u021b\u0103 privat\u0103<br>The lack of publicity of criminal prosecution as a safeguard for the protection of the right to privacy<\/a><\/p>\n\n\n\n<p><strong><strong><strong><strong><strong><strong><strong><strong>Daniel CRISTEA<\/strong><\/strong><\/strong><\/strong><\/strong><\/strong><\/strong><\/strong><\/p>\n\n\n\n<figure class=\"wp-block-image size-large\"><a href=\"https:\/\/creativecommons.org\/licenses\/by\/4.0\/\"><img loading=\"lazy\" width=\"88\" height=\"31\" src=\"\/wp-content\/uploads\/2023\/07\/88x31.png\" alt=\"\" class=\"wp-image-13740\"\/><\/a><\/figure>\n\n\n\n<div class=\"wp-block-file\"><a href=\"\/wp-content\/uploads\/2025\/11\/p_134-144.pdf\">p_134-144<\/a><a href=\"\/wp-content\/uploads\/2025\/11\/p_134-144.pdf\" class=\"wp-block-file__button\" download>Descarc\u0103<\/a><\/div>\n\n\n\n<div style=\"height:50px\" aria-hidden=\"true\" class=\"wp-block-spacer\"><\/div>\n\n\n\n<hr class=\"wp-block-separator is-style-wide\"\/>\n\n\n\n<p><a href=\"\/wp-content\/uploads\/2025\/11\/p_145-160.pdf\" data-type=\"URL\" data-id=\"\/wp-content\/uploads\/2025\/11\/p_145-160.pdf\" target=\"_blank\" rel=\"noreferrer noopener\">Unele aspecte juridice ale securit\u0103\u021bii na\u021bionale \u00een Republica Moldova \u00een contextul procesului de democratizare<br>Some Legal Aspects of National Security in the Republic of Moldova in the Context of the Democratization Process<\/a><\/p>\n\n\n\n<p><strong><strong><strong><strong><strong><strong><strong><strong>Dianu GORDIL\u0102, C\u0103t\u0103lin ENU\u021a\u0102<\/strong><\/strong><\/strong><\/strong><\/strong><\/strong><\/strong><\/strong><\/p>\n\n\n\n<figure class=\"wp-block-image size-large\"><a href=\"https:\/\/creativecommons.org\/licenses\/by\/4.0\/\"><img loading=\"lazy\" width=\"88\" height=\"31\" src=\"\/wp-content\/uploads\/2023\/07\/88x31.png\" alt=\"\" class=\"wp-image-13740\"\/><\/a><\/figure>\n\n\n\n<div class=\"wp-block-file\"><a href=\"\/wp-content\/uploads\/2025\/11\/p_145-160.pdf\">p_145-160<\/a><a href=\"\/wp-content\/uploads\/2025\/11\/p_145-160.pdf\" class=\"wp-block-file__button\" download>Descarc\u0103<\/a><\/div>\n\n\n\n<div style=\"height:50px\" aria-hidden=\"true\" class=\"wp-block-spacer\"><\/div>\n\n\n\n<hr class=\"wp-block-separator is-style-wide\"\/>\n\n\n\n<p><a href=\"\/wp-content\/uploads\/2025\/11\/p_161-171.pdf\" data-type=\"URL\" data-id=\"\/wp-content\/uploads\/2025\/11\/p_161-171.pdf\" target=\"_blank\" rel=\"noreferrer noopener\">Declan\u0219area procesului penal \u2013 temei pentru suspendarea contractului individual de munc\u0103<br>Criminal Proceedings \u2013 Grounds for Suspending the Individual Employment Contract<\/a><\/p>\n\n\n\n<p><strong><strong><strong><strong><strong><strong><strong><strong>Mircea GLADCHI<\/strong><\/strong><\/strong><\/strong><\/strong><\/strong><\/strong><\/strong><\/p>\n\n\n\n<figure class=\"wp-block-image size-large\"><a href=\"https:\/\/creativecommons.org\/licenses\/by\/4.0\/\"><img loading=\"lazy\" width=\"88\" height=\"31\" src=\"\/wp-content\/uploads\/2023\/07\/88x31.png\" alt=\"\" class=\"wp-image-13740\"\/><\/a><\/figure>\n\n\n\n<div class=\"wp-block-file\"><a href=\"\/wp-content\/uploads\/2025\/11\/p_161-171.pdf\">p_161-171<\/a><a href=\"\/wp-content\/uploads\/2025\/11\/p_161-171.pdf\" class=\"wp-block-file__button\" download>Descarc\u0103<\/a><\/div>\n\n\n\n<div style=\"height:50px\" aria-hidden=\"true\" class=\"wp-block-spacer\"><\/div>\n\n\n\n<hr class=\"wp-block-separator is-style-wide\"\/>\n\n\n\n<p><a href=\"\/wp-content\/uploads\/2025\/11\/p_172-192.pdf\" data-type=\"URL\" data-id=\"\/wp-content\/uploads\/2025\/11\/p_172-192.pdf\" target=\"_blank\" rel=\"noreferrer noopener\">Urmele infrac\u021biunii de corup\u021bie comise de func\u021bionarii publici cu statut special<br>Traces of corruption offenses committed by public officials with special status<\/a><\/p>\n\n\n\n<p><strong><strong><strong><strong><strong><strong><strong><strong>C\u0103t\u0103lin ANDRU\u0218, Eugeniu \u015eEVCIUC<\/strong><\/strong><\/strong><\/strong><\/strong><\/strong><\/strong><\/strong><\/p>\n\n\n\n<figure class=\"wp-block-image size-large\"><a href=\"https:\/\/creativecommons.org\/licenses\/by\/4.0\/\"><img loading=\"lazy\" width=\"88\" height=\"31\" src=\"\/wp-content\/uploads\/2023\/07\/88x31.png\" alt=\"\" class=\"wp-image-13740\"\/><\/a><\/figure>\n\n\n\n<div class=\"wp-block-file\"><a href=\"\/wp-content\/uploads\/2025\/11\/p_172-192.pdf\">p_172-192<\/a><a href=\"\/wp-content\/uploads\/2025\/11\/p_172-192.pdf\" class=\"wp-block-file__button\" download>Descarc\u0103<\/a><\/div>\n\n\n\n<div style=\"height:50px\" aria-hidden=\"true\" class=\"wp-block-spacer\"><\/div>\n\n\n\n<hr class=\"wp-block-separator is-style-wide\"\/>\n\n\n\n<p><a href=\"\/wp-content\/uploads\/2025\/11\/p_193-216.pdf\" data-type=\"URL\" data-id=\"\/wp-content\/uploads\/2025\/11\/p_193-216.pdf\" target=\"_blank\" rel=\"noreferrer noopener\">M\u0103suri \u0219i strategii de prevenire a abandonului familial \u0219i a institu\u021bionaliz\u0103rii copiilor<br>Measures and strategies for preventing family abandonment and the institutionalization of children<\/a><\/p>\n\n\n\n<p><strong><strong><strong><strong><strong><strong><strong><strong><strong>Ion ROTARU, Vasile BUZDUGAN<\/strong><\/strong><\/strong><\/strong><\/strong><\/strong><\/strong><\/strong><\/strong><\/p>\n\n\n\n<figure class=\"wp-block-image size-large\"><a href=\"https:\/\/creativecommons.org\/licenses\/by\/4.0\/\"><img loading=\"lazy\" width=\"88\" height=\"31\" src=\"\/wp-content\/uploads\/2023\/07\/88x31.png\" alt=\"\" class=\"wp-image-13740\"\/><\/a><\/figure>\n\n\n\n<div class=\"wp-block-file\"><a href=\"\/wp-content\/uploads\/2025\/11\/p_193-216.pdf\">p_193-216<\/a><a href=\"\/wp-content\/uploads\/2025\/11\/p_193-216.pdf\" class=\"wp-block-file__button\" download>Descarc\u0103<\/a><\/div>\n\n\n\n<div style=\"height:50px\" aria-hidden=\"true\" class=\"wp-block-spacer\"><\/div>\n\n\n\n<hr class=\"wp-block-separator is-style-wide\"\/>\n\n\n\n<p><a href=\"\/wp-content\/uploads\/2025\/11\/p_217-229.pdf\" data-type=\"URL\" data-id=\"\/wp-content\/uploads\/2025\/11\/p_217-229.pdf\" target=\"_blank\" rel=\"noreferrer noopener\">Regimul obliga\u021biilor impuse \u00een raporturile de loca\u021biune \u00eentru garantarea drepturilor locatarului \u0219i familiei sale<br>Regime of obligations imposed in rental relations to guarantee the rights of the tenant and his family<\/a><\/p>\n\n\n\n<p><strong><strong><strong><strong><strong><strong><strong><strong><strong>Oxana E\u0218ANU<\/strong><\/strong><\/strong><\/strong><\/strong><\/strong><\/strong><\/strong><\/strong><\/p>\n\n\n\n<figure class=\"wp-block-image size-large\"><a href=\"https:\/\/creativecommons.org\/licenses\/by\/4.0\/\"><img loading=\"lazy\" width=\"88\" height=\"31\" src=\"\/wp-content\/uploads\/2023\/07\/88x31.png\" alt=\"\" class=\"wp-image-13740\"\/><\/a><\/figure>\n\n\n\n<div class=\"wp-block-file\"><a href=\"\/wp-content\/uploads\/2025\/11\/p_217-229.pdf\">p_217-229<\/a><a href=\"\/wp-content\/uploads\/2025\/11\/p_217-229.pdf\" class=\"wp-block-file__button\" download>Descarc\u0103<\/a><\/div>\n\n\n\n<div style=\"height:50px\" aria-hidden=\"true\" class=\"wp-block-spacer\"><\/div>\n\n\n\n<hr class=\"wp-block-separator is-style-wide\"\/>\n\n\n\n<p><a href=\"\/wp-content\/uploads\/2025\/11\/p_230-247.pdf\" data-type=\"URL\" data-id=\"\/wp-content\/uploads\/2025\/11\/p_230-247.pdf\" target=\"_blank\" rel=\"noreferrer noopener\">Dialogul interprofesional \u2013 instrument de preven\u021bie pentru reducerea cauzelor de r\u0103spundere disciplinar\u0103 a judec\u0103torilor<br>Interprofessional dialogue \u2013 a preventive tool for reducing the causes of disciplinary liability of judges<\/a><\/p>\n\n\n\n<p><strong><strong><strong><strong><strong><strong><strong><strong><strong>Natalia GAVRILENCO<\/strong><\/strong><\/strong><\/strong><\/strong><\/strong><\/strong><\/strong><\/strong><\/p>\n\n\n\n<figure class=\"wp-block-image size-large\"><a href=\"https:\/\/creativecommons.org\/licenses\/by\/4.0\/\"><img loading=\"lazy\" width=\"88\" height=\"31\" src=\"\/wp-content\/uploads\/2023\/07\/88x31.png\" alt=\"\" class=\"wp-image-13740\"\/><\/a><\/figure>\n\n\n\n<div class=\"wp-block-file\"><a href=\"\/wp-content\/uploads\/2025\/11\/p_230-247.pdf\">p_230-247<\/a><a href=\"\/wp-content\/uploads\/2025\/11\/p_230-247.pdf\" class=\"wp-block-file__button\" download>Descarc\u0103<\/a><\/div>\n\n\n\n<div style=\"height:50px\" aria-hidden=\"true\" class=\"wp-block-spacer\"><\/div>\n\n\n\n<hr class=\"wp-block-separator is-style-wide\"\/>\n\n\n\n<p><\/p>\n","protected":false},"excerpt":{"rendered":"<p>Evolu\u021bia istoric\u0103 a puterii executive \u00een contextul evenimentelor din Europa \u00een perioadele modern\u0103 \u0219i contemporan\u0103Historical development of executive power in the context of events in modern Europe Liliana CREANG\u0102 Unele [&hellip;]<\/p>\n","protected":false},"author":8,"featured_media":0,"parent":26241,"menu_order":0,"comment_status":"closed","ping_status":"closed","template":"page-revistaas.php","meta":[],"translation":{"provider":"WPGlobus","version":"2.12.2","language":"gb","enabled_languages":["ro","gb"],"languages":{"ro":{"title":true,"content":true,"excerpt":false},"gb":{"title":false,"content":false,"excerpt":false}}},"acf":[],"_links":{"self":[{"href":"https:\/\/academy.police.md\/gb\/wp-json\/wp\/v2\/pages\/28661"}],"collection":[{"href":"https:\/\/academy.police.md\/gb\/wp-json\/wp\/v2\/pages"}],"about":[{"href":"https:\/\/academy.police.md\/gb\/wp-json\/wp\/v2\/types\/page"}],"author":[{"embeddable":true,"href":"https:\/\/academy.police.md\/gb\/wp-json\/wp\/v2\/users\/8"}],"replies":[{"embeddable":true,"href":"https:\/\/academy.police.md\/gb\/wp-json\/wp\/v2\/comments?post=28661"}],"version-history":[{"count":8,"href":"https:\/\/academy.police.md\/gb\/wp-json\/wp\/v2\/pages\/28661\/revisions"}],"predecessor-version":[{"id":28730,"href":"https:\/\/academy.police.md\/gb\/wp-json\/wp\/v2\/pages\/28661\/revisions\/28730"}],"up":[{"embeddable":true,"href":"https:\/\/academy.police.md\/gb\/wp-json\/wp\/v2\/pages\/26241"}],"wp:attachment":[{"href":"https:\/\/academy.police.md\/gb\/wp-json\/wp\/v2\/media?parent=28661"}],"curies":[{"name":"wp","href":"https:\/\/api.w.org\/{rel}","templated":true}]}}