{"id":27635,"date":"2025-10-03T13:36:42","date_gmt":"2025-10-03T10:36:42","guid":{"rendered":"https:\/\/academy.police.md\/?page_id=27635"},"modified":"2026-03-24T10:18:29","modified_gmt":"2026-03-24T08:18:29","slug":"lista-nominala-a-componentei-comisiei-pentru-evaluare-si-managementul-calitatii-in-academie","status":"publish","type":"page","link":"https:\/\/academy.police.md\/gb\/directia-studii-si-management-al-calitatii\/lista-nominala-a-componentei-comisiei-pentru-evaluare-si-managementul-calitatii-in-academie","title":{"rendered":"Lista nominal\u0103 a componen\u0163ei Comisiei pentru evaluare \u015fi managementul calit\u0103\u0163ii \u00een Academie"},"content":{"rendered":"\n<p><a rel=\"noreferrer noopener\" href=\"\/wp-content\/uploads\/2025\/11\/Regulament-org-si-func-CEMC-si-CAQ.pdf\" data-type=\"URL\" data-id=\"\/wp-content\/uploads\/2025\/11\/Regulament-org-si-func-CEMC-si-CAQ.pdf\" target=\"_blank\">Regulamentul de organizare \u015fi fiunc\u0163ionare a Comisiei pentru evaluare si management al calit\u0103\u0163ii (CEMC) \u00een Academie<\/a><\/p>\n\n\n\n<p><a href=\"\/wp-content\/uploads\/2026\/03\/Comisia-de-evaluare-a-managementului-calitatii.pdf\">Componen\u0163a CEMC din anul de studii 2025-2026<\/a><\/p>\n\n\n\n<p><a href=\"\/wp-content\/uploads\/2025\/11\/Planul-anual-al-CEMC-2025-2026.pdf\" data-type=\"URL\" data-id=\"\/wp-content\/uploads\/2025\/11\/Planul-anual-al-CEMC-2025-2026.pdf\" target=\"_blank\" rel=\"noreferrer noopener\">Plan anual de activitate 2025-2026 al CEMC<\/a><\/p>\n","protected":false},"excerpt":{"rendered":"<p>Regulamentul de organizare \u015fi fiunc\u0163ionare a Comisiei pentru evaluare si management al calit\u0103\u0163ii (CEMC) \u00een Academie Componen\u0163a CEMC din anul de studii 2025-2026 Plan anual de activitate 2025-2026 al CEMC<\/p>\n","protected":false},"author":8,"featured_media":0,"parent":113,"menu_order":0,"comment_status":"closed","ping_status":"closed","template":"","meta":[],"translation":{"provider":"WPGlobus","version":"2.12.2","language":"gb","enabled_languages":["ro","gb"],"languages":{"ro":{"title":true,"content":true,"excerpt":false},"gb":{"title":false,"content":false,"excerpt":false}}},"acf":[],"_links":{"self":[{"href":"https:\/\/academy.police.md\/gb\/wp-json\/wp\/v2\/pages\/27635"}],"collection":[{"href":"https:\/\/academy.police.md\/gb\/wp-json\/wp\/v2\/pages"}],"about":[{"href":"https:\/\/academy.police.md\/gb\/wp-json\/wp\/v2\/types\/page"}],"author":[{"embeddable":true,"href":"https:\/\/academy.police.md\/gb\/wp-json\/wp\/v2\/users\/8"}],"replies":[{"embeddable":true,"href":"https:\/\/academy.police.md\/gb\/wp-json\/wp\/v2\/comments?post=27635"}],"version-history":[{"count":5,"href":"https:\/\/academy.police.md\/gb\/wp-json\/wp\/v2\/pages\/27635\/revisions"}],"predecessor-version":[{"id":31501,"href":"https:\/\/academy.police.md\/gb\/wp-json\/wp\/v2\/pages\/27635\/revisions\/31501"}],"up":[{"embeddable":true,"href":"https:\/\/academy.police.md\/gb\/wp-json\/wp\/v2\/pages\/113"}],"wp:attachment":[{"href":"https:\/\/academy.police.md\/gb\/wp-json\/wp\/v2\/media?parent=27635"}],"curies":[{"name":"wp","href":"https:\/\/api.w.org\/{rel}","templated":true}]}}