{"id":27166,"date":"2025-09-05T13:35:56","date_gmt":"2025-09-05T10:35:56","guid":{"rendered":"https:\/\/academy.police.md\/?page_id=27166"},"modified":"2025-09-05T13:35:56","modified_gmt":"2025-09-05T10:35:56","slug":"laboratorul-cu-tehnica-speciala-din-cadrul-catedrei-securitate-a-frontierei-migratie-si-azil","status":"publish","type":"page","link":"https:\/\/academy.police.md\/gb\/catedre\/catedra-securitate-a-frontierei-migratie-si-azil\/laboratorul-cu-tehnica-speciala-din-cadrul-catedrei-securitate-a-frontierei-migratie-si-azil","title":{"rendered":"Laboratorul cu tehnica special\u0103 din cadrul Catedrei securitate a frontierei, migra\u021bie \u0219i azil"},"content":{"rendered":"\n<p>Laboratorul cu tehnica special\u0103 din cadrul Catedrei securitate a frontierei, migra\u021bie \u0219i azil, are drept scop asigurarea condi\u021biilor pentru formarea competen\u021belor practice ale studen\u021bilor, prin familiarizarea acestora cu mijloacele tehnice utilizate \u00een procesul de controlul \u0219i supravegherea frontierei de stat.<\/p>\n\n\n\n<p><strong>Obiectivele laboratorului dotat cu tehnica special\u0103 :<\/strong><\/p>\n\n\n\n<ul><li><em>Cre\u0219terea eficien\u021bei controlului la frontier\u0103<\/em> \u2013 permite identificarea rapid\u0103 \u0219i corect\u0103 a documentelor falsificate sau contraf\u0103cute, reduc\u00e2nd semnificativ riscul trecerii ilegale a frontierei ;<\/li><li><em>Asigurarea securit\u0103\u021bii na\u021bionale<\/em> \u2013 echipamentele moderne contribuie la prevenirea migra\u021biei ilegale, traficului de persoane, contrabandei \u0219i altor amenin\u021b\u0103ri la adresa securit\u0103\u021bii ;<\/li><li><em>Modernizarea procesului de instruire<\/em> \u2013 studen\u021bii \u0219i viitorii angaja\u021bi \u00een domeniul securit\u0103\u021bii frontierei \u00eenva\u021b\u0103 s\u0103 utilizeze tehnologia avansat\u0103, ceea ce \u00eei preg\u0103te\u0219te pentru realit\u0103\u021bile din teren ;<\/li><li><em>Detectarea \u0219i verificarea documentelor \u00een timp real <\/em>\u2013 dispozitivele pentru verificarea operativ\u0103 a autenticit\u0103\u021bii documentelor de c\u0103l\u0103torie sau bazele de date integrate, ofer\u0103 rezultate imediate \u0219i precise ;<\/li><li><em>Supravegherea eficient\u0103 a grani\u021bei <\/em>\u2013 dispozitivele de vedere timp de zi c\u00e2t \u0219i timp de noapte, dronele , senzorii de mi\u0219care \u0219i alte echipamente speciale, ajut\u0103 la monitorizarea continua \u0219i la reac\u021bia rapid\u0103 \u00een caz de incidente la frontier\u0103 ;<\/li><li><em>Detectarea substan\u021belor radioactive la frontier\u0103<\/em> \u2013 detectorul personal de depistare a radia\u021biei \u0219i alt echipament special ajut\u0103 la m\u0103surarea nivelului de radia\u021bie \u00een zon\u0103 c\u00e2t \u0219i protejarea personalului prin semnalarea valorilor periculoase.<\/li><\/ul>\n","protected":false},"excerpt":{"rendered":"<p>Laboratorul cu tehnica special\u0103 din cadrul Catedrei securitate a frontierei, migra\u021bie \u0219i azil, are drept scop asigurarea condi\u021biilor pentru formarea competen\u021belor practice ale studen\u021bilor, prin familiarizarea acestora cu mijloacele tehnice [&hellip;]<\/p>\n","protected":false},"author":8,"featured_media":0,"parent":27155,"menu_order":0,"comment_status":"closed","ping_status":"closed","template":"","meta":[],"translation":{"provider":"WPGlobus","version":"2.12.2","language":"gb","enabled_languages":["ro","gb"],"languages":{"ro":{"title":true,"content":true,"excerpt":false},"gb":{"title":false,"content":false,"excerpt":false}}},"acf":[],"_links":{"self":[{"href":"https:\/\/academy.police.md\/gb\/wp-json\/wp\/v2\/pages\/27166"}],"collection":[{"href":"https:\/\/academy.police.md\/gb\/wp-json\/wp\/v2\/pages"}],"about":[{"href":"https:\/\/academy.police.md\/gb\/wp-json\/wp\/v2\/types\/page"}],"author":[{"embeddable":true,"href":"https:\/\/academy.police.md\/gb\/wp-json\/wp\/v2\/users\/8"}],"replies":[{"embeddable":true,"href":"https:\/\/academy.police.md\/gb\/wp-json\/wp\/v2\/comments?post=27166"}],"version-history":[{"count":1,"href":"https:\/\/academy.police.md\/gb\/wp-json\/wp\/v2\/pages\/27166\/revisions"}],"predecessor-version":[{"id":27167,"href":"https:\/\/academy.police.md\/gb\/wp-json\/wp\/v2\/pages\/27166\/revisions\/27167"}],"up":[{"embeddable":true,"href":"https:\/\/academy.police.md\/gb\/wp-json\/wp\/v2\/pages\/27155"}],"wp:attachment":[{"href":"https:\/\/academy.police.md\/gb\/wp-json\/wp\/v2\/media?parent=27166"}],"curies":[{"name":"wp","href":"https:\/\/api.w.org\/{rel}","templated":true}]}}