{"id":27163,"date":"2025-09-05T13:34:35","date_gmt":"2025-09-05T10:34:35","guid":{"rendered":"https:\/\/academy.police.md\/?page_id=27163"},"modified":"2025-09-05T13:34:35","modified_gmt":"2025-09-05T10:34:35","slug":"componenta-catedrei-securitate-a-frontierei-migratie-si-azil","status":"publish","type":"page","link":"https:\/\/academy.police.md\/gb\/catedre\/catedra-securitate-a-frontierei-migratie-si-azil\/componenta-catedrei-securitate-a-frontierei-migratie-si-azil","title":{"rendered":"Componen\u0163a Catedrei \u201eSecuritate a frontierei, migra\u021bie \u0219i azil\u201d"},"content":{"rendered":"\n<p>Componen\u0163a actual\u0103 a catedrei o formeaz\u0103:<\/p>\n\n\n\n<ul><li>Corneliu Radu, &nbsp;\u0219ef catedr\u0103, comisar-\u0219ef ;<\/li><li>Valeriu Lungu, asistent universitar, comisar-\u0219ef ;<\/li><li>Iurie Punga, asistent universitar ;<\/li><li>Veronica Arn\u0103ut, lector universitar, doctor \u00een drept ;<\/li><li>Natalia Buza, asistent universitar, comisar ;<\/li><li>Valeria Serebrean, ofi\u021ber superior, inspector.<\/li><\/ul>\n","protected":false},"excerpt":{"rendered":"<p>Componen\u0163a actual\u0103 a catedrei o formeaz\u0103: Corneliu Radu, &nbsp;\u0219ef catedr\u0103, comisar-\u0219ef ; Valeriu Lungu, asistent universitar, comisar-\u0219ef ; Iurie Punga, asistent universitar ; Veronica Arn\u0103ut, lector universitar, doctor \u00een drept [&hellip;]<\/p>\n","protected":false},"author":8,"featured_media":0,"parent":27155,"menu_order":0,"comment_status":"closed","ping_status":"closed","template":"","meta":[],"translation":{"provider":"WPGlobus","version":"2.12.2","language":"gb","enabled_languages":["ro","gb"],"languages":{"ro":{"title":true,"content":true,"excerpt":false},"gb":{"title":false,"content":false,"excerpt":false}}},"acf":[],"_links":{"self":[{"href":"https:\/\/academy.police.md\/gb\/wp-json\/wp\/v2\/pages\/27163"}],"collection":[{"href":"https:\/\/academy.police.md\/gb\/wp-json\/wp\/v2\/pages"}],"about":[{"href":"https:\/\/academy.police.md\/gb\/wp-json\/wp\/v2\/types\/page"}],"author":[{"embeddable":true,"href":"https:\/\/academy.police.md\/gb\/wp-json\/wp\/v2\/users\/8"}],"replies":[{"embeddable":true,"href":"https:\/\/academy.police.md\/gb\/wp-json\/wp\/v2\/comments?post=27163"}],"version-history":[{"count":1,"href":"https:\/\/academy.police.md\/gb\/wp-json\/wp\/v2\/pages\/27163\/revisions"}],"predecessor-version":[{"id":27164,"href":"https:\/\/academy.police.md\/gb\/wp-json\/wp\/v2\/pages\/27163\/revisions\/27164"}],"up":[{"embeddable":true,"href":"https:\/\/academy.police.md\/gb\/wp-json\/wp\/v2\/pages\/27155"}],"wp:attachment":[{"href":"https:\/\/academy.police.md\/gb\/wp-json\/wp\/v2\/media?parent=27163"}],"curies":[{"name":"wp","href":"https:\/\/api.w.org\/{rel}","templated":true}]}}