{"id":26809,"date":"2025-08-23T19:02:12","date_gmt":"2025-08-23T16:02:12","guid":{"rendered":"https:\/\/academy.police.md\/?page_id=26809"},"modified":"2025-08-23T22:00:09","modified_gmt":"2025-08-23T19:00:09","slug":"avize-admitere","status":"publish","type":"page","link":"https:\/\/academy.police.md\/gb\/avize-admitere","title":{"rendered":"Avize admitere"},"content":{"rendered":"\n<ol><li><a href=\"\/wp-content\/uploads\/2025\/08\/01_Aviz-pentru-abiturientii-inmatriculatl_ZI_BUGET.pdf\">\u00cen aten\u021bia studen\u021bilor inmatricula\u021bi la forma de \u00eenv\u0103\u021b\u0103m\u00e2nt cu frecven\u021b\u0103 (finan\u021bare buget de stat),<br>programele de studii: 0421.1 drept; 1039.1 securitatea civil\u0103 \u0219i public\u0103; 1039.4 securitatea frontierei, migra\u021bie \u0219i azil.<\/a><\/li><li><a href=\"\/wp-content\/uploads\/2025\/08\/02_Aviz-pentru-abiturientii-inmatriculati-ZI_TAXA.pdf\">\u00cen aten\u021bia studen\u021bilor \u00eenmatricula\u021bi la forma de \u00eenv\u0103\u021b\u0103m\u00e2nt cu frecven\u021b\u0103, studii contra plat\u0103,domeniul de studiu 042 Drept, specialitatea 0421.1Drept; domeniul de studii 040 \u0218tiin\u021be administrative, specialitatea 0400.1 Administra\u021bie public\u0103.<\/a><\/li><li><a href=\"\/wp-content\/uploads\/2025\/08\/03_-Aviz-pentru-abiturientii-inmatriculati-la-frecventa-redusa.pdf\">\u00cen aten\u0163ia studen\u0163ilor \u00eenmatricula\u021bi la studii la forma de \u00eenv\u0103\u021b\u0103m\u00e2nt cu frecven\u021b\u0103 redus\u0103 buget\/tax\u0103, domeniul de studiu 042 Drept, specialitatea 0421.1Drept.<\/a><\/li><\/ol>\n\n\n\n<p><\/p>\n","protected":false},"excerpt":{"rendered":"<p>\u00cen aten\u021bia studen\u021bilor inmatricula\u021bi la forma de \u00eenv\u0103\u021b\u0103m\u00e2nt cu frecven\u021b\u0103 (finan\u021bare buget de stat),programele de studii: 0421.1 drept; 1039.1 securitatea civil\u0103 \u0219i public\u0103; 1039.4 securitatea frontierei, migra\u021bie \u0219i azil. \u00cen [&hellip;]<\/p>\n","protected":false},"author":13,"featured_media":0,"parent":0,"menu_order":0,"comment_status":"closed","ping_status":"closed","template":"","meta":[],"translation":{"provider":"WPGlobus","version":"2.12.2","language":"gb","enabled_languages":["ro","gb"],"languages":{"ro":{"title":true,"content":true,"excerpt":false},"gb":{"title":false,"content":false,"excerpt":false}}},"acf":[],"_links":{"self":[{"href":"https:\/\/academy.police.md\/gb\/wp-json\/wp\/v2\/pages\/26809"}],"collection":[{"href":"https:\/\/academy.police.md\/gb\/wp-json\/wp\/v2\/pages"}],"about":[{"href":"https:\/\/academy.police.md\/gb\/wp-json\/wp\/v2\/types\/page"}],"author":[{"embeddable":true,"href":"https:\/\/academy.police.md\/gb\/wp-json\/wp\/v2\/users\/13"}],"replies":[{"embeddable":true,"href":"https:\/\/academy.police.md\/gb\/wp-json\/wp\/v2\/comments?post=26809"}],"version-history":[{"count":3,"href":"https:\/\/academy.police.md\/gb\/wp-json\/wp\/v2\/pages\/26809\/revisions"}],"predecessor-version":[{"id":26819,"href":"https:\/\/academy.police.md\/gb\/wp-json\/wp\/v2\/pages\/26809\/revisions\/26819"}],"wp:attachment":[{"href":"https:\/\/academy.police.md\/gb\/wp-json\/wp\/v2\/media?parent=26809"}],"curies":[{"name":"wp","href":"https:\/\/api.w.org\/{rel}","templated":true}]}}