{"id":26360,"date":"2025-07-09T17:42:30","date_gmt":"2025-07-09T14:42:30","guid":{"rendered":"https:\/\/academy.police.md\/?page_id=26360"},"modified":"2025-07-09T17:42:30","modified_gmt":"2025-07-09T14:42:30","slug":"publication-conditions","status":"publish","type":"page","link":"https:\/\/academy.police.md\/gb\/reviste\/anale-stiintifice\/publication-conditions","title":{"rendered":"Publication conditions"},"content":{"rendered":"\n<p>The article will be submitted for publication in two languages \u200b\u200b(Romanian and English), on electronic support, to the e-mail address <a href=\"mailto:ruslan.condrat@mai.gov.md\">ruslan.condrat@mai.gov.md<\/a> or <a href=\"mailto:cercetare.academia@gmail.com\">cercetare.academia@gmail.com<\/a>, with the mandatory completion of the author\u2019s declaration (click here).<\/p>\n\n\n\n<p>The study may also be prepared in another international language (French, German, Russian, etc.), and its full translation into English is mandatory. The conditions stipulated below are mandatory for both the Romanian and English versions of the article.<\/p>\n\n\n\n<p>Upon submission of the paper, the author(s) must indicate the following data:<\/p>\n\n\n\n<ul><li>first and last name (full);<\/li><li>institutional affiliation, Research Organization Registry Index (ROR) of the research institution and title of the position held;<\/li><li>author\u2019s email and contact phone number;<\/li><li>It is mandatory to indicate the UDC for each item.<\/li><\/ul>\n\n\n\n<p><strong>Summary and keywords.<\/strong> The article must be accompanied by a summary (in Romanian and English), comprising 1500-2000 characters and at least 5 keywords (in Romanian and English). The summary must reflect the general guidelines regarding the researched subject, the objectives and results pursued by the author, as well as the theoretical and practical implications of the study.<\/p>\n\n\n\n<p><strong>THE CONTENT OF THE ARTICLE WILL MANDATORILY INCLUDE THE FOLLOWING STRUCTURAL ELEMENTS:<\/strong><\/p>\n\n\n\n<ol><li><strong>Introduction.<\/strong> It is recommended that the introduction of the paper should reflect the subject and object of research, the importance and topicality of the study, the degree of research on the subject in doctrine, the premises of the research, etc.<\/li><li><strong>Applied methods and materials. <\/strong>The research methods and materials applied to the study will be briefly described, with reference to the researched subject.<\/li><li><strong>Discussions and results obtained<\/strong> \u2013 forms the basic content of the research. It is recommended to divide this section into paragraphs and\/or subparagraphs to foreshadow the relevance or sequence of certain elements of the researched problem.<\/li><li><strong>Conclusions.<\/strong><\/li><li><strong>Bibliographic references.<\/strong><\/li><\/ol>\n\n\n\n<p><strong>EDITING MODE:<\/strong><\/p>\n\n\n\n<p><strong>page format: <\/strong>A4, with <strong>the edges:<\/strong> up \u2013 2 cm; down \u2013 2 cm; left \u2013 2,5 cm; right \u2013 2 cm;<\/p>\n\n\n\n<p><strong>font: <\/strong>Times New Roman;<\/p>\n\n\n\n<p><strong>article title:<\/strong> font size 14, Bold centered;<\/p>\n\n\n\n<p><strong>authors\/co-authors: <\/strong>first name, last name, scientific title and\/or scientific-didactic title, font size 14, Bold centered. They are written on a line below the title of the work;<\/p>\n\n\n\n<p><strong>summary: font size 12, <\/strong>it is written two lines apart from the line containing the affiliation of the author(s), left\/right aligned (Justify), italic;<\/p>\n\n\n\n<p><strong>keywords: <\/strong><strong>font size 12, <\/strong>are written on one line below the summary, left\/right aligned (Justify), italic;<\/p>\n\n\n\n<p><strong>article: <\/strong>font size 12, row spacing 1.5, should fall within the limits of <strong>20.000-40.000 <\/strong>characters (without space);<\/p>\n\n\n\n<p><strong>tables:<\/strong> should be fitted into the text, will be numbered in the upper right, and the title will be written in the upper left;<\/p>\n\n\n\n<p><strong>figures: <\/strong>will be framed in the text and will be numbered;<\/p>\n\n\n\n<p><strong>illustrations<\/strong> will be in jpg. or tiff. format with the following characteristics: 300 dpi and minimum 1 MB;<\/p>\n\n\n\n<p><strong>formulas and equations:<\/strong> inserted in the text will be numbered on the right side of the page;<\/p>\n\n\n\n<p><strong>references to bibliographical sources: <\/strong>are indicated in square brackets, inserted in the text, for example [8]. If certain parts of the source are cited, the page number is also indicated after the bibliographic index, for example [8, p. 231];<\/p>\n\n\n\n<p><strong>bibliography <\/strong>is placed at the end of the paper after two blank lines, in the order in which the references were made in the content of the article.<\/p>\n\n\n\n<p><strong>MODELS OF BIBLIOGRAPHIC REFERENCES<\/strong><\/p>\n\n\n\n<ol type=\"I\"><li><strong>PRINTED PUBLICATIONS:<\/strong><\/li><\/ol>\n\n\n\n<p><strong>BOOKS<\/strong><\/p>\n\n\n\n<ul><li>Dongoroz V. Metoda tehnico-juridic\u0103 \u00een \u0219tiin\u021ba dreptului penal. Bucure\u0219ti: Editura Hamangiu, 2020. 223 p.<\/li><li><em>Malarek<\/em> V. The Natashas: Inside the <em>New <\/em>Global <em>Sex Trade<\/em><em>. <\/em><em>New<\/em> York: Arcade Books, 2011. 320 p.<\/li><li>\u0420\u0438\u0432\u043c\u0430\u043d \u0414.\u0412. \u041a\u0440\u0438\u043c\u0438\u043d\u0430\u043b\u044c\u043d\u0430\u044f \u0432\u0438\u043a\u0442\u0438\u043c\u043e\u043b\u043e\u0433\u0438\u044f. <em>\u0421\u0430\u043d\u043a\u0442-\u041f\u0435\u0442\u0435\u0440\u0431\u0443\u0440\u0433<\/em>: \u041f\u0438\u0442\u0435\u0440, 2002. 304 c.<\/li><\/ul>\n\n\n\n<p><strong>more than three authors<\/strong><\/p>\n\n\n\n<ul><li>Stan N. et al. Tratat de criminalistic\u0103. Bucure\u015fti: Editura Timpul, 2004. 282 p.<\/li><\/ul>\n\n\n\n<p><strong>NATIONAL AND INTERNATIONAL REGULATIONS<\/strong><\/p>\n\n\n\n<ul><li>Codul cu privire la \u015ftiin\u0163\u0103 \u015fi inovare al Republicii Moldova nr. 259-XV din 15 iulie 2004. In: Monitorul Oficial al Republicii Moldova nr. 125-129 (1479-1483) din 30.07.2004.<\/li><li>Conven\u0163ia european\u0103 de asisten\u0163\u0103 judiciar\u0103 \u00een materie penal\u0103 din 24.04.1959. Ratificat\u0103 prin Hot\u0103r\u00e2rea Parlamentului Republicii Moldova nr. 1332 din 26.09.1997. In: Monitorul Oficial al Republicii Moldova nr. 71 din 30.10.1997.<\/li><\/ul>\n\n\n\n<p><strong>SELF-REVIEWS, ABSTRACTS, DOCTORAL THESES<\/strong><\/p>\n\n\n\n<ul><li>Sava P. Infrac\u0163iunea de genocid. Autoreferatul tezei de doctor \u00een drept. Chi\u015fin\u0103u, 2003. 21 p.<\/li><li>Talmaci V. Asigurarea \u0219i restabilirea securit\u0103\u021bii \u00een timpul manifesta\u021biilor cu caracter de mas\u0103. Rezumatul tezei de doctor \u00een \u0219tiin\u021be ale securit\u0103\u021bii. Chi\u0219in\u0103u, 2025. 30 p.<\/li><li>Pohil\u0103 O. Analiza criminologic\u0103 \u0219i prevenirea infrac\u021biunilor de exploatare sexual\u0103 a femeilor \u0219i copiilor. Tez\u0103 de doctor \u00een drept. Chi\u015fin\u0103u, 2020. 200 p.<\/li><li>Lebeya S.G. Defining organized crime: a comparative analysis. PhD thesis.University of South Africa, 2012. 472 p.<\/li><li>\u0428\u043f\u0430\u043a\u043e\u0432 \u0410.\u0415. \u041f\u0440\u043e\u0441\u0442\u0438\u0442\u0443\u0446\u0438\u044f \u043a\u0430\u043a \u043e\u0431\u044a\u0435\u043a\u0442 \u043a\u0440\u0438\u043c\u0438\u043d\u043e\u043b\u043e\u0433\u0438\u0447\u0435\u0441\u043a\u043e\u0433\u043e \u0438\u0441\u0441\u043b\u0435\u0434\u043e\u0432\u0430\u043d\u0438\u044f: \u0414\u0438\u0441. &#8230; \u043a\u0430\u043d\u0434. \u044e\u0440\u0438\u0434. \u043d\u0430\u0443\u043a. \u0420\u043e\u0441\u0442\u043e\u0432-\u043d\u0430-\u0414\u043e\u043d\u0443, 2003. 206 c.<\/li><\/ul>\n\n\n\n<ol type=\"I\" start=\"2\"><li><strong>CONTRIBUTIONS IN:<\/strong><\/li><\/ol>\n\n\n\n<p><strong>MAGAZINES<\/strong><\/p>\n\n\n\n<ul><li>Ad\u0103sc\u0103li\u0163ei M. T\u0103ierea ilegal\u0103 a vegeta\u0163iei forestiere. In: Revista de drept, nr. 9, 2018, p. 17-22.<\/li><li>Hrinko M. et al. Shooting of the Mass Murderer in Uhersky Brod Restaurant Became a Major Milestone for the Police of the Czech Republic. In: Internal Security (Police Academy in Szczytno), Vol. 16, No. 1, 2024, p. 175-189.<\/li><li>\u0421\u043e\u043a\u043e\u043b\u043e\u0432\u0430 \u0415.\u0422., \u0418\u043b\u044c\u0438\u043d\u0430 \u0421.\u0412. \u0420\u043e\u043b\u044c \u044d\u043c\u043e\u0446\u0438\u043e\u043d\u0430\u043b\u044c\u043d\u043e\u0433\u043e \u043e\u043f\u044b\u0442\u0430 \u0436\u0435\u0440\u0442\u0432 \u043d\u0430\u0441\u0438\u043b\u0438\u044f \u0434\u043b\u044f \u0441\u0430\u043c\u043e\u0438\u0434\u0435\u043d\u0442\u0438\u0447\u043d\u043e\u0441\u0442\u0438 \u0436\u0435\u043d\u0449\u0438\u043d, \u0437\u0430\u043d\u0438\u043c\u0430\u044e\u0449\u0438\u0445\u0441\u044f \u043f\u0440\u043e\u0441\u0442\u0438\u0442\u0443\u0446\u0438\u0435\u0439. \u0412: \u041f\u0441\u0438\u0445\u043e\u043b\u043e\u0433\u0438\u0447\u0435\u0441\u043a\u0438\u0439 \u0436\u0443\u0440\u043d\u0430\u043b, 2000, \u0422. 21, \u2116 5, c. 70-81.<\/li><\/ul>\n\n\n\n<p><strong>SCIENTIFIC PAPERS<\/strong><\/p>\n\n\n\n<ul><li>Rurac M. Insolvabilittaea ficitiv\u0103. In: Culegere de lucr\u0103ri \u015ftiin\u0163ifice ale Universit\u0103\u0163ii de Stat din Moldova, Vol. 9, 2001, p. 95-99.<\/li><li>Newiarowska D. Special solutions in criminal law and criminal procedural law to combat terrorist crimes in the context of human rights protection. In: Protec\u021bia drepturilor \u0219i libert\u0103\u021bilor fundamentale ale omului \u00een procesul asigur\u0103rii ordinii \u0219i securit\u0103\u021bii publice. Materialele Conferin\u0163ei \u015ftiin\u0163ifice na\u021bionale cu participare interna\u0163ional\u0103 din 05 decembrie 2024, edi\u021bia a IV-a. Chi\u0219in\u0103u: Departamentul editorial-poligrafic al Academiei \u201e\u015etefan cel Mare\u201d, 2025, p. 173-180.<\/li><li>\u0410\u043a\u0438\u043c\u043e\u0432\u0430 \u041d.\u0412. \u0424\u043e\u0440\u043c\u0438\u0440\u043e\u0432\u0430\u043d\u0438\u0435 \u0438 \u0440\u0435\u0430\u043b\u0438\u0437\u0430\u0446\u0438\u044f \u0443\u0433\u043e\u043b\u043e\u0432\u043d\u043e\u0439 \u043f\u043e\u043b\u0438\u0442\u0438\u043a\u0438: \u043e\u043f\u044b\u0442 \u0437\u0430\u0440\u0443\u0431\u0435\u0436\u043d\u044b\u0445 \u0441\u0442\u0440\u0430\u043d. \u0412: \u0423\u0433\u043e\u043b\u043e\u0432\u043d\u0430\u044f \u043f\u043e\u043b\u0438\u0442\u0438\u043a\u0430 \u0438 \u043f\u0440\u0430\u0432\u043e\u043f\u0440\u0438\u043c\u0435\u043d\u0438\u0442\u0435\u043b\u044c\u043d\u0430\u044f \u043f\u0440\u0430\u043a\u0442\u0438\u043a\u0430. \u0421\u0431\u043e\u0440\u043d\u0438\u043a \u043c\u0430\u0442\u0435\u0440\u0438\u0430\u043b\u043e\u0432 V \u041c\u0435\u0436\u0434\u0443\u043d\u0430\u0440\u043e\u0434\u043d\u043e\u0439 \u043d\u0430\u0443\u0447\u043d\u043e-\u043f\u0440\u0430\u043a\u0442\u0438\u0447\u0435\u0441\u043a\u043e\u0439 \u043a\u043e\u043d\u0444\u0435\u0440\u0435\u043d\u0446\u0438\u0438 3 \u043d\u043e\u044f\u0431\u0440\u044f 2017 \u0433\u043e\u0434\u0430. \u0421\u0430\u043d\u043a\u0442-\u041f\u0435\u0442\u0435\u0440\u0431\u0443\u0440\u0433: \u0418\u0414 \u00ab\u041f\u0435\u0442\u0440\u043e\u043f\u043e\u043b\u0438\u0441\u00bb, 2018, \u0441. 16-24.<\/li><\/ul>\n\n\n\n<p><strong>SYMPOSIUM MATERIALS<\/strong><\/p>\n\n\n\n<ul><li>Babuc V. et al. Cercet\u0103ri \u015fi realiz\u0103ri \u00een tehnica criminalistic\u0103. \u00cen: Realiz\u0103ri, programe, perspective. Tezele conferin\u021bei jubiliare interna\u0163ionale. Chi\u015fin\u0103u: Universitatea Tehnic\u0103 a Moldovei, 1995, p. 152-157.<\/li><\/ul>\n\n\n\n<ol type=\"I\" start=\"3\"><li><strong>PUBLICATIONS IN ELECTRONIC FORMAT<\/strong><\/li><\/ol>\n\n\n\n<ul><li>H\u00e2rn\u0103u S., Ohrimenko S., Cernei G. Tehnologiile informa\u0163ionale \u015fi problemele globale ale dezvolt\u0103rii societ\u0103\u0163ii. Chi\u015fin\u0103u, 2008. In: <a href=\"http:\/\/www.ase.md.\/Inside\/PersonalPagesRomCom.phtml\">http:\/\/www.ase.md.\/Inside\/PersonalPagesRomCom.phtml<\/a> (accessed on 10.02.2018).<\/li><li>Raportul na\u0163ional de realizare a politicii de prevenire \u015fi combatere a traficului de fiin\u0163e umane pentru anul 2018. Chi\u015fin\u0103u, 2019. 27 p. In: <a href=\"http:\/\/antitrafic.gov.md\/public\/files\/Raport_national_2018_coordonat_cu_infografic.pdf\">http:\/\/antitrafic.gov.md\/public\/files\/Raport_national_2018_coordonat_cu_infografic.pdf<\/a> (accessed on 31.07.2024).<\/li><li>Universal Declaration of Human Rights. In: <a href=\"https:\/\/www.ohchr.org\/sites\/default\/files\/UDHR\/Documents\/UDHR_Translations\/eng.pdf\">https:\/\/www.ohchr.org\/sites\/default\/files\/UDHR\/Documents\/UDHR_Translations\/eng.pdf<\/a> (accessed on 10.12.2024).<\/li><li>Case of Rantsev vs Cipru and Russia. In: <a href=\"https:\/\/ec.europa.eu\/anti-trafficking\/sites\/antitrafficking\/files\/rantsev_vs_russia_cyprus_en_4.pdf\">https:\/\/ec.europa.eu\/anti-trafficking\/sites\/antitrafficking\/files\/rantsev_vs_russia_cyprus_en_4.pdf<\/a> (accessed on 05.03.2025).<\/li><\/ul>\n\n\n\n<p><strong>Articles proposed for publication will be subject to a peer-review process, carried out by two independent referees.<\/strong><\/p>\n\n\n\n<p>The evaluation process involves assessments of the scientific value of the materials proposed for publication, aspects of doctrinal novelty, documentation and bibliographic information of the authors, compliance with technical writing requirements and the authors\u2019 journalistic style, etc.<\/p>\n\n\n\n<p>Articles accepted by the editorial team enter the editing and printing process one month prior to publication.<\/p>\n\n\n\n<p>The magazine\u2019s editorial team assumes no responsibility for non-compliance with copyright legislation. In case of plagiarism, full responsibility lies with the author(s). Also, the authors\u2019 opinion does not express the editorial opinion regarding the approach to the researched topics.<\/p>\n","protected":false},"excerpt":{"rendered":"<p>The article will be submitted for publication in two languages \u200b\u200b(Romanian and English), on electronic support, to the e-mail address ruslan.condrat@mai.gov.md or cercetare.academia@gmail.com, with the mandatory completion of the author\u2019s [&hellip;]<\/p>\n","protected":false},"author":8,"featured_media":0,"parent":26241,"menu_order":0,"comment_status":"closed","ping_status":"closed","template":"page-revistaas.php","meta":[],"translation":{"provider":"WPGlobus","version":"2.12.2","language":"gb","enabled_languages":["ro","gb"],"languages":{"ro":{"title":true,"content":true,"excerpt":false},"gb":{"title":false,"content":false,"excerpt":false}}},"acf":[],"_links":{"self":[{"href":"https:\/\/academy.police.md\/gb\/wp-json\/wp\/v2\/pages\/26360"}],"collection":[{"href":"https:\/\/academy.police.md\/gb\/wp-json\/wp\/v2\/pages"}],"about":[{"href":"https:\/\/academy.police.md\/gb\/wp-json\/wp\/v2\/types\/page"}],"author":[{"embeddable":true,"href":"https:\/\/academy.police.md\/gb\/wp-json\/wp\/v2\/users\/8"}],"replies":[{"embeddable":true,"href":"https:\/\/academy.police.md\/gb\/wp-json\/wp\/v2\/comments?post=26360"}],"version-history":[{"count":1,"href":"https:\/\/academy.police.md\/gb\/wp-json\/wp\/v2\/pages\/26360\/revisions"}],"predecessor-version":[{"id":26362,"href":"https:\/\/academy.police.md\/gb\/wp-json\/wp\/v2\/pages\/26360\/revisions\/26362"}],"up":[{"embeddable":true,"href":"https:\/\/academy.police.md\/gb\/wp-json\/wp\/v2\/pages\/26241"}],"wp:attachment":[{"href":"https:\/\/academy.police.md\/gb\/wp-json\/wp\/v2\/media?parent=26360"}],"curies":[{"name":"wp","href":"https:\/\/api.w.org\/{rel}","templated":true}]}}