{"id":24749,"date":"2025-05-06T08:42:51","date_gmt":"2025-05-06T05:42:51","guid":{"rendered":"https:\/\/academy.police.md\/?page_id=24749"},"modified":"2025-08-02T07:07:44","modified_gmt":"2025-08-02T04:07:44","slug":"securitatea-frontierei","status":"publish","type":"page","link":"https:\/\/academy.police.md\/gb\/admiterea\/securitatea-frontierei","title":{"rendered":"\u00cenv\u0103\u021b\u0103m\u00e2nt profesional tehnic"},"content":{"rendered":"\n<p><strong><a href=\"\/wp-content\/uploads\/2025\/08\/Regulament_admitere_2025_Academia.MAI-modificat.pdf\" data-type=\"URL\" data-id=\"\/wp-content\/uploads\/2025\/08\/Regulament_admitere_2025_Academia.MAI-modificat.pdf\"><span class=\"has-inline-color has-vivid-red-color\">REGULAMENTUL privind organizarea admiterii la studii superioare de licen\u021b\u0103, master, precum \u0219i la programele de formare profesional\u0103 tehnic\u0103 \u00een cadrul Academiei ,,\u0218tefan cel Mare\u201d a Ministerului Afacerilor Interne pentru anul universitar 2025\/2026<\/span><\/a><\/strong><\/p>\n\n\n\n<figure class=\"wp-block-image size-large\"><img loading=\"lazy\" width=\"1024\" height=\"257\" src=\"\/wp-content\/uploads\/2025\/08\/Captura-de-ecran-2025-07-29-081429-1024x257.png\" alt=\"\" class=\"wp-image-26671\" srcset=\"\/wp-content\/uploads\/2025\/08\/Captura-de-ecran-2025-07-29-081429-1024x257.png 1024w, \/wp-content\/uploads\/2025\/08\/Captura-de-ecran-2025-07-29-081429-300x75.png 300w, \/wp-content\/uploads\/2025\/08\/Captura-de-ecran-2025-07-29-081429-768x192.png 768w, \/wp-content\/uploads\/2025\/08\/Captura-de-ecran-2025-07-29-081429-1536x385.png 1536w, \/wp-content\/uploads\/2025\/08\/Captura-de-ecran-2025-07-29-081429.png 1920w\" sizes=\"(max-width: 1024px) 100vw, 1024px\" \/><\/figure>\n\n\n\n<figure class=\"wp-block-gallery columns-1 is-cropped\"><ul class=\"blocks-gallery-grid\"><li class=\"blocks-gallery-item\"><figure><img loading=\"lazy\" width=\"853\" height=\"1200\" src=\"\/wp-content\/uploads\/2025\/05\/Baner_A3.jpg\" alt=\"\" data-id=\"24754\" data-full-url=\"\/wp-content\/uploads\/2025\/05\/Baner_A3.jpg\" data-link=\"https:\/\/academy.police.md\/admitere2025\/securitatea-frontierei\/baner_a3\" class=\"wp-image-24754\" srcset=\"\/wp-content\/uploads\/2025\/05\/Baner_A3.jpg 853w, \/wp-content\/uploads\/2025\/05\/Baner_A3-213x300.jpg 213w, \/wp-content\/uploads\/2025\/05\/Baner_A3-728x1024.jpg 728w, \/wp-content\/uploads\/2025\/05\/Baner_A3-768x1080.jpg 768w\" sizes=\"(max-width: 853px) 100vw, 853px\" \/><\/figure><\/li><li class=\"blocks-gallery-item\"><figure><img loading=\"lazy\" width=\"1200\" height=\"848\" src=\"\/wp-content\/uploads\/2025\/05\/pliant_A4.jpg\" alt=\"\" data-id=\"24751\" data-full-url=\"\/wp-content\/uploads\/2025\/05\/pliant_A4.jpg\" data-link=\"https:\/\/academy.police.md\/admitere2025\/securitatea-frontierei\/pliant_a4\" class=\"wp-image-24751\" srcset=\"\/wp-content\/uploads\/2025\/05\/pliant_A4.jpg 1200w, \/wp-content\/uploads\/2025\/05\/pliant_A4-300x212.jpg 300w, \/wp-content\/uploads\/2025\/05\/pliant_A4-1024x724.jpg 1024w, \/wp-content\/uploads\/2025\/05\/pliant_A4-768x543.jpg 768w\" sizes=\"(max-width: 1200px) 100vw, 1200px\" \/><\/figure><\/li><li class=\"blocks-gallery-item\"><figure><img loading=\"lazy\" width=\"1200\" height=\"848\" src=\"\/wp-content\/uploads\/2025\/05\/pliant_A42.jpg\" alt=\"\" data-id=\"24753\" data-full-url=\"\/wp-content\/uploads\/2025\/05\/pliant_A42.jpg\" data-link=\"https:\/\/academy.police.md\/admitere2025\/securitatea-frontierei\/pliant_a42\" class=\"wp-image-24753\" srcset=\"\/wp-content\/uploads\/2025\/05\/pliant_A42.jpg 1200w, \/wp-content\/uploads\/2025\/05\/pliant_A42-300x212.jpg 300w, \/wp-content\/uploads\/2025\/05\/pliant_A42-1024x724.jpg 1024w, \/wp-content\/uploads\/2025\/05\/pliant_A42-768x543.jpg 768w\" sizes=\"(max-width: 1200px) 100vw, 1200px\" \/><\/figure><\/li><\/ul><\/figure>\n","protected":false},"excerpt":{"rendered":"<p>REGULAMENTUL privind organizarea admiterii la studii superioare de licen\u021b\u0103, master, precum \u0219i la programele de formare profesional\u0103 tehnic\u0103 \u00een cadrul Academiei ,,\u0218tefan cel Mare\u201d a Ministerului Afacerilor Interne pentru anul [&hellip;]<\/p>\n","protected":false},"author":8,"featured_media":0,"parent":18223,"menu_order":0,"comment_status":"closed","ping_status":"closed","template":"","meta":[],"translation":{"provider":"WPGlobus","version":"2.12.2","language":"gb","enabled_languages":["ro","gb"],"languages":{"ro":{"title":true,"content":true,"excerpt":false},"gb":{"title":false,"content":false,"excerpt":false}}},"acf":[],"_links":{"self":[{"href":"https:\/\/academy.police.md\/gb\/wp-json\/wp\/v2\/pages\/24749"}],"collection":[{"href":"https:\/\/academy.police.md\/gb\/wp-json\/wp\/v2\/pages"}],"about":[{"href":"https:\/\/academy.police.md\/gb\/wp-json\/wp\/v2\/types\/page"}],"author":[{"embeddable":true,"href":"https:\/\/academy.police.md\/gb\/wp-json\/wp\/v2\/users\/8"}],"replies":[{"embeddable":true,"href":"https:\/\/academy.police.md\/gb\/wp-json\/wp\/v2\/comments?post=24749"}],"version-history":[{"count":10,"href":"https:\/\/academy.police.md\/gb\/wp-json\/wp\/v2\/pages\/24749\/revisions"}],"predecessor-version":[{"id":26679,"href":"https:\/\/academy.police.md\/gb\/wp-json\/wp\/v2\/pages\/24749\/revisions\/26679"}],"up":[{"embeddable":true,"href":"https:\/\/academy.police.md\/gb\/wp-json\/wp\/v2\/pages\/18223"}],"wp:attachment":[{"href":"https:\/\/academy.police.md\/gb\/wp-json\/wp\/v2\/media?parent=24749"}],"curies":[{"name":"wp","href":"https:\/\/api.w.org\/{rel}","templated":true}]}}