{"id":231,"date":"2020-09-26T23:39:39","date_gmt":"2020-09-26T23:39:39","guid":{"rendered":"http:\/\/localhost\/?page_id=231"},"modified":"2026-03-18T08:16:11","modified_gmt":"2026-03-18T06:16:11","slug":"departamentul-formare-continua-si-manageriala","status":"publish","type":"page","link":"https:\/\/academy.police.md\/gb\/directia-dezvoltare-profesionala\/departamentul-formare-continua-si-manageriala","title":{"rendered":"Departamentul formare continu\u0103 \u0219i managerial\u0103"},"content":{"rendered":"\n<p><strong><u>Obiective \u015fi competen\u0163e:<\/u><\/strong><\/p>\n\n\n\n<p><em>Formarea profesional\u0103 continu\u0103<\/em><\/p>\n\n\n\n<ul><li>Organizarea \u0219i desf\u0103\u0219urarea programelor de formare profesional\u0103 continu\u0103 \u2014 cuprinz\u00e2nd cicluri de specializare, perfec\u021bionare \u0219i recalificare \u2014 destinate func\u021bionarilor publici cu statut special din cadrul autorit\u0103\u021bilor administrative \u0219i institu\u021biilor subordonate Ministerului Afacerilor Interne (MAI).<\/li><li>Consolidarea nivelului de profesionalism al personalului, prin actualizarea sistematic\u0103 a cuno\u0219tin\u021belor de specialitate \u0219i prin perfec\u021bionarea continu\u0103 \u00een domeniile de competen\u021b\u0103 aferente func\u021biilor exercitate.<\/li><li>Asigurarea \u00eendeplinirii misiunilor \u0219i obiectivelor strategice ale subdiviziunilor MAI, prin identificarea \u0219i satisfacerea nevoilor institu\u021bionale de instruire.<\/li><li>Asigurarea recalific\u0103rii profesionale \u00een vederea dob\u00e2ndirii unor noi calific\u0103ri \u0219i specializ\u0103ri, \u00een concordan\u021b\u0103 cu cerin\u021bele pie\u021bei muncii \u0219i ale reformelor institu\u021bionale.<\/li><li>Dezvoltarea competen\u021belor psihopedagogice, metodologice \u0219i de specialitate ale cursan\u021bilor, \u00een scopul form\u0103rii abilit\u0103\u021bilor socio-profesionale optime, corespunz\u0103toare standardelor unui \u00eenv\u0103\u021b\u0103m\u00e2nt modern \u0219i de calitate.<\/li><li>Implementarea unui proces formativ bazat pe dezvoltarea competen\u021belor profesionale \u0219i psihopedagogice solicitate \u00een activitatea didactic\u0103, orientat spre organizarea eficient\u0103 a procesului educa\u021bional \u00een func\u021bie de particularit\u0103\u021bile de v\u00e2rst\u0103 ale beneficiarilor \u0219i de diversitatea activit\u0103\u021bilor curriculare \u0219i extracurriculare.<\/li><\/ul>\n\n\n\n<p><strong>Durata cursurilor de formare \u2013<\/strong>de la16 ore la 80 ore \u00een depeden\u021b\u0103 de curs.<\/p>\n\n\n\n<p><em>Formarea profesional\u0103 managerial\u0103<\/em><\/p>\n\n\n\n<ul><li>Asigurarea unui proces structurat de formare managerial\u0103, organizat pe dou\u0103 neveluri de conducere \u2014 Nivelul I &#8211; managementului de baz\u0103, \u0219i Nivelul II &#8211; managementului superior \u2014 \u00een scopul dezvolt\u0103rii abilit\u0103\u021bilor necesare exercit\u0103rii eficiente a func\u021biilor de conducere la fiecare e\u0219alon organiza\u021bional.<\/li><li>Implementarea unui program de instruire managerial\u0103 orientat spre formarea \u0219i consolidarea competen\u021belor esen\u021biale \u00een conducerea subdiviziunilor, prestarea serviciului public de calitate, motivarea \u0219i dezvoltarea resurselor umane subordonate, managementul conflictelor \u0219i al proceselor de negociere, men\u021binerea unui climat organiza\u021bional pozitiv, precum \u0219i optimizarea comunic\u0103rii institu\u021bionale \u0219i interpersonale.<\/li><li>Formarea \u0219i perfec\u021bionarea continu\u0103 a cadrelor de conducere \u00een domeniul managementului modern, cu aplicabilitate specific\u0103 \u00een sfera juridic\u0103 \u0219i poli\u021bieneasc\u0103, \u00een vederea alinierii practicilor manageriale la standardele contemporane \u0219i la cerin\u021bele func\u021bionale ale institu\u021biilor din sistemul MAI.<\/li><\/ul>\n\n\n\n<p><strong>Durata cursurilor de formare managerial\u0103 de baz\u0103, Nivelul I&nbsp;<\/strong>\u2013 4 s\u0103pt\u0103m\u00eeni;<\/p>\n\n\n\n<p><strong>Durata cursurilor de formare managerial\u0103 superior Nivelul II&nbsp;<\/strong>\u2013 2 s\u0103pt\u0103m\u00eeni;<\/p>\n\n\n\n<p>Competen\u021bele dob\u00e2ndite \u00een urma absolvirii programelor de formare profesional\u0103 continu\u0103 vor constitui fundamentul exercit\u0103rii eficiente a atribu\u021biilor de serviciu, contribuind totodat\u0103 la dezvoltarea \u0219i consolidarea nivelului de preg\u0103tire profesional\u0103 a personalului din cadrul autorit\u0103\u021bilor administrative \u0219i al institu\u021biilor subordonate Ministerului Afacerilor Interne.<\/p>\n","protected":false},"excerpt":{"rendered":"<p>Obiective \u015fi competen\u0163e: Formarea profesional\u0103 continu\u0103 Organizarea \u0219i desf\u0103\u0219urarea programelor de formare profesional\u0103 continu\u0103 \u2014 cuprinz\u00e2nd cicluri de specializare, perfec\u021bionare \u0219i recalificare \u2014 destinate func\u021bionarilor publici cu statut special din [&hellip;]<\/p>\n","protected":false},"author":8,"featured_media":0,"parent":123,"menu_order":0,"comment_status":"closed","ping_status":"closed","template":"","meta":[],"translation":{"provider":"WPGlobus","version":"2.12.2","language":"gb","enabled_languages":["ro","gb"],"languages":{"ro":{"title":true,"content":true,"excerpt":false},"gb":{"title":false,"content":false,"excerpt":false}}},"acf":[],"_links":{"self":[{"href":"https:\/\/academy.police.md\/gb\/wp-json\/wp\/v2\/pages\/231"}],"collection":[{"href":"https:\/\/academy.police.md\/gb\/wp-json\/wp\/v2\/pages"}],"about":[{"href":"https:\/\/academy.police.md\/gb\/wp-json\/wp\/v2\/types\/page"}],"author":[{"embeddable":true,"href":"https:\/\/academy.police.md\/gb\/wp-json\/wp\/v2\/users\/8"}],"replies":[{"embeddable":true,"href":"https:\/\/academy.police.md\/gb\/wp-json\/wp\/v2\/comments?post=231"}],"version-history":[{"count":5,"href":"https:\/\/academy.police.md\/gb\/wp-json\/wp\/v2\/pages\/231\/revisions"}],"predecessor-version":[{"id":31340,"href":"https:\/\/academy.police.md\/gb\/wp-json\/wp\/v2\/pages\/231\/revisions\/31340"}],"up":[{"embeddable":true,"href":"https:\/\/academy.police.md\/gb\/wp-json\/wp\/v2\/pages\/123"}],"wp:attachment":[{"href":"https:\/\/academy.police.md\/gb\/wp-json\/wp\/v2\/media?parent=231"}],"curies":[{"name":"wp","href":"https:\/\/api.w.org\/{rel}","templated":true}]}}