{"id":209,"date":"2020-09-26T22:00:04","date_gmt":"2020-09-26T22:00:04","guid":{"rendered":"http:\/\/localhost\/?page_id=209"},"modified":"2026-04-03T12:13:43","modified_gmt":"2026-04-03T09:13:43","slug":"serviciul-orientare-profesionala-si-ghidare-in-cariera","status":"publish","type":"page","link":"https:\/\/academy.police.md\/gb\/directia-studii-si-management-al-calitatii\/serviciul-orientare-profesionala-si-ghidare-in-cariera","title":{"rendered":"Serviciul orientare profesional\u0103 \u015fi ghidare \u00een carier\u0103"},"content":{"rendered":"\n<div style=\"text-indent: 36pt; text-align: justify;\">Informa\u0163ii generale<\/div>\n\n<div style=\"text-indent: 36pt; text-align: justify;\">Date de contact: mun. Chi\u015fin\u0103u, str. Gh. Asachi 21<\/div> \n<div style=\"text-indent: 36pt; text-align: justify;\">Structural serviciul orientare profesional\u0103 \u015fi ghidare \u00een carier\u0103 este o subdiviziune a Direc\u021biei studii \u0219i management al calit\u0103\u021bii a Academiei \u201e\u0218tefan cel Mare\u201d a MAI.<\/div>\n<div style=\"text-indent: 36pt; text-align: justify;\">Conform statelor de organizare a Direc\u0163iei studii \u015fi management al calit\u0103\u0163ii, \u00een cadrul serviciului orientare profesional\u0103 \u015fi ghidare \u00een carier\u0103 activeaz\u0103:<\/div>\n\n<div style=\"text-indent: 36pt; text-align: justify;\">Dobrea Andrei \u2013 ofi\u0163er superior, inspector principal.<\/div>\n\n<div style=\"text-indent: 36pt; text-align: justify;\">Competen\u0163e:<\/div>\n\n<div style=\"text-indent: 36pt; text-align: justify;\">Desf\u0103\u015foar\u0103 activit\u0103\u0163i de orientare, consiliere, educa\u0163ie privind cariera, organizeaz\u0103 stagiile de practic\u0103 a studen\u0163ilor conform ordinelor \u015fi instruc\u0163iunilor MECC, MAI \u015fi a Academiei, de comun acord cu facultatea, catedrele de profil, elaboreaz\u0103 materiale didactice \u015fi instructive pentru stagiari \u015fi conduc\u0103torii de practic\u0103, monitorizeaz\u0103 \u00eentreaga perioad\u0103 de practic\u0103 cu \u00eentocmirea rapoartelor \u015fi d\u0103rilor de seam\u0103.<\/div>\n\n<div style=\"text-indent: 36pt; text-align: justify;\"><\/div>\n\n\n\n<p><a href=\"\/wp-content\/uploads\/2026\/02\/Grafic-practica-2026.pdf\">Graficul \u015fedin\u0163elor de informare a studen\u0163ilor cu privire la organizarea \u015fi desf\u0103\u015furarea stagiilor de practic\u0103<br><\/a><a href=\"\/wp-content\/uploads\/2025\/09\/Grafic-semestrul-I-1.pdf\">Graficul \u0219edin\u021belor cu studen\u021bii, semestrul I<\/a><br><a href=\"\/wp-content\/uploads\/2026\/04\/Grafic-sem-II_rotated.pdf\">Graficul \u0219edin\u021belor cu studen\u021bii, semestrul II<br><\/a><a href=\"\/wp-content\/uploads\/2025\/09\/Anunt.pdf\">Anun\u021b \u00een scopul bunei organiz\u0103ri al stagiului de practic\u0103 din anul universitar 2025-2026<br><\/a><a href=\"\/wp-content\/uploads\/2025\/09\/Grafic-restante.pdf\">Orarul sus\u021binerii repetate a evalu\u0103rii finale a stagiilor de practic\u0103 la ciclul I licen\u021b\u0103, din anul uneversitar 2024-2025<\/a><\/p>\n","protected":false},"excerpt":{"rendered":"<p>Informa\u0163ii generale Date de contact: mun. Chi\u015fin\u0103u, str. Gh. Asachi 21 Structural serviciul orientare profesional\u0103 \u015fi ghidare \u00een carier\u0103 este o subdiviziune a Direc\u021biei studii \u0219i management al calit\u0103\u021bii a [&hellip;]<\/p>\n","protected":false},"author":8,"featured_media":0,"parent":113,"menu_order":0,"comment_status":"closed","ping_status":"closed","template":"","meta":[],"translation":{"provider":"WPGlobus","version":"2.12.2","language":"gb","enabled_languages":["ro","gb"],"languages":{"ro":{"title":true,"content":true,"excerpt":false},"gb":{"title":false,"content":false,"excerpt":false}}},"acf":[],"_links":{"self":[{"href":"https:\/\/academy.police.md\/gb\/wp-json\/wp\/v2\/pages\/209"}],"collection":[{"href":"https:\/\/academy.police.md\/gb\/wp-json\/wp\/v2\/pages"}],"about":[{"href":"https:\/\/academy.police.md\/gb\/wp-json\/wp\/v2\/types\/page"}],"author":[{"embeddable":true,"href":"https:\/\/academy.police.md\/gb\/wp-json\/wp\/v2\/users\/8"}],"replies":[{"embeddable":true,"href":"https:\/\/academy.police.md\/gb\/wp-json\/wp\/v2\/comments?post=209"}],"version-history":[{"count":53,"href":"https:\/\/academy.police.md\/gb\/wp-json\/wp\/v2\/pages\/209\/revisions"}],"predecessor-version":[{"id":31736,"href":"https:\/\/academy.police.md\/gb\/wp-json\/wp\/v2\/pages\/209\/revisions\/31736"}],"up":[{"embeddable":true,"href":"https:\/\/academy.police.md\/gb\/wp-json\/wp\/v2\/pages\/113"}],"wp:attachment":[{"href":"https:\/\/academy.police.md\/gb\/wp-json\/wp\/v2\/media?parent=209"}],"curies":[{"name":"wp","href":"https:\/\/api.w.org\/{rel}","templated":true}]}}