{"id":207,"date":"2020-09-26T21:58:46","date_gmt":"2020-09-26T21:58:46","guid":{"rendered":"http:\/\/localhost\/?page_id=207"},"modified":"2026-02-02T10:26:52","modified_gmt":"2026-02-02T08:26:52","slug":"serviciul-evidenta-si-acte-de-studii","status":"publish","type":"page","link":"https:\/\/academy.police.md\/gb\/directia-studii-si-management-al-calitatii\/serviciul-evidenta-si-acte-de-studii","title":{"rendered":"Serviciul eviden\u0163\u0103 \u015fi acte de studii"},"content":{"rendered":"\n<p><a href=\"\/wp-content\/uploads\/2024\/11\/IMG_0001-1.pdf\" data-type=\"URL\"> Informa\u021bia Privind serviciile prestate de c\u0103tre serviciul eviden\u021b\u0103 \u0219i acte de studii al Direc\u021biei studii \u0219i menagement al calit\u0103\u021bii \u0219i tarifelor acestora<\/a><\/p>\n\n\n\n<p>\u00cen aten\u021bia absolven\u0163ilor Facult\u0103\u021bii drept, administra\u0163ie, ordine \u0219i securitate public\u0103, ciclului I licen\u0163\u0103, programul de studii 0421.1 Drept, forma de \u00eenv\u0103\u021b\u0103m\u00e2nt cu frecven\u021b\u0103 redus\u0103, promo\u0163ia 2019-2024 !!!<\/p>\n\n\n\n<p><a href=\"\/wp-content\/uploads\/2026\/02\/anunt-acte-de-studii-masterat-februarie-2026.semnat.semnat.pdf\">\u00cen aten\u021bia absolven\u0163ilor Facult\u0103\u021bii drept, administra\u0163ie, ordine \u0219i securitate public\u0103, ciclului II masterat (1,5 ani\/90 ECTS), promo\u0163ia 2024-2026 !!!<\/a><\/p>\n\n\n\n<div style=\"text-indent: 36pt; text-align: justify;\">Informa\u0163ii generale<\/div>\n<div style=\"text-indent: 36pt; text-align: justify;\">Date de contact:\nmun. Chi\u015fin\u0103u, str. Gh. Asachi 21, tel. fix. 022735888, mob. 078824411<\/div>\n<div style=\"text-indent: 36pt; text-align: justify;\">Structural serviciul eviden\u0163\u0103 \u015fi acte de studii este o subdiviziune a Direc\u021biei studii \u0219i management al calit\u0103\u021bii a Academiei \u201e\u0218tefan cel Mare\u201d a MAI.<\/div>\n<div style=\"text-indent: 36pt; text-align: justify;\">Conform statelor de organizare a Direc\u0163iei studii \u015fi management al calit\u0103\u0163ii, \u00een cadrul serviciului proiectare didactic\u0103 \u015fi activitate metodic\u0103 activeaz\u0103:<\/div>\n<div style=\"text-indent: 36pt; text-align: justify;\">Lilia Catan \u2013 ofi\u0163er principal, comisar,<\/div>\n<div style=\"text-indent: 36pt; text-align: justify;\">Vasile Gherman \u2013 ofi\u0163er superior, inspector,<\/div>\n<div style=\"text-indent: 36pt; text-align: justify;\">Competen\u0163e:<\/div>\n<div style=\"text-indent: 36pt; text-align: justify;\">Serviciul eviden\u0163\u0103 \u015fi acte de studii are ca obiectiv respecatarea strict\u0103 a cerin\u0163elor de p\u0103strare, perfectare, eliberare \u015fi decontare a actelor de studii \u015fi dublicatelor perfectate potrivit dispozi\u0163iilor, ordinelor \u015fi instruc\u0163iunilor MECC \u015fi Academiei \u201d\u0218tefan cel Mare\u201d \u00een vederea men\u0163inerii \u015fi complet\u0103rii bazei de date a diplomelor \u015fi certificatelor academice eliberate la programele de studiu.<\/div>\n<div style=\"text-indent: 36pt; text-align: justify;\">Este responsabil de organizarea controlului \u015fi perfec\u0163ionarea procesului de eviden\u0163\u0103  a  situa\u0163iilor  academice ale studen\u0163ilor  absolven\u0163i  ai  Academiei  \u201e\u015etefan  cel  Mare\u201d; personalizarea actelor de studii ai absolven\u0163ilor Ciclului I licen\u0163\u0103, Ciclul II \u2013 Studii superioare de Master a Academiei \u201e\u015etefan cel Mare\u201d a MAI al RM; personalizarea duplicatelor actelor de studii; perfectarea certificatelor de absolvire a cursurilor de preg\u0103tire \u015fi perfec\u0163ionare a activit\u0103\u0163ii particulare de detectiv \u015fi paz\u0103; eliberarea confirm\u0103rilor, certificatelor academice, programelor analitice absolven\u0163ilor Academiei \u201e\u015etefan cel Mare\u201d a MAI al RM, Colegiului de Poli\u0163ie \u201eDimitrie Cantemir\u201d a MAI al RM, Liceului de Cade\u0163i \u201eSf\u00eentul Gheorghe\u201d al Academiei \u201e\u015etefan cel Mare\u201d a MAI; \u015ecolii Medii Speciale de Poli\u0163ie a MAI al RM; introducerea seriilor certificatelor de \u015fcolarizare \u00een baza de date a grupelor de studen\u0163i pentru a ob\u0163ine permise de conducere categoria \u201eB\u201d.<\/div>\n\n<div style=\"text-indent: 36pt; text-align: justify;\">Eliberarea diplomelor, duplicatelor \u015fi a altor acte de studii din cadrul Academiei se vor elibera din Serviciul eviden\u0163\u0103 \u015fi acte de studii conform urm\u0103torului grafic:<\/div>\n\n<div style=\"text-indent: 36pt; text-align: justify;\">Mar\u0163i, de la orele 8:00- 12:00<\/div>\n<div style=\"text-indent: 36pt; text-align: justify;\">Joi, de la orele 13:00- 17:00<\/div>\n","protected":false},"excerpt":{"rendered":"<p>Informa\u021bia Privind serviciile prestate de c\u0103tre serviciul eviden\u021b\u0103 \u0219i acte de studii al Direc\u021biei studii \u0219i menagement al calit\u0103\u021bii \u0219i tarifelor acestora \u00cen aten\u021bia absolven\u0163ilor Facult\u0103\u021bii drept, administra\u0163ie, ordine \u0219i [&hellip;]<\/p>\n","protected":false},"author":8,"featured_media":0,"parent":113,"menu_order":0,"comment_status":"closed","ping_status":"closed","template":"","meta":[],"translation":{"provider":"WPGlobus","version":"2.12.2","language":"gb","enabled_languages":["ro","gb"],"languages":{"ro":{"title":true,"content":true,"excerpt":false},"gb":{"title":false,"content":false,"excerpt":false}}},"acf":[],"_links":{"self":[{"href":"https:\/\/academy.police.md\/gb\/wp-json\/wp\/v2\/pages\/207"}],"collection":[{"href":"https:\/\/academy.police.md\/gb\/wp-json\/wp\/v2\/pages"}],"about":[{"href":"https:\/\/academy.police.md\/gb\/wp-json\/wp\/v2\/types\/page"}],"author":[{"embeddable":true,"href":"https:\/\/academy.police.md\/gb\/wp-json\/wp\/v2\/users\/8"}],"replies":[{"embeddable":true,"href":"https:\/\/academy.police.md\/gb\/wp-json\/wp\/v2\/comments?post=207"}],"version-history":[{"count":30,"href":"https:\/\/academy.police.md\/gb\/wp-json\/wp\/v2\/pages\/207\/revisions"}],"predecessor-version":[{"id":30182,"href":"https:\/\/academy.police.md\/gb\/wp-json\/wp\/v2\/pages\/207\/revisions\/30182"}],"up":[{"embeddable":true,"href":"https:\/\/academy.police.md\/gb\/wp-json\/wp\/v2\/pages\/113"}],"wp:attachment":[{"href":"https:\/\/academy.police.md\/gb\/wp-json\/wp\/v2\/media?parent=207"}],"curies":[{"name":"wp","href":"https:\/\/api.w.org\/{rel}","templated":true}]}}