{"id":20439,"date":"2024-08-22T15:41:26","date_gmt":"2024-08-22T12:41:26","guid":{"rendered":"https:\/\/academy.police.md\/?page_id=20439"},"modified":"2024-09-06T09:46:14","modified_gmt":"2024-09-06T06:46:14","slug":"experienta-mobilitatilor-academice","status":"publish","type":"page","link":"https:\/\/academy.police.md\/gb\/experienta-mobilitatilor-academice","title":{"rendered":"Experien\u021ba mobilit\u0103\u021bilor academice"},"content":{"rendered":"\n<figure class=\"wp-block-table aligncenter is-style-stripes\"><table class=\"has-subtle-pale-blue-background-color has-background\"><tbody><tr><td class=\"has-text-align-center\" data-align=\"center\"><img loading=\"lazy\" width=\"1024\" height=\"683\" class=\"wp-image-20582\" style=\"width: 200px;\" src=\"\/wp-content\/uploads\/2024\/09\/6-1024x683-1.jpg\" alt=\"\" srcset=\"\/wp-content\/uploads\/2024\/09\/6-1024x683-1.jpg 1024w, \/wp-content\/uploads\/2024\/09\/6-1024x683-1-300x200.jpg 300w, \/wp-content\/uploads\/2024\/09\/6-1024x683-1-768x512.jpg 768w\" sizes=\"(max-width: 1024px) 100vw, 1024px\" \/><br><a href=\"https:\/\/academy.police.md\/vizita-reprezentantilor-universitatii-tibiscus-din-timisoara-romania\"><strong>Vizita reprezentan\u021bilor Universit\u0103\u021bii \u201eTibiscus\u201d <\/strong><br><strong>din Timi\u0219oara, Rom\u00e2nia<\/strong><\/a><\/td><td class=\"has-text-align-center\" data-align=\"center\"><img loading=\"lazy\" width=\"1024\" height=\"683\" class=\"wp-image-20618\" style=\"width: 200px;\" src=\"\/wp-content\/uploads\/2024\/09\/IMG_4318-1024x683-1.jpg\" alt=\"\" srcset=\"\/wp-content\/uploads\/2024\/09\/IMG_4318-1024x683-1.jpg 1024w, \/wp-content\/uploads\/2024\/09\/IMG_4318-1024x683-1-300x200.jpg 300w, \/wp-content\/uploads\/2024\/09\/IMG_4318-1024x683-1-768x512.jpg 768w\" sizes=\"(max-width: 1024px) 100vw, 1024px\" \/><br><a href=\"https:\/\/academy.police.md\/diseminarea-experientei-obtinuta-in-cadrul-mobilitatii-academice\"><strong>Diseminarea experien\u0163ei ob\u0163inut\u0103 \u00een cadrul mobilit\u0103\u0163ii Erasmus+<\/strong><\/a><\/td><td class=\"has-text-align-center\" data-align=\"center\"><img loading=\"lazy\" width=\"576\" height=\"1024\" class=\"wp-image-20583\" style=\"width: 100px;\" src=\"\/wp-content\/uploads\/2024\/09\/7-7-576x1024-1.jpg\" alt=\"\" srcset=\"\/wp-content\/uploads\/2024\/09\/7-7-576x1024-1.jpg 576w, \/wp-content\/uploads\/2024\/09\/7-7-576x1024-1-169x300.jpg 169w\" sizes=\"(max-width: 576px) 100vw, 576px\" \/><br><strong><a href=\"https:\/\/academy.police.md\/cursul-green-it-din-cadrul-programului-erasmus\">Cursul \u201eGREEN IT\u201d din cadrul programului Erasmus+<\/a><\/strong><\/td><\/tr><tr><td class=\"has-text-align-center\" data-align=\"center\"><img loading=\"lazy\" width=\"1024\" height=\"758\" class=\"wp-image-20647\" style=\"width: 150px;\" src=\"\/wp-content\/uploads\/2024\/09\/Screenshot_9-1024x758-1.png\" alt=\"\" srcset=\"\/wp-content\/uploads\/2024\/09\/Screenshot_9-1024x758-1.png 1024w, \/wp-content\/uploads\/2024\/09\/Screenshot_9-1024x758-1-300x222.png 300w, \/wp-content\/uploads\/2024\/09\/Screenshot_9-1024x758-1-768x569.png 768w\" sizes=\"(max-width: 1024px) 100vw, 1024px\" \/><br><strong><a href=\"https:\/\/academy.police.md\/sesiune-de-instruire-comunicarea-este-cheia\">Sesiune de instruire \u201eComunicarea este cheia\u201d<\/a><\/strong><\/td><td class=\"has-text-align-center\" data-align=\"center\"><img loading=\"lazy\" width=\"1024\" height=\"768\" class=\"wp-image-20649\" style=\"width: 150px;\" src=\"\/wp-content\/uploads\/2024\/09\/viber_image_2023-09-30_18-11-29-459-1024x768-1.jpg\" alt=\"\" srcset=\"\/wp-content\/uploads\/2024\/09\/viber_image_2023-09-30_18-11-29-459-1024x768-1.jpg 1024w, \/wp-content\/uploads\/2024\/09\/viber_image_2023-09-30_18-11-29-459-1024x768-1-300x225.jpg 300w, \/wp-content\/uploads\/2024\/09\/viber_image_2023-09-30_18-11-29-459-1024x768-1-768x576.jpg 768w\" sizes=\"(max-width: 1024px) 100vw, 1024px\" \/><br><strong><a href=\"https:\/\/academy.police.md\/participarea-la-simpozionul-national-de-mediu-tara-abrudului-aur-si-oameni\">Participarea la Simpozionul Na\u021bional de Mediu \u021aara Abrudului \u2013 Aur \u0219i Oameni<\/a><\/strong><\/td><td class=\"has-text-align-center\" data-align=\"center\"><img loading=\"lazy\" width=\"1024\" height=\"768\" class=\"wp-image-20650\" style=\"width: 150px;\" src=\"\/wp-content\/uploads\/2024\/09\/4-1024x768-1.jpg\" alt=\"\" srcset=\"\/wp-content\/uploads\/2024\/09\/4-1024x768-1.jpg 1024w, \/wp-content\/uploads\/2024\/09\/4-1024x768-1-300x225.jpg 300w, \/wp-content\/uploads\/2024\/09\/4-1024x768-1-768x576.jpg 768w\" sizes=\"(max-width: 1024px) 100vw, 1024px\" \/><br><strong><a href=\"https:\/\/academy.police.md\/scoala-de-vara-responsabilitatea-legala-quo-vadis\">\u015ecoala de var\u0103 \u201eResponsabilitatea Legal\u0103. QUO Vadis?\u201d<\/a><\/strong><\/td><\/tr><tr><td class=\"has-text-align-center\" data-align=\"center\"><img loading=\"lazy\" width=\"768\" height=\"1024\" class=\"wp-image-20651\" style=\"width: 150px;\" src=\"\/wp-content\/uploads\/2024\/09\/6-2-768x1024-1.jpg\" alt=\"\" srcset=\"\/wp-content\/uploads\/2024\/09\/6-2-768x1024-1.jpg 768w, \/wp-content\/uploads\/2024\/09\/6-2-768x1024-1-225x300.jpg 225w\" sizes=\"(max-width: 768px) 100vw, 768px\" \/><br><strong><a href=\"https:\/\/academy.police.md\/studentii-academiei-au-participat-la-scoala-de-vara-organizata-de-universitatea-stefan-cel-mare-din-suceava\">\u015ecoala de var\u0103 organizat\u0103 de Universitatea \u201e\u015etefan cel Mare\u201d din Suceava<\/a><\/strong><\/td><td class=\"has-text-align-center\" data-align=\"center\"><img loading=\"lazy\" width=\"1024\" height=\"678\" class=\"wp-image-20652\" style=\"width: 150px;\" src=\"\/wp-content\/uploads\/2024\/09\/6-1-1024x678-1.jpg\" alt=\"\" srcset=\"\/wp-content\/uploads\/2024\/09\/6-1-1024x678-1.jpg 1024w, \/wp-content\/uploads\/2024\/09\/6-1-1024x678-1-300x199.jpg 300w, \/wp-content\/uploads\/2024\/09\/6-1-1024x678-1-768x509.jpg 768w\" sizes=\"(max-width: 1024px) 100vw, 1024px\" \/><br><strong><a href=\"https:\/\/academy.police.md\/sesiune-de-instruire-facilitator-of-learning\">Sesiune de instruire \u201eFacilitators of learning\u201d<\/a><\/strong><\/td><td class=\"has-text-align-center\" data-align=\"center\"><img loading=\"lazy\" width=\"861\" height=\"1024\" class=\"wp-image-20653\" style=\"width: 150px;\" src=\"\/wp-content\/uploads\/2024\/09\/1-4-861x1024-1.jpg\" alt=\"\" srcset=\"\/wp-content\/uploads\/2024\/09\/1-4-861x1024-1.jpg 861w, \/wp-content\/uploads\/2024\/09\/1-4-861x1024-1-252x300.jpg 252w, \/wp-content\/uploads\/2024\/09\/1-4-861x1024-1-768x913.jpg 768w\" sizes=\"(max-width: 861px) 100vw, 861px\" \/><br><strong><a href=\"https:\/\/academy.police.md\/sesiunea-de-instruire-desfasurata-in-cadrul-programului-de-mobilitate-ka1-erasmus-2\">Sesiunea de instruire desf\u0103\u015furat\u0103 \u00een cadrul programului de mobilitate KA1 Erasmus+<\/a><\/strong><\/td><\/tr><tr><td class=\"has-text-align-center\" data-align=\"center\"><img loading=\"lazy\" width=\"574\" height=\"1024\" class=\"wp-image-20654\" style=\"width: 150px;\" src=\"\/wp-content\/uploads\/2024\/09\/7-7.jpg\" alt=\"\" srcset=\"\/wp-content\/uploads\/2024\/09\/7-7.jpg 574w, \/wp-content\/uploads\/2024\/09\/7-7-168x300.jpg 168w\" sizes=\"(max-width: 574px) 100vw, 574px\" \/><br><strong><a href=\"https:\/\/academy.police.md\/cursul-de-formare-internationala-harmony\">Cursul de formare interna\u021bional\u0103 \u201eHarmony\u201d<\/a><\/strong><\/td><td class=\"has-text-align-center\" data-align=\"center\"><img loading=\"lazy\" width=\"1024\" height=\"768\" class=\"wp-image-20656\" style=\"width: 220px;\" src=\"\/wp-content\/uploads\/2024\/09\/7-4-1024x768-1.jpg\" alt=\"\" srcset=\"\/wp-content\/uploads\/2024\/09\/7-4-1024x768-1.jpg 1024w, \/wp-content\/uploads\/2024\/09\/7-4-1024x768-1-300x225.jpg 300w, \/wp-content\/uploads\/2024\/09\/7-4-1024x768-1-768x576.jpg 768w\" sizes=\"(max-width: 1024px) 100vw, 1024px\" \/><br><strong><a href=\"https:\/\/academy.police.md\/sesiunea-de-instruire-desfasurata-in-cadrul-programului-de-mobilitate-ka1-erasmus\">Sesiunea de instruire desf\u0103\u015furat\u0103 \u00een cadrul programului de mobilitate KA1 Erasmus+<\/a><\/strong><\/td><td class=\"has-text-align-center\" data-align=\"center\"><img loading=\"lazy\" width=\"1024\" height=\"768\" class=\"wp-image-20658\" style=\"width: 200px;\" src=\"\/wp-content\/uploads\/2024\/09\/\u0438\u0437\u043e\u0431\u0440\u0430\u0436\u0435\u043d\u0438\u0435_viber_2022-10-17_23-27-58-863-1024x768-1.jpg\" alt=\"\" srcset=\"\/wp-content\/uploads\/2024\/09\/\u0438\u0437\u043e\u0431\u0440\u0430\u0436\u0435\u043d\u0438\u0435_viber_2022-10-17_23-27-58-863-1024x768-1.jpg 1024w, \/wp-content\/uploads\/2024\/09\/\u0438\u0437\u043e\u0431\u0440\u0430\u0436\u0435\u043d\u0438\u0435_viber_2022-10-17_23-27-58-863-1024x768-1-300x225.jpg 300w, \/wp-content\/uploads\/2024\/09\/\u0438\u0437\u043e\u0431\u0440\u0430\u0436\u0435\u043d\u0438\u0435_viber_2022-10-17_23-27-58-863-1024x768-1-768x576.jpg 768w\" sizes=\"(max-width: 1024px) 100vw, 1024px\" \/><br><strong><a href=\"https:\/\/academy.police.md\/training-international-educational-in-cadrul-proiectului-improving-youth-work-on-international-projects\">Training interna\u021bional educa\u021bional \u00een cadrul proiectului ,,Improving youth work on international projects\u201d<\/a><\/strong><\/td><\/tr><tr><td class=\"has-text-align-center\" data-align=\"center\"><img loading=\"lazy\" width=\"1024\" height=\"768\" class=\"wp-image-20659\" style=\"width: 200px;\" src=\"\/wp-content\/uploads\/2024\/09\/IMG-a5d701b78f1ef9f8e4fa04bd3f806dec-V-1024x768-1.jpg\" alt=\"\" srcset=\"\/wp-content\/uploads\/2024\/09\/IMG-a5d701b78f1ef9f8e4fa04bd3f806dec-V-1024x768-1.jpg 1024w, \/wp-content\/uploads\/2024\/09\/IMG-a5d701b78f1ef9f8e4fa04bd3f806dec-V-1024x768-1-300x225.jpg 300w, \/wp-content\/uploads\/2024\/09\/IMG-a5d701b78f1ef9f8e4fa04bd3f806dec-V-1024x768-1-768x576.jpg 768w\" sizes=\"(max-width: 1024px) 100vw, 1024px\" \/><br><strong><a href=\"https:\/\/academy.police.md\/curs-international-de-formare-pace-la-razboi-or-vilnius-lituania\">Curs interna\u021bional de formare ,,Pace la r\u0103zboi\u201d, or. Vilnius, Lituania<\/a><\/strong><\/td><td class=\"has-text-align-center\" data-align=\"center\"><img loading=\"lazy\" width=\"812\" height=\"583\" class=\"wp-image-20660\" style=\"width: 200px;\" src=\"\/wp-content\/uploads\/2024\/09\/IMG-4e44c66366e0ce68d4adf8f9a6d528e2-V.jpg\" alt=\"\" srcset=\"\/wp-content\/uploads\/2024\/09\/IMG-4e44c66366e0ce68d4adf8f9a6d528e2-V.jpg 812w, \/wp-content\/uploads\/2024\/09\/IMG-4e44c66366e0ce68d4adf8f9a6d528e2-V-300x215.jpg 300w, \/wp-content\/uploads\/2024\/09\/IMG-4e44c66366e0ce68d4adf8f9a6d528e2-V-768x551.jpg 768w\" sizes=\"(max-width: 812px) 100vw, 812px\" \/><br><strong><a href=\"https:\/\/academy.police.md\/participarea-in-cadrul-mobilitatii-academice\">Participarea \u00een cadrul mobilit\u0103\u0163ii academice<\/a><\/strong><\/td><td class=\"has-text-align-center\" data-align=\"center\"><img loading=\"lazy\" width=\"960\" height=\"720\" class=\"wp-image-20661\" style=\"width: 150px;\" src=\"\/wp-content\/uploads\/2024\/09\/0-02-05-daab67a7ad04bbb5bbd56555e7eabb5c5687e4cd33ce26b8a18eeec66c889c13_bf158fb7afc40c09.jpg\" alt=\"\" srcset=\"\/wp-content\/uploads\/2024\/09\/0-02-05-daab67a7ad04bbb5bbd56555e7eabb5c5687e4cd33ce26b8a18eeec66c889c13_bf158fb7afc40c09.jpg 960w, \/wp-content\/uploads\/2024\/09\/0-02-05-daab67a7ad04bbb5bbd56555e7eabb5c5687e4cd33ce26b8a18eeec66c889c13_bf158fb7afc40c09-300x225.jpg 300w, \/wp-content\/uploads\/2024\/09\/0-02-05-daab67a7ad04bbb5bbd56555e7eabb5c5687e4cd33ce26b8a18eeec66c889c13_bf158fb7afc40c09-768x576.jpg 768w\" sizes=\"(max-width: 960px) 100vw, 960px\" \/><br><strong><a href=\"https:\/\/academy.police.md\/noi-experiente-in-cadrul-mobilitatii-academice-internationale-de-scurta-durata\">Noi experien\u021be \u00een cadrul mobilit\u0103\u0163ii academice interna\u0163ionale de scurt\u0103 durat\u0103<\/a><\/strong><\/td><\/tr><tr><td class=\"has-text-align-center\" data-align=\"center\"><img loading=\"lazy\" width=\"1508\" height=\"292\" class=\"wp-image-20662\" style=\"width: 200px;\" src=\"\/wp-content\/uploads\/2024\/09\/150719-0.jpg\" alt=\"\" srcset=\"\/wp-content\/uploads\/2024\/09\/150719-0.jpg 1508w, \/wp-content\/uploads\/2024\/09\/150719-0-300x58.jpg 300w, \/wp-content\/uploads\/2024\/09\/150719-0-1024x198.jpg 1024w, \/wp-content\/uploads\/2024\/09\/150719-0-768x149.jpg 768w\" sizes=\"(max-width: 1508px) 100vw, 1508px\" \/><br><strong><a href=\"https:\/\/academy.police.md\/sedinta-de-monitorizare-a-proiectului-erasmus-hrlaw-1440\">\u0218edin\u021ba de monitorizare a proiectului Erasmus+ HRLAW<\/a><\/strong><\/td><td class=\"has-text-align-center\" data-align=\"center\"><img loading=\"lazy\" width=\"1600\" height=\"1200\" class=\"wp-image-20663\" style=\"width: 200px;\" src=\"\/wp-content\/uploads\/2024\/09\/101120-2.jpg\" alt=\"\" srcset=\"\/wp-content\/uploads\/2024\/09\/101120-2.jpg 1600w, \/wp-content\/uploads\/2024\/09\/101120-2-300x225.jpg 300w, \/wp-content\/uploads\/2024\/09\/101120-2-1024x768.jpg 1024w, \/wp-content\/uploads\/2024\/09\/101120-2-768x576.jpg 768w, \/wp-content\/uploads\/2024\/09\/101120-2-1536x1152.jpg 1536w\" sizes=\"(max-width: 1600px) 100vw, 1600px\" \/><br><strong><a href=\"https:\/\/academy.police.md\/participarea-la-atelierul-stiintifico-practic-in-cadrul-proiectului-erasmus-educational-for-edrone-1338\">Participarea la Atelierul \u015ftiin\u0163ifico-practic \u00een cadrul Proiectului Erasmus+ \u201eEducational for eDrone\u201d<\/a><\/strong><\/td><td class=\"has-text-align-center\" data-align=\"center\"><img loading=\"lazy\" width=\"960\" height=\"744\" class=\"wp-image-20665\" style=\"width: 200px;\" src=\"\/wp-content\/uploads\/2024\/09\/06022020-2.jpg\" alt=\"\" srcset=\"\/wp-content\/uploads\/2024\/09\/06022020-2.jpg 960w, \/wp-content\/uploads\/2024\/09\/06022020-2-300x233.jpg 300w, \/wp-content\/uploads\/2024\/09\/06022020-2-768x595.jpg 768w\" sizes=\"(max-width: 960px) 100vw, 960px\" \/><br><strong><a href=\"https:\/\/academy.police.md\/atelier-de-lucru-in-cadrul-proiectului-e-drone-in-or-erevan-armenia-1250\">Atelier de lucru \u00een cadrul proiectului e-Drone \u00een or. Erevan, Armenia<\/a><\/strong><\/td><\/tr><tr><td class=\"has-text-align-center\" data-align=\"center\"><img loading=\"lazy\" width=\"537\" height=\"402\" class=\"wp-image-20669\" style=\"width: 200px;\" src=\"\/wp-content\/uploads\/2024\/09\/210919-4.jpg\" alt=\"\" srcset=\"\/wp-content\/uploads\/2024\/09\/210919-4.jpg 537w, \/wp-content\/uploads\/2024\/09\/210919-4-300x225.jpg 300w\" sizes=\"(max-width: 537px) 100vw, 537px\" \/><br><strong><a href=\"https:\/\/academy.police.md\/urmatoare-reuniune-in-cadrul-proiectului-erasmus-educational-for-edrone-1166\">Urm\u0103toare reuniune \u00een cadrul proiectului Erasmus+ \u201eEducational for eDrone\u201d<\/a><\/strong><\/td><td class=\"has-text-align-center\" data-align=\"center\"><img loading=\"lazy\" width=\"960\" height=\"720\" class=\"wp-image-20670\" style=\"width: 180px;\" src=\"\/wp-content\/uploads\/2024\/09\/150719-3.jpg\" alt=\"\" srcset=\"\/wp-content\/uploads\/2024\/09\/150719-3.jpg 960w, \/wp-content\/uploads\/2024\/09\/150719-3-300x225.jpg 300w, \/wp-content\/uploads\/2024\/09\/150719-3-768x576.jpg 768w\" sizes=\"(max-width: 960px) 100vw, 960px\" \/><br><strong><a href=\"https:\/\/academy.police.md\/vizita-de-studiu-a-angajatilor-academiei-stefan-cel-mare-a-mai-in-cadrul-proiectului-hrlaw-in-or-stockholm-suedia-1140\">Vizita de studiu a angaja\u0163ilor Academiei \u201e\u015etefan cel Mare\u201d a MAI \u00een cadrul Proiectului HRLAW \u00een or. Stockholm, Suedia.<\/a><\/strong><\/td><td class=\"has-text-align-center\" data-align=\"center\"><img loading=\"lazy\" width=\"960\" height=\"720\" class=\"wp-image-20671\" style=\"width: 200px;\" src=\"\/wp-content\/uploads\/2024\/09\/030619-1.jpg\" alt=\"\" srcset=\"\/wp-content\/uploads\/2024\/09\/030619-1.jpg 960w, \/wp-content\/uploads\/2024\/09\/030619-1-300x225.jpg 300w, \/wp-content\/uploads\/2024\/09\/030619-1-768x576.jpg 768w\" sizes=\"(max-width: 960px) 100vw, 960px\" \/><br><strong><a href=\"https:\/\/academy.police.md\/cursurile-de-formare-continua-educatie-pentru-drone-1133\">Cursurile de formare continu\u0103 \u201eEduca\u0163ie pentru Drone\u201d<\/a><\/strong><\/td><\/tr><tr><td class=\"has-text-align-center\" data-align=\"center\"><img loading=\"lazy\" width=\"1280\" height=\"960\" class=\"wp-image-20672\" style=\"width: 180px;\" src=\"\/wp-content\/uploads\/2024\/09\/250419-44.jpg\" alt=\"\" srcset=\"\/wp-content\/uploads\/2024\/09\/250419-44.jpg 1280w, \/wp-content\/uploads\/2024\/09\/250419-44-300x225.jpg 300w, \/wp-content\/uploads\/2024\/09\/250419-44-1024x768.jpg 1024w, \/wp-content\/uploads\/2024\/09\/250419-44-768x576.jpg 768w\" sizes=\"(max-width: 1280px) 100vw, 1280px\" \/><br><strong><a href=\"https:\/\/academy.police.md\/vizita-de-monitorizare-din-partea-reprezentantilor-oficiului-erasmus-1124\">Vizita de monitorizare din partea reprezentan\u0163ilor Oficiului Erasmus+<\/a><\/strong><\/td><td class=\"has-text-align-center\" data-align=\"center\"><img loading=\"lazy\" width=\"960\" height=\"720\" class=\"wp-image-20673\" style=\"width: 200px;\" src=\"\/wp-content\/uploads\/2024\/09\/130419-1.jpg\" alt=\"\" srcset=\"\/wp-content\/uploads\/2024\/09\/130419-1.jpg 960w, \/wp-content\/uploads\/2024\/09\/130419-1-300x225.jpg 300w, \/wp-content\/uploads\/2024\/09\/130419-1-768x576.jpg 768w\" sizes=\"(max-width: 960px) 100vw, 960px\" \/><br><strong><a href=\"https:\/\/academy.police.md\/vizita-de-studiu-la-universitatea-din-huddersfield-hud-marea-britanie-organizata-in-cadrul-proiectului-hrlaw-1119\">Vizita de studiu la Universitatea din Huddersfield (HUD), Marea Britanie, organizat\u0103 \u00een cadrul Proiectului HRLAW<\/a><\/strong><\/td><td class=\"has-text-align-center\" data-align=\"center\"><img loading=\"lazy\" width=\"1600\" height=\"1003\" class=\"wp-image-20674\" style=\"width: 200px;\" src=\"\/wp-content\/uploads\/2024\/09\/190319-4.jpg\" alt=\"\" srcset=\"\/wp-content\/uploads\/2024\/09\/190319-4.jpg 1600w, \/wp-content\/uploads\/2024\/09\/190319-4-300x188.jpg 300w, \/wp-content\/uploads\/2024\/09\/190319-4-1024x642.jpg 1024w, \/wp-content\/uploads\/2024\/09\/190319-4-768x481.jpg 768w, \/wp-content\/uploads\/2024\/09\/190319-4-1536x963.jpg 1536w\" sizes=\"(max-width: 1600px) 100vw, 1600px\" \/><br><strong><a href=\"https:\/\/academy.police.md\/sedinta-de-monitorizare-a-proiectului-legislatia-europeana-privind-drepturile-omului-pentru-universitatile-din-ucraina-si-moldova-european-human-rights-law-for-universities-of-ukraine-and-m-1105\">\u015eedin\u0163a de monitorizare a Proiectului \u201eLegisla\u0163ia european\u0103 privind drepturile omului pentru universit\u0103\u0163ile din Ucraina \u015fi Moldova<\/a><\/strong><\/td><\/tr><tr><td class=\"has-text-align-center\" data-align=\"center\"><img loading=\"lazy\" width=\"960\" height=\"720\" class=\"wp-image-20675\" style=\"width: 200px;\" src=\"\/wp-content\/uploads\/2024\/09\/04032019-1.jpg\" alt=\"\" srcset=\"\/wp-content\/uploads\/2024\/09\/04032019-1.jpg 960w, \/wp-content\/uploads\/2024\/09\/04032019-1-300x225.jpg 300w, \/wp-content\/uploads\/2024\/09\/04032019-1-768x576.jpg 768w\" sizes=\"(max-width: 960px) 100vw, 960px\" \/><br><strong><a href=\"https:\/\/academy.police.md\/edrone-activitati-in-continuare-1113\">eDrone \u2013 activit\u0103\u0163i \u00een continuare<\/a><\/strong><\/td><td class=\"has-text-align-center\" data-align=\"center\"><img loading=\"lazy\" width=\"960\" height=\"720\" class=\"wp-image-20676\" style=\"width: 200px;\" src=\"\/wp-content\/uploads\/2024\/09\/151218-11.jpg\" alt=\"\" srcset=\"\/wp-content\/uploads\/2024\/09\/151218-11.jpg 960w, \/wp-content\/uploads\/2024\/09\/151218-11-300x225.jpg 300w, \/wp-content\/uploads\/2024\/09\/151218-11-768x576.jpg 768w\" sizes=\"(max-width: 960px) 100vw, 960px\" \/><br><strong><a href=\"https:\/\/academy.police.md\/vizita-de-lucru-angajatilor-academiei-stefan-cel-mare-in-cadrul-proiectului-hrlaw-in-or-tallinn-estonia-1101\">Vizita de lucru angaja\u0163ilor Academiei \u201e\u015etefan cel Mare\u201d \u00een cadrul proiectului HRLAW \u00een or. Tallinn, Estonia.<\/a><\/strong><\/td><td class=\"has-text-align-center\" data-align=\"center\"><img loading=\"lazy\" width=\"960\" height=\"568\" class=\"wp-image-20677\" style=\"width: 150px;\" src=\"\/wp-content\/uploads\/2024\/09\/071118-3.jpg\" alt=\"\" srcset=\"\/wp-content\/uploads\/2024\/09\/071118-3.jpg 960w, \/wp-content\/uploads\/2024\/09\/071118-3-300x178.jpg 300w, \/wp-content\/uploads\/2024\/09\/071118-3-768x454.jpg 768w\" sizes=\"(max-width: 960px) 100vw, 960px\" \/><br><strong><a href=\"https:\/\/academy.police.md\/atelierul-de-lucru-edrone-technology-in-cadrul-proiectului-erasmus-educational-for-edrone-1104\">Atelierul de lucru \u201eeDrone Technology\u201d \u00een cadrul proiectului Erasmus+ \u201eEducational for eDrone\u201d<\/a><\/strong><\/td><\/tr><tr><td class=\"has-text-align-center\" data-align=\"center\"><img loading=\"lazy\" width=\"1600\" height=\"1067\" class=\"wp-image-20678\" style=\"width: 200px;\" src=\"\/wp-content\/uploads\/2024\/09\/0812175.jpg\" alt=\"\" srcset=\"\/wp-content\/uploads\/2024\/09\/0812175.jpg 1600w, \/wp-content\/uploads\/2024\/09\/0812175-300x200.jpg 300w, \/wp-content\/uploads\/2024\/09\/0812175-1024x683.jpg 1024w, \/wp-content\/uploads\/2024\/09\/0812175-768x512.jpg 768w, \/wp-content\/uploads\/2024\/09\/0812175-1536x1024.jpg 1536w\" sizes=\"(max-width: 1600px) 100vw, 1600px\" \/><br><strong><a href=\"https:\/\/academy.police.md\/academia-stefan-cel-mare-gazda-sesiunei-de-deschidere-a-1-st-consortium-meeting-din-cadrul-proiectului-educational-for-drone-edrone-957\">Academia \u201e\u015etefan cel Mare\u201d gazda sesiunei de deschidere a 1-st Consortium Meeting din cadrul proiectului \u201eEducational for Drone (eDrone)\u201d<\/a><\/strong><\/td><td class=\"has-text-align-center\" data-align=\"center\"><img loading=\"lazy\" width=\"960\" height=\"635\" class=\"wp-image-20679\" style=\"width: 200px;\" src=\"\/wp-content\/uploads\/2024\/09\/150717-2.jpg\" alt=\"\" srcset=\"\/wp-content\/uploads\/2024\/09\/150717-2.jpg 960w, \/wp-content\/uploads\/2024\/09\/150717-2-300x198.jpg 300w, \/wp-content\/uploads\/2024\/09\/150717-2-768x508.jpg 768w\" sizes=\"(max-width: 960px) 100vw, 960px\" \/><br><strong><a href=\"https:\/\/academy.police.md\/atelier-de-lucru-in-cadrul-proiectului-e-drone-in-or-tbilisi-si-or-erevan-perioada-10-15-iulie-2017-933\">Atelier de lucru \u00een cadrul proiectului e-Drone \u00een or. Tbilisi \u015fi or. Erevan, perioada 10-15 iulie 2017<\/a><\/strong><\/td><td class=\"has-text-align-center\" data-align=\"center\"><\/td><\/tr><\/tbody><\/table><\/figure>\n\n\n\n<p><\/p>\n","protected":false},"excerpt":{"rendered":"<p>Vizita reprezentan\u021bilor Universit\u0103\u021bii \u201eTibiscus\u201d din Timi\u0219oara, Rom\u00e2nia Diseminarea experien\u0163ei ob\u0163inut\u0103 \u00een cadrul mobilit\u0103\u0163ii Erasmus+ Cursul \u201eGREEN IT\u201d din cadrul programului Erasmus+ Sesiune de instruire \u201eComunicarea este cheia\u201d Participarea la Simpozionul [&hellip;]<\/p>\n","protected":false},"author":14,"featured_media":0,"parent":0,"menu_order":0,"comment_status":"closed","ping_status":"closed","template":"","meta":[],"translation":{"provider":"WPGlobus","version":"2.12.2","language":"gb","enabled_languages":["ro","gb"],"languages":{"ro":{"title":true,"content":true,"excerpt":false},"gb":{"title":false,"content":false,"excerpt":false}}},"acf":[],"_links":{"self":[{"href":"https:\/\/academy.police.md\/gb\/wp-json\/wp\/v2\/pages\/20439"}],"collection":[{"href":"https:\/\/academy.police.md\/gb\/wp-json\/wp\/v2\/pages"}],"about":[{"href":"https:\/\/academy.police.md\/gb\/wp-json\/wp\/v2\/types\/page"}],"author":[{"embeddable":true,"href":"https:\/\/academy.police.md\/gb\/wp-json\/wp\/v2\/users\/14"}],"replies":[{"embeddable":true,"href":"https:\/\/academy.police.md\/gb\/wp-json\/wp\/v2\/comments?post=20439"}],"version-history":[{"count":9,"href":"https:\/\/academy.police.md\/gb\/wp-json\/wp\/v2\/pages\/20439\/revisions"}],"predecessor-version":[{"id":20680,"href":"https:\/\/academy.police.md\/gb\/wp-json\/wp\/v2\/pages\/20439\/revisions\/20680"}],"wp:attachment":[{"href":"https:\/\/academy.police.md\/gb\/wp-json\/wp\/v2\/media?parent=20439"}],"curies":[{"name":"wp","href":"https:\/\/api.w.org\/{rel}","templated":true}]}}