{"id":203,"date":"2020-09-26T21:55:03","date_gmt":"2020-09-26T21:55:03","guid":{"rendered":"http:\/\/localhost\/?page_id=203"},"modified":"2026-02-25T16:28:42","modified_gmt":"2026-02-25T14:28:42","slug":"sectia-management-al-calitatii","status":"publish","type":"page","link":"https:\/\/academy.police.md\/gb\/directia-studii-si-management-al-calitatii\/sectia-management-al-calitatii","title":{"rendered":"Sec\u0163ia management al calita\u0163ii"},"content":{"rendered":"\n<p><strong>Date de contact:<\/strong><br>mun. Chi\u015fin\u0103u, str. Gh. Asachi 21<br>\u015eef al Sec\u0163iei management al calit\u0103\u0163ii<br>a Direc\u0163iei studii \u015fi management al calit\u0103\u0163ii<\/p>\n\n\n\n<p><strong>DATE PERSONALE:<\/strong><br>Numele, prenumele: Serghei BACINSCHI<br>Data na\u015fterii: 16.05.1984<br>Na\u0163ionalitate: Republica Moldova<br>e-mail: <a href=\"mailto:serghei.bacinschi@mai.gov.md\">serghei.bacinschi@mai.gov.md<\/a><br>Grad special: comisar principal<\/p>\n\n\n\n<p><strong>LIMBI VORBITE<\/strong><br>Rom\u00e2na \u2013 matern\u0103<br>Rusa \u2013 scris, vorbit<br>Engleza \u2013 nivel de comunicare<\/p>\n\n\n\n<p><strong>Educa\u0163ie \u015fi formare:<\/strong><br>2006 \u2013 2007&nbsp;&nbsp;&nbsp;&nbsp;&nbsp;&nbsp; &#8211; Master \u00een drept privat. Academia \u201e\u015etefan cel Mare\u201d a MAI<br>2002 \u2013 2006&nbsp;&nbsp;&nbsp;&nbsp;&nbsp;&nbsp; &#8211; Licen\u0163iat \u00een drept. Academia \u201e\u015etefan cel Mare\u201d a MAI<\/p>\n\n\n\n<p><strong>Componen\u0163a \u015fi date de contact:<\/strong><\/p>\n\n\n\n<figure class=\"wp-block-table\"><table><tbody><tr><td><strong>Nr.<\/strong><\/td><td><strong>Numele, Prenumele<\/strong><\/td><td><strong>Func\u0163ia\/ gradul special<\/strong><\/td><td><strong>e-mail<\/strong><\/td><\/tr><tr><td>1.<\/td><td>Ludmila BUCIU\u0218CAN<\/td><td>Ofi\u0163er principal, comisar<\/td><td><a href=\"mailto:cristina.osipov@mai.gov.md\">ludmila.buciuscan@mai.gov.md<\/a><\/td><\/tr><tr><td>2.<\/td><td>Sergiu COJOCARU      <\/td><td>Ofi\u0163er superior, comisar<\/td><td><a href=\"mailto:Sergiu.cojocaru@mai.gov.md\">sergiu.cojocaru@mai.gov.md<\/a><\/td><\/tr><tr><td>3.<\/td><td>Diana FURTUN\u0102<\/td><td>Ofi\u021ber superior inspector principal, cu atribu\u021bii \u00een or. Ungheni<\/td><td><a href=\"mailto:diana.furtuna@mai.gov.md\">diana.furtuna@mai.gov.md<\/a><\/td><\/tr><tr><td>4.<\/td><td>Irina GALERU<\/td><td>Ofi\u0163er superior, inspector<\/td><td><a href=\"mailto:irina.josan@mai.gov.md\">irina.galeru@mai.gov.md<\/a><\/td><\/tr><\/tbody><\/table><\/figure>\n\n\n\n<p><strong>Structural sec\u021bia management al calit\u0103\u021bii este o subdiviziune a Direc\u021biei studii \u0219i management al calit\u0103\u021bii a Academiei \u201e\u0218tefan cel Mare\u201d a MAI.<\/strong><\/p>\n\n\n\n<p><strong>Misiunea de baz\u0103 a SMC <\/strong>const\u0103 \u00een asigurarea \u0219i eficientizarea procesului didactic prin implementarea unui management academic performant conform standardelor de referin\u021b\u0103 a calit\u0103\u021bii \u00een corespundere cu exigen\u021bele impuse \u00eenv\u0103\u021b\u0103m\u00e2ntului universitar juridic \u0219i poli\u021bienesc prin:<\/p>\n\n\n\n<p>\u2013 promovarea managementului calit\u0103\u021bii \u00een educa\u021bie;<br>\u2013 promovarea consecvent\u0103 a vectorului european \u00een dezvoltarea sistemului de \u00eenv\u0103\u0163\u0103m\u00e2nt universitar din cadrul institu\u0163iei;<br>\u2013 dezvoltarea cadrului de politici institu\u0163ionale \u00een domeniul asigur\u0103rii calit\u0103\u0163ii;<br>\u2013 asigurarea func\u0163ion\u0103rii unui sistem institu\u0163ional de management al calit\u0103\u0163ii;<br>\u2013 modernizarea sistemului de calitate \u00een procesul educa\u0163ional;<br>\u2013 perfec\u0163ionarea mecanismelor de management \u00een domeniile de studiu aprofundate ale institu\u0163iei.<\/p>\n\n\n\n<p><strong>Competen\u021be:<\/strong><\/p>\n\n\n\n<p>\u2013 asigurarea managementului calit\u0103\u021bii serviciilor educa\u021bionale oferite de c\u0103tre Academie beneficiarilor de studii \u00een cadrul institu\u021biei;<br>\u2013 monitorizarea implement\u0103rii Strategiei privind asigurarea calit\u0103\u021bii \u00eenv\u0103\u021b\u0103m\u00e2ntului \u00een Academia \u201e\u0218tefan cel Mare\u201d a MAI \u015fi a standardelor na\u021bionale \u0219i interna\u021bionale;<br>\u2013 coordonarea m\u0103surilor \u015fi ac\u0163iunilor de asigurare a calit\u0103\u0163ii procesului instructiv-educativ;<br>\u2013 promovarea calit\u0103\u0163ii studiilor \u015fi aportul la \u00eembun\u0103t\u0103\u021birea continu\u0103 a calit\u0103\u021bii studiilor;<br>\u2013 participarea la planificarea \u015fi evaluarea calit\u0103\u021bii educa\u021biei la nivel institu\u021bional;<br>\u2013 asigur\u0103 elaborarea, implementarea \u0219i efectuarea analizei rezultatelor sondajelor \u00een r\u00e2ndul studen\u021bilor, absolven\u021bilor, cadrelor didactice, angajatorilor, beneficiarilor \u015fi \u00eenainteaz\u0103 propuneri privind \u00eenl\u0103turarea problemelor \u0219i neajunsurilor relevate.<br><\/p>\n","protected":false},"excerpt":{"rendered":"<p>Date de contact:mun. Chi\u015fin\u0103u, str. Gh. Asachi 21\u015eef al Sec\u0163iei management al calit\u0103\u0163iia Direc\u0163iei studii \u015fi management al calit\u0103\u0163ii DATE PERSONALE:Numele, prenumele: Serghei BACINSCHIData na\u015fterii: 16.05.1984Na\u0163ionalitate: Republica Moldovae-mail: serghei.bacinschi@mai.gov.mdGrad special: [&hellip;]<\/p>\n","protected":false},"author":8,"featured_media":0,"parent":113,"menu_order":0,"comment_status":"closed","ping_status":"closed","template":"","meta":[],"translation":{"provider":"WPGlobus","version":"2.12.2","language":"gb","enabled_languages":["ro","gb"],"languages":{"ro":{"title":true,"content":true,"excerpt":false},"gb":{"title":false,"content":false,"excerpt":false}}},"acf":[],"_links":{"self":[{"href":"https:\/\/academy.police.md\/gb\/wp-json\/wp\/v2\/pages\/203"}],"collection":[{"href":"https:\/\/academy.police.md\/gb\/wp-json\/wp\/v2\/pages"}],"about":[{"href":"https:\/\/academy.police.md\/gb\/wp-json\/wp\/v2\/types\/page"}],"author":[{"embeddable":true,"href":"https:\/\/academy.police.md\/gb\/wp-json\/wp\/v2\/users\/8"}],"replies":[{"embeddable":true,"href":"https:\/\/academy.police.md\/gb\/wp-json\/wp\/v2\/comments?post=203"}],"version-history":[{"count":26,"href":"https:\/\/academy.police.md\/gb\/wp-json\/wp\/v2\/pages\/203\/revisions"}],"predecessor-version":[{"id":30850,"href":"https:\/\/academy.police.md\/gb\/wp-json\/wp\/v2\/pages\/203\/revisions\/30850"}],"up":[{"embeddable":true,"href":"https:\/\/academy.police.md\/gb\/wp-json\/wp\/v2\/pages\/113"}],"wp:attachment":[{"href":"https:\/\/academy.police.md\/gb\/wp-json\/wp\/v2\/media?parent=203"}],"curies":[{"name":"wp","href":"https:\/\/api.w.org\/{rel}","templated":true}]}}