{"id":18303,"date":"2024-04-11T22:42:59","date_gmt":"2024-04-11T19:42:59","guid":{"rendered":"https:\/\/academy.police.md\/?page_id=18303"},"modified":"2025-08-02T00:50:05","modified_gmt":"2025-08-01T21:50:05","slug":"conditii-de-admitere","status":"publish","type":"page","link":"https:\/\/academy.police.md\/gb\/admiterea\/conditii-de-admitere","title":{"rendered":"Condi\u021bii de admitere"},"content":{"rendered":"\n<p><strong><a href=\"\/wp-content\/uploads\/2025\/08\/Regulament_admitere_2025_Academia.MAI-modificat.pdf\"><span class=\"has-inline-color has-vivid-red-color\">REGULAMENTUL privind organizarea admiterii la studii superioare de licen\u021b\u0103, master, precum \u0219i la programele de formare profesional\u0103 tehnic\u0103 \u00een cadrul Academiei ,,\u0218tefan cel Mare\u201d a Ministerului Afacerilor Interne pentru anul universitar 2025\/2026<\/span><\/a><\/strong><\/p>\n\n\n\n<p><strong><em>Ciclul I ( studii de licen\u0163\u0103)<\/em><\/strong><\/p>\n\n\n\n<p><strong>Candidatul la concursul de admitere pentru locurile bugetare \u00een Academie trebuie s\u0103 corespund\u0103 cumulativ urm\u0103toarelor condi\u021bii:<\/strong><\/p>\n\n\n\n<p>1) s\u0103 fie cet\u0103\u021bean al Republicii Moldova cu domiciliu permanent pe teritoriul acesteia;<\/p>\n\n\n\n<p>2) s\u0103 cunoasc\u0103 limba rom\u00e2n\u0103: scris \u0219i vorbit;<\/p>\n\n\n\n<p>3) s\u0103 fie declarat apt din punct de vedere fizic, psihic \u0219i medical;<\/p>\n\n\n\n<p>4) s\u0103 nu aib\u0103 antecedente penale, s\u0103 nu aib\u0103 calitatea de b\u0103nuit, \u00eenvinuit sau inculpat \u00een cadrul unui proces penal, cu excep\u021bia cazurilor de reabilitare; \u00een caz de liberare de r\u0103spundere penal\u0103 de c\u0103tre instan\u021ba de judecat\u0103 \u00een conformitate cu prevederile art.53 al Codului penal al Republicii Moldova, candidatul nu poate fi \u00eenscris la concursul de admitere;<\/p>\n\n\n\n<p>5) b\u0103rba\u021bii s\u0103 nu dep\u0103\u0219easc\u0103 v\u00e2rsta de 30 de ani; femeile s\u0103 nu dep\u0103\u0219easc\u0103 v\u00e2rsta de 27 de ani;<\/p>\n\n\n\n<p>6) s\u0103 fie de\u021bin\u0103tor al Diplomei de BAC;<\/p>\n\n\n\n<p>7) s\u0103 nu fie membru al unui partid politic, al unei organiza\u021bii social-politice sau al unei organiza\u021bii interzise de lege.<\/p>\n\n\n\n<p><strong>\u00censcrierea la concursul de admitere<\/strong><\/p>\n\n\n\n<ol><li>\u00censcrierea candida\u021bilor la concursul de admitere are loc doar online (<a href=\"https:\/\/eadmitere.gov.md\/public-page\">https:\/\/eadmitere.gov.md<\/a>)<\/li><li>Doritorii de a face studii cu finan\u0163are bugetar\u0103, forma de \u00eenv\u0103\u021b\u0103m\u00e2nt cu frecven\u0163\u0103 \u015fi frecven\u0163\u0103 redus\u0103 se adreseaz\u0103 pentru depunerea actelor \u015fi perfectarea dosarului personal la Comisia de admitere a Academiei sau la serviciul resurse umane al Inspectoratului de poli\u0163ie din raza de domiciliu.<\/li><li>Doritorii de a face studii cu finan\u0163are tax\u0103, forma de \u00eenv\u0103\u021b\u0103m\u00e2nt cu frecven\u0163\u0103 \u015fi frecven\u0163\u0103 redus\u0103 depun documentele doar online (<a href=\"https:\/\/eadmitere.gov.md\/public-page\">https:\/\/eadmitere.gov.md<\/a>)<\/li><\/ol>\n\n\n\n<p><strong><em>Ciclul II (studii de master)<\/em><\/strong><br><br><strong><u>Sesiunea de baz\u0103<\/u><\/strong><br><strong>21 iulie &#8211; 27 iulie<\/strong> \u2013 depunerea online a dosarelor<br><strong>28 iulie \u2013 3 august<\/strong> \u2013 verificarea \u0219i validarea dosarelor<br><strong>5 august<\/strong> \u2013 anun\u021barea rezultatelor intermediare<br><strong>6 august \u2013 10 august<\/strong> \u2013 depunerea dosarelor \u00een original<br><strong>12 august<\/strong> \u2013 afi\u0219area rezultatelor finale.<\/p>\n\n\n\n<p><strong><u>Sesiunea suplimentar\u0103<\/u><\/strong><br><strong>13 august 15 august <\/strong>&#8211; depunerea online a dosarelor<br><strong>16 august \u2013 18 august<\/strong> \u2013 verificarea \u0219i validarea dosarelor<br><strong>20 august<\/strong> \u2013 anun\u021barea rezultatelor intermediare<br><strong>21 august \u2013 23 august<\/strong> \u2013 depunerea dosarelor \u00een original<br><strong>24 august<\/strong> \u2013 afi\u0219area rezultatelor finale.<\/p>\n\n\n\n<p><strong>Condi\u021bii de admitere<\/strong><\/p>\n\n\n\n<ol type=\"1\"><li>\u00censcrierea candida\u021bilor la concursul de admitere are loc doar online (<a href=\"https:\/\/eadmitere.gov.md\/public-page\">https:\/\/eadmitere.gov.md\/public-page<\/a>)<\/li><li>La concursul de admitere la studii superioare de master pot participa de\u021bin\u0103torii diplomei de licen\u021b\u0103.<\/li><li>Candidatul va prezenta dosarul \u00een original (or. Chi\u0219in\u0103u, str. Gheorghe Asachi, nr.21, decanat, cazarm\u0103 et.1, bir. 117) care va cuprinde urm\u0103toarele acte:<\/li><\/ol>\n\n\n\n<ul type=\"1\"><li><strong>cerere de \u00eenscriere<\/strong> la concursul de admitere la studii superioare de master <em>(completare la responsabil admitere master)<\/em>;<\/li><li><strong>declara\u021bia<\/strong> cu privire la prelucrarea datelor cu caracter personal <em>(completare la responsabil admitere master);<\/em><\/li><li>copia <strong>buletinului de identitate<\/strong> (cu prezentarea originalului);<\/li><li>actul de studii (original) &#8211; (<strong>Diploma de licen\u021b\u0103<\/strong>), cu anexa respectiv\u0103 (<strong>Suplimentul la diploma de licen\u021b\u0103<\/strong>), (absolven\u021bii liceelor din Rom\u00e2nia \u0219i alte state, promo\u021bia din anul admiterii, depun certificatul de studii, cu notele ob\u021binute la examenele de licen\u021b\u0103 \u0219i situa\u021bia \u0219colar\u0103 pe anii de studii, urm\u00e2nd ca diploma de licen\u021b\u0103 s\u0103 fie prezentat\u0103 cel t\u00e2rziu 1 octombrie 2026);<\/li><li><strong>certificatul eliberat de Resursele Umane<\/strong>, care confirm\u0103&nbsp; func\u021bia de\u021binut\u0103 <em>(pentru studii cu finana\u021bare de la bugetul de stat)<\/em>;<\/li><li><strong>copia legitima\u021biei de serviciu<\/strong> <em>(pentru studii cu finana\u021bare de la bugetul de stat);<\/em><\/li><li><strong>4 fotografii 3&#215;4<\/strong>;<\/li><li><strong>certificatul<\/strong> doveditor de <strong>acumulare a minimumului curricular<\/strong> ini\u021bial&nbsp; (a studiilor compensatorii \u00een m\u0103rime de 30 credite), pentru candida\u0163ii absolven\u021bi ai programelor de licen\u021b\u0103 din domeniile de formare profesional\u0103 diferite de domeniul solicitat la ciclul II <em>(dup\u0103 caz);<\/em><\/li><\/ul>\n\n\n\n<p><strong>TAXE DE STUDII<\/strong><\/p>\n\n\n\n<p>Programe de studii, cu frecven\u021b\u0103, <strong>90 ECTS<\/strong>, durata studiilor <strong>1,5 ani<\/strong> \u2013 13000 MDL.<br>Programe de studii, cu frecven\u021b\u0103, <strong>120 ECTS<\/strong>, durata studiilor <strong>2 ani<\/strong> \u2013 17000 MDL + 2500 MDL (minim curricular 30 ECTS).<\/p>\n\n\n\n<p><em>Informa\u021bii suplimentare la telefonul de contact: <strong>067408490<\/strong> (Ciclul II, Master)<\/em><br>Adresa institu\u0163iei: MD 2009 Chi\u015fin\u0103u, str. Gheorghe Asachi nr. 21.<br>web: <a href=\"http:\/\/www.academy.police.md\/\">www.academy.police.md<\/a><\/p>\n\n\n\n<p><strong>Informa\u0163ii de contact:<\/strong><br>admitere.academia@mai.gov.md; <a href=\"mailto:academia@mai.gov.md\">academia@mai.gov.md<\/a><br>Direc\u021bia resurse umane:<br>Tel. (022) 725233, (022) 736737<br>Facultatea drept, administra\u0163ie, ordine \u015fi securitate public\u0103:<br>Tel. (022) 731884<br>Direc\u0163ia studii \u0219i management al calit\u0103\u0163ii:<br>Tel. (022) 723448<\/p>\n\n\n\n<div class=\"wp-block-buttons is-content-justification-center\">\n<div class=\"wp-block-button is-style-fill\"><a class=\"wp-block-button__link has-text-color has-background\" href=\"https:\/\/eadmitere.gov.md\/\" style=\"border-radius:16px;background-color:#f22202;color:#fffffa\" target=\"_blank\" rel=\"noreferrer noopener\">Aplic\u0103 on-line<\/a><\/div>\n<\/div>\n\n\n\n<p><\/p>\n","protected":false},"excerpt":{"rendered":"<p>REGULAMENTUL privind organizarea admiterii la studii superioare de licen\u021b\u0103, master, precum \u0219i la programele de formare profesional\u0103 tehnic\u0103 \u00een cadrul Academiei ,,\u0218tefan cel Mare\u201d a Ministerului Afacerilor Interne pentru anul [&hellip;]<\/p>\n","protected":false},"author":8,"featured_media":0,"parent":18223,"menu_order":0,"comment_status":"closed","ping_status":"closed","template":"","meta":[],"translation":{"provider":"WPGlobus","version":"2.12.2","language":"gb","enabled_languages":["ro","gb"],"languages":{"ro":{"title":true,"content":true,"excerpt":false},"gb":{"title":false,"content":false,"excerpt":false}}},"acf":[],"_links":{"self":[{"href":"https:\/\/academy.police.md\/gb\/wp-json\/wp\/v2\/pages\/18303"}],"collection":[{"href":"https:\/\/academy.police.md\/gb\/wp-json\/wp\/v2\/pages"}],"about":[{"href":"https:\/\/academy.police.md\/gb\/wp-json\/wp\/v2\/types\/page"}],"author":[{"embeddable":true,"href":"https:\/\/academy.police.md\/gb\/wp-json\/wp\/v2\/users\/8"}],"replies":[{"embeddable":true,"href":"https:\/\/academy.police.md\/gb\/wp-json\/wp\/v2\/comments?post=18303"}],"version-history":[{"count":28,"href":"https:\/\/academy.police.md\/gb\/wp-json\/wp\/v2\/pages\/18303\/revisions"}],"predecessor-version":[{"id":26677,"href":"https:\/\/academy.police.md\/gb\/wp-json\/wp\/v2\/pages\/18303\/revisions\/26677"}],"up":[{"embeddable":true,"href":"https:\/\/academy.police.md\/gb\/wp-json\/wp\/v2\/pages\/18223"}],"wp:attachment":[{"href":"https:\/\/academy.police.md\/gb\/wp-json\/wp\/v2\/media?parent=18303"}],"curies":[{"name":"wp","href":"https:\/\/api.w.org\/{rel}","templated":true}]}}