{"id":18255,"date":"2024-04-08T23:03:24","date_gmt":"2024-04-08T20:03:24","guid":{"rendered":"https:\/\/academy.police.md\/?page_id=18255"},"modified":"2024-07-29T12:24:09","modified_gmt":"2024-07-29T09:24:09","slug":"beneficiile","status":"publish","type":"page","link":"https:\/\/academy.police.md\/gb\/admiterea\/beneficiile","title":{"rendered":"Beneficiile"},"content":{"rendered":"\n<p><strong>Academia \u201e\u0218tefan cel Mare\u201d este:<\/strong><\/p>\n\n\n\n<ul><li>O institu\u021bie de \u00eenv\u0103\u021b\u0103m\u00e2nt superior, parte component\u0103 a sistemului educa\u021bional na\u021bional, acreditat\u0103 institu\u021bional \u0219i \u0219tiin\u021bific, racordat\u0103 la standardele educa\u021bionale ale Uniunii Europene, care se subordoneaz\u0103 Ministerului Educa\u021biei \u0219i Cercet\u0103rii, precum \u0219i Ministerului Afacerilor Interne fiind, totodat\u0103, o unitate structural\u0103 a acestuia;<\/li><li>O institu\u021bie prestigioas\u0103 \u0219i modern\u0103 cu bogate tradi\u021bii universitare \u0219i cu un adev\u0103rat spirit educa\u021bional, care preg\u0103te\u0219te speciali\u0219ti de \u00eenalt\u0103 calificare pentru autorit\u0103\u021bile administrative \u0219i institu\u021biile din subordinea MAI \u0219i alte organe de aplicare a legii din Republica Moldova;<\/li><li>Un centru comun de instruire, \u0219tiin\u021bific \u0219i cultural, care promoveaz\u0103 consecvent valorile universale \u0219i cele autohtone;<\/li><li>O entitate important\u0103 a re\u021belei de cooperare interinstitu\u021bional\u0103, care a dob\u00e2ndit renume \u00een plan na\u021bional \u0219i interna\u021bional.<\/li><\/ul>\n\n\n\n<p><strong>Beneficii:<\/strong><\/p>\n\n\n\n<ul><li>Pentru realizarea sarcinilor de instruire \u015fi cercetare Academia \u201e\u015etefan cel Mare\u201d dispune de dou\u0103 blocuri de studii cu o bogat\u0103 baz\u0103 tehnico-material\u0103: laboratoare criminalistice \u015fi de psihologie-judiciar\u0103; poligoane multifunc\u0163ionale de instruire practic\u0103; s\u0103li speciale pentru \u00eensu\u015firea limbilor str\u0103ine; s\u0103li \u015fi terenuri de sport dotate cu echipament modern; biblioteci; s\u0103li de lectur\u0103; auditorii; cazarm\u0103 \u0219i c\u0103mine cu zone de menaj \u015fi cele de relaxare; cantine \u0219i blocuri alimentare amenajate etc. Campusul academic este conectat integral la re\u0163eaua internet;<\/li><\/ul>\n\n\n\n<ul><li>De la \u00eenmatriculare profi\u021bi de toate tipurile de subzisten\u021b\u0103 gratuit: cazare, hran\u0103, uniform\u0103 \u0219i echipament;<\/li><li>Ob\u0163ii asigurare medical\u0103 gratuit\u0103 \u015fi servicii medicale de calitate;<\/li><li>Prime\u0219ti o instruire de calitate, pe cicluri, oferit\u0103 de cei mai buni practicieni \u0219i speciali\u0219ti \u00een domeniu, adaptat\u0103 la standardele Uniunii Europene;<\/li><li>\u00cen cadrul form\u0103rii profesionale a tinerilor speciali\u015fti se acord\u0103 o aten\u0163ie deosebit\u0103 celor mai actuale subiecte de cercetare: Pacea \u015fi securitatea; criminalitatea cibernetic\u0103, migra\u021bia ilegal\u0103 etc.;<\/li><li>Studen\u0163ii particip\u0103 la programe de mobilitate academic\u0103 de nivel na\u0163ional \u015fi interna\u0163ional, precum \u015fi la stagii de practic\u0103 \u015fi programe de schimb educa\u0163ional-cultural;<\/li><li>O prioritate a evolu\u021biei institu\u021bionale constituie promovarea rela\u021biilor de cooperare cu partenerii de dezvoltare \u0219i proiectele comune de consolidare a diferitor domenii: cercetare, instruire, infrastructur\u0103, dotare etc.;<\/li><li>Procesul de ini\u021biere \u0219i perfec\u021bionare a limbilor moderne constituie un imperativ \u00een contextul vectorului european al \u021b\u0103rii \u0219i al standardelor de calitate \u00een instruire<\/li><li>O aten\u0163ie sporit\u0103 se acord\u0103 preg\u0103tirii fizice \u015fi de lupt\u0103, deprinderilor de m\u00e2nuire a armei \u0219i instruc\u021biei de front;<\/li><li>Aici vei asimila discipline militare (cu ob\u021binerea livretului militar) \u0219i vei dezvolta aptitudini de conducere a vehiculelor (cu ob\u021binerea permisului de conducere);<\/li><li>Odat\u0103 cu absolvirea facult\u0103\u021bii ob\u021bii un loc de munc\u0103 garantat, gradul special de ofi\u021ber, o diplom\u0103 care ofer\u0103 oportunit\u0103\u021bi \u00een \u00eentreaga lume, iar perioada studiilor este inclus\u0103 \u00een vechimea de munc\u0103;<\/li><li>\u00cen rezultat devii un func\u0163ionar public cu statut special, bine preg\u0103tit fizic, psihologic \u015fi intelectual, apt pentru a combate criminalitatea, a men\u0163ine \u015fi restabili ordinea public\u0103 \u015fi a acorda cet\u0103\u0163enilor servicii de calitate.<\/li><\/ul>\n\n\n\n<p><strong>\u00censcrierea la concursul de admitere<\/strong><\/p>\n\n\n\n<p>Doritorii de a face studii cu finan\u0163are bugetar\u0103, forma de \u00eenv\u0103\u021b\u0103m\u00e2nt cu frecven\u0163\u0103 \u015fi frecven\u0163\u0103 redus\u0103 se adreseaz\u0103 pentru depunerea actelor \u015fi perfectarea dosarului personal la Comisia de admitere a Academiei sau la serviciul resurse umane al Inspectoratului de poli\u0163ie din raza de domiciliu. Doritorii de a face studii contra tax\u0103 se adreseaz\u0103 la Comisia de admitere a Academiei, \u00een conformitate cu graficul de admitere stabilit de Ministerul Educa\u0163iei \u0219i Cercet\u0103rii al Republicii Moldova \u015fi administra\u0163ia Academiei.<\/p>\n\n\n\n<p><strong>Contacte<\/strong><\/p>\n\n\n\n<p>Adresa institu\u0163iei: MD 2009 Chi\u015fin\u0103u, str. Gheorghe Asachi nr. 21.<\/p>\n\n\n\n<p>web: <a href=\"http:\/\/www.academy.police.md\/\">www.academy.police.md<\/a><\/p>\n\n\n\n<p>Informa\u0163ii de contact:<\/p>\n\n\n\n<p>admitere.academia@mai.gov.md; <a href=\"mailto:academia@mai.gov.md\">academia@mai.gov.md<\/a><\/p>\n\n\n\n<p>Direc\u021bia resurse umane:<\/p>\n\n\n\n<p>Tel. (022) 725233, (022) 736737<\/p>\n\n\n\n<p>Facultatea drept, administra\u0163ie, ordine \u015fi securitate public\u0103:<\/p>\n\n\n\n<p>Tel. (022) 731884<\/p>\n\n\n\n<p>Direc\u0163ia studii \u0219i management al calit\u0103\u0163ii:<\/p>\n\n\n\n<p>Tel. (022) 723448<\/p>\n\n\n\n<div class=\"wp-block-buttons is-content-justification-center\">\n<div class=\"wp-block-button is-style-fill\"><a class=\"wp-block-button__link has-text-color has-background\" href=\"https:\/\/eadmitere.gov.md\/\" style=\"border-radius:16px;background-color:#f22202;color:#fffffa\" target=\"_blank\" rel=\"noreferrer noopener\">Aplic\u0103 on-line<\/a><\/div>\n<\/div>\n","protected":false},"excerpt":{"rendered":"<p>Academia \u201e\u0218tefan cel Mare\u201d este: O institu\u021bie de \u00eenv\u0103\u021b\u0103m\u00e2nt superior, parte component\u0103 a sistemului educa\u021bional na\u021bional, acreditat\u0103 institu\u021bional \u0219i \u0219tiin\u021bific, racordat\u0103 la standardele educa\u021bionale ale Uniunii Europene, care se subordoneaz\u0103 [&hellip;]<\/p>\n","protected":false},"author":8,"featured_media":0,"parent":18223,"menu_order":0,"comment_status":"closed","ping_status":"closed","template":"","meta":[],"translation":{"provider":"WPGlobus","version":"2.12.2","language":"gb","enabled_languages":["ro","gb"],"languages":{"ro":{"title":true,"content":true,"excerpt":false},"gb":{"title":false,"content":false,"excerpt":false}}},"acf":[],"_links":{"self":[{"href":"https:\/\/academy.police.md\/gb\/wp-json\/wp\/v2\/pages\/18255"}],"collection":[{"href":"https:\/\/academy.police.md\/gb\/wp-json\/wp\/v2\/pages"}],"about":[{"href":"https:\/\/academy.police.md\/gb\/wp-json\/wp\/v2\/types\/page"}],"author":[{"embeddable":true,"href":"https:\/\/academy.police.md\/gb\/wp-json\/wp\/v2\/users\/8"}],"replies":[{"embeddable":true,"href":"https:\/\/academy.police.md\/gb\/wp-json\/wp\/v2\/comments?post=18255"}],"version-history":[{"count":5,"href":"https:\/\/academy.police.md\/gb\/wp-json\/wp\/v2\/pages\/18255\/revisions"}],"predecessor-version":[{"id":20064,"href":"https:\/\/academy.police.md\/gb\/wp-json\/wp\/v2\/pages\/18255\/revisions\/20064"}],"up":[{"embeddable":true,"href":"https:\/\/academy.police.md\/gb\/wp-json\/wp\/v2\/pages\/18223"}],"wp:attachment":[{"href":"https:\/\/academy.police.md\/gb\/wp-json\/wp\/v2\/media?parent=18255"}],"curies":[{"name":"wp","href":"https:\/\/api.w.org\/{rel}","templated":true}]}}