{"id":18249,"date":"2024-04-08T23:01:25","date_gmt":"2024-04-08T20:01:25","guid":{"rendered":"https:\/\/academy.police.md\/?page_id=18249"},"modified":"2025-07-01T11:48:35","modified_gmt":"2025-07-01T08:48:35","slug":"formele-de-invatamant","status":"publish","type":"page","link":"https:\/\/academy.police.md\/gb\/admiterea\/formele-de-invatamant","title":{"rendered":"Formele de \u00eenv\u0103\u0163\u0103m\u00e2nt"},"content":{"rendered":"\n<p>Studiile superioare de licen\u0163\u0103 \u015fi de master \u00een cadrul Facult\u0103\u0163ii se organizeaz\u0103 la urm\u0103toarele forme de \u00eenv\u0103\u0163\u0103m\u00eent:<\/p>\n\n\n\n<p><strong>I. <u>CU FRECVEN\u021a\u0102<\/u>,<\/strong> la urm\u0103toarele <strong>specialit\u0103\u021bi\/programe de studii<\/strong>:<\/p>\n\n\n\n<p><strong>Ciclul I &#8211; licen\u021b\u0103:<\/strong><\/p>\n\n\n\n<p><strong>1)<\/strong> <strong>0421.1 Drept (<\/strong>studii pe locuri cu finan\u0163are de la bugetul de stat \u0219i pe locuri cu tax\u0103 de studii, durata studiilor 4, 240 ECTS).<\/p>\n\n\n\n<p><strong>2) 1039.1 Securitate civil\u0103 \u0219i public\u0103 <\/strong>(studii pe locuri cu finan\u0163are de la bugetul de stat, durata studiilor 3 ani, 180 ECTS).<\/p>\n\n\n\n<p><strong>3) 1039.4 Securitatea frontierei, migra\u021bie \u0219i azil<\/strong> (studii pe locuri cu finan\u0163are de la bugetul de stat, durata studiilor 3 ani, 180 ECTS).<\/p>\n\n\n\n<p><strong>4) 0400.1 Administra\u021bia public\u0103 <\/strong>(studii pe locuri cu tax\u0103, durata studiilor 3 ani, 180 ECTS).<\/p>\n\n\n\n<p><strong>Ciclul II \u2013 studii superioare de master (<\/strong>studiipe locuri cu finan\u0163are de la bugetul de stat \u0219i pe locuri cu tax\u0103 de studii, durata studiilor 1,5\/2 ani, 90\/120 ECTS).<\/p>\n\n\n\n<p>Domeniul general de studii:<strong> 042 Drept<\/strong><\/p>\n\n\n\n<p><strong>Programele de master<\/strong> profesional:<\/p>\n\n\n\n<ul><li><strong>Drept penal <\/strong>(90\/120 ECTS),<\/li><li><strong>Activitatea de urm\u0103rire penal\u0103 <\/strong>(90 ECTS),<\/li><li><strong>Activitate special\u0103 de investiga\u021bii <\/strong>(90\/120 ECTS),<\/li><li><strong>Drept economic <\/strong>(90\/120 ECTS),<\/li><li><strong>Drept contraven\u0163ional <\/strong>(120 ECTS),<\/li><li><strong>Drept migra\u021bional \u0219i protec\u021bia refugia\u021bilor <\/strong>(120 ECTS)<strong>.<\/strong><\/li><\/ul>\n\n\n\n<p><strong>II. <u>CU FRECVEN\u0162\u0102 REDUS\u0102<\/u><\/strong><\/p>\n\n\n\n<p><strong>1) Specialitatea<\/strong>\/programul de studii la ciclul I &#8211; licen\u021b\u0103: <strong>0421.1 Drept<\/strong> (studii pe locuri cu finan\u0163are de la bugetul de stat \u0219i pe locuri cu tax\u0103 de studii, durata studiilor 5 ani, 240 ECTS).<\/p>\n\n\n\n<p><strong>CICLUL III \u2013 STUDII SUPERIOARE DE DOCTORAT<\/strong><\/p>\n\n\n\n<p><a rel=\"noreferrer noopener\" href=\"\/wp-content\/uploads\/2025\/06\/Oferta-Scolii-doctorale_2025-2029.pdf\" data-type=\"URL\" data-id=\"\/wp-content\/uploads\/2025\/06\/Oferta-Scolii-doctorale_2025-2029.pdf\" target=\"_blank\">Lista proiectelor recomandate susceptibile de a participa la concursul de admitere la studii superioare de doctorat promotia 2025 \u2013 2029 (studii ciclul III)<\/a><br>(180 ECTS, durata studiilor 3-4 ani)<br>Programe de doctorat \u015ftiin\u0163ific.<br><a href=\"https:\/\/academy.police.md\/wp-content\/uploads\/2024\/08\/Aviz-privind-organizarea-concursului-de-admitere-la-studiile-superioare-de-doctorat-ciclul-III-2024-2025.pdf\"><\/a><a href=\"https:\/\/academy.police.md\/wp-content\/uploads\/2025\/07\/Aviz-privind-organizarea-concursului-de-admitere-la-studiile-superioare-de-doctorat-ciclul-III-2024-2025.pdf\">AVIZ privind organizarea concursului de admitere la studiile superioare de doctorat (ciclul III) \u00een cadrul \u015ecolii doctorale \u201e\u015etiin\u0163e penale \u015fi drept public\u201d a Academiei \u201e\u015etefan cel Mare\u201d a MAI pentru anul de studii 2025-2026<\/a><\/p>\n\n\n\n<div class=\"wp-block-buttons is-content-justification-center\">\n<div class=\"wp-block-button is-style-fill\"><a class=\"wp-block-button__link has-text-color has-background\" href=\"https:\/\/eadmitere.gov.md\/\" style=\"border-radius:16px;background-color:#f22202;color:#fffffa\" target=\"_blank\" rel=\"noreferrer noopener\">Aplic\u0103 on-line<\/a><\/div>\n<\/div>\n\n\n\n<p><\/p>\n","protected":false},"excerpt":{"rendered":"<p>Studiile superioare de licen\u0163\u0103 \u015fi de master \u00een cadrul Facult\u0103\u0163ii se organizeaz\u0103 la urm\u0103toarele forme de \u00eenv\u0103\u0163\u0103m\u00eent: I. CU FRECVEN\u021a\u0102, la urm\u0103toarele specialit\u0103\u021bi\/programe de studii: Ciclul I &#8211; licen\u021b\u0103: 1) [&hellip;]<\/p>\n","protected":false},"author":8,"featured_media":0,"parent":18223,"menu_order":0,"comment_status":"closed","ping_status":"closed","template":"","meta":[],"translation":{"provider":"WPGlobus","version":"2.12.2","language":"gb","enabled_languages":["ro","gb"],"languages":{"ro":{"title":true,"content":true,"excerpt":false},"gb":{"title":false,"content":false,"excerpt":false}}},"acf":[],"_links":{"self":[{"href":"https:\/\/academy.police.md\/gb\/wp-json\/wp\/v2\/pages\/18249"}],"collection":[{"href":"https:\/\/academy.police.md\/gb\/wp-json\/wp\/v2\/pages"}],"about":[{"href":"https:\/\/academy.police.md\/gb\/wp-json\/wp\/v2\/types\/page"}],"author":[{"embeddable":true,"href":"https:\/\/academy.police.md\/gb\/wp-json\/wp\/v2\/users\/8"}],"replies":[{"embeddable":true,"href":"https:\/\/academy.police.md\/gb\/wp-json\/wp\/v2\/comments?post=18249"}],"version-history":[{"count":22,"href":"https:\/\/academy.police.md\/gb\/wp-json\/wp\/v2\/pages\/18249\/revisions"}],"predecessor-version":[{"id":26183,"href":"https:\/\/academy.police.md\/gb\/wp-json\/wp\/v2\/pages\/18249\/revisions\/26183"}],"up":[{"embeddable":true,"href":"https:\/\/academy.police.md\/gb\/wp-json\/wp\/v2\/pages\/18223"}],"wp:attachment":[{"href":"https:\/\/academy.police.md\/gb\/wp-json\/wp\/v2\/media?parent=18249"}],"curies":[{"name":"wp","href":"https:\/\/api.w.org\/{rel}","templated":true}]}}