{"id":181,"date":"2020-09-26T21:19:52","date_gmt":"2020-09-26T21:19:52","guid":{"rendered":"http:\/\/localhost\/?page_id=181"},"modified":"2025-09-17T15:01:40","modified_gmt":"2025-09-17T12:01:40","slug":"acreditari","status":"publish","type":"page","link":"https:\/\/academy.police.md\/gb\/acreditari","title":{"rendered":"Acredit\u0103ri"},"content":{"rendered":"\n<p><a href=\"\/wp-content\/uploads\/2025\/09\/2075-15.08.2025.pdf\">Ordin MEC nr.1365 din 05.08.2025 cu privire la acreditarea programelor de studii superioare de licen\u021b\u0103 \u0219i master.<\/a><\/p>\n\n\n\n<figure class=\"wp-block-image size-large\"><img loading=\"lazy\" width=\"724\" height=\"1024\" src=\"\/wp-content\/uploads\/2025\/09\/Certificat-ev-extern-adm-publica_page-0001-1-724x1024.jpg\" alt=\"\" class=\"wp-image-27373\" srcset=\"\/wp-content\/uploads\/2025\/09\/Certificat-ev-extern-adm-publica_page-0001-1-724x1024.jpg 724w, \/wp-content\/uploads\/2025\/09\/Certificat-ev-extern-adm-publica_page-0001-1-212x300.jpg 212w, \/wp-content\/uploads\/2025\/09\/Certificat-ev-extern-adm-publica_page-0001-1-768x1087.jpg 768w, \/wp-content\/uploads\/2025\/09\/Certificat-ev-extern-adm-publica_page-0001-1-1085x1536.jpg 1085w, \/wp-content\/uploads\/2025\/09\/Certificat-ev-extern-adm-publica_page-0001-1.jpg 1240w\" sizes=\"(max-width: 724px) 100vw, 724px\" \/><\/figure>\n\n\n\n<figure class=\"wp-block-image size-large\"><img loading=\"lazy\" width=\"724\" height=\"1024\" src=\"\/wp-content\/uploads\/2025\/09\/Certificat-ev-externa-Drept-FR_page-0001-724x1024.jpg\" alt=\"\" class=\"wp-image-27370\" srcset=\"\/wp-content\/uploads\/2025\/09\/Certificat-ev-externa-Drept-FR_page-0001-724x1024.jpg 724w, \/wp-content\/uploads\/2025\/09\/Certificat-ev-externa-Drept-FR_page-0001-212x300.jpg 212w, \/wp-content\/uploads\/2025\/09\/Certificat-ev-externa-Drept-FR_page-0001-768x1087.jpg 768w, \/wp-content\/uploads\/2025\/09\/Certificat-ev-externa-Drept-FR_page-0001-1085x1536.jpg 1085w, \/wp-content\/uploads\/2025\/09\/Certificat-ev-externa-Drept-FR_page-0001.jpg 1240w\" sizes=\"(max-width: 724px) 100vw, 724px\" \/><\/figure>\n\n\n\n<figure class=\"wp-block-image size-large\"><img loading=\"lazy\" width=\"724\" height=\"1024\" src=\"\/wp-content\/uploads\/2025\/09\/Certificat-ev-extern-ASI-90-ECTS_page-0001-724x1024.jpg\" alt=\"\" class=\"wp-image-27369\" srcset=\"\/wp-content\/uploads\/2025\/09\/Certificat-ev-extern-ASI-90-ECTS_page-0001-724x1024.jpg 724w, \/wp-content\/uploads\/2025\/09\/Certificat-ev-extern-ASI-90-ECTS_page-0001-212x300.jpg 212w, \/wp-content\/uploads\/2025\/09\/Certificat-ev-extern-ASI-90-ECTS_page-0001-768x1087.jpg 768w, \/wp-content\/uploads\/2025\/09\/Certificat-ev-extern-ASI-90-ECTS_page-0001-1085x1536.jpg 1085w, \/wp-content\/uploads\/2025\/09\/Certificat-ev-extern-ASI-90-ECTS_page-0001.jpg 1240w\" sizes=\"(max-width: 724px) 100vw, 724px\" \/><\/figure>\n\n\n\n<figure class=\"wp-block-image size-large\"><img loading=\"lazy\" width=\"724\" height=\"1024\" src=\"\/wp-content\/uploads\/2025\/09\/Certificat-ev-extern-ASI-120-ECTS_page-0001-724x1024.jpg\" alt=\"\" class=\"wp-image-27372\" srcset=\"\/wp-content\/uploads\/2025\/09\/Certificat-ev-extern-ASI-120-ECTS_page-0001-724x1024.jpg 724w, \/wp-content\/uploads\/2025\/09\/Certificat-ev-extern-ASI-120-ECTS_page-0001-212x300.jpg 212w, \/wp-content\/uploads\/2025\/09\/Certificat-ev-extern-ASI-120-ECTS_page-0001-768x1087.jpg 768w, \/wp-content\/uploads\/2025\/09\/Certificat-ev-extern-ASI-120-ECTS_page-0001-1085x1536.jpg 1085w, \/wp-content\/uploads\/2025\/09\/Certificat-ev-extern-ASI-120-ECTS_page-0001.jpg 1240w\" sizes=\"(max-width: 724px) 100vw, 724px\" \/><\/figure>\n\n\n\n<figure class=\"wp-block-image size-large\"><img loading=\"lazy\" width=\"724\" height=\"1024\" src=\"\/wp-content\/uploads\/2025\/09\/Certificat-ev_externa-Dr-economic-120-ECTS_page-0001-724x1024.jpg\" alt=\"\" class=\"wp-image-27371\" srcset=\"\/wp-content\/uploads\/2025\/09\/Certificat-ev_externa-Dr-economic-120-ECTS_page-0001-724x1024.jpg 724w, \/wp-content\/uploads\/2025\/09\/Certificat-ev_externa-Dr-economic-120-ECTS_page-0001-212x300.jpg 212w, \/wp-content\/uploads\/2025\/09\/Certificat-ev_externa-Dr-economic-120-ECTS_page-0001-768x1087.jpg 768w, \/wp-content\/uploads\/2025\/09\/Certificat-ev_externa-Dr-economic-120-ECTS_page-0001-1085x1536.jpg 1085w, \/wp-content\/uploads\/2025\/09\/Certificat-ev_externa-Dr-economic-120-ECTS_page-0001.jpg 1240w\" sizes=\"(max-width: 724px) 100vw, 724px\" \/><\/figure>\n\n\n\n<p><a href=\"\/wp-content\/uploads\/2023\/12\/ordin_nr._1052_din_19.09_2023.pdf\" data-type=\"URL\" data-id=\"\/wp-content\/uploads\/2023\/12\/ordin_nr._1052_din_19.09_2023.pdf\">Ordin_nr._1179_din_19.09_2023 Cu privire la autorizarea de func\u021bionare provizorie.<\/a><\/p>\n\n\n\n<figure class=\"wp-block-image size-large\"><img loading=\"lazy\" width=\"724\" height=\"1024\" src=\"\/wp-content\/uploads\/2023\/12\/Certificat_page-0001-724x1024.jpg\" alt=\"\" class=\"wp-image-16668\" srcset=\"\/wp-content\/uploads\/2023\/12\/Certificat_page-0001-724x1024.jpg 724w, \/wp-content\/uploads\/2023\/12\/Certificat_page-0001-212x300.jpg 212w, \/wp-content\/uploads\/2023\/12\/Certificat_page-0001-768x1087.jpg 768w, \/wp-content\/uploads\/2023\/12\/Certificat_page-0001-1085x1536.jpg 1085w, \/wp-content\/uploads\/2023\/12\/Certificat_page-0001.jpg 1240w\" sizes=\"(max-width: 724px) 100vw, 724px\" \/><\/figure>\n\n\n\n<p><a href=\"\/wp-content\/uploads\/2023\/10\/ordin_nr._1052_din_17.08_2023.pdf\">Ordin_nr._1052_din_17.08_2023 Cu privire la autorizarea de func\u021bionare provizorie.<\/a><\/p>\n\n\n\n<figure class=\"wp-block-image size-large\"><img loading=\"lazy\" width=\"726\" height=\"1024\" src=\"\/wp-content\/uploads\/2023\/12\/Certificat-de-evaluare-externa-a-calitatii-a-Prgramului-Securitate-civila-si-publica-726x1024.jpg\" alt=\"\" class=\"wp-image-16526\" srcset=\"\/wp-content\/uploads\/2023\/12\/Certificat-de-evaluare-externa-a-calitatii-a-Prgramului-Securitate-civila-si-publica-726x1024.jpg 726w, \/wp-content\/uploads\/2023\/12\/Certificat-de-evaluare-externa-a-calitatii-a-Prgramului-Securitate-civila-si-publica-213x300.jpg 213w, \/wp-content\/uploads\/2023\/12\/Certificat-de-evaluare-externa-a-calitatii-a-Prgramului-Securitate-civila-si-publica-768x1083.jpg 768w, \/wp-content\/uploads\/2023\/12\/Certificat-de-evaluare-externa-a-calitatii-a-Prgramului-Securitate-civila-si-publica-1089x1536.jpg 1089w, \/wp-content\/uploads\/2023\/12\/Certificat-de-evaluare-externa-a-calitatii-a-Prgramului-Securitate-civila-si-publica-1453x2048.jpg 1453w, \/wp-content\/uploads\/2023\/12\/Certificat-de-evaluare-externa-a-calitatii-a-Prgramului-Securitate-civila-si-publica-scaled.jpg 1816w\" sizes=\"(max-width: 726px) 100vw, 726px\" \/><\/figure>\n\n\n\n<figure class=\"wp-block-image size-large\"><img loading=\"lazy\" width=\"727\" height=\"1024\" src=\"\/wp-content\/uploads\/2023\/12\/Certificat-de-evaluare-externa-a-calitatii-a-Prgramului-Securitatea-frontierei-727x1024.jpg\" alt=\"\" class=\"wp-image-16525\" srcset=\"\/wp-content\/uploads\/2023\/12\/Certificat-de-evaluare-externa-a-calitatii-a-Prgramului-Securitatea-frontierei-727x1024.jpg 727w, \/wp-content\/uploads\/2023\/12\/Certificat-de-evaluare-externa-a-calitatii-a-Prgramului-Securitatea-frontierei-213x300.jpg 213w, \/wp-content\/uploads\/2023\/12\/Certificat-de-evaluare-externa-a-calitatii-a-Prgramului-Securitatea-frontierei-768x1082.jpg 768w, \/wp-content\/uploads\/2023\/12\/Certificat-de-evaluare-externa-a-calitatii-a-Prgramului-Securitatea-frontierei-1091x1536.jpg 1091w, \/wp-content\/uploads\/2023\/12\/Certificat-de-evaluare-externa-a-calitatii-a-Prgramului-Securitatea-frontierei-1454x2048.jpg 1454w, \/wp-content\/uploads\/2023\/12\/Certificat-de-evaluare-externa-a-calitatii-a-Prgramului-Securitatea-frontierei-scaled.jpg 1818w\" sizes=\"(max-width: 727px) 100vw, 727px\" \/><\/figure>\n\n\n\n<p><a href=\"\/wp-content\/uploads\/2023\/05\/Ordin-acreditare.pdf\">Programul de formare profesional\u0103 continu\u0103<\/a> ,,Agent\/agent\u0103 de paz\u0103&#8221; acreditat prin Ordinul Ministerului Educa\u0163iei \u015fi Cercet\u0103rii al RM nr.1309 din 28.12.2022<\/p>\n\n\n\n<figure class=\"wp-block-image size-large\"><img loading=\"lazy\" width=\"724\" height=\"1024\" src=\"\/wp-content\/uploads\/2023\/05\/Certificat-ANACEC_page-0001-724x1024.jpg\" alt=\"\" class=\"wp-image-11691\" srcset=\"\/wp-content\/uploads\/2023\/05\/Certificat-ANACEC_page-0001-724x1024.jpg 724w, \/wp-content\/uploads\/2023\/05\/Certificat-ANACEC_page-0001-212x300.jpg 212w, \/wp-content\/uploads\/2023\/05\/Certificat-ANACEC_page-0001-768x1087.jpg 768w, \/wp-content\/uploads\/2023\/05\/Certificat-ANACEC_page-0001-1085x1536.jpg 1085w, \/wp-content\/uploads\/2023\/05\/Certificat-ANACEC_page-0001.jpg 1240w\" sizes=\"(max-width: 724px) 100vw, 724px\" \/><\/figure>\n\n\n\n<p><a href=\"\/wp-content\/uploads\/2022\/12\/Ord.-MEC-nr.1191-din-05.12.2022-Acdreditarea-Programelor-des-studii-Cilcul-I-Licenta-si-Ciclul-II-Master-ale-Academiei.pdf\">Ord. MEC nr.1191 din 05.12.2022<\/a> Cu privire la acreditarea programelor de studii de licen\u0163\u0103 (ciclu I) \u015fi de master (ciclul II) \u00een institu\u0163iile de \u00eenv\u0103\u0163\u0103m\u00e2nt superior din Republica Moldova<\/p>\n\n\n\n<p><a href=\"\/wp-content\/uploads\/2022\/10\/ordinul_MEC-nr46_din_27-01-2022.pdf\">Ordinul MEC nr.46 din 27.01.2022<\/a> Cu privire la autorizarea de func\u021bionare provizorie\/acreditarea programelor de studii superioare de licen\u021b\u0103 (ciclul I) \u0219i de master (ciclul II) \u00een institu\u021biile de \u00eenv\u0103\u021b\u0103m\u00e2nt superior din Republica Moldova<\/p>\n\n\n\n<p><\/p><center><a href=\"http:\/\/academy.police.md\/assets\/docs\/cert-anacec-281221.jpg\"><img style=\"display: block; margin-left: auto; margin-right: auto;\" src=\"http:\/\/academy.police.md\/assets\/docs\/cert-anacec-281221.jpg\" width=\"500\" <=\"\" a=\"\"><\/a><\/center><p><\/p>\n\n\n\n<p><a href=\"\/wp-content\/uploads\/2022\/10\/Hotararea-ARACIS-28-07-2022.pdf\">Hot\u0103r\u00e2rea Consiliului ARACIS \u00ceN \u015eEDIN\u0162A din data de 28.07.2022<\/a> cu privire la avizele acordate pentru programele de studii universitare de licen\u021b\u0103\/ masterat<\/p>\n\n\n\n<p class=\"has-text-align-left\">Acreditare interna\u0163ional\u0103 program de studii ciclul I, DREPT (Agen\u0163ia ARACIS, Rom\u00e2nia), confirmat\u0103 prin&nbsp;<a rel=\"noreferrer noopener\" href=\"http:\/\/academy.police.md\/assets\/files\/pdf\/hg731-19102015.doc\" target=\"_blank\">Hot\u0103r\u00eerea Guvernului nr. 731 din 19 octombrie 2015<\/a>&nbsp;Cu privire la acreditarea organiz\u0103rii \u0219i retragerea dreptului de organizare a programelor de studii superioare de licen\u021b\u0103, (ciclul I) \u00een domeniul Drept \u00een institu\u021biile de \u00eenv\u0103\u021b\u0103m\u00eent superior din Republica Moldova<\/p>\n\n\n\n<p class=\"has-text-align-left\">          Acreditare interna\u0163ional\u0103 programe de studii ciclul II, DREPT (Agen\u0163ia EKKA, Estonia), confirmat\u0103 prin&nbsp;<a rel=\"noreferrer noopener\" href=\"http:\/\/academy.police.md\/assets\/files\/pdf\/hg883-28122015.doc\" target=\"_blank\">Hot\u0103r\u00eerea Guvernului nr. 883 din 28 decembrie 2015<\/a>&nbsp;Cu privire la acreditarea \u0219i retragerea dreptului de organizare a programelor de studii superioare de master, (ciclul II) \u00een domeniul Drept \u00een institu\u021biile de \u00eenv\u0103\u021b\u0103m\u00eent superior<\/p>\n\n\n\n<p><\/p>\n\n\n\n<div text-align:=\"\" center=\"\"><a href=\"http:\/\/academy.police.md\/assets\/images\/doctori\/acred-scan1.jpg\"><img style=\"display: block; margin-left: auto; margin-right: auto;\" src=\"http:\/\/academy.police.md\/assets\/images\/doctori\/acred-scan1.jpg\" width=\"700\"><\/a><\/div>\n<div text-align:=\"\" center=\"\"><a href=\"http:\/\/academy.police.md\/assets\/images\/doctori\/acred-scan2.jpg\"><img style=\"display: block; margin-left: auto; margin-right: auto;\" src=\"http:\/\/academy.police.md\/assets\/images\/doctori\/acred-scan2.jpg\" width=\"700\"><\/a><\/div>\n\n\n\n<figure class=\"wp-block-image size-large\"><img loading=\"lazy\" width=\"1024\" height=\"746\" src=\"\/wp-content\/uploads\/2024\/02\/5.-Certificat-de-acreditare-1024x746.jpg\" alt=\"\" class=\"wp-image-17649\" srcset=\"\/wp-content\/uploads\/2024\/02\/5.-Certificat-de-acreditare-1024x746.jpg 1024w, \/wp-content\/uploads\/2024\/02\/5.-Certificat-de-acreditare-300x219.jpg 300w, \/wp-content\/uploads\/2024\/02\/5.-Certificat-de-acreditare-768x560.jpg 768w, \/wp-content\/uploads\/2024\/02\/5.-Certificat-de-acreditare.jpg 1173w\" sizes=\"(max-width: 1024px) 100vw, 1024px\" \/><\/figure>\n","protected":false},"excerpt":{"rendered":"<p>Ordin MEC nr.1365 din 05.08.2025 cu privire la acreditarea programelor de studii superioare de licen\u021b\u0103 \u0219i master. Ordin_nr._1179_din_19.09_2023 Cu privire la autorizarea de func\u021bionare provizorie. Ordin_nr._1052_din_17.08_2023 Cu privire la autorizarea [&hellip;]<\/p>\n","protected":false},"author":8,"featured_media":0,"parent":0,"menu_order":0,"comment_status":"closed","ping_status":"closed","template":"","meta":[],"translation":{"provider":"WPGlobus","version":"2.12.2","language":"gb","enabled_languages":["ro","gb"],"languages":{"ro":{"title":true,"content":true,"excerpt":false},"gb":{"title":false,"content":false,"excerpt":false}}},"acf":[],"_links":{"self":[{"href":"https:\/\/academy.police.md\/gb\/wp-json\/wp\/v2\/pages\/181"}],"collection":[{"href":"https:\/\/academy.police.md\/gb\/wp-json\/wp\/v2\/pages"}],"about":[{"href":"https:\/\/academy.police.md\/gb\/wp-json\/wp\/v2\/types\/page"}],"author":[{"embeddable":true,"href":"https:\/\/academy.police.md\/gb\/wp-json\/wp\/v2\/users\/8"}],"replies":[{"embeddable":true,"href":"https:\/\/academy.police.md\/gb\/wp-json\/wp\/v2\/comments?post=181"}],"version-history":[{"count":28,"href":"https:\/\/academy.police.md\/gb\/wp-json\/wp\/v2\/pages\/181\/revisions"}],"predecessor-version":[{"id":27374,"href":"https:\/\/academy.police.md\/gb\/wp-json\/wp\/v2\/pages\/181\/revisions\/27374"}],"wp:attachment":[{"href":"https:\/\/academy.police.md\/gb\/wp-json\/wp\/v2\/media?parent=181"}],"curies":[{"name":"wp","href":"https:\/\/api.w.org\/{rel}","templated":true}]}}