{"id":17992,"date":"2024-03-21T11:29:04","date_gmt":"2024-03-21T09:29:04","guid":{"rendered":"https:\/\/academy.police.md\/?page_id=17992"},"modified":"2024-05-28T10:54:36","modified_gmt":"2024-05-28T07:54:36","slug":"instruciuni-pentru-autori","status":"publish","type":"page","link":"https:\/\/academy.police.md\/gb\/reviste\/instruciuni-pentru-autori","title":{"rendered":"Instruc\u021biuni pentru autori"},"content":{"rendered":"\n<p><strong>REGULI DE ETIC\u0102 A REVISTEI \u0218TIIN\u021aIFICO-PRACTICE<\/strong> \u201e<strong>LEGEA \u0218I VIA\u021aA\u201d<\/strong><\/p>\n\n\n\n<p>1. Revista \u0219tiin\u021bifico-practic\u0103 \u201eLegea \u0219i Via\u021ba\u201d (\u00een continuare Revist\u0103) promoveaz\u0103 cele mai \u00eenalte standarde de etic\u0103 a public\u0103rii \u0219i aplic\u0103 toate m\u0103surile posibile \u00eempotriva oric\u0103ror malpraxis \u00een publicare.<\/p>\n\n\n\n<p>2. Autorii, recenzen\u021bii \u0219i editorii au responsabilitatea de a \u00eendeplini aceste standarde.<\/p>\n\n\n\n<p>3. Autorii garanteaz\u0103 c\u0103:<\/p>\n\n\n\n<ol type=\"a\"><li>manuscrisul este o lucrare proprie, original\u0103 \u0219i c\u0103 nu a fost publicat anterior \u0219i nici nu este \u00een prezent pentru publicare \u00een alt\u0103 parte;<\/li><li>sursele oric\u0103ror idei \u0219i\/sau cuvinte din manuscris care nu sunt proprii au fost atribuite \u00een mod corespunz\u0103tor prin referin\u021be bibliografice adecvate \u0219i folosind citate.<\/li><\/ol>\n\n\n\n<p>4. \u00cen caz de \u00eenc\u0103lcare a dreptului de autor sau \u00een caz de plagiat, \u00eentreaga responsabilitate revine autorului articolului.<\/p>\n\n\n\n<p>5. Colegiul de redac\u021bie al Revistei \u0219tiin\u021bifico-practice \u201eLegea \u0219i Via\u021ba\u201d nu \u00ee\u0219i asum\u0103 nici-o r\u0103spundere pentru \u00eenc\u0103lcarea de c\u0103tre autori a reglement\u0103rilor cuprinse \u00een legisla\u021bia dreptului de autor \u0219i realizarea plagiatului.<\/p>\n\n\n\n<p>6. Dac\u0103 se descoper\u0103 un caz de \u00eenc\u0103lcare a legii dreptului de autor\/plagiat, manuscrisul va fi respins sau un articol publicat va fi retras.<\/p>\n\n\n\n<p>7. Revista este scutit\u0103 de orice r\u0103spundere cu privire la opiniile autorilor cuprinse \u00een articolele publicate.<\/p>\n\n\n\n<p>8. Elaborarea manuscrisului trebuie s\u0103 \u00eendeplineasc\u0103 cerin\u021bele pentru editare. Manuscrisul trimis trebuie s\u0103 respecte cerin\u021bele de scriere disponibile pe site-ul Revistei la rubrica \u201eCondi\u021bii de publicare\u201d.<\/p>\n\n\n\n<p>9. Revista nu accept\u0103 lucr\u0103ri care au fost deja depuse par\u021bial sau integral \u00eentr-un articol publicat sau care sunt descrise \u00eentr-un alt articol trimis sau acceptat de alte publica\u021bii electronice sau tip\u0103rite. \u00cen cazul unei publica\u021bii redundante, manuscrisul va fi respins sau un articol publicat va fi retras.<\/p>\n\n\n\n<p>10. Datele teoretice \u0219i empirice trebuie s\u0103 fie reprezentate cu acurate\u021be \u00een manuscris.<\/p>\n\n\n\n<p>11. Prezentarea cu bun\u0103 \u0219tiin\u021b\u0103 a datelor false sau falsificate poate constitui un motiv de respingere sau retragere a manuscrisului articolului publicat.<\/p>\n\n\n\n<p>12. Autorii sunt responsabili pentru ob\u021binerea permisiunii scrise de a include orice imagini\/opere de art\u0103 sau documente\/texte pentru care nu de\u021bin drepturi de autor \u00een articolele lor sau pentru a adapta orice astfel de imagini\/opere de art\u0103 sau documente\/texte pentru a fi incluse \u00een articolele lor.<\/p>\n\n\n\n<p>13. De\u021bin\u0103torul drepturilor de autor trebuie s\u0103 fie con\u0219tient \u00een mod explicit c\u0103 imaginile\/opera de art\u0103 sau documentele\/textele vor fi disponibile gratuit online ca parte a articolului.<\/p>\n\n\n\n<p>14. Numele autorilor ar trebui s\u0103 fie enumerate pe articol \u00een ordinea contribu\u021biei lor la articol. To\u021bi autorii \u00ee\u0219i asum\u0103 responsabilitatea pentru propriile contribu\u021bii.<\/p>\n\n\n\n<p>15. Numai acele persoane care au adus o contribu\u021bie substan\u021bial\u0103 ar trebui inidcate ca autori. Autorul corespunz\u0103tor trebuie s\u0103 se asigure c\u0103 to\u021bi coautorii adecva\u021bi \u0219i nici un coautor nepotrivit nu sunt inclus \u00een articol \u0219i c\u0103 to\u021bi coautorii enumera\u021bi au v\u0103zut \u0219i au aprobat versiunea final\u0103 a articolului \u0219i au fost de acord cu publicarea acestuia.<\/p>\n\n\n\n<p>16. Sursele de sprijin financiar al cercet\u0103rii materializate \u00een manuscris (granturi, burse etc.) trebuie men\u021bionate \u00een lucrare \u00eentr-o not\u0103 de subsol ata\u0219at\u0103 titlului articolului.<\/p>\n\n\n\n<p>17. Autorii unui manuscris vor semna o declara\u021bie prin care \u00ee\u0219i vor da acordul ca manuscrisul acceptat pentru publicare \u00een Revista va ap\u0103rea \u00een format h\u00e2rtie \u0219i online pe pagina de internet \u0219i va fi disponibil gratuit \u0219i gratuit utilizatorului sau institu\u021biei acestuia.<\/p>\n\n\n\n<p>18. Utilizatorilor li se permite s\u0103 citeasc\u0103, s\u0103 descarce, s\u0103 copieze, s\u0103 distribuie, s\u0103 imprime, s\u0103 caute sau s\u0103 creeze un link c\u0103tre textele integrale ale articolelor din Revist\u0103 f\u0103r\u0103 a cere permisiunea prealabil\u0103 de la editor sau autor, dar cu respectarea urm\u0103toarelor condi\u021bii:<\/p>\n\n\n\n<ol type=\"a\"><li>s\u0103 men\u021bioneze numele (autorilor), titlul articolului, respectivul articol este publicat \u00een Revista \u0219tiin\u021bific\u0103 \u201eLegea \u0219i Via\u021ba\u201d \u0219i s\u0103 indice pagina\/paginile citate ale revistei;<\/li><li>s\u0103 reproduc\u0103 exact materialul atunci c\u00e2nd este citat, folosit, discutat sau multiplicat;<\/li><\/ol>\n\n\n\n<p>19. Autorii ale c\u0103ror manuscrise au fost selectate pentru publicare \u00een Revist\u0103 vor trebui s\u0103 completeze o declara\u021bie de drept de autor c\u0103 manuscrisul le apar\u021bine, c\u0103 sursele au fost citate corect, c\u0103 nu au reproduce material din surse neautorizate \u0219i c\u0103 manuscrisul nu a fost deja publicat \u00een alt\u0103 parte.<\/p>\n\n\n\n<p>20. \u00cen cazul descoperiri unor erori sau inexactit\u0103\u021bi semnificative \u00een articolele publicate \u00een Revist\u0103, autorul are obliga\u021bia de a anun\u021ba cu promptitudine editorii. \u0219i s\u0103 coopereze cu ace\u0219tia pentru a corecta articolul sau a-l retrage dup\u0103 caz.<\/p>\n\n\n\n<p>21. Manuscrisele primite spre publicare \u00een Revist\u0103 vor fi revizuite folosind \u201esistemul de evaluare inter pares dublu orb\u201d, respect\u00e2nd standardele interna\u021bionale ale revistelor \u0219tiin\u021bifice.<\/p>\n\n\n\n<p>22. Orice articol trimis spre publicare va fi evaluat de Comisia de recenzare compus\u0103 din recenzen\u021bi din baza de date a Revistei.<\/p>\n\n\n\n<p>23. Revizuirea se va face pe o baz\u0103 anonim\u0103 (numele autorului nu este comunicat evaluatorilor; numele evaluatorilor nu este comunicat autorului).<\/p>\n\n\n\n<p>24. Procedura de evaluare \u0219i recenzare a articolelor este descris\u0103 <em>Metodologia privind procedurile de recenzare a articolelor \u015ftiin\u0163ifice publicate \u00een Revista \u201eLegea \u015fi Via\u0163a\u201d <\/em>(a se vedea <a href=\"https:\/\/academy.police.md\/reviste\/procedura-de-prezentare-si-recenzare-a-articolelor-lv\">https:\/\/academy.police.md\/reviste\/procedura-de-prezentare-si-recenzare-a-articolelor-lv<\/a>).<\/p>\n\n\n\n<p>25. Recenzen\u021bii sunt obliga\u021bi s\u0103 refuze o invita\u021bie de a evalua un manuscris dac\u0103 con\u021binutul manuscrisului nu corespunde domeniului lor de expertiz\u0103 sau \u00een cazul unui conflict de interese.<\/p>\n\n\n\n<p>26. Informa\u021biile sau ideile ob\u021binute de evaluatori prin procesul de evaluare <em>inter pares<\/em> trebuie p\u0103strate confiden\u021biale \u0219i nu trebuie utilizate \u00een avantajul personal.<\/p>\n\n\n\n<p>27. Toate manuscrisele primite spre revizuire trebuie tratate ca documente confiden\u021biale \u0219i nu trebuie prezentate sau discutate cu alte persoane.<\/p>\n\n\n\n<p>28. Atunci c\u00e2nd \u00ee\u0219i desf\u0103\u0219oar\u0103 evalu\u0103rile, recenzen\u021bii sunt obliga\u021bi s\u0103 fac\u0103 acest lucru c\u00e2t mai obiectiv posibil, ab\u021bin\u00e2ndu-se de la a se angaja \u00een critici personale la adresa autorului (autorilor).<\/p>\n\n\n\n<p>29. Recenziatorii ar trebui s\u0103 atrag\u0103 aten\u021bia Comitetului de redac\u021bie asupra asem\u0103n\u0103rilor majore pe care le prezint\u0103 manuscris \u00een raport cu alte articole sau lucr\u0103ri publicate.<\/p>\n\n\n\n<p>30. \u00cen urma evalu\u0103rii, evaluatorii pot recomanda: publicarea articolului, publicarea articolului numai dac\u0103 acesta va fi modificat \u00een conformitate cu observa\u021biile f\u0103cute \u00een Fi\u0219a de evaluare; nepublicarea articolului.<\/p>\n\n\n\n<p>31. Redactorul-\u0219ef are responsabilitatea suprem\u0103 de a decide dac\u0103 un manuscris \u00eenaintat Revistei ar trebui s\u0103 fie publicat, iar \u00een acest sens este ghidat de evalu\u0103rile efectuate de recenzori \u0219tiin\u021bifici, de c\u0103tre prevederile acestor Reguli \u0219i evaluarea antiplagiat al manuscrisului.<\/p>\n\n\n\n<p>32. Recenzen\u021bii vor evalua manuscrisele pentru con\u021binutul lor intelectual, indiferent de ras\u0103, gen, credin\u021be religioase, origine etnic\u0103, cet\u0103\u021benie sau filozofie politic\u0103 a autorului (autorilor).<\/p>\n","protected":false},"excerpt":{"rendered":"<p>REGULI DE ETIC\u0102 A REVISTEI \u0218TIIN\u021aIFICO-PRACTICE \u201eLEGEA \u0218I VIA\u021aA\u201d 1. Revista \u0219tiin\u021bifico-practic\u0103 \u201eLegea \u0219i Via\u021ba\u201d (\u00een continuare Revist\u0103) promoveaz\u0103 cele mai \u00eenalte standarde de etic\u0103 a public\u0103rii \u0219i aplic\u0103 toate [&hellip;]<\/p>\n","protected":false},"author":8,"featured_media":0,"parent":1471,"menu_order":0,"comment_status":"closed","ping_status":"closed","template":"","meta":[],"translation":{"provider":"WPGlobus","version":"2.12.2","language":"gb","enabled_languages":["ro","gb"],"languages":{"ro":{"title":true,"content":true,"excerpt":false},"gb":{"title":false,"content":false,"excerpt":false}}},"acf":[],"_links":{"self":[{"href":"https:\/\/academy.police.md\/gb\/wp-json\/wp\/v2\/pages\/17992"}],"collection":[{"href":"https:\/\/academy.police.md\/gb\/wp-json\/wp\/v2\/pages"}],"about":[{"href":"https:\/\/academy.police.md\/gb\/wp-json\/wp\/v2\/types\/page"}],"author":[{"embeddable":true,"href":"https:\/\/academy.police.md\/gb\/wp-json\/wp\/v2\/users\/8"}],"replies":[{"embeddable":true,"href":"https:\/\/academy.police.md\/gb\/wp-json\/wp\/v2\/comments?post=17992"}],"version-history":[{"count":2,"href":"https:\/\/academy.police.md\/gb\/wp-json\/wp\/v2\/pages\/17992\/revisions"}],"predecessor-version":[{"id":19140,"href":"https:\/\/academy.police.md\/gb\/wp-json\/wp\/v2\/pages\/17992\/revisions\/19140"}],"up":[{"embeddable":true,"href":"https:\/\/academy.police.md\/gb\/wp-json\/wp\/v2\/pages\/1471"}],"wp:attachment":[{"href":"https:\/\/academy.police.md\/gb\/wp-json\/wp\/v2\/media?parent=17992"}],"curies":[{"name":"wp","href":"https:\/\/api.w.org\/{rel}","templated":true}]}}