{"id":17883,"date":"2024-03-11T16:52:47","date_gmt":"2024-03-11T14:52:47","guid":{"rendered":"https:\/\/academy.police.md\/?page_id=17883"},"modified":"2025-01-17T10:23:00","modified_gmt":"2025-01-17T08:23:00","slug":"teze-de-doctorat-2024","status":"publish","type":"page","link":"https:\/\/academy.police.md\/gb\/scoala-doctorala\/teze-de-doctorat-2024","title":{"rendered":"2024"},"content":{"rendered":"\n<p>Tema tezei de doctor \u00een drept: \u201e<em><em>Arestul \u00een procesul penal<\/em><\/em>\u201d.<br>Autor:\u00a0Ghennadi EPURE<br><a href=\"\/wp-content\/uploads\/2024\/11\/1Aviz_sustinere_publica_a_tezei_Ghennadi-Epure.pdf\" data-type=\"URL\" data-id=\"\/wp-content\/uploads\/2024\/11\/1Aviz_sustinere_publica_a_tezei_Ghennadi-Epure.pdf\">AVIZ sus\u0163inere public\u0103.<\/a><br><a href=\"\/wp-content\/uploads\/2024\/11\/2Teza-de-doctor.-Ghennadi-Epure.pdf\" data-type=\"URL\" data-id=\"\/wp-content\/uploads\/2024\/11\/2Teza-de-doctor.-Ghennadi-Epure.pdf\">Teza de doctor \u00een drept<\/a><br>Rezumatul tezei de doctor: <a href=\"\/wp-content\/uploads\/2024\/11\/3Rezumat-tezei-de-doctor.-Ghennadi-Epure-ro.pdf\" data-type=\"URL\" data-id=\"\/wp-content\/uploads\/2024\/11\/3Rezumat-tezei-de-doctor.-Ghennadi-Epure-ro.pdf\">RO<\/a> \/ <a href=\"\/wp-content\/uploads\/2024\/11\/4Rezumatul-tezei-de-doctor.-Ghennadi-Epure-Eng.pdf\" data-type=\"URL\" data-id=\"\/wp-content\/uploads\/2024\/11\/4Rezumatul-tezei-de-doctor.-Ghennadi-Epure-Eng.pdf\">ENG<\/a><br>Competen\u0163ele candidatului: <a href=\"\/wp-content\/uploads\/2024\/11\/5CV-EPURE-G..pdf\" data-type=\"URL\" data-id=\"\/wp-content\/uploads\/2024\/11\/5CV-EPURE-G..pdf\">CV<\/a> <br>Comisia de sus\u0163inere public\u0103: <a href=\"\/wp-content\/uploads\/2024\/11\/7Membrii-Comisiei-de-doctorat-1.pdf\" data-type=\"URL\" data-id=\"\/wp-content\/uploads\/2024\/11\/7Membrii-Comisiei-de-doctorat-1.pdf\">Membrii comisiei<\/a> \/\u00a0<a href=\"\/wp-content\/uploads\/2024\/11\/8Informatia-privind-competenta-profesionala-a-membrilor-Comisiei.pdf\" data-type=\"URL\" data-id=\"\/wp-content\/uploads\/2024\/11\/8Informatia-privind-competenta-profesionala-a-membrilor-Comisiei.pdf\">Informa\u0163ii privind competen\u0163ele membrilor comisiei\u00a0<\/a><\/p>\n\n\n\n<p><\/p>\n\n\n\n<p>Tema tezei de doctor \u00een drept: \u201e<em><em>Modalit\u0103\u021bi de \u00eencetare a procesului penal la faza urm\u0103ririi penale<\/em><\/em>\u201d.<br>Autor:&nbsp;CRE\u0162U Olesea<br><a href=\"\/wp-content\/uploads\/2024\/11\/1Aviz_sustinere_publica_a_tezei_CRETU-olesea.pdf\" data-type=\"URL\" data-id=\"\/wp-content\/uploads\/2024\/11\/1Aviz_sustinere_publica_a_tezei_CRETU-olesea.pdf\">AVIZ sus\u0163inere public\u0103.<\/a><br><a href=\"\/wp-content\/uploads\/2024\/11\/2CRETU-OLESEA-TEZA.pdf\" data-type=\"URL\" data-id=\"\/wp-content\/uploads\/2024\/11\/2CRETU-OLESEA-TEZA.pdf\">Teza de doctor \u00een drept<\/a><br>Rezumatul tezei de doctor: <a href=\"\/wp-content\/uploads\/2024\/11\/3REZUMAT-CRETU-O.-RO.pdf\" data-type=\"URL\" data-id=\"\/wp-content\/uploads\/2024\/11\/3REZUMAT-CRETU-O.-RO.pdf\">RO<\/a> \/ <a href=\"\/wp-content\/uploads\/2024\/11\/4Rezumat-Cretu-tradus-ENG.pdf\" data-type=\"URL\" data-id=\"\/wp-content\/uploads\/2024\/11\/4Rezumat-Cretu-tradus-ENG.pdf\">ENG<\/a><br>Competen\u0163ele candidatului: <a href=\"\/wp-content\/uploads\/2024\/11\/5CV-CRETU-Olesea.pdf\" data-type=\"URL\" data-id=\"\/wp-content\/uploads\/2024\/11\/5CV-CRETU-Olesea.pdf\">CV<\/a> \/ <a href=\"\/wp-content\/uploads\/2024\/11\/6Lista-lucrarilor-stiintifice-la-tema-tezei-de-doctor-cu-genericul.pdf\" data-type=\"URL\" data-id=\"\/wp-content\/uploads\/2024\/11\/6Lista-lucrarilor-stiintifice-la-tema-tezei-de-doctor-cu-genericul.pdf\">Lista publica\u0163iilor la tema tezei.<\/a><br>Comisia de sus\u0163inere public\u0103: <a href=\"\/wp-content\/uploads\/2024\/11\/7Membrii-Comisiei-de-doctorat.pdf\" data-type=\"URL\" data-id=\"\/wp-content\/uploads\/2024\/11\/7Membrii-Comisiei-de-doctorat.pdf\">Membrii comisiei<\/a> \/&nbsp;<a href=\"\/wp-content\/uploads\/2024\/11\/8Informatia-privind-competenta-profesionala-a-membrilor-2-1-1.pdf\" data-type=\"URL\" data-id=\"\/wp-content\/uploads\/2024\/11\/8Informatia-privind-competenta-profesionala-a-membrilor-2-1-1.pdf\">Informa\u0163ii privind competen\u0163ele membrilor comisiei&nbsp;<\/a><\/p>\n\n\n\n<p><\/p>\n\n\n\n<p>Tema tezei de doctor \u00een drept: \u201e<em><em><em>R\u0103spunderea penal\u0103 pentru dezertare<\/em><\/em><\/em>\u201d.<br>Autor:&nbsp;GORDIL\u0102 Dianu, doctorand al \u015ecolii doctorale &#8220;\u015etiin\u0163e penale \u015fi drept public&#8221;<br><a rel=\"noreferrer noopener\" href=\"\/wp-content\/uploads\/2024\/08\/Aviz_sustinere_publica_a_tezei_Gordila-Dianu.pdf\" data-type=\"URL\" data-id=\"\/wp-content\/uploads\/2024\/08\/Aviz_sustinere_publica_a_tezei_Gordila-Dianu.pdf\" target=\"_blank\">AVIZ sus\u0163inere public\u0103<\/a>.<br><a rel=\"noreferrer noopener\" href=\"\/wp-content\/uploads\/2024\/08\/Teza-de-doctor-Gordila-Dianu.pdf\" data-type=\"URL\" data-id=\"\/wp-content\/uploads\/2024\/08\/Teza-de-doctor-Gordila-Dianu.pdf\" target=\"_blank\">Teza de doctor \u00een drept<\/a><br>Rezumatul tezei de doctor: <a rel=\"noreferrer noopener\" href=\"\/wp-content\/uploads\/2024\/08\/Rezumat_teza_doctor-Gordila-D._RO.pdf\" data-type=\"URL\" data-id=\"\/wp-content\/uploads\/2024\/08\/Rezumat_teza_doctor-Gordila-D._RO.pdf\" target=\"_blank\">RO<\/a> \/ <a rel=\"noreferrer noopener\" href=\"\/wp-content\/uploads\/2024\/08\/Rezumat_teza_doctor-Gordila-D.-_ENG.pdf\" data-type=\"URL\" data-id=\"\/wp-content\/uploads\/2024\/08\/Rezumat_teza_doctor-Gordila-D.-_ENG.pdf\" target=\"_blank\">ENG<\/a><br>Competen\u0163ele candidatului: <a rel=\"noreferrer noopener\" href=\"\/wp-content\/uploads\/2024\/08\/CV-Gordila-Dianu.pdf\" data-type=\"URL\" data-id=\"\/wp-content\/uploads\/2024\/08\/CV-Gordila-Dianu.pdf\" target=\"_blank\">CV<\/a> \/ <a rel=\"noreferrer noopener\" href=\"\/wp-content\/uploads\/2024\/08\/Lista-publicatiilor-Gordila-Dianu.pdf\" data-type=\"URL\" data-id=\"\/wp-content\/uploads\/2024\/08\/Lista-publicatiilor-Gordila-Dianu.pdf\" target=\"_blank\">Lista publica\u0163iilor la tema tezei.<\/a><br>Comisia de sus\u0163inere public\u0103: <a href=\"\/wp-content\/uploads\/2024\/08\/Membrii-Comisiei-de-doctorat-Gordila-Dianu.pdf\" data-type=\"URL\" data-id=\"\/wp-content\/uploads\/2024\/08\/Membrii-Comisiei-de-doctorat-Gordila-Dianu.pdf\">Membrii comisiei<\/a> \/&nbsp;<a rel=\"noreferrer noopener\" href=\"\/wp-content\/uploads\/2024\/08\/Informatia-privind-competenta-profesionala-a-membrilor.pdf\" target=\"_blank\" data-type=\"URL\" data-id=\"\/wp-content\/uploads\/2024\/08\/Informatia-privind-competenta-profesionala-a-membrilor.pdf\">Informa\u0163ii privind competen\u0163ele membrilor comisiei<\/a>&nbsp;<\/p>\n\n\n\n<p><\/p>\n\n\n\n<p>Tema tezei de doctor habilitat \u00een drept: \u201e<em><em>Abord\u0103ri conceptuale privind activitatea special\u0103 de investiga\u0163ii \u00een condi\u0163iile statului de drept<\/em><\/em>\u201d.<br>Autor:&nbsp;GLAVAN Boris, dr. \u00een drept, conf. univ.<br><a href=\"\/wp-content\/uploads\/2024\/06\/Aviz-sustinere-publica-a-tezei-DH-GLAVAN-B..pdf\">AVIZ sus\u0163inere public\u0103<\/a>.<br><a href=\"\/wp-content\/uploads\/2024\/06\/Teza-de-doctor-habilitat.pdf\">Teza de doctor habilitat<\/a><br>Rezumatul tezei: <a href=\"\/wp-content\/uploads\/2024\/06\/Rezumat_RO.pdf\">RO<\/a> \/ <a href=\"\/wp-content\/uploads\/2024\/06\/Rezumat_ENG.pdf\">ENG<\/a><br>Competen\u0163ele candidatului: <a href=\"\/wp-content\/uploads\/2024\/06\/CV-Europass.pdf\">CV<\/a><br>Comisia de sus\u0163inere public\u0103:&nbsp;<a href=\"\/wp-content\/uploads\/2024\/06\/Informatiile-privind-membrii-comisiei.pdf\">Membrii comisiei<\/a><\/p>\n\n\n\n<p>Tema tezei de doctor: \u201e<em>Instrumente juridico-financiare de protec\u021bie a mediului \u00een cadrul activit\u0103\u021bii economice<\/em>\u201d.<br>Autor:&nbsp;\u021aERU\u0218 Ivan<br><a href=\"\/wp-content\/uploads\/2024\/04\/AVIZ-sustinere-publica-T\u0326ERUS-I..pdf\" data-type=\"URL\" data-id=\"\/wp-content\/uploads\/2024\/04\/AVIZ-sustinere-publica-T\u0326ERUS-I..pdf\">AVIZ sus\u0163inere public\u0103<\/a>.<br><a href=\"\/wp-content\/uploads\/2024\/03\/Teza-de-doctor-Terus-i..pdf\" data-type=\"URL\" data-id=\"\/wp-content\/uploads\/2024\/03\/Teza-de-doctor-Terus-i..pdf\">Teza de doctor<\/a><br>Rezumatul tezei: <a href=\"\/wp-content\/uploads\/2024\/03\/Rezumatul-tezei-TERUS-I..pdf\" data-type=\"URL\" data-id=\"\/wp-content\/uploads\/2024\/03\/Rezumatul-tezei-TERUS-I..pdf\">RO<\/a> \/ <a href=\"\/wp-content\/uploads\/2024\/03\/Rezumatul-tezei-in-Engleza-TERUS-I..pdf\" data-type=\"URL\" data-id=\"\/wp-content\/uploads\/2024\/03\/Rezumatul-tezei-in-Engleza-TERUS-I..pdf\">ENG<\/a><br>Competen\u0163ele candidatului: <a href=\"\/wp-content\/uploads\/2024\/03\/CV-TERUS-I..pdf\" data-type=\"URL\" data-id=\"\/wp-content\/uploads\/2024\/03\/CV-TERUS-I..pdf\">CV<\/a> <br>Comisia de doctorat:&nbsp;<a href=\"\/wp-content\/uploads\/2024\/03\/Membrii-Comisiei-de-doctorat-TERUS-I..pdf\" data-type=\"URL\" data-id=\"\/wp-content\/uploads\/2024\/03\/Membrii-Comisiei-de-doctorat-TERUS-I..pdf\">Membrii comisiei<\/a><\/p>\n\n\n\n<p>Tema tezei de doctor: \u201e<em>R\u0103spunderea penal\u0103 pentru atragerea minorilor la activitate criminal\u0103 sau determinarea lor la s\u0103v\u00e2r\u0219irea unor fapte imorale<\/em>\u201d.<br>Autor:&nbsp;STAHURSCHI Alina<br><a href=\"\/wp-content\/uploads\/2024\/06\/Aviz_sustinere_publica_a_tezei-Stahurschi-Alina.pdf\">AVIZ sus\u0163inere public\u0103<\/a>.<br><a href=\"\/wp-content\/uploads\/2024\/06\/Stahurschi-Alina-teza.pdf\">Teza de doctor<\/a><br>Rezumatul tezei: <a href=\"\/wp-content\/uploads\/2024\/06\/Stahurschi-Alina-rezumat-RO.pdf\">RO<\/a> \/ <a href=\"\/wp-content\/uploads\/2024\/06\/Stahurschi-Alina-rezumat-EN.pdf\">ENG<\/a><br>Competen\u0163ele candidatului: <a href=\"\/wp-content\/uploads\/2024\/06\/Stahurschi-Alina-CV-Europass.pdf\">CV<\/a> \/ <a href=\"\/wp-content\/uploads\/2024\/07\/Stahurschi-Alina-Lista-publicatiilor.pdf\" data-type=\"URL\" data-id=\"\/wp-content\/uploads\/2024\/07\/Stahurschi-Alina-Lista-publicatiilor.pdf\">Lista de publica\u021bii.<\/a><br>Comisia de doctorat:&nbsp;<a href=\"\/wp-content\/uploads\/2024\/06\/Membrii-Comisiei-de-doctorat.pdf\">Membrii comisiei<\/a> \/ <a href=\"\/wp-content\/uploads\/2024\/06\/Informatia-privind-competenta-profesionala-a-membrilor.pdf\">Informa\u021bia privind competen\u021ba profesional\u0103 a membrilor<\/a><\/p>\n","protected":false},"excerpt":{"rendered":"<p>Tema tezei de doctor \u00een drept: \u201eArestul \u00een procesul penal\u201d.Autor:\u00a0Ghennadi EPUREAVIZ sus\u0163inere public\u0103.Teza de doctor \u00een dreptRezumatul tezei de doctor: RO \/ ENGCompeten\u0163ele candidatului: CV Comisia de sus\u0163inere public\u0103: Membrii [&hellip;]<\/p>\n","protected":false},"author":8,"featured_media":0,"parent":119,"menu_order":0,"comment_status":"closed","ping_status":"closed","template":"","meta":[],"translation":{"provider":"WPGlobus","version":"2.12.2","language":"gb","enabled_languages":["ro","gb"],"languages":{"ro":{"title":true,"content":true,"excerpt":false},"gb":{"title":false,"content":false,"excerpt":false}}},"acf":[],"_links":{"self":[{"href":"https:\/\/academy.police.md\/gb\/wp-json\/wp\/v2\/pages\/17883"}],"collection":[{"href":"https:\/\/academy.police.md\/gb\/wp-json\/wp\/v2\/pages"}],"about":[{"href":"https:\/\/academy.police.md\/gb\/wp-json\/wp\/v2\/types\/page"}],"author":[{"embeddable":true,"href":"https:\/\/academy.police.md\/gb\/wp-json\/wp\/v2\/users\/8"}],"replies":[{"embeddable":true,"href":"https:\/\/academy.police.md\/gb\/wp-json\/wp\/v2\/comments?post=17883"}],"version-history":[{"count":24,"href":"https:\/\/academy.police.md\/gb\/wp-json\/wp\/v2\/pages\/17883\/revisions"}],"predecessor-version":[{"id":22678,"href":"https:\/\/academy.police.md\/gb\/wp-json\/wp\/v2\/pages\/17883\/revisions\/22678"}],"up":[{"embeddable":true,"href":"https:\/\/academy.police.md\/gb\/wp-json\/wp\/v2\/pages\/119"}],"wp:attachment":[{"href":"https:\/\/academy.police.md\/gb\/wp-json\/wp\/v2\/media?parent=17883"}],"curies":[{"name":"wp","href":"https:\/\/api.w.org\/{rel}","templated":true}]}}