{"id":15943,"date":"2023-11-17T10:34:36","date_gmt":"2023-11-17T08:34:36","guid":{"rendered":"https:\/\/academy.police.md\/?page_id=15943"},"modified":"2025-12-30T11:30:07","modified_gmt":"2025-12-30T09:30:07","slug":"serviciul-planificare-analiza-si-monitorizare","status":"publish","type":"page","link":"https:\/\/academy.police.md\/gb\/subdivizuni\/directia-management-operational\/serviciul-planificare-analiza-si-monitorizare","title":{"rendered":"Sec\u021bia planificare, analiz\u0103 \u0219i monitorizare"},"content":{"rendered":"\n<ol type=\"1\"><li>Dorian PODLISNIC, \u0219ef adjunct Direc\u021bie, \u0219ef al Sec\u021biei planificare, analiz\u0103 \u0219i monitorizare a Direc\u021biei management opera\u021bional, comisar (e-mail <a href=\"mailto:igor.soroceanu@mai.gov.md\">dorian.podlisnic@mai.gov.md<\/a>)<\/li><\/ol>\n\n\n\n<p>Serviciul planificare, analiz\u0103 \u015fi monitorizare este o unitate structural\u0103 a Direc\u0163iei management opera\u0163ional investit\u0103 cu urm\u0103toarele atribu\u0163ii:<\/p>\n\n\n\n<ol type=\"1\"><li>elaboreaz\u0103, remite \u015fi solicit\u0103 de la subdiviziunile structurale ale Academiei \u201e\u015etefan cel Mare\u201d a MAI:<\/li><\/ol>\n\n\n\n<p>a) materiale pentru \u00eentocmirea programelor de dezvoltare strategic\u0103 \u015fi planurilor de activitate ale Academiei \u201e\u015etefan cel Mare\u201d a MAI \u015fi Ministerului Afacerilor Interne;<\/p>\n\n\n\n<p>b) note informative generalizate pe compartimentele de activitate;<\/p>\n\n\n\n<p>c) materiale generalizate pentru organele ierarhic superioare despre activitatea Academiei \u201e\u015etefan cel Mare\u201d a MAI la compartimentele de baz\u0103 precum \u015fi la compartimentul ce \u0163ine de&nbsp; men\u0163inerea ordinii publice.<\/p>\n\n\n\n<ul><li>elaboreaz\u0103 \u00een comun cu subdiviziunile structurale ale&nbsp; Academiei \u201e\u015etefan cel Mare\u201d a MAI Programul de dezvoltare strategic\u0103 \u015fi planurile de activitate, precum monitorizeaz\u0103 \u015fi evalueaz\u0103 \u00eendeplinirea acestora;<\/li><li>de comun cu Sec\u0163ia documentare exercit\u0103 controlul privind rezultatele execut\u0103rii de c\u0103tre subdiviziunile structurale ale Academiei \u201e\u015etefan cel Mare\u201d a MAI a prevederilor actelor normative \u015fi legislative \u00een vigoare, \u00een special a decretelor Pre\u015fedintelui \u0163\u0103rii, hot\u0103r\u00e2rilor Parlamentului \u015fi Guvernului, cerin\u0163elor&nbsp;&nbsp; ordinelor, regulamentelor, dispozi\u0163iilor \u015fi altor acte normative, documentelor de politici cu generalizarea \u015fi raportarea rezultatelor conducerii Academiei \u201e\u015etefan cel Mare\u201d a MAI \u015fi Ministerului Afacerilor Interne dup\u0103 caz;<\/li><li>\u00eentocmirea rapoartelor de monitorizare \u015fi evaluare privind implementarea documentelor de politici la nivelul Academiei \u201e\u015etefan cel Mare\u201d a MAI, \u00een baza informa\u0163iei prezentate de subdiviziunile structurale ale Academiei \u201e\u015etefan cel Mare\u201d a MAI;<\/li><li>elaboreaz\u0103 \u00een baza documentelor de politici na\u0163ionale \u015fi sectoriale, Programul de dezvoltare educa\u0163ional\u0103 \u015fi institu\u0163ional\u0103 al Academiei \u201e\u015etefan cel Mare\u201d a MAI \u015fi Planul de ac\u0163iuni pentru implementarea acestuia;<\/li><li>elaboreaz\u0103 \u015fi prezint\u0103 conducerii Academiei \u201e\u015etefan cel Mare\u201d a MAI analize \u015fi informa\u0163ii pe subiectele de competen\u0163\u0103;<\/li><li>asigur\u0103 procedura de organizare, autoevaluare \u015fi raportare a sistemului intern managerial \u015fi emite declara\u0163ii de r\u0103spundere managerial\u0103 conform prevederilor actelor normative \u00een vigoare;<\/li><li>asigur\u0103 implementarea standardelor na\u0163ionale de control intern managerial.<\/li><\/ul>\n\n\n\n<h2><strong>Componen\u021ba \u0219i date de contact<\/strong><\/h2>\n\n\n\n<figure class=\"wp-block-table\"><table><tbody><tr><td><strong>Nr. d\/o<\/strong><\/td><td><strong>Numele, Prenumele<\/strong>       <\/td><td><strong>Func\u021bia<\/strong><\/td><td><strong>Contacte<\/strong><\/td><td><strong>e-mail<\/strong>    <\/td><\/tr><tr><td>&nbsp;<\/td><td>&nbsp;<\/td><td>&nbsp;<\/td><td>&nbsp;<\/td><td>&nbsp;<\/td><\/tr><tr><td><strong>1.<\/strong><\/td><td><strong>Daniel CEMORTAN<\/strong><\/td><td><strong>ofi\u021ber superior<\/strong><\/td><td>+37361073563<\/td><td><strong>daniel.cemortan@mai.gov.md<\/strong><\/td><\/tr><\/tbody><\/table><\/figure>\n","protected":false},"excerpt":{"rendered":"<p>Dorian PODLISNIC, \u0219ef adjunct Direc\u021bie, \u0219ef al Sec\u021biei planificare, analiz\u0103 \u0219i monitorizare a Direc\u021biei management opera\u021bional, comisar (e-mail dorian.podlisnic@mai.gov.md) Serviciul planificare, analiz\u0103 \u015fi monitorizare este o unitate structural\u0103 a Direc\u0163iei [&hellip;]<\/p>\n","protected":false},"author":10,"featured_media":0,"parent":1313,"menu_order":0,"comment_status":"closed","ping_status":"closed","template":"","meta":[],"translation":{"provider":"WPGlobus","version":"2.12.2","language":"gb","enabled_languages":["ro","gb"],"languages":{"ro":{"title":true,"content":true,"excerpt":false},"gb":{"title":false,"content":false,"excerpt":false}}},"acf":[],"_links":{"self":[{"href":"https:\/\/academy.police.md\/gb\/wp-json\/wp\/v2\/pages\/15943"}],"collection":[{"href":"https:\/\/academy.police.md\/gb\/wp-json\/wp\/v2\/pages"}],"about":[{"href":"https:\/\/academy.police.md\/gb\/wp-json\/wp\/v2\/types\/page"}],"author":[{"embeddable":true,"href":"https:\/\/academy.police.md\/gb\/wp-json\/wp\/v2\/users\/10"}],"replies":[{"embeddable":true,"href":"https:\/\/academy.police.md\/gb\/wp-json\/wp\/v2\/comments?post=15943"}],"version-history":[{"count":5,"href":"https:\/\/academy.police.md\/gb\/wp-json\/wp\/v2\/pages\/15943\/revisions"}],"predecessor-version":[{"id":29811,"href":"https:\/\/academy.police.md\/gb\/wp-json\/wp\/v2\/pages\/15943\/revisions\/29811"}],"up":[{"embeddable":true,"href":"https:\/\/academy.police.md\/gb\/wp-json\/wp\/v2\/pages\/1313"}],"wp:attachment":[{"href":"https:\/\/academy.police.md\/gb\/wp-json\/wp\/v2\/media?parent=15943"}],"curies":[{"name":"wp","href":"https:\/\/api.w.org\/{rel}","templated":true}]}}