{"id":15896,"date":"2023-11-16T10:20:14","date_gmt":"2023-11-16T08:20:14","guid":{"rendered":"https:\/\/academy.police.md\/?page_id=15896"},"modified":"2023-11-16T10:20:14","modified_gmt":"2023-11-16T08:20:14","slug":"scurt-istoric-directia-management-operational","status":"publish","type":"page","link":"https:\/\/academy.police.md\/gb\/subdivizuni\/directia-management-operational\/scurt-istoric-directia-management-operational","title":{"rendered":"Scurt istoric Direc\u0163ia management opera\u0163ional"},"content":{"rendered":"\n<p>Direc\u0163ia management opera\u0163ional este succesoare a Statului major al Academiei, care a fost instituit \u00een anul 1992, \u00een contextul statutului oferit institu\u0163iei de Mare Unitate Militar\u0103. Primul \u015fef de stat major a fost numit Chiril Livin\u0163a. Statul major \u00eengloba batalioanele, sec\u0163ia armament \u015fi poligoane \u015fi sec\u0163ia transmisiuni. La 16 decembrie 1992, \u00een conformitate cu Decretul Pre\u015fedintelui Republicii Moldova nr. 248, Academiei Na\u0163ionale de Poli\u0163ie \u201e\u015etefan cel Mare\u201d i-a fost \u00eenm\u00e2nat Drapelul de lupt\u0103. \u00cen acest context, activit\u0103\u0163ile protocolare ale ceremoniei au fost asigurate de Statul major al institu\u0163iei.<\/p>\n\n\n\n<p>Ulterior func\u0163ia de \u015fef de stat major au de\u0163inut-o \u00een ordine cronologic\u0103 Simion Carp, Andrei Ro\u015fca, Grigore Be\u015fleaga, Mihail Ciubaciuc, Anatol Balan, Igor Paiu, Viorel Prodan, Ghenadie Chiri\u0163a, Ghenadie Moraru. Activitatea Statului major din partea conducerii Academiei era patronat\u0103 de c\u0103tre prorectorul pentru preg\u0103tirea de lupt\u0103. Aceast\u0103 func\u0163ie a fost de\u0163inut\u0103 de c\u0103tre Chiril Levin\u0163a, Simion Carp, Grigore Be\u015fleaga, Mihail Ciubaciuc, Ghenadie Chiri\u0163a. Toate persoanele men\u0163ionate, \u00een prezent sunt pensionari ai Academiei \u015fi veterani ai MAI, de\u021bin\u00e2nd gradele speciale de colonel \u00een rezerv\u0103.<\/p>\n\n\n\n<p>Aplicarea conceptului de demilitarizare \u00een anul 2013 a determinat abandonarea sistemului militarizat, \u00een sensul formei de organizare \u0219i management. Acest fapt s-a r\u0103sfr\u00e2nt \u015fi asupra Statului major care a fost reorganizat \u00een Centrul management opera\u0163ional, fiind \u00eenvestit cu atribu\u0163ii \u015fi competen\u0163e mai pu\u0163in relevante ale specificului militar. Ulterior, pe parcursul modific\u0103rii structurii Academiei acesta a fost reorganizat mai \u00eent\u00e2i \u00een Departamentul management opera\u0163ional, condus de Ghenadie Ciobanu, apoi \u00een Direc\u0163ia management opera\u0163ional, a fost condus\u0103 de Valeriu \u015eargarovschi. \u00cen prezent, Direc\u021bia management opera\u021bional este condus\u0103 de c\u0103tre comisarul principal Dianu Gordil\u0103.<\/p>\n\n\n\n<p>Printre activit\u0103\u0163ile ce au \u00eenscris pagini de glorie \u00een istoria Academiei \u201e\u015etefan cel Mare\u201d a MAI men\u0163ion\u0103m urm\u0103toarele:<\/p>\n\n\n\n<p>1. \u00cen anul 1997 la propunerea Statului major al Academiei a fost instituit\u0103 Garda de Onoare a Ministerului Afacerilor Interne, constituit\u0103 din efectivul atestat al Statului major \u015fi studen\u0163ii institu\u0163iei. \u00cen perioada imediat urm\u0103toare \u015fi p\u00e2n\u0103 \u00een prezent Garda de Onoare a devenit cartea de vizit\u0103 a MAI, asigur\u00e2nd toate procedurile protocolare la nivelul ministerului: \u00eent\u00e2mpinarea delega\u0163iilor altor state; asigurarea procedurilor de comemorare a eroilor c\u0103zu\u0163i pentru Independen\u0163a \u015fi Integritatea Republicii Moldova \u00een R\u0103zboiul din 1992, precum \u015fi a celor c\u0103zu\u0163i la datorie \u00een lupta cu criminalitatea; serbarea \u0219i participarea la evenimentele solemne zilelor na\u0163ionale \u015fi profesionale (Ziua Independen\u0163ei, Ziua Drapelului de Stat al Republicii Moldova, Ziua Limbii Na\u0163ionale, Ziua Academiei \u201e\u015etefan cel Mare\u201d a MAI, Ziua Poli\u0163iei Na\u0163ionale, Ziua func\u0163ionarului public cu statut special al MAI etc.) \u015fi interna\u0163ionale (Ziua Europei, Ziua Copilului, Ziua Interna\u021bional\u0103 a Muzeelor etc.), participarea la paradele militare cu ocazia anivers\u0103rilor de la proclamarea Independen\u0163ei Republicii Moldova, etc.<\/p>\n\n\n\n<p>Un moment de glorie este de men\u021bionat faptul c\u0103, la 05.03.2012, prin Decretul Pre\u0219edintelui Republicii Moldova nr.546-VI, \u00een semn de \u00eenalt\u0103 apreciere a meritelor deosebite \u00een dezvoltarea \u00eenv\u0103\u021b\u0103m\u00e2ntului superior de specialitate \u0219i pentru contribu\u021bia substan\u021bial\u0103 la preg\u0103tirea cadrelor de \u00eenalt\u0103 calificare \u0219i la educarea tinerei genera\u021bii \u00een spiritului patriotismului \u2013 Academiei i-a fost conferit Ordinul ,,\u0218tefan cel Mare\u201d.<\/p>\n\n\n\n<p>2. \u00cen perioada de 30 de ani de la formarea Academiei \u201e\u015etefan cel Mare\u201d efectivul DMO \u015fi cel studen\u0163esc au participat la 3 parade militare desf\u0103\u015furate cu prilejul s\u0103rb\u0103toririi anivers\u0103rii a 20-a, anivers\u0103rii a 25-a \u015fi s\u0103rb\u0103toririi anivers\u0103rii a 30-a de la proclamarea Independen\u0163ei Republicii Moldova.<\/p>\n\n\n\n<p>3. Efectivul constant al institu\u021biei sub conducere Direc\u0163iei management opera\u0163ional a participat \u00een medie c\u00e2te 100 de zile anual, la ac\u0163iunile de men\u0163inere, asigurare \u015fi restabilire a ordinii publice \u00een municipiul Chi\u015fin\u0103u \u015fi \u00een alte localit\u0103\u0163i ale Republicii Moldova (serviciul de patrulare, ap\u0103rarea obiectelor de o importan\u0163\u0103 major\u0103, paza buletinelor de vot, etc.).<\/p>\n\n\n\n<p>4. Ac\u0163iuni de voluntariat asigurate prin acordarea ajutorului logistic la diverse m\u0103n\u0103stiri, biserici, gr\u0103dini\u0163e, institu\u0163ii \u015fcolare, case de copii, aziluri de b\u0103tr\u00e2ni, monumente, parcuri, etc.<\/p>\n\n\n\n<p>5. Ac\u0163iuni \u00een cadrul campaniei \u201eCunoa\u015fte\u0163i Eroii\u201d \u00een localit\u0103\u0163ile din toate municipiile \u015fi raioanele \u0163\u0103rii unde sunt \u00eenhuma\u0163i eroii c\u0103zu\u0163i \u00een R\u0103zboiul din 1992 \u015fi cei care au c\u0103zut la datorie \u00een lupta cu criminalitatea, precum \u015fi cei care nu s-au \u00eentors la ba\u015ftin\u0103 de la R\u0103zboiul din Afganistan (ac\u0163iuni cultural-educative \u00een gimnazii \u015fi licee prin desf\u0103\u015furarea orelor educative cu referire la R\u0103zboiul din 1992 \u015fi faptele eroilor din localitate, inaugurarea pl\u0103cilor comemorative \u00een memoria eroilor, acordarea ajutoarelor materiale familiilor eroilor etc.).<\/p>\n","protected":false},"excerpt":{"rendered":"<p>Direc\u0163ia management opera\u0163ional este succesoare a Statului major al Academiei, care a fost instituit \u00een anul 1992, \u00een contextul statutului oferit institu\u0163iei de Mare Unitate Militar\u0103. Primul \u015fef de stat [&hellip;]<\/p>\n","protected":false},"author":8,"featured_media":0,"parent":1313,"menu_order":0,"comment_status":"closed","ping_status":"closed","template":"","meta":[],"translation":{"provider":"WPGlobus","version":"2.12.2","language":"gb","enabled_languages":["ro","gb"],"languages":{"ro":{"title":true,"content":true,"excerpt":false},"gb":{"title":false,"content":false,"excerpt":false}}},"acf":[],"_links":{"self":[{"href":"https:\/\/academy.police.md\/gb\/wp-json\/wp\/v2\/pages\/15896"}],"collection":[{"href":"https:\/\/academy.police.md\/gb\/wp-json\/wp\/v2\/pages"}],"about":[{"href":"https:\/\/academy.police.md\/gb\/wp-json\/wp\/v2\/types\/page"}],"author":[{"embeddable":true,"href":"https:\/\/academy.police.md\/gb\/wp-json\/wp\/v2\/users\/8"}],"replies":[{"embeddable":true,"href":"https:\/\/academy.police.md\/gb\/wp-json\/wp\/v2\/comments?post=15896"}],"version-history":[{"count":1,"href":"https:\/\/academy.police.md\/gb\/wp-json\/wp\/v2\/pages\/15896\/revisions"}],"predecessor-version":[{"id":15898,"href":"https:\/\/academy.police.md\/gb\/wp-json\/wp\/v2\/pages\/15896\/revisions\/15898"}],"up":[{"embeddable":true,"href":"https:\/\/academy.police.md\/gb\/wp-json\/wp\/v2\/pages\/1313"}],"wp:attachment":[{"href":"https:\/\/academy.police.md\/gb\/wp-json\/wp\/v2\/media?parent=15896"}],"curies":[{"name":"wp","href":"https:\/\/api.w.org\/{rel}","templated":true}]}}