{"id":15890,"date":"2023-11-16T10:17:56","date_gmt":"2023-11-16T08:17:56","guid":{"rendered":"https:\/\/academy.police.md\/?page_id=15890"},"modified":"2023-11-16T10:17:57","modified_gmt":"2023-11-16T08:17:57","slug":"drepturile-directia-management-operational","status":"publish","type":"page","link":"https:\/\/academy.police.md\/gb\/subdivizuni\/directia-management-operational\/drepturile-directia-management-operational","title":{"rendered":"Drepturile Direc\u0163ia management opera\u0163ional"},"content":{"rendered":"\n<p>Direc\u0163ia management opera\u0163ional este investit\u0103 cu urm\u0103toarele drepturi:<\/p>\n\n\n\n<ol><li>s\u0103 solicite de la conduc\u0103torii subdiviziunilor structurale ale Academiei \u201e\u015etefan cel Mare\u201d a MAI materiale pentru \u00eentocmirea programelor \u015fi planurilor de activitate ale Academiei \u201e\u015etefan cel Mare\u201d a MAI \u015fi Ministerului Afacerilor Interne;<\/li><li>s\u0103 solicite de la conduc\u0103torii subdiviziunilor structurale ale Academiei \u201e\u015etefan cel Mare\u201d a MAI materiale generalizate pentru organele ierarhic superioare despre activitatea Academiei \u201e\u015etefan cel Mare\u201d a MAI la compartimentele de baz\u0103, c\u00e2t \u015fi la compartimentul cu referire la combaterea criminalit\u0103\u0163ii \u015fi men\u0163inerii ordinii publice;<\/li><li>s\u0103 solicite de la angaja\u0163ii \u015fi studen\u0163ii Academiei \u201e\u015etefan cel Mare\u201d a MAI respectarea disciplinei de serviciu;<\/li><li>s\u0103 solicite de la \u015fefii subdiviziunilor structurale ale Academiei \u201e\u015etefan cel Mare\u201d a MAI for\u0163e pentru antrenarea \u00een activit\u0103\u0163ile de men\u0163inere \u015fi asigurare a ordinii publice, precum \u015fi la alte activit\u0103\u0163i organizate la indica\u0163ia conducerii MAI \u015fi a Academiei \u201e\u015etefan cel Mare\u201d a MAI;<\/li><li>s\u0103 \u00eenainteze conducerii Academiei \u201e\u015etefan cel Mare\u201d a MAI\/conducerii MAI propuneri pentru perfec\u021bionarea cadrului normativ \u00een domeniile de competen\u021b\u0103;<\/li><li>s\u0103 participe la elaborarea \u015fi avizarea proiectelor de acte normative \u0219i documente de politici \u00een domeniile de competen\u021b\u0103;<\/li><li>s\u0103 posede, s\u0103 utilizeze \u0219i s\u0103 administreze patrimoniul ce i-a fost atribuit;<\/li><li>s\u0103 prelucreze date cu caracter personal, \u00een condi\u0163iile legii, etc.<\/li><\/ol>\n","protected":false},"excerpt":{"rendered":"<p>Direc\u0163ia management opera\u0163ional este investit\u0103 cu urm\u0103toarele drepturi: s\u0103 solicite de la conduc\u0103torii subdiviziunilor structurale ale Academiei \u201e\u015etefan cel Mare\u201d a MAI materiale pentru \u00eentocmirea programelor \u015fi planurilor de activitate [&hellip;]<\/p>\n","protected":false},"author":8,"featured_media":0,"parent":1313,"menu_order":0,"comment_status":"closed","ping_status":"closed","template":"","meta":[],"translation":{"provider":"WPGlobus","version":"2.12.2","language":"gb","enabled_languages":["ro","gb"],"languages":{"ro":{"title":true,"content":true,"excerpt":false},"gb":{"title":false,"content":false,"excerpt":false}}},"acf":[],"_links":{"self":[{"href":"https:\/\/academy.police.md\/gb\/wp-json\/wp\/v2\/pages\/15890"}],"collection":[{"href":"https:\/\/academy.police.md\/gb\/wp-json\/wp\/v2\/pages"}],"about":[{"href":"https:\/\/academy.police.md\/gb\/wp-json\/wp\/v2\/types\/page"}],"author":[{"embeddable":true,"href":"https:\/\/academy.police.md\/gb\/wp-json\/wp\/v2\/users\/8"}],"replies":[{"embeddable":true,"href":"https:\/\/academy.police.md\/gb\/wp-json\/wp\/v2\/comments?post=15890"}],"version-history":[{"count":1,"href":"https:\/\/academy.police.md\/gb\/wp-json\/wp\/v2\/pages\/15890\/revisions"}],"predecessor-version":[{"id":15891,"href":"https:\/\/academy.police.md\/gb\/wp-json\/wp\/v2\/pages\/15890\/revisions\/15891"}],"up":[{"embeddable":true,"href":"https:\/\/academy.police.md\/gb\/wp-json\/wp\/v2\/pages\/1313"}],"wp:attachment":[{"href":"https:\/\/academy.police.md\/gb\/wp-json\/wp\/v2\/media?parent=15890"}],"curies":[{"name":"wp","href":"https:\/\/api.w.org\/{rel}","templated":true}]}}