{"id":15879,"date":"2023-11-16T10:12:53","date_gmt":"2023-11-16T08:12:53","guid":{"rendered":"https:\/\/academy.police.md\/?page_id=15879"},"modified":"2025-02-17T16:23:20","modified_gmt":"2025-02-17T14:23:20","slug":"structura-organizatorica-a-directiei-management-operational","status":"publish","type":"page","link":"https:\/\/academy.police.md\/gb\/subdivizuni\/directia-management-operational\/structura-organizatorica-a-directiei-management-operational","title":{"rendered":"Structura organizatoric\u0103 a Direc\u021biei management opera\u0163ional"},"content":{"rendered":"\n<ul><li><a rel=\"noreferrer noopener\" href=\"https:\/\/academy.police.md\/subdivizuni\/directia-management-operational\/serviciul-planificare-analiza-si-monitorizare\" data-type=\"URL\" data-id=\"https:\/\/academy.police.md\/subdivizuni\/directia-management-operational\/serviciul-planificare-analiza-si-monitorizare\" target=\"_blank\"><strong>Sec\u021bia planificare, analiz\u0103 \u0219i monitorizare<\/strong><\/a><br><\/li><\/ul>\n\n\n\n<ul><li><strong><a href=\"https:\/\/academy.police.md\/subdivizuni\/directia-management-operational\/sectia-de-garda-si-regim\" data-type=\"URL\" data-id=\"https:\/\/academy.police.md\/subdivizuni\/directia-management-operational\/sectia-de-garda-si-regim\" target=\"_blank\" rel=\"noreferrer noopener\">Sec\u0163ia de gard\u0103 \u015fi regim<\/a><\/strong><br><\/li><\/ul>\n\n\n\n<ul><li><strong><a href=\"https:\/\/academy.police.md\/subdivizuni\/directia-management-operational\/sectia-armament-si-mijloace-speciale\" data-type=\"URL\" data-id=\"https:\/\/academy.police.md\/subdivizuni\/directia-management-operational\/sectia-armament-si-mijloace-speciale\" target=\"_blank\" rel=\"noreferrer noopener\">Sec\u0163ia armament \u015fi mijloace speciale<\/a><\/strong><br><\/li><\/ul>\n\n\n\n<ul><li><strong><a rel=\"noreferrer noopener\" href=\"https:\/\/academy.police.md\/subdivizuni\/directia-management-operational\/comandamentul-studenti-cu-statut-special\" data-type=\"URL\" data-id=\"https:\/\/academy.police.md\/subdivizuni\/directia-management-operational\/comandamentul-studenti-cu-statut-special\" target=\"_blank\">Comandamentul studen\u021bi cu statut special<\/a><\/strong><br><\/li><\/ul>\n\n\n\n<ul><li><strong><a href=\"https:\/\/www.academy.police.md\/sectia-de-garda-si-regim-ungheni\">Sec\u021bia de gard\u0103 \u0219i regim Ungheni<\/a><\/strong><\/li><\/ul>\n","protected":false},"excerpt":{"rendered":"<p>Sec\u021bia planificare, analiz\u0103 \u0219i monitorizare Sec\u0163ia de gard\u0103 \u015fi regim Sec\u0163ia armament \u015fi mijloace speciale Comandamentul studen\u021bi cu statut special Sec\u021bia de gard\u0103 \u0219i regim Ungheni<\/p>\n","protected":false},"author":8,"featured_media":0,"parent":1313,"menu_order":0,"comment_status":"closed","ping_status":"closed","template":"","meta":[],"translation":{"provider":"WPGlobus","version":"2.12.2","language":"gb","enabled_languages":["ro","gb"],"languages":{"ro":{"title":true,"content":true,"excerpt":false},"gb":{"title":false,"content":false,"excerpt":false}}},"acf":[],"_links":{"self":[{"href":"https:\/\/academy.police.md\/gb\/wp-json\/wp\/v2\/pages\/15879"}],"collection":[{"href":"https:\/\/academy.police.md\/gb\/wp-json\/wp\/v2\/pages"}],"about":[{"href":"https:\/\/academy.police.md\/gb\/wp-json\/wp\/v2\/types\/page"}],"author":[{"embeddable":true,"href":"https:\/\/academy.police.md\/gb\/wp-json\/wp\/v2\/users\/8"}],"replies":[{"embeddable":true,"href":"https:\/\/academy.police.md\/gb\/wp-json\/wp\/v2\/comments?post=15879"}],"version-history":[{"count":10,"href":"https:\/\/academy.police.md\/gb\/wp-json\/wp\/v2\/pages\/15879\/revisions"}],"predecessor-version":[{"id":23129,"href":"https:\/\/academy.police.md\/gb\/wp-json\/wp\/v2\/pages\/15879\/revisions\/23129"}],"up":[{"embeddable":true,"href":"https:\/\/academy.police.md\/gb\/wp-json\/wp\/v2\/pages\/1313"}],"wp:attachment":[{"href":"https:\/\/academy.police.md\/gb\/wp-json\/wp\/v2\/media?parent=15879"}],"curies":[{"name":"wp","href":"https:\/\/api.w.org\/{rel}","templated":true}]}}