{"id":1464,"date":"2021-03-17T11:25:08","date_gmt":"2021-03-17T11:25:08","guid":{"rendered":"http:\/\/wp-academie.azurewebsites.net\/?page_id=1464"},"modified":"2026-02-19T10:41:43","modified_gmt":"2026-02-19T08:41:43","slug":"publicatii","status":"publish","type":"page","link":"https:\/\/academy.police.md\/gb\/reviste\/anale-stiintifice\/publicatii","title":{"rendered":"Publica\u0163ii"},"content":{"rendered":"\n<table border=\"0\" width=\"100%\">\n  <tbody><tr>\n    <td><div style=\"text-align: center;\"><a target=\"_blank\" href=\"https:\/\/academy.police.md\/assets\/files\/revista\/anale_st_nr_1_2015.pdf\" rel=\"noopener\"><img src=\"https:\/\/academy.police.md\/assets\/images\/pict\/coperta_revista.jpg\" alt=\"\" width=\"120\"><br> Anale \u015ftiin\u0163ifice<br> ed.1 2015 <br><\/a><a href=\"https:\/\/creativecommons.org\/licenses\/by\/4.0\/\"><img src=\"\/wp-content\/uploads\/2023\/07\/88x31.png\" alt=\"license\"><\/a> <br> <br> <\/div> <\/td>\n\t<td><div style=\"text-align: center;\"><a target=\"_blank\" href=\"https:\/\/academy.police.md\/assets\/files\/revista\/anale_st_nr_2_2015.pdf\" rel=\"noopener\"><img src=\"https:\/\/academy.police.md\/assets\/images\/pict\/coperta_revista.jpg\" alt=\"\" width=\"120\"><br> Anale \u015ftiin\u0163ifice <br> ed.2 2015 <br><\/a><a href=\"https:\/\/creativecommons.org\/licenses\/by\/4.0\/\"><img src=\"\/wp-content\/uploads\/2023\/07\/88x31.png\" alt=\"license\"><\/a> <br> <br>  <\/div><\/td>\n\t<td><div style=\"text-align: center;\"><a target=\"_blank\" href=\"https:\/\/academy.police.md\/assets\/files\/revista\/anale_st_nr_3_2016.pdf\" rel=\"noopener\"><img src=\"https:\/\/academy.police.md\/assets\/images\/pict\/coperta_revista.jpg\" alt=\"\" width=\"120\"><br> Anale \u015ftiin\u0163ifice <br> ed.3 2016 <br><\/a><a href=\"https:\/\/creativecommons.org\/licenses\/by\/4.0\/\"><img src=\"\/wp-content\/uploads\/2023\/07\/88x31.png\" alt=\"license\"><\/a> <br> <br>  <\/div><\/td>\n\t<td><div style=\"text-align: center;\"><a target=\"_blank\" href=\"https:\/\/academy.police.md\/assets\/files\/revista\/anale_st_nr_4_2016.pdf\" rel=\"noopener\"><img src=\"https:\/\/academy.police.md\/assets\/images\/pict\/coperta_revista.jpg\" alt=\"\" width=\"120\"><br> Anale \u015ftiin\u0163ifice <br> ed.4 2016 <br><\/a><a href=\"https:\/\/creativecommons.org\/licenses\/by\/4.0\/\"><img src=\"\/wp-content\/uploads\/2023\/07\/88x31.png\" alt=\"license\"><\/a> <br> <br>  <\/div><\/td>\n  <\/tr>\n  <tr>\n    <td><div style=\"text-align: center;\"><a target=\"_blank\" href=\"https:\/\/academy.police.md\/assets\/files\/revista\/anale_st_nr_5_2017.pdf\" rel=\"noopener\"><img src=\"https:\/\/academy.police.md\/assets\/images\/pict\/coperta_revista.jpg\" alt=\"\" width=\"120\"><br> Anale \u015ftiin\u0163ifice <br> ed.5 2017 <br><\/a><a href=\"https:\/\/creativecommons.org\/licenses\/by\/4.0\/\"><img src=\"\/wp-content\/uploads\/2023\/07\/88x31.png\" alt=\"license\"><\/a> <br> <br>  <\/div><\/td>\n\t<td><div style=\"text-align: center;\"><a target=\"_blank\" href=\"https:\/\/academy.police.md\/assets\/files\/revista\/anale_st_nr_6_2017.pdf\" rel=\"noopener\"><img src=\"https:\/\/academy.police.md\/assets\/images\/pict\/coperta_revista.jpg\" alt=\"\" width=\"120\"><br> Anale \u015ftiin\u0163ifice <br> ed.6 2017 <br><\/a><a href=\"https:\/\/creativecommons.org\/licenses\/by\/4.0\/\"><img src=\"\/wp-content\/uploads\/2023\/07\/88x31.png\" alt=\"license\"><\/a> <br> <br>  <\/div><\/td>\n\t<td><div style=\"text-align: center;\"><a target=\"_blank\" href=\"https:\/\/academy.police.md\/assets\/files\/revista\/anale_st_nr_7_2018.pdf\" rel=\"noopener\"><img src=\"https:\/\/academy.police.md\/assets\/images\/pict\/coperta_revista.jpg\" alt=\"\" width=\"120\"><br> Anale \u015ftiin\u0163ifice <br> ed.7 2018 <br><\/a><a href=\"https:\/\/creativecommons.org\/licenses\/by\/4.0\/\"><img src=\"\/wp-content\/uploads\/2023\/07\/88x31.png\" alt=\"license\"><\/a> <br> <br>  <\/div><\/td>\n\t<td><div style=\"text-align: center;\"><a target=\"_blank\" href=\"https:\/\/academy.police.md\/assets\/files\/revista\/anale_st_nr_8_2018.pdf\" rel=\"noopener\"><img src=\"https:\/\/academy.police.md\/assets\/images\/pict\/coperta_revista.jpg\" alt=\"\" width=\"120\"><br> Anale \u015ftiin\u0163ifice <br> ed.8 2018 <br> <\/a><a href=\"https:\/\/creativecommons.org\/licenses\/by\/4.0\/\"><img src=\"\/wp-content\/uploads\/2023\/07\/88x31.png\" alt=\"license\"><\/a><br> <br>  <\/div><\/td>\n  <\/tr>\n  <tr>\n    <td><div style=\"text-align: center;\"><a target=\"_blank\" href=\"https:\/\/academy.police.md\/assets\/files\/revista\/anale_st_nr_9_2019.pdf\" rel=\"noopener\"><img src=\"https:\/\/academy.police.md\/assets\/images\/pict\/coperta_revista.jpg\" alt=\"\" width=\"120\"><br> Anale \u015ftiin\u0163ifice <br> ed.9 2019 <br><\/a><a href=\"https:\/\/creativecommons.org\/licenses\/by\/4.0\/\"><img src=\"\/wp-content\/uploads\/2023\/07\/88x31.png\" alt=\"license\"><\/a> <br> <br> <\/div> <\/td>\n\t<td><div style=\"text-align: center;\"><a target=\"_blank\" href=\"https:\/\/academy.police.md\/assets\/files\/revista\/anale_st_nr_10_2019.pdf\" rel=\"noopener\"><img src=\"https:\/\/academy.police.md\/assets\/images\/pict\/coperta_revista.jpg\" alt=\"\" width=\"120\"><br> Anale \u015ftiin\u0163ifice<br> ed.10 2019 <br><\/a><a href=\"https:\/\/creativecommons.org\/licenses\/by\/4.0\/\"><img src=\"\/wp-content\/uploads\/2023\/07\/88x31.png\" alt=\"license\"><\/a> <br> <br>  <\/div><\/td>\n\t<td><div style=\"text-align: center;\"><a target=\"_blank\" href=\"https:\/\/academy.police.md\/assets\/files\/revista\/anale_st_nr_11_2020.pdf\" rel=\"noopener\"><img src=\"https:\/\/academy.police.md\/assets\/images\/pict\/coperta_revista_en.jpg\" alt=\"\" width=\"120\"><br> Anale \u015ftiin\u0163ifice<br> ed.11 2020 <br><\/a><a href=\"https:\/\/creativecommons.org\/licenses\/by\/4.0\/\"><img src=\"\/wp-content\/uploads\/2023\/07\/88x31.png\" alt=\"license\"><\/a> <br> <br>  <\/div><\/td>\n\t<td><div style=\"text-align: center;\"><a target=\"_blank\" href=\"https:\/\/academy.police.md\/assets\/files\/revista\/anale_st_nr_12_2020.pdf\" rel=\"noopener\"><img src=\"https:\/\/academy.police.md\/assets\/images\/pict\/coperta_revista_en.jpg\" alt=\"\" width=\"120\"><br> Anale \u015ftiin\u0163ifice<br> ed.12 2020 <br><\/a><a href=\"https:\/\/creativecommons.org\/licenses\/by\/4.0\/\"><img src=\"\/wp-content\/uploads\/2023\/07\/88x31.png\" alt=\"license\"><\/a> <br> <br> <\/div> <\/td>\n  <\/tr>\n  <tr>\n    <td><div style=\"text-align: center;\"><a target=\"_blank\" href=\"https:\/\/academy.police.md\/assets\/files\/revista\/anale_st_nr_13_2021.pdf\" rel=\"noopener\"><img src=\"https:\/\/academy.police.md\/assets\/images\/pict\/coperta_revista.jpg\" alt=\"\" width=\"120\"><br> Anale \u015ftiin\u0163ifice <br> ed.13 2021 <br><\/a><a href=\"https:\/\/creativecommons.org\/licenses\/by\/4.0\/\"><img src=\"\/wp-content\/uploads\/2023\/07\/88x31.png\" alt=\"license\"><\/a> <br> <br>  <\/div><\/td>\n\t<td><div style=\"text-align: center;\"><a target=\"_blank\" href=\"https:\/\/academy.police.md\/assets\/files\/revista\/anale_st_nr_14_2021.pdf\" rel=\"noopener\"><img src=\"https:\/\/academy.police.md\/assets\/images\/pict\/coperta_revista.jpg\" alt=\"\" width=\"120\"><br> Anale \u015ftiin\u0163ifice<br> ed.14 2021 <br><\/a><a href=\"https:\/\/creativecommons.org\/licenses\/by\/4.0\/\"><img src=\"\/wp-content\/uploads\/2023\/07\/88x31.png\" alt=\"license\"><\/a> <br> <br> <\/div> <\/td>\n\t<td><div style=\"text-align: center;\"><a target=\"_blank\" href=\"https:\/\/academy.police.md\/wp-content\/uploads\/2022\/07\/Anale_stiint_ale_Academiei_nr_15_2022.pdf\" rel=\"noopener\"><img src=\"https:\/\/academy.police.md\/wp-content\/uploads\/2022\/07\/coperta_revista_stiintifica_2022-1.jpg\" alt=\"\" width=\"120\"><br> Anale \u015ftiin\u0163ifice<br> ed.15 2022 <br><\/a><a href=\"https:\/\/creativecommons.org\/licenses\/by\/4.0\/\"><img src=\"\/wp-content\/uploads\/2023\/07\/88x31.png\" alt=\"license\"><\/a> <br> <br> <\/div> <\/td>\n\t<td><div style=\"text-align: center;\"><a target=\"_blank\" href=\"https:\/\/academy.police.md\/wp-content\/uploads\/2023\/02\/Anale_stiint_ale_Academiei_nr_16_2022.pdf\" rel=\"noopener\"><img src=\"https:\/\/academy.police.md\/wp-content\/uploads\/2022\/07\/coperta_revista_stiintifica_2022-1.jpg\" alt=\"\" width=\"120\"><br> Anale \u015ftiin\u0163ifice<br> ed.16 2023 <br><\/a><a href=\"https:\/\/creativecommons.org\/licenses\/by\/4.0\/\"><img src=\"\/wp-content\/uploads\/2023\/07\/88x31.png\" alt=\"license\"><\/a> <br> <br> <\/div><\/td>\n  <\/tr>\n<tr>\n    <td><div style=\"text-align: center;\"><a target=\"_blank\" href=\"\/wp-content\/uploads\/2023\/09\/Anale_Stiintifice_2023_nr_17-1.pdf\" rel=\"noopener\"><img src=\"\/wp-content\/uploads\/2024\/01\/coperta_revista_stiintifica_2023.png\" alt=\"\" width=\"120\"><br> Anale \u015ftiin\u0163ifice <br> ed.17 2023 <br><\/a><a href=\"https:\/\/creativecommons.org\/licenses\/by\/4.0\/\"><img src=\"\/wp-content\/uploads\/2023\/07\/88x31.png\" alt=\"license\"><\/a> <br> <br>  <\/div><\/td>\n\t<td><div style=\"text-align: center;\"><a target=\"_blank\" href=\"\/wp-content\/uploads\/2024\/01\/revista_AS_nr_18_2023.pdf\" rel=\"noopener\"><img src=\"\/wp-content\/uploads\/2024\/01\/coperta_revista_stiintifica_2023.png\" alt=\"\" width=\"120\"><br> Anale \u015ftiin\u0163ifice <br> ed.18 2023 <br><\/a><a href=\"https:\/\/creativecommons.org\/licenses\/by\/4.0\/\"><img src=\"\/wp-content\/uploads\/2023\/07\/88x31.png\" alt=\"license\"><\/a> <br> <br>  <\/div><\/td>\n\t<td><div style=\"text-align: center;\"><a target=\"_blank\" href=\"\/wp-content\/uploads\/2024\/10\/revista_AS_nr_19_2024-1.pdf\" rel=\"noopener\"><img src=\"\/wp-content\/uploads\/2024\/01\/coperta_revista_stiintifica_2023.png\" alt=\"\" width=\"120\"><br> Anale \u015ftiin\u0163ifice <br> ed.19 2024 <br><\/a><a href=\"https:\/\/creativecommons.org\/licenses\/by\/4.0\/\"><img src=\"\/wp-content\/uploads\/2023\/07\/88x31.png\" alt=\"license\"><\/a> <br> <br>  <\/div><\/td>\n\t<td><div style=\"text-align: center;\"><a target=\"_blank\" href=\"\/wp-content\/uploads\/2025\/02\/Anale_stiint_ale_Academiei_nr_20_2024.pdf\" rel=\"noopener\"><img src=\"\/wp-content\/uploads\/2024\/01\/coperta_revista_stiintifica_2023.png\" alt=\"\" width=\"120\"><br> Anale \u015ftiin\u0163ifice <br> ed.20 2024 <br><\/a><a href=\"https:\/\/creativecommons.org\/licenses\/by\/4.0\/\"><img src=\"\/wp-content\/uploads\/2023\/07\/88x31.png\" alt=\"license\"><\/a> <br> <br>  <\/div><\/td>\n  <\/tr>\n  <tr>\n    <td><div style=\"text-align: center;\"><a target=\"_blank\" href=\"https:\/\/academy.police.md\/reviste\/anale-stiintifice\/anale-stiintifice-ed-21-2025\" rel=\"noopener\"><img src=\"\/wp-content\/uploads\/2024\/01\/coperta_revista_stiintifica_2023.png\" alt=\"\" width=\"120\"><br> Anale \u015ftiin\u0163ifice <br> ed.21 2025 <br><\/a><a href=\"https:\/\/creativecommons.org\/licenses\/by\/4.0\/\"><img src=\"\/wp-content\/uploads\/2023\/07\/88x31.png\" alt=\"license\"><\/a> <br> <br>  <\/div><\/td>\n\t\t<td><div style=\"text-align: center;\"><a target=\"_blank\" href=\"https:\/\/academy.police.md\/reviste\/anale-stiintifice\/anale-stiintifice-ed-22-2025\" rel=\"noopener\"><img src=\"\/wp-content\/uploads\/2024\/01\/coperta_revista_stiintifica_2023.png\" alt=\"\" width=\"120\"><br> Anale \u015ftiin\u0163ifice <br> ed.22 2025 <br><\/a><a href=\"https:\/\/creativecommons.org\/licenses\/by\/4.0\/\"><img src=\"\/wp-content\/uploads\/2023\/07\/88x31.png\" alt=\"license\"><\/a> <br> <br>  <\/div><\/td>\n\t<td><\/td>\n\t<td><\/td>\n  <\/tr>\n<\/tbody><\/table>\n","protected":false},"excerpt":{"rendered":"<p>Anale \u015ftiin\u0163ifice ed.1 2015 Anale \u015ftiin\u0163ifice ed.2 2015 Anale \u015ftiin\u0163ifice ed.3 2016 Anale \u015ftiin\u0163ifice ed.4 2016 Anale \u015ftiin\u0163ifice ed.5 2017 Anale \u015ftiin\u0163ifice ed.6 2017 Anale \u015ftiin\u0163ifice ed.7 2018 Anale \u015ftiin\u0163ifice [&hellip;]<\/p>\n","protected":false},"author":8,"featured_media":0,"parent":26241,"menu_order":0,"comment_status":"closed","ping_status":"closed","template":"page-revistaas.php","meta":[],"translation":{"provider":"WPGlobus","version":"2.12.2","language":"gb","enabled_languages":["ro","gb"],"languages":{"ro":{"title":true,"content":true,"excerpt":false},"gb":{"title":false,"content":false,"excerpt":false}}},"acf":[],"_links":{"self":[{"href":"https:\/\/academy.police.md\/gb\/wp-json\/wp\/v2\/pages\/1464"}],"collection":[{"href":"https:\/\/academy.police.md\/gb\/wp-json\/wp\/v2\/pages"}],"about":[{"href":"https:\/\/academy.police.md\/gb\/wp-json\/wp\/v2\/types\/page"}],"author":[{"embeddable":true,"href":"https:\/\/academy.police.md\/gb\/wp-json\/wp\/v2\/users\/8"}],"replies":[{"embeddable":true,"href":"https:\/\/academy.police.md\/gb\/wp-json\/wp\/v2\/comments?post=1464"}],"version-history":[{"count":23,"href":"https:\/\/academy.police.md\/gb\/wp-json\/wp\/v2\/pages\/1464\/revisions"}],"predecessor-version":[{"id":30630,"href":"https:\/\/academy.police.md\/gb\/wp-json\/wp\/v2\/pages\/1464\/revisions\/30630"}],"up":[{"embeddable":true,"href":"https:\/\/academy.police.md\/gb\/wp-json\/wp\/v2\/pages\/26241"}],"wp:attachment":[{"href":"https:\/\/academy.police.md\/gb\/wp-json\/wp\/v2\/media?parent=1464"}],"curies":[{"name":"wp","href":"https:\/\/api.w.org\/{rel}","templated":true}]}}