{"id":1412,"date":"2020-12-17T21:21:11","date_gmt":"2020-12-17T21:21:11","guid":{"rendered":"http:\/\/wp-academie.azurewebsites.net\/?page_id=1412"},"modified":"2021-06-29T14:50:52","modified_gmt":"2021-06-29T11:50:52","slug":"departamentul-informational-biblioteconomic","status":"publish","type":"page","link":"https:\/\/academy.police.md\/gb\/departamentul-informational-biblioteconomic","title":{"rendered":"Departamentul informa\u0163ional biblioteconomic"},"content":{"rendered":"\n<p><strong>Conducerea:<\/strong><\/p>\n\n\n\n<p><strong>Elena Carp \u2013 \u0219ef departament.<\/strong><strong><\/strong><\/p>\n\n\n\n<p><strong>Scurt istoric<\/strong><\/p>\n\n\n\n<p><strong>1990<\/strong><\/p>\n\n\n\n<p>A fost fondat\u0103 Biblioteca General\u0103 a Academiei ,,\u0218tefan cel Mare,\u201d a MAI, odat\u0103 cu \u00eentemeierea Academiei Na\u0163ionale de Poli\u0163ie.<\/p>\n\n\n\n<p><strong>2012<\/strong><\/p>\n\n\n\n<p>Prin Hot\u0103r\u00e2rea Senatului Nr. 5 din 16.05.2012, Biblioteca academiei a fost re-denumit\u0103 \u00een Biblioteca General\u0103 \u201eTudor Ro\u015fca\u201d \u00een numele primului rector, care a stat la baza fond\u0103rii institu\u021biei.<\/p>\n\n\n\n<p><strong>2019<\/strong><\/p>\n\n\n\n<p>Biblioteca General\u0103 \u201eTudor Ro\u0219ca\u201d prime\u0219te statutul de Centru Informare \u0219i Biblioteconomie al Academiei ,,\u0218tefan cel Mare\u201d a MAI.<\/p>\n\n\n\n<p><strong>2020<\/strong><\/p>\n\n\n\n<p>Departamentul Informa\u021bional Biblioteconomic a fost instituit prin Ordinul MAI nr. 651 din 11 octombrie 2019 cu privire la aprobarea structurii statului de organizare \u015fi organigramei Academiei \u201e\u015etefan cel Mare\u201d a MAI.<\/p>\n\n\n\n<p>Departamentul este parte integrant\u0103 a Academiei ,,\u0218tefan cel Mare\u201d a MAI, care particip\u0103 activ la procesul de instruire, formare \u0219i educare, precum \u015fi la activitatea de cercetare, deservind prioritar studen\u0163ii, cadrele didactice \u015fi cercet\u0103torii din mediul academic.<\/p>\n\n\n\n<p><strong>Misiunea:<\/strong><\/p>\n\n\n\n<p>Departamentul informa\u0163ional biblioteconomic const\u0103 \u00een realizarea func\u0163iilor informa\u0163ional\u0103 \u015fi educativ\u0103, prin actualizarea continu\u0103 \u0219i dezvoltarea unei baze info-documentare, destinate sus\u0163inerii programelor de \u00eenv\u0103\u0163\u0103m\u00e2nt \u0219i de cercetare, ce se desf\u0103\u0219oar\u0103 \u00een cadrul Academiei ,,\u0218tefan cel Mare\u201d a MAI.<\/p>\n\n\n\n<p>Colec\u021biile bibliotecii au sporit an de an, urm\u00e2nd procesul de dezvoltare al Academiei ,,\u0218tefan cel Mare\u201d. Biblioteca a organizat \u0219i a dezvoltat fondul documentar, \u00eembog\u0103\u021bindu-l cu publica\u021bii provenite prin achizi\u021bie, schimb de publica\u021bii, dona\u021bii de la oameni de cultur\u0103 \u0219i institu\u021bii. Ast\u0103zi, colec\u021bia Departamentului informa\u021bional biblioteconomic cuprinde o mare varietate de lucr\u0103ri \u0219i publica\u021bii din diferite ramuri ale dreptului, \u0219tiin\u021belor sociale, istoriei \u0219i din alte domenii \u00een conformitate cu cerin\u021bele informa\u021bionale ale utilizatorilor \u0219i corespunz\u0103tor activita\u021bii de cercetare \u0219tiin\u021bific\u0103, desf\u0103\u0219urat\u0103 \u00een cadrul institu\u021biei. La oferta informa\u021bional\u0103, pe l\u00e2ng\u0103 publica\u021biile \u00een format tradi\u021bional pe care biblioteca le pune la dispozi\u021bia cititorilor pentru studiu, comunitatea academic\u0103 beneficiaz\u0103 de acces electronic la literatura \u0219tiin\u021bific\u0103 \u0219i cercetare interna\u021bional\u0103. Prin Proiectul \u201eModernizarea serviciilor bibliotecilor universitare din Moldova\u201d, este asigurat accesul la un \u0219ir de baze de date \u0219tiin\u021bifice interna\u021bionale.<\/p>\n","protected":false},"excerpt":{"rendered":"<p>Conducerea: Elena Carp \u2013 \u0219ef departament. Scurt istoric 1990 A fost fondat\u0103 Biblioteca General\u0103 a Academiei ,,\u0218tefan cel Mare,\u201d a MAI, odat\u0103 cu \u00eentemeierea Academiei Na\u0163ionale de Poli\u0163ie. 2012 Prin [&hellip;]<\/p>\n","protected":false},"author":8,"featured_media":0,"parent":0,"menu_order":0,"comment_status":"closed","ping_status":"closed","template":"","meta":[],"translation":{"provider":"WPGlobus","version":"2.12.2","language":"gb","enabled_languages":["ro","gb"],"languages":{"ro":{"title":true,"content":true,"excerpt":false},"gb":{"title":false,"content":false,"excerpt":false}}},"acf":[],"_links":{"self":[{"href":"https:\/\/academy.police.md\/gb\/wp-json\/wp\/v2\/pages\/1412"}],"collection":[{"href":"https:\/\/academy.police.md\/gb\/wp-json\/wp\/v2\/pages"}],"about":[{"href":"https:\/\/academy.police.md\/gb\/wp-json\/wp\/v2\/types\/page"}],"author":[{"embeddable":true,"href":"https:\/\/academy.police.md\/gb\/wp-json\/wp\/v2\/users\/8"}],"replies":[{"embeddable":true,"href":"https:\/\/academy.police.md\/gb\/wp-json\/wp\/v2\/comments?post=1412"}],"version-history":[{"count":5,"href":"https:\/\/academy.police.md\/gb\/wp-json\/wp\/v2\/pages\/1412\/revisions"}],"predecessor-version":[{"id":3929,"href":"https:\/\/academy.police.md\/gb\/wp-json\/wp\/v2\/pages\/1412\/revisions\/3929"}],"wp:attachment":[{"href":"https:\/\/academy.police.md\/gb\/wp-json\/wp\/v2\/media?parent=1412"}],"curies":[{"name":"wp","href":"https:\/\/api.w.org\/{rel}","templated":true}]}}