{"id":1407,"date":"2020-12-17T20:03:07","date_gmt":"2020-12-17T20:03:07","guid":{"rendered":"http:\/\/wp-academie.azurewebsites.net\/?page_id=1407"},"modified":"2026-03-18T08:14:46","modified_gmt":"2026-03-18T06:14:46","slug":"departamentul-formare-initiala-ofiteri","status":"publish","type":"page","link":"https:\/\/academy.police.md\/gb\/directia-dezvoltare-profesionala\/departamentul-formare-initiala-ofiteri","title":{"rendered":"Departamentul formare ini\u021bial\u0103 ofi\u021beri"},"content":{"rendered":"\n<p><strong>Obiective \u0219i competen\u021be<\/strong><\/p>\n\n\n\n<p><strong>Formarea profesional\u0103 ini\u021bial\u0103 \u2014ofi\u021beri debutan\u0163i<\/strong><\/p>\n\n\n\n<p>Programul de formare profesional\u0103 ini\u021bial\u0103 destinat ofi\u021berilor debutan\u0163i vizeaz\u0103 urm\u0103toarele obiective fundamentale:<\/p>\n\n\n\n<ul><li>organizarea \u0219i desf\u0103\u0219urarea cursurilor de formare profesional\u0103 ini\u021bial\u0103 pentru ofi\u021berii \u00eencadra\u021bi pentru prima dat\u0103 din surs\u0103 extern\u0103 \u00eentr-o func\u021bie public\u0103 cu statut special, \u00een cadrul autorit\u0103\u021bilor administrative \u0219i al institu\u021biilor subordonate Ministerului Afacerilor Interne;<\/li><li>implementarea unui program de instruire structurat astfel \u00eenc\u00e2t s\u0103 asigure dob\u00e2ndirea competen\u021belor profesionale minime necesare exercit\u0103rii atribu\u021biilor de serviciu specifice domeniului de specialitate, \u00een conformitate cu standardele ocupa\u021bionale \u00een vigoare;<\/li><li>facilitarea integr\u0103rii profesionale a angajatului prin adaptarea la cerin\u021bele postului ocupat, ob\u021binerea calific\u0103rii profesionale corespunz\u0103toare, precum \u0219i \u00eensu\u0219irea normelor de etic\u0103 \u0219i deontologie profesional\u0103 specifice func\u021biei publice cu statut special.<\/li><\/ul>\n\n\n\n<p><strong>Durata cursurilor de formare ini\u021bial\u0103 ofi\u021beri<\/strong>&nbsp;\u2013 16 s\u0103pt\u0103m\u00eeni, dintre care:<\/p>\n\n\n\n<ul><li>11 s\u0103pt\u0103m\u00eeni-ore de curs;<\/li><li>3 s\u0103pt\u0103m\u00eeni-stagiu de practic\u0103;<\/li><li>2 s\u0103pt\u0103m\u00eeni-ore de sintez\u0103 \u0219i evaluare final\u0103.<\/li><\/ul>\n\n\n\n<p><em>Formarea ini\u021bial\u0103\/perfec\u021bionare a personalului organiza\u021biilor de paz\u0103<\/em><\/p>\n\n\n\n<ul><li>Structurarea \u0219i implementarea unui sistem coerent de formare profesional\u0103 continu\u0103, viz\u00e2nd atestarea agen\u021bilor de paz\u0103 prin intermediul programelor de calificare ini\u021bial\u0103 \u0219i al cursurilor de perfec\u021bionare periodic\u0103;<\/li><li>Elaborarea \u0219i aplicarea unui curriculum de instruire orientat spre consolidarea cuno\u0219tin\u021belor teoretice, dezvoltarea deprinderilor practice \u0219i formarea competen\u021belor profesionale necesare exercit\u0103rii activit\u0103\u021bii de paz\u0103, \u00een conformitate cu prevederile Regulamentului privind condi\u021biile de preg\u0103tire, perfec\u021bionare \u0219i atestare a personalului organiza\u021biilor particulare de paz\u0103;<\/li><\/ul>\n\n\n\n<p><strong>Durata cursurilor de calificare a agen\u021bilor de paz\u0103&nbsp;<\/strong>\u2013 6 s\u0103pt\u0103m\u00eeni, dintre care:<\/p>\n\n\n\n<ul><li>4 s\u0103pt\u0103m\u00eeni-ore de curs;<\/li><li>2 s\u0103pt\u0103m\u00eeni-stagiu de practic\u0103;<\/li><li>evaluare final\u0103.<\/li><\/ul>\n\n\n\n<p><strong>Durata cursurilor de perfec\u021bionare a agen\u021bilor de paz\u0103&nbsp;<\/strong>\u2013 3 s\u0103pt\u0103m\u00eeni dintre care:<\/p>\n\n\n\n<ul><li>2 s\u0103pt\u0103m\u00eeni-ore de curs;<\/li><li>1 s\u0103pt\u0103m\u00een\u0103-stagiu de practic\u0103;<\/li><li>evaluare final\u0103.<\/li><\/ul>\n\n\n\n<p><strong>Principiile de realizare:<\/strong><\/p>\n\n\n\n<ul><li>Asigurarea unui regim optim de activitate pentru personalul delegat \u00een programe de studii;<\/li><li>Respectarea dreptului beneficiarilor la instruire sistematic\u0103 \u0219i dezvoltare profesional\u0103 continu\u0103;<\/li><li>Promovarea valorilor profesionale fundamentale: experien\u021b\u0103 \u0219i competen\u021b\u0103 adecvate func\u021biei exercitate, capacitate de analiz\u0103 \u0219i ra\u021bionament critic, implicare activ\u0103, integritate \u0219i asumare a responsabilit\u0103\u021bii;<\/li><li>Crearea \u0219i valorificarea oportunit\u0103\u021bilor de instruire \u0219i dezvoltare profesional\u0103, cu stimularea ini\u021biativei de autoperfec\u021bionare \u0219i autoinstruire a angajatului;<\/li><li>Implementarea programelor de instruire \u00een vederea cre\u0219terii gradului de utilitate \u0219i aplicabilitate a cuno\u0219tin\u021belor dob\u00e2ndite, precum \u0219i a satisfacerii cerin\u021belor educa\u021bionale ale beneficiarilor;<\/li><li>Asigurarea unui tratament impar\u021bial, a unei abord\u0103ri corecte \u0219i echitabile pe parcursul \u00eentregului proces de instruire.<\/li><\/ul>\n\n\n\n<p><u><strong>Obiective \u015fi competen\u0163e:<\/strong><\/u><\/p>\n\n\n\n<p><em>Formarea profesional\u0103 ini\u021bial\u0103 ofi\u021beri<\/em><\/p>\n\n\n\n<ul><li>organizarea \u015fi desf\u0103\u015furarea cursurilor de formare profesional\u0103 ini\u0163ial\u0103 pentru corpul de ofi\u0163eri \u00eencadra\u021bi pentru prima dat\u0103 din surs\u0103 extern\u0103 \u00een func\u021bie public\u0103 cu statut special \u00een cadrul autorit\u0103\u021bilor administrative \u0219i institu\u021biilor din subordinea Ministerului Afacerilor Interne;<\/li><li>realizarea programului de instruire care s\u0103 asigure dob\u00eendirea competen\u021belor profesionale minime necesare pentru exercitarea atribu\u021biilor de serviciu specifice domeniului de specialitate, conform standardelor ocupa\u021bionale;<\/li><li>adaptarea angajatului la cerin\u0163ele postului, ob\u0163inerea unei calific\u0103ri profesionale, familiarizarea cu normele etice \u0219i deontologie profesional\u0103.<\/li><\/ul>\n\n\n\n<p><strong>Durata cursurilor de formare ini\u021bial\u0103 ofi\u021beri<\/strong> &#8211; 16 s\u0103pt\u0103m\u00eeni, dintre care:<\/p>\n\n\n\n<ul><li>11 s\u0103pt\u0103m\u00eeni-ore de curs;<\/li><li>3 s\u0103pt\u0103m\u00eeni-stagiu de practic\u0103;<\/li><li>2 s\u0103pt\u0103m\u00eeni-ore de sintez\u0103 \u0219i evaluare final\u0103.<\/li><li>&nbsp;<\/li><\/ul>\n\n\n\n<p><em>Formarea ini\u021bial\u0103\/perfec\u021bionare a personalului organiza\u021biilor de paz\u0103<\/em><\/p>\n\n\n\n<ul><li>organizarea procesului de formare continu\u0103 privind atestarea agen\u0163ilor de paz\u0103, (cursuri de calificare, cursuri de perfec\u0163ionare);<\/li><li>realizarea programului de instruire care s\u0103 asigure dezvoltarea cuno\u015ftin\u0163elor, deprinderilor, abilit\u0103\u0163ilor profesionale practice pentru a desf\u0103\u015fura activitatea de paz\u0103, stabilit\u0103 conform Regulamentului privind condi\u0163iile de preg\u0103tire, perfec\u0163ionare \u015fi atestare a personalului organiza\u0163iilor particulare de paz\u0103;<\/li><\/ul>\n\n\n\n<p><strong>Durata cursurilor de calificare a agen\u021bilor de paz\u0103 <\/strong>&#8211; 6 s\u0103pt\u0103m\u00eeni, dintre care:<\/p>\n\n\n\n<ul><li>4 s\u0103pt\u0103m\u00eeni-ore de curs;<\/li><li>2 s\u0103pt\u0103m\u00eeni-stagiu de practic\u0103;<\/li><li>evaluare final\u0103.<\/li><\/ul>\n\n\n\n<p><strong>Durata cursurilor de perfec\u021bionare a agen\u021bilor de paz\u0103 <\/strong>&#8211; 3 s\u0103pt\u0103m\u00eeni dintre care:<\/p>\n\n\n\n<ul><li>2 s\u0103pt\u0103m\u00eeni-ore de curs;<\/li><li>1 s\u0103pt\u0103m\u00een\u0103-stagiu de practic\u0103;<\/li><li>evaluare final\u0103.<\/li><\/ul>\n\n\n\n<p><strong>Principiile de realizare:<\/strong><\/p>\n\n\n\n<ul><li>Asigurarea regimului de activitate al angaja\u021bilor delega\u021bi la studii;<\/li><li>Respectarea dreptului beneficiarilor la instruire \u015fi dezvoltare profesional\u0103;<\/li><li>Promovarea valorilor profesionale: experien\u0163\u0103 \u015fi competen\u0163\u0103 pentru func\u0163ia de\u0163inut\u0103, g\u00eendire, ra\u0163ionament, implicare, corectitudine \u015fi responsabilitate;<\/li><li>Oferirea oportunit\u0103\u0163ilor de instruire \u015fi dezvoltare profesional\u0103, stimularea propriei dezvolt\u0103ri \u0219i autoinstruire a angajatului;<\/li><li>Implemenatrea programelor de instruire \u00een vederea sporirii gradului de utilitate, aplicabilitate \u0219i satisfacerea cerin\u0163elor educa\u0163ionale ale beneficiarului;<\/li><li>Tratarea impar\u0163ial\u0103, abordare corect\u0103 \u015fi echitabil\u0103 \u00een procesul de instruire.<\/li><\/ul>\n","protected":false},"excerpt":{"rendered":"<p>Obiective \u0219i competen\u021be Formarea profesional\u0103 ini\u021bial\u0103 \u2014ofi\u021beri debutan\u0163i Programul de formare profesional\u0103 ini\u021bial\u0103 destinat ofi\u021berilor debutan\u0163i vizeaz\u0103 urm\u0103toarele obiective fundamentale: organizarea \u0219i desf\u0103\u0219urarea cursurilor de formare profesional\u0103 ini\u021bial\u0103 pentru ofi\u021berii [&hellip;]<\/p>\n","protected":false},"author":8,"featured_media":0,"parent":123,"menu_order":0,"comment_status":"closed","ping_status":"closed","template":"","meta":[],"translation":{"provider":"WPGlobus","version":"2.12.2","language":"gb","enabled_languages":["ro","gb"],"languages":{"ro":{"title":true,"content":true,"excerpt":false},"gb":{"title":false,"content":false,"excerpt":false}}},"acf":[],"_links":{"self":[{"href":"https:\/\/academy.police.md\/gb\/wp-json\/wp\/v2\/pages\/1407"}],"collection":[{"href":"https:\/\/academy.police.md\/gb\/wp-json\/wp\/v2\/pages"}],"about":[{"href":"https:\/\/academy.police.md\/gb\/wp-json\/wp\/v2\/types\/page"}],"author":[{"embeddable":true,"href":"https:\/\/academy.police.md\/gb\/wp-json\/wp\/v2\/users\/8"}],"replies":[{"embeddable":true,"href":"https:\/\/academy.police.md\/gb\/wp-json\/wp\/v2\/comments?post=1407"}],"version-history":[{"count":4,"href":"https:\/\/academy.police.md\/gb\/wp-json\/wp\/v2\/pages\/1407\/revisions"}],"predecessor-version":[{"id":31339,"href":"https:\/\/academy.police.md\/gb\/wp-json\/wp\/v2\/pages\/1407\/revisions\/31339"}],"up":[{"embeddable":true,"href":"https:\/\/academy.police.md\/gb\/wp-json\/wp\/v2\/pages\/123"}],"wp:attachment":[{"href":"https:\/\/academy.police.md\/gb\/wp-json\/wp\/v2\/media?parent=1407"}],"curies":[{"name":"wp","href":"https:\/\/api.w.org\/{rel}","templated":true}]}}