{"id":1395,"date":"2020-12-17T19:53:23","date_gmt":"2020-12-17T19:53:23","guid":{"rendered":"http:\/\/wp-academie.azurewebsites.net\/?page_id=1395"},"modified":"2025-02-17T15:17:57","modified_gmt":"2025-02-17T13:17:57","slug":"directia-centrul-integrat-de-pregatire-pentru-aplicarea-legii","status":"publish","type":"page","link":"https:\/\/academy.police.md\/gb\/directia-centrul-integrat-de-pregatire-pentru-aplicarea-legii","title":{"rendered":"Direc\u0163ia &#8220;Centrul integrat de preg\u0103tire pentru aplicarea legii&#8221;"},"content":{"rendered":"\n<p><strong>Informa\u021bii generale<\/strong><strong><\/strong><\/p>\n\n\n\n<p>Denumirea subdiviziunii \u2013 Direc\u021bia \u201eCentrul integrat de preg\u0103tire pentru aplicarea legii\u201d a Academiei \u201e\u0218tefan cel Mare\u201d a Ministerului Afacerilor Interne (\u00een continuare \u2013 <em>Direc\u021bia CIPAL<\/em>).<\/p>\n\n\n\n<p>Adresa: str. Sf. Vineri 7, mun. Chi\u0219in\u0103u<\/p>\n\n\n\n<p>E-mail: cipal@mai.gov.md<\/p>\n\n\n\n<p><strong>Scurt\u0103 descriere a subdiviziunii<\/strong><strong><\/strong><\/p>\n\n\n\n<p>Direc\u021bia \u201eCentrul integrat de preg\u0103tire pentru aplicarea legii\u201d a Academiei \u201e\u0218tefan cel Mare\u201d a Ministerului Afacerilor Interne (\u00een continuare \u2013 <em>Direc\u021bia\u00a0CIPAL<\/em>), este subdiviziune structural\u0103 a Academiei \u201e\u0218tefan cel Mare\u201d a Ministerului Afacerilor Interne \u00een subordinea prorectorului pentru formare profesional\u0103 av\u00e2nd, totodat\u0103, autonomie \u00een privin\u021ba colabor\u0103rii \u0219i desf\u0103\u0219ur\u0103rii programelor de dezvoltare profesional\u0103 cu institu\u021bii\/ organiza\u021bii na\u021bionale\/ interna\u021bionale, \u00een baza Acordurilor de colaborare \u00eencheiate.<\/p>\n\n\n\n<p>Direc\u021bia CIPAL asigur\u0103, organizeaz\u0103 \u0219i desf\u0103\u0219oar\u0103 programe de formare ini\u021bial\u0103 \u0219i continu\u0103, de tip integrat, specializat \u015fi a altor activit\u0103\u021bi de preg\u0103tire la nivel departamental, ministerial, precum \u015fi, dup\u0103 caz, la nivel na\u021bional \u015fi interna\u021bional, \u00een beneficiul institu\u021biilor de aplicare a legii, al structurilor \u015fi al personalului Ministerului Afacerilor Interne.<\/p>\n\n\n\n<p>&nbsp;&nbsp;&nbsp;&nbsp;&nbsp;&nbsp;&nbsp;&nbsp;&nbsp;&nbsp; Direc\u021bia CIPAL exercit\u0103 urm\u0103toarele func\u021bii de baz\u0103:<\/p>\n\n\n\n<ol type=\"1\"><li>desf\u0103\u0219oar\u0103 formarea ini\u021bial\u0103 a subofi\u021berilor din cadrul subdiviziunilor Ministerului Afacerilor Interne;<\/li><li>desf\u0103\u0219oar\u0103 formarea continu\u0103 integrat\u0103 pe domenii de interes comun a personalului Ministerului Afacerilor Interne \u015fi a personalului din institu\u021biile de aplicare a legii, precum \u015fi a personalului din structurile similare ale altor state cu care Republica Moldova se afl\u0103 \u00een rela\u021bii de colaborare;<\/li><li>desf\u0103\u0219oar\u0103 alte activit\u0103\u021bi de dezvoltare profesional\u0103, potrivit necesarului Ministerului Afacerilor Interne \u015fi al altor institu\u021biilor de aplicare a legii;<\/li><li>desf\u0103\u0219oar\u0103 evalu\u0103ri \u0219i sondaje \u00een scopul identific\u0103rii necesarului de instruire a personalului MAI \u0219i \u00eembun\u0103t\u0103\u021birii procesului de instruire;<\/li><li>\u00eenainteaz\u0103 propuneri privind perfec\u021bionarea cadrului normativ din domeniul form\u0103rii personalului MAI.<\/li><\/ol>\n\n\n\n<p>Direc\u021bia CIPAL coopereaz\u0103 cu:<\/p>\n\n\n\n<p>\u0218coala de agen\u021bi de poli\u021bie &nbsp;\u201eVasile Lasc\u0103r\u201d, C\u00e2mpina, Rom\u00e2nia;<\/p>\n\n\n\n<p>\u0218coala de poli\u021bie Kaunas, Lituania;<\/p>\n\n\n\n<p>Centrul de instruire poli\u021bieneasc\u0103 Legionowo, Polonia.<\/p>\n","protected":false},"excerpt":{"rendered":"<p>Informa\u021bii generale Denumirea subdiviziunii \u2013 Direc\u021bia \u201eCentrul integrat de preg\u0103tire pentru aplicarea legii\u201d a Academiei \u201e\u0218tefan cel Mare\u201d a Ministerului Afacerilor Interne (\u00een continuare \u2013 Direc\u021bia CIPAL). Adresa: str. Sf. [&hellip;]<\/p>\n","protected":false},"author":8,"featured_media":0,"parent":0,"menu_order":0,"comment_status":"closed","ping_status":"closed","template":"","meta":[],"translation":{"provider":"WPGlobus","version":"2.12.2","language":"gb","enabled_languages":["ro","gb"],"languages":{"ro":{"title":true,"content":true,"excerpt":false},"gb":{"title":false,"content":false,"excerpt":false}}},"acf":[],"_links":{"self":[{"href":"https:\/\/academy.police.md\/gb\/wp-json\/wp\/v2\/pages\/1395"}],"collection":[{"href":"https:\/\/academy.police.md\/gb\/wp-json\/wp\/v2\/pages"}],"about":[{"href":"https:\/\/academy.police.md\/gb\/wp-json\/wp\/v2\/types\/page"}],"author":[{"embeddable":true,"href":"https:\/\/academy.police.md\/gb\/wp-json\/wp\/v2\/users\/8"}],"replies":[{"embeddable":true,"href":"https:\/\/academy.police.md\/gb\/wp-json\/wp\/v2\/comments?post=1395"}],"version-history":[{"count":7,"href":"https:\/\/academy.police.md\/gb\/wp-json\/wp\/v2\/pages\/1395\/revisions"}],"predecessor-version":[{"id":23105,"href":"https:\/\/academy.police.md\/gb\/wp-json\/wp\/v2\/pages\/1395\/revisions\/23105"}],"wp:attachment":[{"href":"https:\/\/academy.police.md\/gb\/wp-json\/wp\/v2\/media?parent=1395"}],"curies":[{"name":"wp","href":"https:\/\/api.w.org\/{rel}","templated":true}]}}