{"id":1383,"date":"2020-12-17T19:46:30","date_gmt":"2020-12-17T19:46:30","guid":{"rendered":"http:\/\/wp-academie.azurewebsites.net\/?page_id=1383"},"modified":"2026-04-23T09:10:53","modified_gmt":"2026-04-23T06:10:53","slug":"catedra-drept-privat","status":"publish","type":"page","link":"https:\/\/academy.police.md\/gb\/catedre\/catedra-drept-privat","title":{"rendered":"Catedra drept privat"},"content":{"rendered":"\n<p><strong><a href=\"https:\/\/academy.police.md\/scurt-istoric-al-catedrei-drept-privat\">Scurt istoric<\/a><\/strong><\/p>\n\n\n\n<p><strong><a href=\"https:\/\/academy.police.md\/prezentarea-generala-a-catedrei-drept-privat\">Prezentarea general\u0103<\/a><\/strong><\/p>\n\n\n\n<p><strong><a href=\"https:\/\/academy.police.md\/componenta-catedrei-drept-privat\">Componen\u0163a Catedrei<\/a><\/strong><\/p>\n\n\n\n<p><strong><a href=\"https:\/\/academy.police.md\/cercul-stiintific-al-catedrei-drept-privat\">Cercul \u015ftiin\u0163ific<\/a><\/strong><\/p>\n\n\n\n<p><a href=\"https:\/\/academy.police.md\/wp-content\/uploads\/2025\/09\/Grafic-serviciu-dp.pdf\"><strong>Graficul zilelor de consulta\u0163ii pentru anul universitar 2025-2026<\/strong><\/a><\/p>\n\n\n\n<p><a href=\"\/wp-content\/uploads\/2026\/02\/grafic-2.2026.pdf\"><\/a><strong><a href=\"\/wp-content\/uploads\/2026\/04\/Grafic-3.pdf\">Graficul zilelor de consulta\u0163ii pentru anul universitar 2025-2026, semestrul II<\/a><\/strong><\/p>\n","protected":false},"excerpt":{"rendered":"<p>Scurt istoric Prezentarea general\u0103 Componen\u0163a Catedrei Cercul \u015ftiin\u0163ific Graficul zilelor de consulta\u0163ii pentru anul universitar 2025-2026 Graficul zilelor de consulta\u0163ii pentru anul universitar 2025-2026, semestrul II<\/p>\n","protected":false},"author":8,"featured_media":0,"parent":117,"menu_order":0,"comment_status":"closed","ping_status":"closed","template":"","meta":[],"translation":{"provider":"WPGlobus","version":"2.12.2","language":"gb","enabled_languages":["ro","gb"],"languages":{"ro":{"title":true,"content":true,"excerpt":false},"gb":{"title":false,"content":false,"excerpt":false}}},"acf":[],"_links":{"self":[{"href":"https:\/\/academy.police.md\/gb\/wp-json\/wp\/v2\/pages\/1383"}],"collection":[{"href":"https:\/\/academy.police.md\/gb\/wp-json\/wp\/v2\/pages"}],"about":[{"href":"https:\/\/academy.police.md\/gb\/wp-json\/wp\/v2\/types\/page"}],"author":[{"embeddable":true,"href":"https:\/\/academy.police.md\/gb\/wp-json\/wp\/v2\/users\/8"}],"replies":[{"embeddable":true,"href":"https:\/\/academy.police.md\/gb\/wp-json\/wp\/v2\/comments?post=1383"}],"version-history":[{"count":12,"href":"https:\/\/academy.police.md\/gb\/wp-json\/wp\/v2\/pages\/1383\/revisions"}],"predecessor-version":[{"id":32237,"href":"https:\/\/academy.police.md\/gb\/wp-json\/wp\/v2\/pages\/1383\/revisions\/32237"}],"up":[{"embeddable":true,"href":"https:\/\/academy.police.md\/gb\/wp-json\/wp\/v2\/pages\/117"}],"wp:attachment":[{"href":"https:\/\/academy.police.md\/gb\/wp-json\/wp\/v2\/media?parent=1383"}],"curies":[{"name":"wp","href":"https:\/\/api.w.org\/{rel}","templated":true}]}}