{"id":1381,"date":"2020-12-17T19:45:54","date_gmt":"2020-12-17T19:45:54","guid":{"rendered":"http:\/\/wp-academie.azurewebsites.net\/?page_id=1381"},"modified":"2026-03-18T10:37:43","modified_gmt":"2026-03-18T08:37:43","slug":"catedra-drept-public","status":"publish","type":"page","link":"https:\/\/academy.police.md\/gb\/catedre\/catedra-drept-public","title":{"rendered":"Catedra Drept Public"},"content":{"rendered":"\n<p><strong><a href=\"http:\/\/academy.police.md\/scurt-istoric-al-catedrei-pdsf\">Scurt istoric<\/a><\/strong><\/p>\n\n\n\n<p><strong><a href=\"http:\/\/academy.police.md\/componenta-catedrei-dpsf\">Componen\u0163a catedrei<\/a><\/strong><\/p>\n\n\n\n<p><strong><a href=\"http:\/\/academy.police.md\/prezentarea-generala-a-catedrei-dpsf\">Prezentarea general\u0103<\/a><\/strong><\/p>\n\n\n\n<p><strong><a href=\"https:\/\/academy.police.md\/catedre\/catedra-drept-public\/cercul-stiintific-studentesc-areopag\">Cercul \u015ftiin\u0163ific studen\u0163esc \u201eAreopag\u201d<\/a><\/strong><\/p>\n\n\n\n<p><strong><a href=\"https:\/\/academy.police.md\/catedre\/catedra-drept-public\/graficul-zilelor-de-serviciu\" data-type=\"URL\" data-id=\"https:\/\/academy.police.md\/catedre\/catedra-drept-public\/graficul-zilelor-de-serviciu\" target=\"_blank\" rel=\"noreferrer noopener\">Graficul zilelor de serviciu<\/a><\/strong><\/p>\n\n\n\n<p><strong>CONTACTE:<\/strong><\/p>\n\n\n\n<p>mun. Chi\u0219in\u0103u, str. Gh. Asachi nr. 21, etajul 3, MD2009<\/p>\n","protected":false},"excerpt":{"rendered":"<p>Scurt istoric Componen\u0163a catedrei Prezentarea general\u0103 Cercul \u015ftiin\u0163ific studen\u0163esc \u201eAreopag\u201d Graficul zilelor de serviciu CONTACTE: mun. Chi\u0219in\u0103u, str. Gh. Asachi nr. 21, etajul 3, MD2009<\/p>\n","protected":false},"author":8,"featured_media":0,"parent":117,"menu_order":0,"comment_status":"closed","ping_status":"closed","template":"","meta":[],"translation":{"provider":"WPGlobus","version":"2.12.2","language":"gb","enabled_languages":["ro","gb"],"languages":{"ro":{"title":true,"content":true,"excerpt":false},"gb":{"title":false,"content":false,"excerpt":false}}},"acf":[],"_links":{"self":[{"href":"https:\/\/academy.police.md\/gb\/wp-json\/wp\/v2\/pages\/1381"}],"collection":[{"href":"https:\/\/academy.police.md\/gb\/wp-json\/wp\/v2\/pages"}],"about":[{"href":"https:\/\/academy.police.md\/gb\/wp-json\/wp\/v2\/types\/page"}],"author":[{"embeddable":true,"href":"https:\/\/academy.police.md\/gb\/wp-json\/wp\/v2\/users\/8"}],"replies":[{"embeddable":true,"href":"https:\/\/academy.police.md\/gb\/wp-json\/wp\/v2\/comments?post=1381"}],"version-history":[{"count":33,"href":"https:\/\/academy.police.md\/gb\/wp-json\/wp\/v2\/pages\/1381\/revisions"}],"predecessor-version":[{"id":31348,"href":"https:\/\/academy.police.md\/gb\/wp-json\/wp\/v2\/pages\/1381\/revisions\/31348"}],"up":[{"embeddable":true,"href":"https:\/\/academy.police.md\/gb\/wp-json\/wp\/v2\/pages\/117"}],"wp:attachment":[{"href":"https:\/\/academy.police.md\/gb\/wp-json\/wp\/v2\/media?parent=1381"}],"curies":[{"name":"wp","href":"https:\/\/api.w.org\/{rel}","templated":true}]}}