{"id":1377,"date":"2020-12-17T19:44:25","date_gmt":"2020-12-17T19:44:25","guid":{"rendered":"http:\/\/wp-academie.azurewebsites.net\/?page_id=1377"},"modified":"2026-04-01T10:42:01","modified_gmt":"2026-04-01T07:42:01","slug":"catedra-pregatire-fizica-si-autoaparare","status":"publish","type":"page","link":"https:\/\/academy.police.md\/gb\/catedre\/catedra-pregatire-fizica-si-autoaparare","title":{"rendered":"Catedra educa\u0163ie fizic\u0103 \u015fi autoap\u0103rare"},"content":{"rendered":"\n<p><strong><a href=\"http:\/\/academy.police.md\/catedre\/catedra-pregatire-fizica-si-autoaparare\/scurt-istoric-al-catedrei-pfa\">Scurt istoric<\/a><\/strong><\/p>\n\n\n\n<p><strong><a href=\"http:\/\/academy.police.md\/catedre\/catedra-pregatire-fizica-si-autoaparare\/prezentare-generala-a-catedrei-pfa\">Prezentare general\u0103<\/a><\/strong><\/p>\n\n\n\n<p><strong><a href=\"http:\/\/academy.police.md\/catedre\/catedra-pregatire-fizica-si-autoaparare\/componenta-actuala-a-catedrei-a-catedrei-pfa\">Componen\u021ba actual\u0103 a catedrei<\/a><\/strong><\/p>\n\n\n\n<p><strong><a href=\"http:\/\/academy.police.md\/catedre\/catedra-pregatire-fizica-si-autoaparare\/activitatea-de-cercetare-stiintifica-a-catedrei-pfa\">Activitatea de cercetare \u0219tiin\u021bific\u0103<\/a><\/strong><\/p>\n\n\n\n<p><a href=\"http:\/\/academy.police.md\/catedre\/catedra-pregatire-fizica-si-autoaparare\/activitatea-didactica-a-catedrei-pfa\"><strong>Activitatea didactic\u0103<\/strong><\/a><\/p>\n\n\n\n<p><a href=\"https:\/\/academy.police.md\/wp-content\/uploads\/2025\/09\/IMG_0001.pdf\"><strong>Graficul sec\u021biilor sportive desf\u0103\u0219urate \u00een cadrul Academiei \u201e \u0218tefan cel Mare \u201d a MAI pentru anul de studii 2025-2026<\/strong><\/a><\/p>\n","protected":false},"excerpt":{"rendered":"<p>Scurt istoric Prezentare general\u0103 Componen\u021ba actual\u0103 a catedrei Activitatea de cercetare \u0219tiin\u021bific\u0103 Activitatea didactic\u0103 Graficul sec\u021biilor sportive desf\u0103\u0219urate \u00een cadrul Academiei \u201e \u0218tefan cel Mare \u201d a MAI pentru anul [&hellip;]<\/p>\n","protected":false},"author":8,"featured_media":0,"parent":117,"menu_order":0,"comment_status":"closed","ping_status":"closed","template":"","meta":[],"translation":{"provider":"WPGlobus","version":"2.12.2","language":"gb","enabled_languages":["ro","gb"],"languages":{"ro":{"title":true,"content":true,"excerpt":false},"gb":{"title":false,"content":false,"excerpt":false}}},"acf":[],"_links":{"self":[{"href":"https:\/\/academy.police.md\/gb\/wp-json\/wp\/v2\/pages\/1377"}],"collection":[{"href":"https:\/\/academy.police.md\/gb\/wp-json\/wp\/v2\/pages"}],"about":[{"href":"https:\/\/academy.police.md\/gb\/wp-json\/wp\/v2\/types\/page"}],"author":[{"embeddable":true,"href":"https:\/\/academy.police.md\/gb\/wp-json\/wp\/v2\/users\/8"}],"replies":[{"embeddable":true,"href":"https:\/\/academy.police.md\/gb\/wp-json\/wp\/v2\/comments?post=1377"}],"version-history":[{"count":9,"href":"https:\/\/academy.police.md\/gb\/wp-json\/wp\/v2\/pages\/1377\/revisions"}],"predecessor-version":[{"id":31700,"href":"https:\/\/academy.police.md\/gb\/wp-json\/wp\/v2\/pages\/1377\/revisions\/31700"}],"up":[{"embeddable":true,"href":"https:\/\/academy.police.md\/gb\/wp-json\/wp\/v2\/pages\/117"}],"wp:attachment":[{"href":"https:\/\/academy.police.md\/gb\/wp-json\/wp\/v2\/media?parent=1377"}],"curies":[{"name":"wp","href":"https:\/\/api.w.org\/{rel}","templated":true}]}}