{"id":1373,"date":"2020-12-17T19:42:52","date_gmt":"2020-12-17T19:42:52","guid":{"rendered":"http:\/\/wp-academie.azurewebsites.net\/?page_id=1373"},"modified":"2021-06-18T10:21:24","modified_gmt":"2021-06-18T10:21:24","slug":"catedra-activitate-speciala-de-investigatii-si-anticoruptie","status":"publish","type":"page","link":"https:\/\/academy.police.md\/gb\/catedre\/catedra-activitate-speciala-de-investigatii-si-anticoruptie","title":{"rendered":"Catedra activitate special\u0103 de investiga\u0163ii \u015fi anticorup\u0163ie"},"content":{"rendered":"\n<p><strong><a href=\"http:\/\/academy.police.md\/scurt-istoric-al-catedrei-asia\">Scurt istoric<\/a><\/strong><\/p>\n\n\n\n<p><strong><a href=\"http:\/\/academy.police.md\/componenta-catedrei-asia\">Componen\u0163a catedrei<\/a><\/strong><\/p>\n\n\n\n<p><strong><a href=\"http:\/\/academy.police.md\/prezentarea-generala-a-catedrei-asia\">Prezentarea general\u0103<\/a><\/strong><\/p>\n\n\n\n<p><strong><a href=\"http:\/\/academy.police.md\/publicatiile-catedrei-asia\">Publica\u0163iile catedrei<\/a><\/strong><\/p>\n\n\n\n<p><strong><a href=\"http:\/\/academy.police.md\/biblioteca-speciala\">Biblioteca special\u0103<\/a><\/strong><\/p>\n\n\n\n<p><strong><a href=\"http:\/\/academy.police.md\/laboratorul-tehnica-speciala\">Laboratorul tehnica special\u0103<\/a><\/strong><\/p>\n\n\n\n<p><strong><a href=\"http:\/\/academy.police.md\/graficul-consultatiilor-al-catedrei-asia\">Graficul consulta\u0163iilor<\/a><\/strong><\/p>\n","protected":false},"excerpt":{"rendered":"<p>Scurt istoric Componen\u0163a catedrei Prezentarea general\u0103 Publica\u0163iile catedrei Biblioteca special\u0103 Laboratorul tehnica special\u0103 Graficul consulta\u0163iilor<\/p>\n","protected":false},"author":8,"featured_media":0,"parent":117,"menu_order":0,"comment_status":"closed","ping_status":"closed","template":"","meta":[],"translation":{"provider":"WPGlobus","version":"2.12.2","language":"gb","enabled_languages":["ro","gb"],"languages":{"ro":{"title":true,"content":true,"excerpt":false},"gb":{"title":false,"content":false,"excerpt":false}}},"acf":[],"_links":{"self":[{"href":"https:\/\/academy.police.md\/gb\/wp-json\/wp\/v2\/pages\/1373"}],"collection":[{"href":"https:\/\/academy.police.md\/gb\/wp-json\/wp\/v2\/pages"}],"about":[{"href":"https:\/\/academy.police.md\/gb\/wp-json\/wp\/v2\/types\/page"}],"author":[{"embeddable":true,"href":"https:\/\/academy.police.md\/gb\/wp-json\/wp\/v2\/users\/8"}],"replies":[{"embeddable":true,"href":"https:\/\/academy.police.md\/gb\/wp-json\/wp\/v2\/comments?post=1373"}],"version-history":[{"count":5,"href":"https:\/\/academy.police.md\/gb\/wp-json\/wp\/v2\/pages\/1373\/revisions"}],"predecessor-version":[{"id":3585,"href":"https:\/\/academy.police.md\/gb\/wp-json\/wp\/v2\/pages\/1373\/revisions\/3585"}],"up":[{"embeddable":true,"href":"https:\/\/academy.police.md\/gb\/wp-json\/wp\/v2\/pages\/117"}],"wp:attachment":[{"href":"https:\/\/academy.police.md\/gb\/wp-json\/wp\/v2\/media?parent=1373"}],"curies":[{"name":"wp","href":"https:\/\/api.w.org\/{rel}","templated":true}]}}