{"id":1364,"date":"2020-12-17T19:38:49","date_gmt":"2020-12-17T19:38:49","guid":{"rendered":"http:\/\/wp-academie.azurewebsites.net\/?page_id=1364"},"modified":"2022-07-12T13:30:18","modified_gmt":"2022-07-12T10:30:18","slug":"decanatul-facultatii-drept-ordine-publica-si-securitate-civila","status":"publish","type":"page","link":"https:\/\/academy.police.md\/gb\/decanatul-facultatii-drept-ordine-publica-si-securitate-civila","title":{"rendered":"Facultatea drept, administra\u021bie, ordine \u0219i securitate public\u0103"},"content":{"rendered":"\n<p><strong><a href=\"http:\/\/academy.police.md\/decanatul-facultatii-drept-ordine-publica-si-securitate-civila\/componenta-facultatii-dopsc\">Componen\u021ba<\/a><\/strong><\/p>\n\n\n\n<p><strong><a href=\"http:\/\/academy.police.md\/decanatul-facultatii-drept-ordine-publica-si-securitate-civila\/scurt-istoric-al-facultatii-dopsc\">Scurt istoric<\/a><\/strong><\/p>\n\n\n\n<p><strong><a href=\"http:\/\/academy.police.md\/decanatul-facultatii-drept-ordine-publica-si-securitate-civila\/competentele-si-misiunile-facultatii-dopsc\">Competen\u021be \u0219i misiune<\/a><\/strong><\/p>\n\n\n\n<p><strong><a href=\"http:\/\/academy.police.md\/decanatul-facultatii-drept-ordine-publica-si-securitate-civila\/oferta-educationala-a-facultatatii-dopsc\">Oferta educa\u021bional\u0103<\/a><\/strong><\/p>\n\n\n\n<p><strong><a href=\"https:\/\/academy.police.md\/decanatul-facultatii-drept-ordine-publica-si-securitate-civila\/acte-normative-a-facultatii-dopsc\">Acte normative<\/a><\/strong><\/p>\n\n\n\n<p><strong>Galerie<\/strong><\/p>\n\n\n\n<p><strong>Avize<\/strong><\/p>\n\n\n\n<p><\/p>\n\n\n\n<p><strong>Contacte:<\/strong><\/p>\n\n\n\n<p><strong>Mun. Chi\u015fin\u0103u,<\/strong> <strong>Str. Gheorghe Asachi 21<\/strong><\/p>\n\n\n\n<p><strong>tel. +373 22 731884<\/strong><\/p>\n","protected":false},"excerpt":{"rendered":"<p>Componen\u021ba Scurt istoric Competen\u021be \u0219i misiune Oferta educa\u021bional\u0103 Acte normative Galerie Avize Contacte: Mun. Chi\u015fin\u0103u, Str. Gheorghe Asachi 21 tel. +373 22 731884<\/p>\n","protected":false},"author":8,"featured_media":0,"parent":0,"menu_order":0,"comment_status":"closed","ping_status":"closed","template":"","meta":[],"translation":{"provider":"WPGlobus","version":"2.12.2","language":"gb","enabled_languages":["ro","gb"],"languages":{"ro":{"title":true,"content":true,"excerpt":false},"gb":{"title":false,"content":false,"excerpt":false}}},"acf":[],"_links":{"self":[{"href":"https:\/\/academy.police.md\/gb\/wp-json\/wp\/v2\/pages\/1364"}],"collection":[{"href":"https:\/\/academy.police.md\/gb\/wp-json\/wp\/v2\/pages"}],"about":[{"href":"https:\/\/academy.police.md\/gb\/wp-json\/wp\/v2\/types\/page"}],"author":[{"embeddable":true,"href":"https:\/\/academy.police.md\/gb\/wp-json\/wp\/v2\/users\/8"}],"replies":[{"embeddable":true,"href":"https:\/\/academy.police.md\/gb\/wp-json\/wp\/v2\/comments?post=1364"}],"version-history":[{"count":10,"href":"https:\/\/academy.police.md\/gb\/wp-json\/wp\/v2\/pages\/1364\/revisions"}],"predecessor-version":[{"id":7253,"href":"https:\/\/academy.police.md\/gb\/wp-json\/wp\/v2\/pages\/1364\/revisions\/7253"}],"wp:attachment":[{"href":"https:\/\/academy.police.md\/gb\/wp-json\/wp\/v2\/media?parent=1364"}],"curies":[{"name":"wp","href":"https:\/\/api.w.org\/{rel}","templated":true}]}}