{"id":1344,"date":"2020-12-17T19:06:15","date_gmt":"2020-12-17T19:06:15","guid":{"rendered":"http:\/\/wp-academie.azurewebsites.net\/?page_id=1344"},"modified":"2025-07-01T12:35:06","modified_gmt":"2025-07-01T09:35:06","slug":"sectia-comunicatii-si-tehnologii-informationale","status":"publish","type":"page","link":"https:\/\/academy.police.md\/gb\/subdivizuni\/sectia-comunicatii-si-tehnologii-informationale","title":{"rendered":""},"content":{"rendered":"\n<figure class=\"wp-block-image size-large\"><img loading=\"lazy\" width=\"1024\" height=\"600\" src=\"\/wp-content\/uploads\/2024\/03\/3-6-1024x600.jpg\" alt=\"\" class=\"wp-image-18081\" srcset=\"\/wp-content\/uploads\/2024\/03\/3-6-1024x600.jpg 1024w, \/wp-content\/uploads\/2024\/03\/3-6-300x176.jpg 300w, \/wp-content\/uploads\/2024\/03\/3-6-768x450.jpg 768w, \/wp-content\/uploads\/2024\/03\/3-6.jpg 1200w\" sizes=\"(max-width: 1024px) 100vw, 1024px\" \/><\/figure>\n\n\n\n<div class=\"wp-block-group\"><div class=\"wp-block-group__inner-container\">\n<p>Istoria Sec\u0163iei tehnologia informa\u0163iei \u015fi comunica\u0163ii a Academiei \u201e\u0218tefan cel Mare\u201d a MAI (\u00een continuare STIC) \u00eencepe din anul 1991 \u00een calitate de \u201eBirou mijloace tehnice didactice, telecentru \u015fi transmisiuni\u201d al Sec\u021biei studii, condus de Alexandru Mocreac.<\/p>\n\n\n\n<p>\u00cen 1999, conducerea Biroului, redenumit \u00een \u201eBiroul mijloace tehnice \u0219i instruire\u201d, este preluat\u0103 de Vasile Constantinov.<\/p>\n\n\n\n<p>\u00cen perioada anilor 1999-2000, subdiviziunea respectiv\u0103 a contribuit la amenajarea a 3 clase computerizate conectate la re\u0163eaua Internet. Aceasta a creat posibilitatea ca \u00een cadrul orelor de informatic\u0103 s\u0103 fie utilizate mai multe programe speciale pentru anumite necesit\u0103\u021bi practice ale angaja\u021bilor din diferite subdiviziuni ale MAI.<\/p>\n\n\n\n<p>Pe parcursul anilor, sec\u0163ia a fost supus\u0103 mai multor reorganiz\u0103ri cu modific\u0103ri, care au vizat \u0219i denumirea acesteia, \u0219i anume:<\/p>\n\n\n\n<p>1999 \u2013 Biroul mijloace tehnice \u0219i instruire al Sec\u021biei studii;<\/p>\n\n\n\n<p>2002 \u2013 Sec\u021bia mijloace tehnice de instruire;<\/p>\n\n\n\n<p>2003 \u2013 Serviciul mijloace tehnice \u0219i instruire al Sec\u021biei \u00eenv\u0103\u021b\u0103m\u00e2nt \u0219i activitate metodic\u0103;<\/p>\n\n\n\n<p>2005 \u2013 Serviciul mijloace tehnice \u0219i instruire;<\/p>\n\n\n\n<p>2013 \u2013 Sec\u021bia comunca\u021bii \u0219i tehnologii informa\u021bionale a Centrului management opera\u021bional al Academiei;<\/p>\n\n\n\n<p>2019 \u2013 Sec\u021bia comunica\u021bii \u0219i tehnologii informa\u021bionale;<\/p>\n\n\n\n<p>2022 \u2013 Sec\u0163ia tehnologia informa\u0163iei \u015fi comunica\u0163ii.<\/p>\n\n\n\n<p>\u00cen diferite perioade de timp, pe l\u00e2ng\u0103 conduc\u0103torii men\u021biona\u021bi, SCTI a fost condus\u0103 de Corneliu Vrabie (2002-2016) \u0219i Vasile Griciuc (2016-2021).<\/p>\n\n\n\n<p>Din anul 2021-2023 Sec\u0163ia tehnologia informa\u0163iei \u015fi comunica\u0163ii a fost condus\u0103 de c\u0103tre Indricean Ion Victor.<\/p>\n\n\n\n<p>\u00cen prezent, Sec\u021bia Tehnologia Informa\u021biei \u0219i Comunica\u021biilor este condus\u0103 de domnul Lesnic Igor Vasile, \u00eencep\u00e2nd cu anul 2024 \u0219i p\u00e2n\u0103 \u00een prezent.<\/p>\n\n\n\n<p>Activitatea sec\u0163iei este coordonat\u0103 \u015fi verificat\u0103 de c\u0103tre prorectorul pentru administrare gestionare proiecte, \u00een cadrul sec\u0163iei activeaz\u0103:<\/p>\n\n\n\n<p>&#8211; \u0218ef sec\u0163ie<\/p>\n\n\n\n<p>&#8211; 2 ofi\u0163er principal<\/p>\n\n\n\n<p>&#8211; 2 ofi\u0163eri superiori<\/p>\n\n\n\n<p>&#8211; subofi\u021ber superior<\/p>\n\n\n\n<p>&#8211;  2 programator Principal<\/p>\n\n\n\n<p>&#8211; inginer superior<\/p>\n\n\n\n<p>Date de contact e-mail: igor.lesnic@mai.gov.md<\/p>\n\n\n\n<p>De c\u0103tre angaja\u021bii acestei subdiviziuni sunt create, gestionate \u0219i modernizate re\u021belele locale. De asemenea, au contribuit la dotarea s\u0103lilor de studii cu calculatoare, table interactive (SMART Board), proiectoare \u0219i mentenan\u021ba acestora.<\/p>\n\n\n\n<p>STIC contribuie la gestionarea site-ului oficial al Academiei (academy.police.md) \u0219i la modernizarea acestuia. De asemenea este implicat\u0103 \u00een implementarea sistemului de \u00eenv\u0103\u021b\u0103m\u00e2nt la distan\u021b\u0103 \u201eeLearning\u201d (elearning.academy.police.md). \u00cen acela\u0219i timp se asigur\u0103 suportul tehnic \u00een vederea organiz\u0103rii \u0219i desf\u0103\u0219ur\u0103rii procesului de studii la cele trei cicluri (licen\u021b\u0103, masterat, doctorat), la cursurile de formare ini\u021bial\u0103, continu\u0103 \u0219i managerial\u0103 (inclusiv la distan\u021b\u0103 \u00een format online).<\/p>\n\n\n\n<p>Totodat\u0103, STIC este responsabil\u0103 de implementarea \u0219i asigurarea funnc\u021bion\u0103rii repozitoriului bibliotecar DSpace  http:\/\/dspace.academy.police.md<\/p>\n\n\n\n<p>Sarcinile de baz\u0103 ale sec\u0163iei sunt:<\/p>\n\n\n\n<ul><li>implementarea tehnologiilor informa\u0163ionale moderne pentru administrarea sistemelor informa\u0163ionale necesare \u00een activitatea Academiei \u201e\u0218tefan cel Mare\u201da MAI;<\/li><li>mentenan\u0163a tehnicii de calcul aflate \u00een dota\u0163ia subdiviziunilor Academiei \u201e\u0218tefan cel Mare\u201e a MAI (calculatoare, proiectoare, tehnic\u0103 audio \u015fi video, tehnica de birou);<\/li><li>asigurarea procesului de \u00eenv\u0103\u0163\u0103m\u00e2nt cu mijloace tehnice necesare;<\/li><li>asigurarea func\u0163ion\u0103rii site-urilor gestionate de Academie (site-ul oficial al Academiei acadmy.police.md; repozitoriul bibliotecar al Academiei dspace.academy.police.md; sistemul de \u00eenv\u0103\u021b\u0103m\u00e2nt la distan\u021b\u0103 al Academiei elearning.academy.police.md);<\/li><li>asigurarea func\u021bion\u0103rii leg\u0103turii radio \u0219i telefonice.<\/li><\/ul>\n\n\n\n<figure class=\"wp-block-image size-large\"><img loading=\"lazy\" width=\"1024\" height=\"683\" src=\"\/wp-content\/uploads\/2025\/07\/1V3A0010_DxO-1-min-1-1024x683.jpg\" alt=\"\" class=\"wp-image-26185\" srcset=\"\/wp-content\/uploads\/2025\/07\/1V3A0010_DxO-1-min-1-1024x683.jpg 1024w, \/wp-content\/uploads\/2025\/07\/1V3A0010_DxO-1-min-1-300x200.jpg 300w, \/wp-content\/uploads\/2025\/07\/1V3A0010_DxO-1-min-1-768x512.jpg 768w, \/wp-content\/uploads\/2025\/07\/1V3A0010_DxO-1-min-1-1536x1024.jpg 1536w, \/wp-content\/uploads\/2025\/07\/1V3A0010_DxO-1-min-1-2048x1365.jpg 2048w\" sizes=\"(max-width: 1024px) 100vw, 1024px\" \/><\/figure>\n<\/div><\/div>\n\n\n\n<figure class=\"wp-block-image size-large\"><img loading=\"lazy\" width=\"1024\" height=\"680\" src=\"\/wp-content\/uploads\/2021\/07\/scti-30-1024x680.jpg\" alt=\"\" class=\"wp-image-4210\" srcset=\"\/wp-content\/uploads\/2021\/07\/scti-30-1024x680.jpg 1024w, \/wp-content\/uploads\/2021\/07\/scti-30-300x199.jpg 300w, \/wp-content\/uploads\/2021\/07\/scti-30-768x510.jpg 768w, \/wp-content\/uploads\/2021\/07\/scti-30.jpg 1253w\" sizes=\"(max-width: 1024px) 100vw, 1024px\" \/><\/figure>\n\n\n\n<figure class=\"wp-block-image size-large\"><img loading=\"lazy\" width=\"1024\" height=\"556\" src=\"\/wp-content\/uploads\/2021\/07\/scti-20-1024x556.jpg\" alt=\"\" class=\"wp-image-4209\" srcset=\"\/wp-content\/uploads\/2021\/07\/scti-20-1024x556.jpg 1024w, \/wp-content\/uploads\/2021\/07\/scti-20-300x163.jpg 300w, \/wp-content\/uploads\/2021\/07\/scti-20-768x417.jpg 768w, \/wp-content\/uploads\/2021\/07\/scti-20.jpg 1155w\" sizes=\"(max-width: 1024px) 100vw, 1024px\" \/><\/figure>\n","protected":false},"excerpt":{"rendered":"","protected":false},"author":8,"featured_media":0,"parent":57,"menu_order":0,"comment_status":"closed","ping_status":"closed","template":"","meta":[],"translation":{"provider":"WPGlobus","version":"2.12.2","language":"gb","enabled_languages":["ro","gb"],"languages":{"ro":{"title":false,"content":true,"excerpt":false},"gb":{"title":false,"content":false,"excerpt":false}}},"acf":[],"_links":{"self":[{"href":"https:\/\/academy.police.md\/gb\/wp-json\/wp\/v2\/pages\/1344"}],"collection":[{"href":"https:\/\/academy.police.md\/gb\/wp-json\/wp\/v2\/pages"}],"about":[{"href":"https:\/\/academy.police.md\/gb\/wp-json\/wp\/v2\/types\/page"}],"author":[{"embeddable":true,"href":"https:\/\/academy.police.md\/gb\/wp-json\/wp\/v2\/users\/8"}],"replies":[{"embeddable":true,"href":"https:\/\/academy.police.md\/gb\/wp-json\/wp\/v2\/comments?post=1344"}],"version-history":[{"count":21,"href":"https:\/\/academy.police.md\/gb\/wp-json\/wp\/v2\/pages\/1344\/revisions"}],"predecessor-version":[{"id":26187,"href":"https:\/\/academy.police.md\/gb\/wp-json\/wp\/v2\/pages\/1344\/revisions\/26187"}],"up":[{"embeddable":true,"href":"https:\/\/academy.police.md\/gb\/wp-json\/wp\/v2\/pages\/57"}],"wp:attachment":[{"href":"https:\/\/academy.police.md\/gb\/wp-json\/wp\/v2\/media?parent=1344"}],"curies":[{"name":"wp","href":"https:\/\/api.w.org\/{rel}","templated":true}]}}