{"id":1319,"date":"2020-12-17T18:56:24","date_gmt":"2020-12-17T15:56:24","guid":{"rendered":"http:\/\/wp-academie.azurewebsites.net\/?page_id=1319"},"modified":"2025-07-01T11:48:23","modified_gmt":"2025-07-01T08:48:23","slug":"ciclu-iii","status":"publish","type":"page","link":"https:\/\/academy.police.md\/gb\/admitere\/ciclu-iii","title":{"rendered":"Ciclul III"},"content":{"rendered":"\n<p><a rel=\"noreferrer noopener\" href=\"\/wp-content\/uploads\/2025\/06\/Oferta-Scolii-doctorale_2025-2029.pdf\" data-type=\"URL\" data-id=\"\/wp-content\/uploads\/2025\/06\/Oferta-Scolii-doctorale_2025-2029.pdf\" target=\"_blank\">Lista proiectelor recomandate susceptibile de a participa la concursul de admitere la studii superioare de doctorat promotia 2025 \u2013 2029 (studii ciclul III)<\/a><br><a href=\"https:\/\/academy.police.md\/wp-content\/uploads\/2024\/08\/Aviz-privind-organizarea-concursului-de-admitere-la-studiile-superioare-de-doctorat-ciclul-III-2024-2025.pdf\"><\/a><a href=\"https:\/\/academy.police.md\/wp-content\/uploads\/2025\/07\/Aviz-privind-organizarea-concursului-de-admitere-la-studiile-superioare-de-doctorat-ciclul-III-2024-2025.pdf\">AVIZ privind organizarea concursului de admitere la studiile superioare de doctorat (ciclul III) \u00een cadrul \u015ecolii doctorale \u201e\u015etiin\u0163e penale \u015fi drept public\u201d a Academiei \u201e\u015etefan cel Mare\u201d a MAI pentru anul de studii 2025-2026<\/a><\/p>\n","protected":false},"excerpt":{"rendered":"<p>Lista proiectelor recomandate susceptibile de a participa la concursul de admitere la studii superioare de doctorat promotia 2025 \u2013 2029 (studii ciclul III)AVIZ privind organizarea concursului de admitere la studiile [&hellip;]<\/p>\n","protected":false},"author":8,"featured_media":0,"parent":192,"menu_order":0,"comment_status":"closed","ping_status":"closed","template":"","meta":[],"translation":{"provider":"WPGlobus","version":"2.12.2","language":"gb","enabled_languages":["ro","gb"],"languages":{"ro":{"title":true,"content":true,"excerpt":false},"gb":{"title":false,"content":false,"excerpt":false}}},"acf":[],"_links":{"self":[{"href":"https:\/\/academy.police.md\/gb\/wp-json\/wp\/v2\/pages\/1319"}],"collection":[{"href":"https:\/\/academy.police.md\/gb\/wp-json\/wp\/v2\/pages"}],"about":[{"href":"https:\/\/academy.police.md\/gb\/wp-json\/wp\/v2\/types\/page"}],"author":[{"embeddable":true,"href":"https:\/\/academy.police.md\/gb\/wp-json\/wp\/v2\/users\/8"}],"replies":[{"embeddable":true,"href":"https:\/\/academy.police.md\/gb\/wp-json\/wp\/v2\/comments?post=1319"}],"version-history":[{"count":24,"href":"https:\/\/academy.police.md\/gb\/wp-json\/wp\/v2\/pages\/1319\/revisions"}],"predecessor-version":[{"id":26182,"href":"https:\/\/academy.police.md\/gb\/wp-json\/wp\/v2\/pages\/1319\/revisions\/26182"}],"up":[{"embeddable":true,"href":"https:\/\/academy.police.md\/gb\/wp-json\/wp\/v2\/pages\/192"}],"wp:attachment":[{"href":"https:\/\/academy.police.md\/gb\/wp-json\/wp\/v2\/media?parent=1319"}],"curies":[{"name":"wp","href":"https:\/\/api.w.org\/{rel}","templated":true}]}}