{"id":13171,"date":"2023-06-22T16:33:25","date_gmt":"2023-06-22T13:33:25","guid":{"rendered":"https:\/\/academy.police.md\/?page_id=13171"},"modified":"2023-06-22T16:33:26","modified_gmt":"2023-06-22T13:33:26","slug":"delegatia-mai-si-pccocs-la-cursul-regional-investigatii-dark-web-dovezi-electronice-si-criptomonede-budapesta-ungaria","status":"publish","type":"page","link":"https:\/\/academy.police.md\/gb\/delegatia-mai-si-pccocs-la-cursul-regional-investigatii-dark-web-dovezi-electronice-si-criptomonede-budapesta-ungaria","title":{"rendered":"Delega\u0163ia MAI \u015fi PCCOCS la cursul regional \u201eInvestiga\u021bii Dark Web, dovezi electronice \u0219i criptomonede\u201d, Budapesta, UNGARIA"},"content":{"rendered":"\n<p>Delega\u0163ia Republicii Moldova format\u0103 din reprezentan\u0163ii MAI \u015fi ai PCCOCS particip\u0103, \u00een perioada 19-23 iunie 2023, la Cursul regional \u201eInvestiga\u021bii Dark Web, dovezi electronice \u0219i criptomonede\u201d, care are loc la Budapesta (Ungaria). Acest curs este organizat \u00een contextul implement\u0103rii proiectului TOPCOP (Training \u0219i Parteneriat Opera\u021bional de Combatere a Criminalit\u0103\u021bii Organizate \u00een Regiunea PaE). Evenimentul a \u00eentrunit participan\u021bi din Moldova, Ucraina, Armenia, Georgia \u0219i Azerbaidjan.<\/p>\n\n\n\n<p>Scopul instruirii este de a \u00eembun\u0103t\u0103\u021bi cuno\u0219tin\u021bele \u0219i abilit\u0103\u021bile profesionale pe segmentul investiga\u021biilor ,,Dark web, dovezi electronice \u0219i criptomonede\u201d. Instruirea include, de asemenea, dezvoltarea unui curriculum comun (regional), care se preconizeaz\u0103 a fi utilizat, \u00een cascad\u0103, \u00een domeniul combaterii criminalit\u0103\u021bii informatice \u0219i a unui curriculum de formare a formatorilor. Totodat\u0103, aceasta \u00ee\u0219i propune s\u0103 ofere o imagine clar\u0103 asupra ultimelor tendin\u021be \u00een criminalitatea cibernetic\u0103, a celor mai frecvente forme de atacuri cibernetice \u0219i a rolului cooper\u0103rii interna\u021bionale \u00een realizarea unei investiga\u021bii cibernetice de succes.<\/p>\n\n\n\n<p>Cursul a avut loc la sediul Centrului Interna\u021bional de Formare NOK \u00een Budapesta, Ungaria. \u00cen calitate de instructori au evoluat speciali\u015fti din institu\u0163iile Poli\u0163iene\u015fti de \u00eenv\u0103\u0163\u0103m\u00e2nt ale Ungariei. Managerul de activitate \u2013 Zlatko Miletic (<a href=\"mailto:Zlatko.miletic@cepol.europa.eu\">Zlatko.miletic@cepol.europa.eu<\/a>), asistat de c\u0103tre Katarzyna Nodzykowska (<a href=\"mailto:katarzyna.nodzykowska@cepol.europa.eu\">katarzyna.nodzykowska@cepol.europa.eu<\/a>).<\/p>\n\n\n\n<p>Academia ,,\u015etefan cel Mare\u201d este reprezentat\u0103 de c\u0103tre comisarul-\u015fef Alexandru Pareniuc, \u0219ef adjunct, Direc\u0163ia studii \u015fi management al calit\u0103\u0163ii.<\/p>\n\n\n\n<figure class=\"wp-block-image size-large\"><img loading=\"lazy\" width=\"1024\" height=\"683\" src=\"\/wp-content\/uploads\/2023\/06\/DSC_0030_r-1024x683.jpg\" alt=\"\" class=\"wp-image-13169\" srcset=\"\/wp-content\/uploads\/2023\/06\/DSC_0030_r-1024x683.jpg 1024w, \/wp-content\/uploads\/2023\/06\/DSC_0030_r-300x200.jpg 300w, \/wp-content\/uploads\/2023\/06\/DSC_0030_r-768x512.jpg 768w, \/wp-content\/uploads\/2023\/06\/DSC_0030_r-1536x1024.jpg 1536w, \/wp-content\/uploads\/2023\/06\/DSC_0030_r-2048x1366.jpg 2048w\" sizes=\"(max-width: 1024px) 100vw, 1024px\" \/><\/figure>\n","protected":false},"excerpt":{"rendered":"<p>Delega\u0163ia Republicii Moldova format\u0103 din reprezentan\u0163ii MAI \u015fi ai PCCOCS particip\u0103, \u00een perioada 19-23 iunie 2023, la Cursul regional \u201eInvestiga\u021bii Dark Web, dovezi electronice \u0219i criptomonede\u201d, care are loc la [&hellip;]<\/p>\n","protected":false},"author":10,"featured_media":13169,"parent":0,"menu_order":0,"comment_status":"closed","ping_status":"closed","template":"","meta":[],"translation":{"provider":"WPGlobus","version":"2.12.2","language":"gb","enabled_languages":["ro","gb"],"languages":{"ro":{"title":true,"content":true,"excerpt":false},"gb":{"title":false,"content":false,"excerpt":false}}},"acf":[],"_links":{"self":[{"href":"https:\/\/academy.police.md\/gb\/wp-json\/wp\/v2\/pages\/13171"}],"collection":[{"href":"https:\/\/academy.police.md\/gb\/wp-json\/wp\/v2\/pages"}],"about":[{"href":"https:\/\/academy.police.md\/gb\/wp-json\/wp\/v2\/types\/page"}],"author":[{"embeddable":true,"href":"https:\/\/academy.police.md\/gb\/wp-json\/wp\/v2\/users\/10"}],"replies":[{"embeddable":true,"href":"https:\/\/academy.police.md\/gb\/wp-json\/wp\/v2\/comments?post=13171"}],"version-history":[{"count":1,"href":"https:\/\/academy.police.md\/gb\/wp-json\/wp\/v2\/pages\/13171\/revisions"}],"predecessor-version":[{"id":13172,"href":"https:\/\/academy.police.md\/gb\/wp-json\/wp\/v2\/pages\/13171\/revisions\/13172"}],"wp:featuredmedia":[{"embeddable":true,"href":"https:\/\/academy.police.md\/gb\/wp-json\/wp\/v2\/media\/13169"}],"wp:attachment":[{"href":"https:\/\/academy.police.md\/gb\/wp-json\/wp\/v2\/media?parent=13171"}],"curies":[{"name":"wp","href":"https:\/\/api.w.org\/{rel}","templated":true}]}}