{"id":1317,"date":"2020-12-17T18:55:59","date_gmt":"2020-12-17T15:55:59","guid":{"rendered":"http:\/\/wp-academie.azurewebsites.net\/?page_id=1317"},"modified":"2025-06-18T10:13:56","modified_gmt":"2025-06-18T07:13:56","slug":"ciclu-ii","status":"publish","type":"page","link":"https:\/\/academy.police.md\/gb\/admitere\/ciclu-ii","title":{"rendered":"ADMITEREA 2025, ciclul II"},"content":{"rendered":"\n<p class=\"has-vivid-red-color has-white-background-color has-text-color has-background\"><strong>\u00cen aten\u021bia candida\u021bilor<\/strong> <strong>LA CICLUL II, STUDII SUPERIOARE DE MASTER, &nbsp;Admiterea 2024!!!<\/strong><\/p>\n\n\n\n<p><strong>REGULAMENTUL<\/strong> <strong>privind organizarea admiterii la studii superioare de master<\/strong> <strong>\u00een cadrul Academiei \u201e\u0218tefan cel Mare\u201d a Ministerului Afacerilor Interne pentru anul universitar 2025-2026<\/strong><\/p>\n\n\n\n<p><\/p>\n\n\n\n<p><strong><em>Graficul desf\u0103\u0219ur\u0103rii admiterii 2025<\/em><\/strong> conform <em>anexei la Ordinul MEC<\/em> <em>nr. 924 din 17.06.2025<\/em><\/p>\n\n\n\n<p><strong><u>Sesiunea de baz\u0103<\/u><\/strong><\/p>\n\n\n\n<p><strong>21 iulie &#8211; 27 iulie<\/strong> \u2013 depunerea online a dosarelor<br><strong>28 iulie \u2013 3 august<\/strong> \u2013 verificarea \u0219i validarea dosarelor<br><strong>5 august<\/strong> \u2013 anun\u021barea rezultatelor intermediare<br><strong>6 august \u2013 10 august<\/strong> \u2013 depunerea dosarelor \u00een original<br><strong>12 august<\/strong> \u2013 afi\u0219area rezultatelor finale.<\/p>\n\n\n\n<p><strong><u>Sesiunea suplimentar\u0103<\/u><\/strong><\/p>\n\n\n\n<p><strong>13 august 15 august <\/strong>&#8211; depunerea online a dosarelor<br><strong>16 august \u2013 18 august<\/strong> \u2013 verificarea \u0219i validarea dosarelor<br><strong>20 august<\/strong> \u2013 anun\u021barea rezultatelor intermediare<br><strong>21 august \u2013 23 august<\/strong> \u2013 depunerea dosarelor \u00een original<br><strong>24 august<\/strong> \u2013 afi\u0219area rezultatelor finale.<\/p>\n\n\n\n<p><strong>Condi\u021bii de admitere<\/strong><\/p>\n\n\n\n<ol type=\"1\"><li>\u00censcrierea candida\u021bilor la concursul de admitere are loc doar online (<a href=\"https:\/\/eadmitere.gov.md\/public-page\">https:\/\/eadmitere.gov.md\/public-page<\/a>)<\/li><li>La concursul de admitere la studii superioare de master pot participa de\u021bin\u0103torii diplomei de licen\u021b\u0103.<\/li><li>Candidatul va prezenta dosarul \u00een original (or. Chi\u0219in\u0103u, str. Gheorghe Asachi, nr.21, decanat, cazarm\u0103 et.1, bir. 117) care va cuprinde urm\u0103toarele acte:<\/li><\/ol>\n\n\n\n<ul type=\"1\"><li><strong>cerere de \u00eenscriere<\/strong> la concursul de admitere la studii superioare de master <em>(completare la responsabil admitere master)<\/em>;<\/li><li><strong>declara\u021bia<\/strong> cu privire la prelucrarea datelor cu caracter personal <em>(completare la responsabil admitere master);<\/em><\/li><li>copia <strong>buletinului de identitate<\/strong> (cu prezentarea originalului);<\/li><li>actul de studii (original) &#8211; (<strong>Diploma de licen\u021b\u0103<\/strong>), cu anexa respectiv\u0103 (<strong>Suplimentul la diploma de licen\u021b\u0103<\/strong>), (absolven\u021bii liceelor din Rom\u00e2nia \u0219i alte state, promo\u021bia din anul admiterii, depun certificatul de studii, cu notele ob\u021binute la examenele de licen\u021b\u0103 \u0219i situa\u021bia \u0219colar\u0103 pe anii de studii, urm\u00e2nd ca diploma de licen\u021b\u0103 s\u0103 fie prezentat\u0103 cel t\u00e2rziu 1 octombrie 2026),<\/li><li><strong>certificatul eliberat de Resursele Umane<\/strong>, care confirm\u0103&nbsp; func\u021bia de\u021binut\u0103 <em>(pentru studii cu finana\u021bare de la bugetul de stat)<\/em>;<\/li><li><strong>copia legitima\u021biei de serviciu<\/strong> <em>(pentru studii cu finana\u021bare de la bugetul de stat);<\/em><\/li><li><strong>4 fotografii 3&#215;4<\/strong>;<\/li><li><strong>certificatul<\/strong> doveditor de <strong>acumulare a minimumului curricular<\/strong> ini\u021bial&nbsp; (a studiilor compensatorii \u00een m\u0103rime de 30 credite), pentru candida\u0163ii absolven\u021bi ai programelor de licen\u021b\u0103 din domeniile de formare profesional\u0103 diferite de domeniul solicitat la ciclul II <em>(dup\u0103 caz);<\/em><\/li><\/ul>\n\n\n\n<p>Concursul de admitere se va organiza la urm\u0103toarele <strong>programe de master<\/strong>:<\/p>\n\n\n\n<ul><li><strong>Drept penal<\/strong> (90 ECTS); buget*\/tax\u0103<\/li><li><strong>Activitate de urm\u0103rire penal\u0103<\/strong> (90 ECTS); buget*\/tax\u0103<\/li><li><strong>Drept economic<\/strong> (90 ECTS); buget*\/tax\u0103<\/li><li><strong>Activitate special\u0103 de investiga\u021bii <\/strong>(90 ECTS) \u2013 doar func\u021bionari publici cu statut special; buget*\/tax\u0103<\/li><li><strong>Drept penal<\/strong> (120 ECTS); buget*\/tax\u0103<\/li><li><strong>Drept economic<\/strong> (120 ECTS); buget*\/tax\u0103<\/li><li><strong>Activitate special\u0103 de investiga\u021bii <\/strong>(120 ECTS) &#8211; doar func\u021bionari publici cu statut special; buget*\/tax\u0103<\/li><li><strong>Drept contraven\u021bional<\/strong> (120 ECTS); buget*\/tax\u0103<\/li><li><strong>Drept migra\u021bional \u0219i protec\u021bia refugia\u021bilor<\/strong> (120 ECTS), buget*\/tax\u0103.<\/li><\/ul>\n\n\n\n<p><strong>NOT\u0102: * <\/strong>La programele de studii finan\u021bate din bugetul de stat pot fi admi\u0219i exclusiv candida\u021bii care de\u021bin calitatea de func\u021bionar public cu statut special, \u00een conformitate cu prevederile legale \u00een vigoare<\/p>\n\n\n\n<p><strong>TAXE DE STUDII<\/strong><br>Programe de studii, cu frecven\u021b\u0103, <strong>90 ECTS<\/strong>, durata studiilor <strong>1,5 ani<\/strong> \u2013 13000 MDL.<br>Programe de studii, cu frecven\u021b\u0103, <strong>120 ECTS<\/strong>, durata studiilor <strong>2 ani<\/strong> \u2013 17000 MDL + 2500 MDL (minim curricular 30 ECTS).<\/p>\n\n\n\n<p><strong>Adresa juridic\u0103: <\/strong>Academia \u201e\u015etefan cel Mare\u201d, Facultatea drept, administra\u021bie, ordine \u0219i securitate public\u0103, studii superioare de master, ciclul II, MD-2009, mun. Chi\u015fin\u0103u, str. Gh. Asachi, 21,<\/p>\n\n\n\n<p>Informa\u021bii suplimentare la telefonul de contact: <strong>067408490<\/strong><\/p>\n","protected":false},"excerpt":{"rendered":"<p>\u00cen aten\u021bia candida\u021bilor LA CICLUL II, STUDII SUPERIOARE DE MASTER, &nbsp;Admiterea 2024!!! REGULAMENTUL privind organizarea admiterii la studii superioare de master \u00een cadrul Academiei \u201e\u0218tefan cel Mare\u201d a Ministerului Afacerilor [&hellip;]<\/p>\n","protected":false},"author":8,"featured_media":0,"parent":192,"menu_order":0,"comment_status":"closed","ping_status":"closed","template":"","meta":[],"translation":{"provider":"WPGlobus","version":"2.12.2","language":"gb","enabled_languages":["ro","gb"],"languages":{"ro":{"title":true,"content":true,"excerpt":false},"gb":{"title":false,"content":false,"excerpt":false}}},"acf":[],"_links":{"self":[{"href":"https:\/\/academy.police.md\/gb\/wp-json\/wp\/v2\/pages\/1317"}],"collection":[{"href":"https:\/\/academy.police.md\/gb\/wp-json\/wp\/v2\/pages"}],"about":[{"href":"https:\/\/academy.police.md\/gb\/wp-json\/wp\/v2\/types\/page"}],"author":[{"embeddable":true,"href":"https:\/\/academy.police.md\/gb\/wp-json\/wp\/v2\/users\/8"}],"replies":[{"embeddable":true,"href":"https:\/\/academy.police.md\/gb\/wp-json\/wp\/v2\/comments?post=1317"}],"version-history":[{"count":57,"href":"https:\/\/academy.police.md\/gb\/wp-json\/wp\/v2\/pages\/1317\/revisions"}],"predecessor-version":[{"id":26058,"href":"https:\/\/academy.police.md\/gb\/wp-json\/wp\/v2\/pages\/1317\/revisions\/26058"}],"up":[{"embeddable":true,"href":"https:\/\/academy.police.md\/gb\/wp-json\/wp\/v2\/pages\/192"}],"wp:attachment":[{"href":"https:\/\/academy.police.md\/gb\/wp-json\/wp\/v2\/media?parent=1317"}],"curies":[{"name":"wp","href":"https:\/\/api.w.org\/{rel}","templated":true}]}}