{"id":1315,"date":"2020-12-17T18:55:29","date_gmt":"2020-12-17T18:55:29","guid":{"rendered":"http:\/\/wp-academie.azurewebsites.net\/?page_id=1315"},"modified":"2025-02-03T09:20:50","modified_gmt":"2025-02-03T07:20:50","slug":"ciclu-i","status":"publish","type":"page","link":"https:\/\/academy.police.md\/gb\/admitere\/ciclu-i","title":{"rendered":"Ciclul I"},"content":{"rendered":"\n<div class=\"wp-block-buttons\">\n<div class=\"wp-block-button is-style-outline\"><a class=\"wp-block-button__link has-vivid-red-color has-pale-cyan-blue-background-color has-text-color has-background\" style=\"border-radius:20px\">Rezultate admitere 2024<\/a><\/div>\n<\/div>\n\n\n\n<p><strong>CICLUL I \u2013 STUDII SUPERIOARE DE LICEN\u021a\u0102<\/strong><\/p>\n\n\n\n<p><a href=\"\/wp-content\/uploads\/2024\/08\/1525-30.pdf\">Termenele de organizare \u0219i desf\u0103\u0219urare a sesiunii suplimentare a concursului de admitere la studii superioare de licen\u021b\u0103 (ciclul I)&nbsp;\u00een cadrul&nbsp;Academiei&nbsp;,,\u0218tefan cel Mare\u201d a MAI,pentru anul de studii 2024-2025<\/a><\/p>\n\n\n\n<p><a href=\"\/wp-content\/uploads\/2024\/07\/Regulament_admitere_2024_licenta-Academia.pdf\" data-type=\"URL\">HOT\u0102R\u00c2REA SENATULUI (Regulamentul privind organizarea admiterii la studii superioare de licen\u021b\u0103 \u00een cadrul Academiei \u201e\u0218tefan cel Mare\u201d a Ministerului Afacerilor Interne pentru anul universitar 2024-2025<\/a>)<\/p>\n\n\n\n<p><a href=\"\/wp-content\/uploads\/2024\/07\/HG.439-din-2024.pdf\">Hg_439_comanda_de_stat<\/a><\/p>\n\n\n\n<p><strong>STUDII CONTRA TAX\u0102<\/strong>:<\/p>\n\n\n\n<p><strong><em>Ciclul I ( studii de licen\u0163\u0103)<\/em><\/strong><br>Programul de studii: 0421.1 Drept (cu frecven\u021b\u0103, 240 ECTS<strong>, durata studiilor 4 ani<\/strong>) \u2013&nbsp;<strong>9000 lei.<\/strong><br>Programul de studii: 0421.1 Drept (cu frecven\u021b\u0103 redus\u0103, 240 ECTS,durata studiilor 5 ani) \u2013&nbsp;<strong>5500 lei.<\/strong><br>Programul de studii: 0400.1 Administra\u021bie public\u0103 (cu frecven\u021b\u0103, 180 ECTS, durata studiilor 3 ani) \u2013&nbsp;<strong>9000 lei.<\/strong><\/p>\n\n\n\n<p><strong>DOMENIUL GENERAL DE STUDII: 042 DREPT. Domeniul de formare profesional\u0103: 0421 Drept.<\/strong><\/p>\n\n\n\n<p><strong>1.<\/strong> <strong>Specialitatea\/programul de studii la ciclul I (licen\u021b\u0103): 0421.1 Drept<\/strong> (forma de \u00eenv\u0103\u0163\u0103m\u00e2nt cu frecven\u021b\u0103, 240 ECTS, studii cu finan\u021bare bugetar\u0103, durata studiilor 4 ani) include urm\u0103toarele specializ\u0103ri:<\/p>\n\n\n\n<p><em>\u2022 activitatea de urm\u0103rire penal\u0103 (ofi\u021beri de urm\u0103rire penal\u0103);<\/em><\/p>\n\n\n\n<p><em>\u2022 investigarea infrac\u021biunilor de corup\u021bie \u0219i conexe (ofi\u021beri de investiga\u021bii);<\/em><\/p>\n\n\n\n<p><em>\u2022 expertiz\u0103 judiciar\u0103 (exper\u021bi criminali\u0219ti).<\/em><\/p>\n\n\n\n<p><strong>2.<\/strong> <strong>Specialitatea\/programul de studii la ciclul I (licen\u021b\u0103): 0421.1 Drept<\/strong> (forma de \u00eenv\u0103\u0163\u0103m\u00e2nt cu frecven\u021b\u0103 redus\u0103, 240 ECTS, studii cu finan\u021bare bugetar\u0103, durata studiilor 5 ani, candida\u021bii la studii pe locurile cu finan\u021bare de la bugetul de stat, forma de \u00eenv\u0103\u021b\u0103m\u00e2nt cu frecven\u021b\u0103 redus\u0103, trebuie s\u0103 de\u021bin\u0103 \u00een mod obligatoriu calitatea de func\u021bionar public cu statut special (func\u021bionar cu statut special), av\u00e2nd la data de 01 septembrie curent vechimea \u00een munc\u0103 de cel pu\u021bin un an \u00een subdiviziunile MAI) include urm\u0103toarele specializ\u0103ri:<\/p>\n\n\n\n<p><em>\u2022 activitatea de urm\u0103rire penal\u0103 (ofi\u021beri de urm\u0103rire penal\u0103);<\/em><\/p>\n\n\n\n<p><em>\u2022 activitate special\u0103 de investiga\u021bii (ofi\u021beri de investiga\u021bii);<\/em><\/p>\n\n\n\n<p><em>\u2022 ordine public\u0103 (ofi\u021beri de ordine public\u0103).<\/em><\/p>\n\n\n\n<p><strong>3.<\/strong> <strong>Specialitatea\/programul de studii la ciclul I (licen\u021b\u0103): 0421.1 Drept<\/strong> (forma de \u00eenv\u0103\u0163\u0103m\u00e2nt cu frecven\u021b\u0103, 240 ECTS, studii contra tax\u0103, durata studiilor 4 ani;) include urm\u0103toarele specializ\u0103ri:<\/p>\n\n\n\n<p><em>\u2022 activitatea de urm\u0103rire penal\u0103;<\/em><\/p>\n\n\n\n<p><em>\u2022 asisten\u021b\u0103 juridic\u0103 \u00een institu\u021bii publice \u0219i private.<\/em><\/p>\n\n\n\n<p><strong>4.<\/strong> <strong>Specialitatea\/programul de studii la ciclul I (licen\u021b\u0103): 0421.1 Drept<\/strong> (forma de \u00eenv\u0103\u0163\u0103m\u00e2nt cu frecven\u021b\u0103 redus\u0103, 240 ECTS, studii contra tax\u0103, durata studiilor 5 ani) include urm\u0103toarele specializ\u0103ri:<\/p>\n\n\n\n<p><em>\u2022 activitatea de urm\u0103rire penal\u0103;<\/em><\/p>\n\n\n\n<p><em>\u2022 asisten\u021b\u0103 juridic\u0103 \u00een institu\u021bii publice \u0219i private.<\/em><\/p>\n\n\n\n<p>Finalizarea studiilor se realizeaz\u0103 prin examene de licen\u0163\u0103. Absolven\u0163ii care au promovat examenul de licen\u0163\u0103 primesc diploma de licen\u021b\u0103, titlul ob\u021binut &#8211; licen\u021biat \u00een drept. Absolven\u0163ilor la studii cu finan\u021bare bugetar\u0103 la absolvire li se acord\u0103 loc de munc\u0103 \u00een sistemul MAI \u0219i li de confer\u0103 gradul special de ofi\u0163er (inspector).<\/p>\n\n\n\n<p><strong>DOMENIUL GENERAL DE STUDII: 040 \u015eTIIN\u0162E ADMINISTRATIVE. Domeniul de formare profesional\u0103: 0400 \u0218tiin\u021be administrative<\/strong>. Specialitatea\/programul de studii la ciclul I (licen\u021b\u0103): 0400.1 Administra\u0163ie public\u0103 (forma de \u00eenv\u0103\u0163\u0103m\u00e2nt cu frecven\u021b\u0103, 180 ECTS, studii cu finan\u021bare bugetar\u0103, durata studiilor 3 ani) include specializ\u0103ri la solicitarea \u015fi necesitatea angajatorului (MAI). \u00cen cadrul domeniului sunt preg\u0103ti\u021bi func\u021bionari publici\/ func\u021bionari publici cu statut special la urm\u0103toarele specializ\u0103ri:<\/p>\n\n\n\n<p><em>\u2022 investiga\u021bii speciale (ofi\u021beri de investiga\u021bii);<\/em><\/p>\n\n\n\n<p><em>\u2022 ordine public\u0103\/ carabinieri (ofi\u021beri de ordine public\u0103\/carabinieri);<\/em><\/p>\n\n\n\n<p><em>\u2022 securitatea penitenciar\u0103 (ofi\u021beri pentru administra\u021bia na\u021bional\u0103 a penitenciarelor).<\/em><\/p>\n\n\n\n<p><em>\u2022 administra\u021bia public\u0103 (func\u021bionari publici civili);<\/em><\/p>\n\n\n\n<p><em>\u2022 managementul integrat al frontierei de stat.<\/em><\/p>\n\n\n\n<p>Finalizarea studiilor se realizeaz\u0103 prin examene de licen\u0163\u0103. Absolven\u0163ii care au promovat examenul de licen\u021b\u0103 primesc diploma de licen\u021b\u0103, titlul ob\u021binut &#8211; licen\u021biat \u00een \u015ftiin\u0163e administrative.<\/p>\n\n\n\n<p><strong>DOMENIUL GENERAL DE STUDII: 103 SERVICII ALE SECURIT\u0102\u021aII. Domeniul de formare profesional\u0103: 1039 Protec\u021bia persoanelor \u0219i a propriet\u0103\u021bii<\/strong>.<\/p>\n\n\n\n<p><strong>1<\/strong>. Specialitatea\/programul de studii la ciclul I (licen\u021b\u0103): 1039.1 Securitatea civil\u0103 \u0219i public\u0103 (forma de \u00eenv\u0103\u0163\u0103m\u00e2nt cu frecven\u021b\u0103, 180 ECTS, studii cu finan\u021bare bugetar\u0103, durata studiilor 3 ani) include specializ\u0103ri la solicitarea \u015fi necesitatea angajatorului (MAI). \u00cen cadrul domeniului sunt preg\u0103ti\u021bi func\u021bionari publici\/ func\u021bionari publici cu statut special la urm\u0103toarele specializ\u0103ri:<\/p>\n\n\n\n<p><em>\u2022 investiga\u021bii speciale (ofi\u021beri de investiga\u021bii);<\/em><\/p>\n\n\n\n<p><em>\u2022 investigarea infrac\u021biunilor de corup\u021bie \u0219i conexe;<\/em><\/p>\n\n\n\n<p><em>\u2022 ordine public\u0103\/ carabinieri (ofi\u021beri de ordine public\u0103\/carabinieri);<\/em><\/p>\n\n\n\n<p><em>\u2022 securitatea penitenciar\u0103 (ofi\u021beri pentru administra\u021bia na\u021bional\u0103 a penitenciarelor).<\/em><\/p>\n\n\n\n<p><strong>2<\/strong>. Specialitatea\/programul de studii la ciclul I (licen\u021b\u0103): 1039.4 Securitatea frontierei, migra\u021bie \u0219i azil (forma de \u00eenv\u0103\u0163\u0103m\u00e2nt cu frecven\u021b\u0103, 180 ECTS, studii cu finan\u021bare bugetar\u0103, durata studiilor 3 ani) include specializ\u0103ri la solicitarea \u015fi necesitatea angajatorului (MAI). \u00cen cadrul domeniului sunt preg\u0103ti\u021bi func\u021bionari publici\/ func\u021bionari publici cu statut special la urm\u0103toarele specializ\u0103ri:<\/p>\n\n\n\n<p><em>\u2022 securitatea frontierei;<\/em><\/p>\n\n\n\n<p><em>\u2022 migra\u021bie \u0219i azil.<\/em><\/p>\n\n\n\n<p>Finalizarea studiilor se realizeaz\u0103 prin examene de licen\u0163\u0103. Absolven\u0163ii care au promovat examenul de licen\u021b\u0103 primesc diploma de licen\u021b\u0103, titlul ob\u021binut &#8211; licen\u021biat \u00een servicii ale securit\u0103\u021bii.<\/p>\n\n\n\n<p><strong>&nbsp;&nbsp;&nbsp;&nbsp;&nbsp;&nbsp; <\/strong><\/p>\n\n\n\n<p>\u00censcrierea candida\u0163ilor la concursul de admitere se poate face at\u00e2t cu prezen\u0163a fizic\u0103 la sediul institu\u0163iei: &nbsp;or. Chi\u0219in\u0103u, str. Gheorghe Asachi, nr.21, c\u00e2t \u015fi online, Dosarul de concurs fiind completat, scanat \u0219i trimis \u00eempreun\u0103 cu cererea de \u00eenscriere la concurs la adresa electronic\u0103: <a href=\"mailto:admitere.academia@mai.gov.md\">admitere.academia@mai.gov.md<\/a>.<\/p>\n\n\n\n<p>Candida\u0163ii la studii pentru <strong>locurile cu finan\u0163are de la bugetul de stat<\/strong>, se vor adresa pentru perfectarea dosarului de concurs \u00een serviciul resurse umane al Inspectoratului de Poli\u0163ie din raza domiciliului, sau \u00een subdiviziunea resurse umane a Academiei \u201e\u015etefan cel Mare\u201d, de unde vor primi biletul de \u00eendreptare la comisia medical\u0103 din cadrul MAI, pentru efectuarea examin\u0103rii medicale.<\/p>\n\n\n\n<p><strong>Dosarul de concurs va cuprinde urm\u0103toarele acte \u015fi formulare:<\/strong>Dosarul va con\u021bine urm\u0103toarele acte \u0219i formulare: <\/p>\n\n\n\n<p>1) copia actului de studii, cu anexa respectiv\u0103 (absolven\u021bii liceelor din Rom\u00e2nia \u0219i alte state, promo\u021bia din anul admiterii, depun certificatul de studii, cu notele ob\u021binute la examenele de bacalaureat \u0219i situa\u021bia \u0219colar\u0103 pe anii de studii, urm\u00e2nd ca diploma de bacalaureat s\u0103 fie prezentat\u0103 ulterior); <\/p>\n\n\n\n<p>2) adeverin\u021ba medical\u0103 (F086e) \u2013 pentru candida\u021bii ce opteaz\u0103 pentru locurile cu tax\u0103 de studii;<\/p>\n\n\n\n<p> 3) fi\u0219a examenului medical sau adeverin\u021ba medical\u0103, eliberat\u0103 de subdiviziunile specializate \u00een examinarea medical\u0103 din cadrul MAI \u0219i altor structuri implicate (beneficiari externi) \u00een procesul de recrutare \u2013 numai pentru candida\u021bii la locurile cu finan\u021bare de la bugetul de stat; <\/p>\n\n\n\n<p>4) diplomele de gradul I-III, ob\u021binute de c\u0103tre candida\u021bi la concursurile \u0219colare republicane sau interna\u021bionale la disciplinele de studiu, la diferite concursuri (olimpiade), organizate de MECC sau de MAI; <\/p>\n\n\n\n<p>5) 4 fotografii 3&#215;4 cm \u0219i o fotografie 9&#215;12 cm (\u021binut\u0103 decent\u0103, f\u0103r\u0103 ochelari, bust din fa\u021b\u0103, descoperit); <\/p>\n\n\n\n<p>6) adeverin\u021ba eliberat\u0103 de organul teritorial de tutel\u0103 \u0219i curatel\u0103, pentru persoanele r\u0103mase f\u0103r\u0103 ocrotire p\u0103rinteasc\u0103; <\/p>\n\n\n\n<p>7) certificatul medical corespunz\u0103tor, care atest\u0103 gradul de dizabilitate al p\u0103rintelui (p\u0103rin\u021bilor) candidatului;<\/p>\n\n\n\n<p>8) certificatul, eliberat de organele abilitate, care confirm\u0103 c\u0103 unul din p\u0103rin\u021bii candidatului a participat la ac\u021biunile militare pentru ap\u0103rarea integrit\u0103\u021bii \u0219i independen\u021bei Republicii Moldova, la r\u0103zboiul din Afganistan, la lichidarea consecin\u021belor avariei de la Cernob\u00eel, la opera\u021biunile militare post-conflict cu caracter umanitar \u00een Irak cu statut de militar; <\/p>\n\n\n\n<p>9) certificatul despre componen\u021ba familiei \u0219i copiile certificatelor de na\u0219tere ale fra\u021bilor\/surorilor (pentru candida\u021bii care provin din familii cu trei \u0219i mai mul\u021bi copii, afla\u021bi la \u00eentre\u021binere); <\/p>\n\n\n\n<p>10) confirmarea apartenen\u021bei la familii de romi; <\/p>\n\n\n\n<p>11) copia carnetului de munc\u0103 (dac\u0103 este cazul); <\/p>\n\n\n\n<p>12) confirmare de la ultimul loc de munc\u0103 al p\u0103rintelui candidatului c\u0103zut la datorie sau trecut \u00een rezerv\u0103 \u00een rezultatul gradului de dizabilitate sever\u0103 sau accentuat\u0103 provocat\u0103 \u00een leg\u0103tur\u0103 cu exercitarea atribu\u021biilor de serviciu (pct.43 sbp.1) din prezentul Regulament);<\/p>\n\n\n\n<p> 13) copia certificatului de na\u0219tere al candidatului la studii, inclusiv pentru reprezentantul diasporei moldovene\u0219ti de peste hotare, sau al unuia dintre p\u0103rin\u021bii acestuia, pentru a demonstra \u021bara de origine (Republica Moldova); <\/p>\n\n\n\n<p>14) copia buletinului de identitate \u0219i a fi\u0219ei de \u00eenso\u021bire sau a pa\u0219aportului; <\/p>\n\n\n\n<p>15) livretul militar (pentru candida\u021bii care au efectuat serviciul militar \u00een termen \u00een cadrul For\u021belor Armate ale Republicii Moldova) sau adeverin\u021ba de recrutare (pentru persoanele de gen masculin cu statut de premilitar\/recrut); <\/p>\n\n\n\n<p>16) fi\u0219a personal\u0103 de eviden\u021b\u0103, completat\u0103 doar de candidatul la locurile cu finan\u021bare de la bugetul de stat, conform anexei nr.1 la prezentul Regulament; <\/p>\n\n\n\n<p>17) acordul privind prelucrarea datelor cu caracter personal, completat doar de candidatul la locurile cu tax\u0103 de studii, conform anexei nr.2 la prezentul Regulament; <\/p>\n\n\n\n<p>18) acordul privind testarea integrit\u0103\u021bii profesionale \u0219i monitorizarea stilului de via\u021b\u0103, efectuarea controlului special, inclusiv prin accesarea datelor cu caracter personal, completat doar de candidatul la locurile cu finan\u021bare de la bugetul de stat, forma de \u00eenv\u0103\u021b\u0103m\u00e2nt cu frecven\u021b\u0103, conform anexei nr.3 la prezentul Regulament; <\/p>\n\n\n\n<p>19) declara\u021bia pe propria r\u0103spundere a candidatului, conform modelelor din anexele nr.4 \u0219i nr.5 la prezentul Regulament; <\/p>\n\n\n\n<p>20) alte materiale de studiere<\/p>\n\n\n\n<p>Concomitent cu depunerea dosarului de concurs, \u00eenregistrarea candida\u0163ilor la concursul de admitere se poate face suplimentar \u015fi pe platforma: <a href=\"https:\/\/reru.mai.gov.md\/\" data-type=\"URL\" data-id=\"https:\/\/reru.mai.gov.md\/\">reru.mai.gov.md<\/a>.<\/p>\n\n\n\n<p>Candida\u0163ii, de\u0163in\u0103tori ai diplomelor de studii superioare universitare, diplomelor de licen\u0163\u0103, care opteaz\u0103 pentru locuri cu finan\u0163are de la bugetul de stat, vor prezenta adeverin\u0163a privind modalitatea studiilor realizate (buget sau contract \u00een baza taxei de studii), pentru toat\u0103 perioada de studii, cu descifrare pentru fiecare an, eliberat\u0103 de institu\u021bia de \u00eenv\u0103\u021b\u0103m\u00e2nt superior, care au absolvit-o.<\/p>\n\n\n\n<p class=\"has-text-align-center\"><br><strong>Oferta educa\u021bional\u0103<\/strong><\/p>\n\n\n\n<ul><li> \u00cen aten\u021bia abiturien\u021bilor. Academia Na\u021bional\u0103 de Poli\u021bie din Republica Turcia ofer\u0103 \u00een anul de studii 2024-2025 pentru Republica Moldova 5 locuri (4 b\u0103rba\u021bi si 1 doamn\u0103) pentru admitere la facultatea de Securitate. Pentru detalii, cei interesa\u021bi se pot adresa la Comisia de admitere a Academiei &#8220;\u0218tefan cel Mare&#8221; a MAI.<\/li><\/ul>\n","protected":false},"excerpt":{"rendered":"<p>CICLUL I \u2013 STUDII SUPERIOARE DE LICEN\u021a\u0102 Termenele de organizare \u0219i desf\u0103\u0219urare a sesiunii suplimentare a concursului de admitere la studii superioare de licen\u021b\u0103 (ciclul I)&nbsp;\u00een cadrul&nbsp;Academiei&nbsp;,,\u0218tefan cel Mare\u201d a [&hellip;]<\/p>\n","protected":false},"author":8,"featured_media":0,"parent":192,"menu_order":0,"comment_status":"closed","ping_status":"closed","template":"","meta":[],"translation":{"provider":"WPGlobus","version":"2.12.2","language":"gb","enabled_languages":["ro","gb"],"languages":{"ro":{"title":true,"content":true,"excerpt":false},"gb":{"title":false,"content":false,"excerpt":false}}},"acf":[],"_links":{"self":[{"href":"https:\/\/academy.police.md\/gb\/wp-json\/wp\/v2\/pages\/1315"}],"collection":[{"href":"https:\/\/academy.police.md\/gb\/wp-json\/wp\/v2\/pages"}],"about":[{"href":"https:\/\/academy.police.md\/gb\/wp-json\/wp\/v2\/types\/page"}],"author":[{"embeddable":true,"href":"https:\/\/academy.police.md\/gb\/wp-json\/wp\/v2\/users\/8"}],"replies":[{"embeddable":true,"href":"https:\/\/academy.police.md\/gb\/wp-json\/wp\/v2\/comments?post=1315"}],"version-history":[{"count":109,"href":"https:\/\/academy.police.md\/gb\/wp-json\/wp\/v2\/pages\/1315\/revisions"}],"predecessor-version":[{"id":22875,"href":"https:\/\/academy.police.md\/gb\/wp-json\/wp\/v2\/pages\/1315\/revisions\/22875"}],"up":[{"embeddable":true,"href":"https:\/\/academy.police.md\/gb\/wp-json\/wp\/v2\/pages\/192"}],"wp:attachment":[{"href":"https:\/\/academy.police.md\/gb\/wp-json\/wp\/v2\/media?parent=1315"}],"curies":[{"name":"wp","href":"https:\/\/api.w.org\/{rel}","templated":true}]}}