{"id":12699,"date":"2023-06-05T09:34:34","date_gmt":"2023-06-05T06:34:34","guid":{"rendered":"https:\/\/academy.police.md\/?page_id=12699"},"modified":"2023-12-21T11:20:00","modified_gmt":"2023-12-21T09:20:00","slug":"teze-de-doctorat-2023","status":"publish","type":"page","link":"https:\/\/academy.police.md\/gb\/scoala-doctorala\/sustinere-teze-de-doctorat\/teze-de-doctorat\/teze-de-doctorat-2023","title":{"rendered":"2023"},"content":{"rendered":"\n<p>Tema: \u201eRolul sistemului progresiv de executare a pedepselor privative de libertate \u00een realizarea scopului pedepsei penale\u201d<br>Autor: <strong>CRUDU Alexandr<\/strong>.<br><a href=\"\/wp-content\/uploads\/2023\/06\/Aviz-sustinere-publica-CRUDU-Al..docx\" data-type=\"URL\" data-id=\"\/wp-content\/uploads\/2023\/06\/Aviz-sustinere-publica-CRUDU-Al..docx\">Aviz sus\u021binere public\u0103<\/a><br><a href=\"\/wp-content\/uploads\/2023\/07\/Crudu-Alexandru-teza-1.pdf\" data-type=\"URL\" data-id=\"\/wp-content\/uploads\/2023\/07\/Crudu-Alexandru-teza-1.pdf\">Teza de doctorat.        <br><\/a>Rezumatul tezei: <a href=\"\/wp-content\/uploads\/2023\/06\/Crudu-rezumat-RO.pdf\" data-type=\"URL\" data-id=\"\/wp-content\/uploads\/2023\/06\/Crudu-rezumat-RO.pdf\">RO <\/a>| <a href=\"\/wp-content\/uploads\/2023\/06\/Crudu-rezumat-ENG.pdf\" data-type=\"URL\" data-id=\"\/wp-content\/uploads\/2023\/06\/Crudu-rezumat-ENG.pdf\">EN<\/a> <br>Competen\u021bele candidatului: <a href=\"\/wp-content\/uploads\/2023\/06\/CV-europass-Crudu.docx\" data-type=\"URL\" data-id=\"\/wp-content\/uploads\/2023\/06\/CV-europass-Crudu.docx\">CV<\/a> | <a href=\"\/wp-content\/uploads\/2023\/06\/Informatia-privind-comp.-profesionale-a-membrilor-CD-20.06.2023.docx\" data-type=\"URL\" data-id=\"\/wp-content\/uploads\/2023\/06\/Informatia-privind-comp.-profesionale-a-membrilor-CD-20.06.2023.docx\">Lista de publica\u021bi<\/a> <br>Comisia de doctorat:  <a href=\"\/wp-content\/uploads\/2023\/06\/Membrii-Comisiei-de-doctorat.docx\" data-type=\"URL\" data-id=\"\/wp-content\/uploads\/2023\/06\/Membrii-Comisiei-de-doctorat.docx\">Membrii comisiei<\/a>                                                                                      <\/p>\n\n\n\n<p><\/p>\n\n\n\n<p>Tema: \u201eR\u0103spunderea penal\u0103 pentru divulgarea secretului de stat\u201d<br>Autor: <strong>GAINA Alexandru<\/strong>.<br><a href=\"\/wp-content\/uploads\/2023\/06\/AVIZ-privind-sustinerea-tezei-de-doctor-Gaina-A.pdf\">Aviz sus\u021binere public\u0103<\/a><br><a href=\"\/wp-content\/uploads\/2023\/06\/teza-de-doctorat-1.pdf\">Teza de doctorat    <\/a>    <br>Rezumatul tezei: <a href=\"\/wp-content\/uploads\/2023\/06\/RO.pdf\">RO <\/a>| <a href=\"https:\/\/academy.police.md\/wp-content\/uploads\/2023\/06\/EN-1.pdf\">EN<\/a> <br>Competen\u021bele candidatului: <a href=\"\/wp-content\/uploads\/2023\/06\/CV1.pdf\">CV<\/a> | <a href=\"\/wp-content\/uploads\/2023\/06\/Lista-de-publicatii1.pdf\">Lista de publica\u021bi<\/a> <br>Comisia de doctorat:  <a href=\"\/wp-content\/uploads\/2023\/06\/Membrii-comisiei.pdf\">Membrii comisiei<\/a> | <a href=\"\/wp-content\/uploads\/2023\/07\/Informatia-privind-competenta-profesionala-a-membrilor.pdf\">Informa\u0163ii privind membrii comisiei <\/a>                                                                                    <\/p>\n\n\n\n<p><\/p>\n\n\n\n<p>Tema: \u201eAnaliza juridico-penal\u0103 a infrac\u021biunii de falsificare a probelor\u201d<br>Autor: <strong><strong>PITERSCHI Eugen<\/strong><\/strong>. <br>           <a href=\"\/wp-content\/uploads\/2023\/06\/AVIZ-privind-sustinerea-tezei-de-doctor-Piterschi-E.docx\" data-type=\"URL\" data-id=\"\/wp-content\/uploads\/2023\/06\/AVIZ-privind-sustinerea-tezei-de-doctor-Piterschi-E.docx\">Aviz sus\u0163inere public\u0103<\/a><br>           <a href=\"\/wp-content\/uploads\/2023\/06\/Teza-Eugeniu-Piterschi.pdf\" data-type=\"URL\" data-id=\"\/wp-content\/uploads\/2023\/06\/Teza-Eugeniu-Piterschi.pdf\">Teza de doctorat<\/a><br>           Rezumatul tezei: <a href=\"\/wp-content\/uploads\/2023\/06\/autoreferat_Piterschi-E.-in-romana.pdf\" data-type=\"URL\" data-id=\"\/wp-content\/uploads\/2023\/06\/autoreferat_Piterschi-E.-in-romana.pdf\">RO<\/a> | <a href=\"\/wp-content\/uploads\/2023\/06\/autoreferat_Piterschi-E.-in-engleza.pdf\" data-type=\"URL\" data-id=\"\/wp-content\/uploads\/2023\/06\/autoreferat_Piterschi-E.-in-engleza.pdf\">EN<\/a><br>           Competen\u0163ele candidatului: <a href=\"\/wp-content\/uploads\/2023\/06\/CV-europass-Piterschii.docx\" data-type=\"URL\" data-id=\"\/wp-content\/uploads\/2023\/06\/CV-europass-Piterschii.docx\">CV<\/a> | <a href=\"\/wp-content\/uploads\/2023\/06\/Lista-publicatiilor-si-link-or-la-articole.docx\" data-type=\"URL\" data-id=\"\/wp-content\/uploads\/2023\/06\/Lista-publicatiilor-si-link-or-la-articole.docx\">Lista de publica\u0163ii<\/a><br>           Comisia de doctorat: <a href=\"\/wp-content\/uploads\/2023\/06\/Membrii-comisiei.docx\" data-type=\"URL\" data-id=\"\/wp-content\/uploads\/2023\/06\/Membrii-comisiei.docx\">Membrii comisiei<\/a> | <a href=\"\/wp-content\/uploads\/2023\/06\/Informatia-privind-competenta-profesionala-a-membrilor-CD.docx\" data-type=\"URL\" data-id=\"\/wp-content\/uploads\/2023\/06\/Informatia-privind-competenta-profesionala-a-membrilor-CD.docx\">Informa\u0163ii privind membrii comisiei<\/a><\/p>\n\n\n\n<p>Tema: \u201eProtec\u0163ia mediului prin prisma conceptelor de proprietate\u201d<br>Autor: <strong>GLADCHI Mircea<\/strong>.<br><a href=\"https:\/\/academy.police.md\/wp-content\/uploads\/2023\/11\/AVIZ-privind-sustinerea-tezei-GLADCHI-Mircea.pdf\">Aviz sus\u021binere public\u0103<\/a><br><a href=\"https:\/\/academy.police.md\/wp-content\/uploads\/2023\/11\/TEZA-DE-DOCTOR-GLADCHI-Mircea.pdf\">Teza de doctorat.<br><\/a>Rezumatul tezei: <a href=\"https:\/\/academy.police.md\/wp-content\/uploads\/2023\/11\/Autoreferat_GLADCHI_M_RO.pdf\">RO <\/a>| <a href=\"https:\/\/academy.police.md\/wp-content\/uploads\/2023\/11\/Autoreferat_GLADCHI_M_ENG.pdf\">EN<\/a><br>Competen\u021bele candidatului: <a href=\"https:\/\/academy.police.md\/wp-content\/uploads\/2023\/11\/CV-GLADCHI-Mircea.pdf\">CV<\/a> | <a href=\"https:\/\/academy.police.md\/wp-content\/uploads\/2023\/11\/Lista_lucrarilor_stiintifice_GLADCHI-Mircea.pdf\">Lista de publica\u021bi<\/a><br>Comisia de doctorat: <a href=\"https:\/\/academy.police.md\/wp-content\/uploads\/2023\/11\/Comisia-de-doctorat_GLADCHI-Mircea.pdf\">Membrii comisiei<\/a><\/p>\n\n\n\n<p>Tema tezei de doctor habilitat:\u00a0<em>Asigurarea drepturilor omului \u00een cadrul etapelor prejudiciare: normativul procesual penal na\u0163ional, practici europene \u015fi interna\u0163ionale<\/em><br>Autor: <strong>OSTAVCIUC Dinu, dr., conf. univ.<\/strong><br><a rel=\"noreferrer noopener\" href=\"\/wp-content\/uploads\/2023\/12\/Aviz-sustinerea-publica-a-tezei-de-dr.-hab-OSTAVCIUC-Dinu-dr.-conf.-univ..pdf\" target=\"_blank\">Aviz sus\u0163inere public\u0103:<\/a><br><a rel=\"noreferrer noopener\" href=\"\/wp-content\/uploads\/2023\/12\/20231204-Ostavciuc-Dinu-TEZA-HABILITAT-FINAL-PDF.pdf\" target=\"_blank\">Teza de doctor habilitat:<\/a><br>Rezumatul tezei: <a rel=\"noreferrer noopener\" href=\"\/wp-content\/uploads\/2023\/12\/Ostavciuc_D_rezumat_TEZA_DOCTOR_HABILITAT_ro_1.pdf\" target=\"_blank\">RO<\/a> \/ <a rel=\"noreferrer noopener\" href=\"\/wp-content\/uploads\/2023\/12\/Ostavciuc_D_rezumat_TEZA_DOCTOR_HABILITAT_eng_1.pdf\" target=\"_blank\">ENG<\/a><br>Competen\u0163ele candidatului: <a rel=\"noreferrer noopener\" href=\"\/wp-content\/uploads\/2023\/12\/CV-OSTAVCIUC-Dinu-dr.-conf.-univ..pdf\" target=\"_blank\">CV<\/a> \/ <a rel=\"noreferrer noopener\" href=\"\/wp-content\/uploads\/2023\/12\/Lista-publicatiilor-OSTAVCIUC-Dinu-dr.-conf.-univ..pdf\" target=\"_blank\">Lista publica\u0163iilor<\/a><br>Comisia de sus\u0163inere public\u0103: <a href=\"\/wp-content\/uploads\/2023\/12\/Competent-profesion-Comisia-SP2023.pdf\" data-type=\"URL\" data-id=\"\/wp-content\/uploads\/2023\/12\/Competent-profesion-Comisia-SP2023.pdf\" target=\"_blank\" rel=\"noreferrer noopener\">Informa\u0163ii privind membrii comisiei<\/a><\/p>\n","protected":false},"excerpt":{"rendered":"<p>Tema: \u201eRolul sistemului progresiv de executare a pedepselor privative de libertate \u00een realizarea scopului pedepsei penale\u201dAutor: CRUDU Alexandr.Aviz sus\u021binere public\u0103Teza de doctorat. Rezumatul tezei: RO | EN Competen\u021bele candidatului: CV [&hellip;]<\/p>\n","protected":false},"author":8,"featured_media":0,"parent":5280,"menu_order":0,"comment_status":"closed","ping_status":"closed","template":"","meta":[],"translation":{"provider":"WPGlobus","version":"2.12.2","language":"gb","enabled_languages":["ro","gb"],"languages":{"ro":{"title":true,"content":true,"excerpt":false},"gb":{"title":false,"content":false,"excerpt":false}}},"acf":[],"_links":{"self":[{"href":"https:\/\/academy.police.md\/gb\/wp-json\/wp\/v2\/pages\/12699"}],"collection":[{"href":"https:\/\/academy.police.md\/gb\/wp-json\/wp\/v2\/pages"}],"about":[{"href":"https:\/\/academy.police.md\/gb\/wp-json\/wp\/v2\/types\/page"}],"author":[{"embeddable":true,"href":"https:\/\/academy.police.md\/gb\/wp-json\/wp\/v2\/users\/8"}],"replies":[{"embeddable":true,"href":"https:\/\/academy.police.md\/gb\/wp-json\/wp\/v2\/comments?post=12699"}],"version-history":[{"count":27,"href":"https:\/\/academy.police.md\/gb\/wp-json\/wp\/v2\/pages\/12699\/revisions"}],"predecessor-version":[{"id":16882,"href":"https:\/\/academy.police.md\/gb\/wp-json\/wp\/v2\/pages\/12699\/revisions\/16882"}],"up":[{"embeddable":true,"href":"https:\/\/academy.police.md\/gb\/wp-json\/wp\/v2\/pages\/5280"}],"wp:attachment":[{"href":"https:\/\/academy.police.md\/gb\/wp-json\/wp\/v2\/media?parent=12699"}],"curies":[{"name":"wp","href":"https:\/\/api.w.org\/{rel}","templated":true}]}}