{"id":113,"date":"2020-09-24T17:50:52","date_gmt":"2020-09-24T17:50:52","guid":{"rendered":"http:\/\/localhost\/?page_id=113"},"modified":"2025-03-26T09:11:37","modified_gmt":"2025-03-26T07:11:37","slug":"directia-studii-si-management-al-calitatii","status":"publish","type":"page","link":"https:\/\/academy.police.md\/gb\/directia-studii-si-management-al-calitatii","title":{"rendered":"Direc\u0163ia studii \u015fi management al calit\u0103\u0163ii"},"content":{"rendered":"\n<p><b>Conducerea:<\/b> <br><\/p>\n\n\n\n<figure class=\"wp-block-image size-large\"><img loading=\"lazy\" width=\"1024\" height=\"1001\" src=\"\/wp-content\/uploads\/2023\/02\/MB-1-1024x1001.jpg\" alt=\"\" class=\"wp-image-10245\" srcset=\"\/wp-content\/uploads\/2023\/02\/MB-1-1024x1001.jpg 1024w, \/wp-content\/uploads\/2023\/02\/MB-1-300x293.jpg 300w, \/wp-content\/uploads\/2023\/02\/MB-1-768x751.jpg 768w, \/wp-content\/uploads\/2023\/02\/MB-1.jpg 1090w\" sizes=\"(max-width: 1024px) 100vw, 1024px\" \/><\/figure>\n\n\n\n<p>Marcel BO\u015eCANEANU \u2013 \u015fef direc\u0163ie, comisar-\u0219ef, conf. univ., dr.\u00een drept.<\/p>\n\n\n\n<p>Anatolie CANAN\u0102U \u2013 \u015fef adjunct direc\u0163ie, \u0219ef al sec\u021biei studii, comisar-\u015fef, conf.univ., dr.\u00een drept.<\/p>\n\n\n\n<p><b>Date de contact:<\/b> <br> mun.Chi\u015fin\u0103u, str. Gh. Asachi 21,tel. 022723448 <br> marcel.boscaneanu@mai.gov.md <br> anatolie.cananau@mai.gov.md<\/p>\n\n\n\n<p><b>Structura direc\u0163iei:<\/b> <br>Sec\u0163ia management al calit\u0103\u0163ii <br>Sec\u021bia studii<br>Serviciul orientare profesional\u0103 \u015fi ghidare \u00een carier\u0103<\/p>\n\n\n\n<p><b>Competen\u0163e \u015fi misiunea:<\/b> <br> Direc\u0163ia studii \u015fi management al calit\u0103\u0163ii (DSMC) este o subdiviziune din cadrul Academiei \u201e\u0218tefan cel Mare\u201d a MAI al RM, instituit\u0103 prin Ordinul MAI nr. 651 din 11 octombrie 2019 cu privire la aprobarea structurii statului de organizare \u015fi organigramei Academiei \u201e\u015etefan cel Mare\u201d a MAI. <br> DSMC al Academiei este structura de asigurare a managementului calit\u0103\u0163ii studiilor, proiect\u0103rii activit\u0103\u0163ii didactice \u015fi metodice, eviden\u0163\u0103 \u015fi acte de studii, orientarea profesional\u0103 \u015fi ghidarea \u00een carier\u0103 c\u00e2t \u015fi de organizare a evalu\u0103rii academice periodice pe baza criteriilor \u015fi standartelor educa\u0163ionale na\u0163ionale. <br> Misiunea DSMC al Academiei const\u0103 \u00een sprijinirea managementului calit\u0103\u0163ii \u015fi \u00een realizarea politicii Academiei \u00een domeniul calit\u0103\u0163ii studiilor, prin proiectarea, implementarea, monitorizarea \u015fi \u00eembun\u0103t\u0103\u0163irea continu\u0103 a asigur\u0103rii \u015fi evalu\u0103rii calit\u0103\u0163ii studiilor la nivel de facultate \u015fi direc\u0163ii, elaborarea rapoartelor cu privire la managementul calit\u0103\u0163ii, \u00een acord cu respectarea exigen\u0163elor externe specifice asigur\u0103rii \u015fi evalu\u0103rii calit\u0103\u0163ii.<\/p>\n","protected":false},"excerpt":{"rendered":"<p>Conducerea: Marcel BO\u015eCANEANU \u2013 \u015fef direc\u0163ie, comisar-\u0219ef, conf. univ., dr.\u00een drept. Anatolie CANAN\u0102U \u2013 \u015fef adjunct direc\u0163ie, \u0219ef al sec\u021biei studii, comisar-\u015fef, conf.univ., dr.\u00een drept. Date de contact: mun.Chi\u015fin\u0103u, str. [&hellip;]<\/p>\n","protected":false},"author":8,"featured_media":0,"parent":0,"menu_order":0,"comment_status":"closed","ping_status":"closed","template":"","meta":[],"translation":{"provider":"WPGlobus","version":"2.12.2","language":"gb","enabled_languages":["ro","gb"],"languages":{"ro":{"title":true,"content":true,"excerpt":false},"gb":{"title":false,"content":false,"excerpt":false}}},"acf":[],"_links":{"self":[{"href":"https:\/\/academy.police.md\/gb\/wp-json\/wp\/v2\/pages\/113"}],"collection":[{"href":"https:\/\/academy.police.md\/gb\/wp-json\/wp\/v2\/pages"}],"about":[{"href":"https:\/\/academy.police.md\/gb\/wp-json\/wp\/v2\/types\/page"}],"author":[{"embeddable":true,"href":"https:\/\/academy.police.md\/gb\/wp-json\/wp\/v2\/users\/8"}],"replies":[{"embeddable":true,"href":"https:\/\/academy.police.md\/gb\/wp-json\/wp\/v2\/comments?post=113"}],"version-history":[{"count":16,"href":"https:\/\/academy.police.md\/gb\/wp-json\/wp\/v2\/pages\/113\/revisions"}],"predecessor-version":[{"id":23901,"href":"https:\/\/academy.police.md\/gb\/wp-json\/wp\/v2\/pages\/113\/revisions\/23901"}],"wp:attachment":[{"href":"https:\/\/academy.police.md\/gb\/wp-json\/wp\/v2\/media?parent=113"}],"curies":[{"name":"wp","href":"https:\/\/api.w.org\/{rel}","templated":true}]}}