{"id":11068,"date":"2023-04-13T09:30:11","date_gmt":"2023-04-13T06:30:11","guid":{"rendered":"https:\/\/www.academy.police.md\/?page_id=11068"},"modified":"2023-04-13T09:32:10","modified_gmt":"2023-04-13T06:32:10","slug":"acreditare-jurnalisti","status":"publish","type":"page","link":"https:\/\/academy.police.md\/gb\/presa\/acreditare-jurnalisti","title":{"rendered":"Acreditare jurnali\u0219ti"},"content":{"rendered":"\n<p>Pentru a asigura accesul reprezentan\u021bilor presei la informa\u021biile de interes public, Ministerul Afacerilor Interne (MAI) acord\u0103 la cerere, f\u0103r\u0103 discriminare, acredit\u0103ri permanente sau temporare jurnali\u0219tilor \u0219i altor reprezentan\u021bi ai mass-media. Persoanele acreditate vor avea acces prioritar la informa\u021biile difuzate \u0219i evenimentele organizate de MAI.<\/p>\n\n\n\n<p><strong>Acreditarea permanent\u0103<\/strong><br>Acreditarea permanent\u0103 este valabil\u0103 p\u00e2n\u0103 la sf\u00e2r\u0219itul anului \u00een curs, iar jurnali\u0219tii care au acreditare permanent\u0103 sunt informa\u021bi prin e-mail cu privire la activit\u0103\u021bile MAI \u0219i au acces la ac\u021biunile publice organizate de MAI.<br>Pentru ob\u021binerea unei acredit\u0103ri permanente la MAI, jurnali\u0219tii trebuie s\u0103 completeze \u0219i s\u0103 transmit\u0103 o cerere de acreditare, al c\u0103rei model poate fi&nbsp;<a href=\"https:\/\/www.mai.gov.md\/sites\/default\/files\/Presa\/Formular-acreditare-MAI-RO-engl.doc\">desc\u0103rcat&nbsp;de aici<\/a>&nbsp;<em>(timp mediu estimativ pentru completare: 5 minute)<\/em>.<\/p>\n\n\n\n<p>Cererea de acreditare va fi \u00eenso\u021bit\u0103, pentru conformitate, de urm\u0103toarele documente:<\/p>\n\n\n\n<p>&nbsp;&#8211; fotografie tip legitima\u021bie;&nbsp;&nbsp;<\/p>\n\n\n\n<p>&nbsp;&#8211; copie a legitima\u021biei de serviciu; &nbsp;<\/p>\n\n\n\n<p>&nbsp;&#8211; copie a c\u0103r\u021bii de identitate.<\/p>\n\n\n\n<p>Documentele men\u021bionate mai sus pot fi transmise \u00een format electronic la adresa:<br><strong>E-mail:<\/strong>\u00a0presa@mai.gov.md<br><strong>Tel:<\/strong>\u00a0+3736711704<br><strong>Adresa:<\/strong>\u00a0Chi\u0219in\u0103u, bd. \u0218tefan cel Mare \u0219i Sf\u00e2nt 75, MD-2012.<\/p>\n\n\n\n<p>Acredit\u0103rile permanente sunt eliberate astfel:&nbsp;&nbsp;<\/p>\n\n\n\n<p>&nbsp;&#8211;&nbsp;pentru presa scris\u0103 central\u0103: 3 redactori \u0219i 2 fotoreporteri;&nbsp;&nbsp;<\/p>\n\n\n\n<p>&nbsp;&#8211; pentru presa scris\u0103 local\u0103: 1 redactor \u0219i 1 fotoreporter; &nbsp;<\/p>\n\n\n\n<p>&nbsp;&#8211; pentru posturi de radio \u0219i televiziune: 3 redactori \u0219i 8 operatori \u0219i tehnicieni;&nbsp;&nbsp;<\/p>\n\n\n\n<p>&nbsp;&#8211;&nbsp;pentru agen\u021biile de pres\u0103: 3 redactori \u0219i 3 fotoreporteri.<\/p>\n\n\n\n<p>Acreditarea permanent\u0103 se acord\u0103 \u00een termen de 2 (dou\u0103) zile lucr\u0103toare de la \u00eenregistrarea cererii de acreditare \u0219i este valabil\u0103 p\u00e2n\u0103 la sf\u00e2r\u0219itul anului \u00een curs, necesit\u00e2nd o re\u00eennoire anual\u0103.<\/p>\n\n\n\n<p>Dup\u0103 ob\u021binerea acredit\u0103rii, prin prezentarea la sediul MAI, reprezentan\u021bii mass-media vor ridica legitima\u021biile de acreditare, dup\u0103 prezentarea unui act de identitate sau a legitima\u021biei de pres\u0103, \u00een termen de valabilitate. Legitima\u021biile de acreditare nu sunt transmisibile.<\/p>\n\n\n\n<p><strong>Acreditarea temporar\u0103<\/strong><\/p>\n\n\n\n<p>Acreditarea temporar\u0103 este valabil\u0103 o zi \u0219i permite accesul jurnali\u0219tilor la ac\u021biunile publice organizate de MAI. Acreditarea temporar\u0103 poate fi ob\u021binut\u0103 de fiecare dat\u0103, pe baza unei cereri de acreditare din partea redac\u021biei, semnat\u0103 de redactorul-\u0219ef, pentru persoana\/persoanele care solicit\u0103 acreditarea.<\/p>\n\n\n\n<p>Un model de cerere de acreditare poate fi <a href=\"https:\/\/www.mai.gov.md\/sites\/default\/files\/Presa\/Formular-acreditare-MAI-RO-engl_0.doc\">desc\u0103rcat de aici<\/a>\u00a0<em>(timp mediu estimativ pentru completare: 5 minute)<\/em>.<\/p>\n\n\n\n<p>Cererea de acreditare va fi \u00eenso\u021bit\u0103, pentru conformitate, de urm\u0103toarele documente:<\/p>\n\n\n\n<p>&nbsp;&#8211; fotografie tip legitima\u021bie;&nbsp;<\/p>\n\n\n\n<p>&nbsp;&#8211;&nbsp;copie a legitima\u021biei de serviciu;&nbsp; &nbsp;<\/p>\n\n\n\n<p>&nbsp;&#8211;&nbsp;copie a c\u0103r\u021bii de identitate.<\/p>\n\n\n\n<p><strong>Refuzul, retragerea sau expirarea acredit\u0103rii<\/strong><\/p>\n\n\n\n<p>Retragerea sau refuzul acredit\u0103rii unui reprezentant mass-media trebuie s\u0103 fie motivat\u0103 de fapte care \u00eempiedic\u0103 desf\u0103\u0219urarea \u00een condi\u021bii de normalitate a activit\u0103\u021bii MAI \u0219i care nu privesc opiniile exprimate \u00een pres\u0103 de respectivul ziarist. \u00cen cazul retragerii acredit\u0103rii unui jurnalist, institu\u021bia de pres\u0103 (redac\u021bia \u00een numele c\u0103reia acesta a ob\u021binut acreditarea) va fi informat\u0103, pentru a i se asigura ob\u021binerea acredit\u0103rii unui alt jurnalist.<\/p>\n\n\n\n<p>\u00cen cazul \u00een care jurnalistul acreditat a \u00eencetat contractul de munc\u0103 redac\u021bia \u00een numele c\u0103reia acesta a ob\u021binut acreditare la MAI, acreditarea acestuia \u00ee\u0219i pierde valabilitatea. Astfel, institu\u021biile mass-media trebuie s\u0103 \u00een\u0219tiin\u021beze \u00een scris MAI \u00een cazul \u00een care doresc retragerea acredit\u0103rii unui jurnalist sau dac\u0103 sunt cazuri \u00een care \u00eenceteaz\u0103 raporturile de munc\u0103 dintre jurnalistul acreditat \u0219i redac\u021bia \u00een numele c\u0103reia acesta a ob\u021binut acreditare la MAI.<\/p>\n\n\n\n<p>De asemenea, jurnali\u0219tii cu acreditare permanent\u0103 sunt ruga\u021bi s\u0103 solicite re\u00eennoirea acredit\u0103rii la MAI, la \u00eenceputul fiec\u0103rui an calendaristic. Notific\u0103rile \u0219i solicit\u0103rile referitoare la acredit\u0103rile jurnali\u0219tilor pot fi transmise \u00een scris la:<\/p>\n\n\n\n<p><br><strong>E-mail:<\/strong>&nbsp;presa@mai.gov.md<br><strong>Tel:<\/strong>&nbsp;+37367117042<br><strong>Adresa:<\/strong>&nbsp;Chi\u021bin\u0103u, bd. \u0218tefan cel Mare \u0219i Sf\u00e2nt 75, MD-2012.<\/p>\n\n\n\n<p><strong>Acreditarea jurnali\u0219tilor str\u0103ini<\/strong><br>Procedura de acreditare a reprezentan\u0163ilor mass-media de peste hotare este&nbsp;<a href=\"https:\/\/mfa.gov.md\/ro\/content\/acreditarea-jurnalistilor-straini\">reglementat\u0103 de c\u0103tre MAEIE.<\/a><\/p>\n\n\n\n<p><strong>Informa\u021bii suplimentare despre acreditarea jurnali\u0219tilor<\/strong><\/p>\n\n\n\n<p>Informa\u021bii suplimentare privind modul de acreditare a jurnali\u0219tilor la MAI pot fi ob\u021binute la num\u0103rul de telefon +37367117042 (de luni p\u00e2n\u0103 vineri \u00een intervalul orar 08.00 -16.15) sau la adresa de<strong>&nbsp;e-mail:<\/strong>&nbsp;presa@mai.gov.md.<\/p>\n","protected":false},"excerpt":{"rendered":"<p>Pentru a asigura accesul reprezentan\u021bilor presei la informa\u021biile de interes public, Ministerul Afacerilor Interne (MAI) acord\u0103 la cerere, f\u0103r\u0103 discriminare, acredit\u0103ri permanente sau temporare jurnali\u0219tilor \u0219i altor reprezentan\u021bi ai mass-media. [&hellip;]<\/p>\n","protected":false},"author":8,"featured_media":0,"parent":11066,"menu_order":0,"comment_status":"closed","ping_status":"closed","template":"","meta":[],"translation":{"provider":"WPGlobus","version":"2.12.2","language":"gb","enabled_languages":["ro","gb"],"languages":{"ro":{"title":true,"content":true,"excerpt":false},"gb":{"title":false,"content":false,"excerpt":false}}},"acf":[],"_links":{"self":[{"href":"https:\/\/academy.police.md\/gb\/wp-json\/wp\/v2\/pages\/11068"}],"collection":[{"href":"https:\/\/academy.police.md\/gb\/wp-json\/wp\/v2\/pages"}],"about":[{"href":"https:\/\/academy.police.md\/gb\/wp-json\/wp\/v2\/types\/page"}],"author":[{"embeddable":true,"href":"https:\/\/academy.police.md\/gb\/wp-json\/wp\/v2\/users\/8"}],"replies":[{"embeddable":true,"href":"https:\/\/academy.police.md\/gb\/wp-json\/wp\/v2\/comments?post=11068"}],"version-history":[{"count":3,"href":"https:\/\/academy.police.md\/gb\/wp-json\/wp\/v2\/pages\/11068\/revisions"}],"predecessor-version":[{"id":11071,"href":"https:\/\/academy.police.md\/gb\/wp-json\/wp\/v2\/pages\/11068\/revisions\/11071"}],"up":[{"embeddable":true,"href":"https:\/\/academy.police.md\/gb\/wp-json\/wp\/v2\/pages\/11066"}],"wp:attachment":[{"href":"https:\/\/academy.police.md\/gb\/wp-json\/wp\/v2\/media?parent=11068"}],"curies":[{"name":"wp","href":"https:\/\/api.w.org\/{rel}","templated":true}]}}