{"id":10082,"date":"2023-02-03T15:46:54","date_gmt":"2023-02-03T13:46:54","guid":{"rendered":"https:\/\/academy.police.md\/?page_id=10082"},"modified":"2024-11-12T09:37:20","modified_gmt":"2024-11-12T07:37:20","slug":"regulamente-institutionale","status":"publish","type":"page","link":"https:\/\/academy.police.md\/gb\/decanatul-facultatii-drept-ordine-publica-si-securitate-civila\/acte-normative-a-facultatii-dopsc\/regulamente-institutionale","title":{"rendered":"Regulamente institu\u0163ionale"},"content":{"rendered":"\n<ol><li><a href=\"\/wp-content\/uploads\/2023\/02\/Regulament-de-organizarea-ciclul-I-2022.pdf\">Regulamentul de organizare a studiilor superioare de licen\u0163\u0103 (ciclul I) a Facult\u0103\u0163ii drept, administra\u0163ie, ordine \u015fi securitate public\u0103;<\/a><\/li><li><a href=\"\/wp-content\/uploads\/2023\/02\/Regulament-de-organizare-a-Facultatii-2022.pdf\">Regulamentul cu privire la organizarea \u015fi func\u0163ionarea Consiliului Facult\u0103\u0163ii ,,Drept, administra\u021bie, ordine \u015fi securitate public\u0103\u201d al Academiei \u201e\u015etefan cel Mare\u201d a MAI;<\/a><\/li><li><a href=\"\/wp-content\/uploads\/2023\/02\/Model-curricular-institutional-2021.pdf\">Model de curriculum institu\u021bional pentru studiile superioare de licen\u021b\u0103 (ciclul I) \u0219i de master (ciclul II) realizate \u00een cadrul Academiei \u201e\u015etefan cel Mare\u201d a MAI 2021;<\/a><\/li><li><a href=\"\/wp-content\/uploads\/2024\/10\/IMG_0002.pdf\">Model de curriculum institu\u021bional pentru studiile superioare de licen\u021b\u0103 (ciclul I) \u0219i de master (ciclul II) realizate \u00een cadrul Academiei \u201e\u015etefan cel Mare\u201d a MAI 2024;<\/a><\/li><li><a href=\"\/wp-content\/uploads\/2023\/02\/Regulament-de-organizare-a-evaluarii-activitati-2022.pdf\">Regulamentul privind organizarea evalu\u0103rii activit\u0103\u0163ii de \u00eenv\u0103\u0163are a studen\u0163ilor \u00een cadrul Academiei \u201e\u015etefan cel Mare\u201d a MAI;<\/a><\/li><li><a href=\"\/wp-content\/uploads\/2023\/02\/Regulament-Master-2022-Final.pdf\">Regulamentul cu privire la organizarea \u0219i desf\u0103\u0219urarea studiilor superioare de master \u2013 ciclul II \u00een cadrul Academiei \u201e\u0218tefan cel Mare\u201d a MAI;<\/a><\/li><li><a href=\"\/wp-content\/uploads\/2024\/05\/Regulamentul-privind-organizarea-si-desfasurarea-evaluarii-finale-a-studiilor-superioare-de-licenta-ciclul-I-in-cadrul-Academiei-\u201eStefan-cel-Mare-a-MAI-al-Republicii-Moldova.pdf\">Regulamentul privind organizarea \u015fi desf\u0103\u015furarea evalu\u0103rii finale a studiilor superioare de licen\u0163\u0103 ( ciclul I ) \u00een cadrul Academiei \u201e\u015etefan cel Mare\u201d a MAI al Republicii Moldova;<\/a><\/li><li><a href=\"\/wp-content\/uploads\/2023\/02\/Regulament-SAS-2022.pdf\">Regulamentul cu privire la organizarea \u0219i func\u021bionarea Structurii de autoguvernan\u0163\u0103 studen\u021beasc\u0103 \u00een cadrul Academiei \u201e\u0218tefan cel Mare\u201d a MAI.<\/a><\/li><li> <a href=\"\/wp-content\/uploads\/2023\/02\/Regulamentul-org-si-desfas-conc-prof-anului.pdf\">Regulament \u0441u privire la organizarea \u0219i desf\u0103\u0219urarea \u00een cadrul Academiei,,\u0218tefan cel Mare&#8221; \u0430 MAI \u0430 \u0441\u043en\u0441ursului profesorul \u0430nului<\/a>.<\/li><li> <a href=\"\/wp-content\/uploads\/2023\/09\/Boscaneanu_M_Ghid_teze_25_09_2023.pdf\">GHID METODIC PENTRU ELABORAREA, PERFECTAREA \u015eI SUS\u0162INEREA TEZELOR DE AN\/ LICEN\u0162\u0102\/ MASTER<\/a><\/li><li> <a href=\"\/wp-content\/uploads\/2023\/03\/Regulamentul-de-organizare-a-Facultatii-2022.pdf\">Regulamentul privind organizarea \u015fi func\u0163ionarea facult\u0103\u0163ii<\/a>.<\/li><li><a href=\"\/wp-content\/uploads\/2023\/11\/Regulament-Antiplagiat-FINAL-sait.pdf\">Regulament antiplagiat.<\/a><\/li><li><a href=\"https:\/\/academy.police.md\/wp-content\/uploads\/2024\/01\/reg-recun-actelor-contin-stud-Academie-1.pdf\">Metodologia de recunoa\u0219tere a actelor \u0219i perioadelor de studii pentru continuarea studiilor;<\/a><\/li><li><a href=\"\/wp-content\/uploads\/2024\/11\/Regulament-actualizare-evaluare-planuri.pdf\">Regulament intern cu privire la elaborarea, evaluarea\/monitorizarea \u0219i actualizarea planurilor de \u00eenv\u0103\u021b\u0103m\u00e2nt \u00een cadrul Academiei \u201e\u0218tefan cel Mare\u201d a MAI al Republicii Moldova.<\/a><\/li><\/ol>\n\n\n\n<p><\/p>\n","protected":false},"excerpt":{"rendered":"<p>Regulamentul de organizare a studiilor superioare de licen\u0163\u0103 (ciclul I) a Facult\u0103\u0163ii drept, administra\u0163ie, ordine \u015fi securitate public\u0103; Regulamentul cu privire la organizarea \u015fi func\u0163ionarea Consiliului Facult\u0103\u0163ii ,,Drept, administra\u021bie, ordine [&hellip;]<\/p>\n","protected":false},"author":10,"featured_media":0,"parent":3898,"menu_order":0,"comment_status":"closed","ping_status":"closed","template":"","meta":[],"translation":{"provider":"WPGlobus","version":"2.12.2","language":"gb","enabled_languages":["ro","gb"],"languages":{"ro":{"title":true,"content":true,"excerpt":false},"gb":{"title":false,"content":false,"excerpt":false}}},"acf":[],"_links":{"self":[{"href":"https:\/\/academy.police.md\/gb\/wp-json\/wp\/v2\/pages\/10082"}],"collection":[{"href":"https:\/\/academy.police.md\/gb\/wp-json\/wp\/v2\/pages"}],"about":[{"href":"https:\/\/academy.police.md\/gb\/wp-json\/wp\/v2\/types\/page"}],"author":[{"embeddable":true,"href":"https:\/\/academy.police.md\/gb\/wp-json\/wp\/v2\/users\/10"}],"replies":[{"embeddable":true,"href":"https:\/\/academy.police.md\/gb\/wp-json\/wp\/v2\/comments?post=10082"}],"version-history":[{"count":21,"href":"https:\/\/academy.police.md\/gb\/wp-json\/wp\/v2\/pages\/10082\/revisions"}],"predecessor-version":[{"id":21749,"href":"https:\/\/academy.police.md\/gb\/wp-json\/wp\/v2\/pages\/10082\/revisions\/21749"}],"up":[{"embeddable":true,"href":"https:\/\/academy.police.md\/gb\/wp-json\/wp\/v2\/pages\/3898"}],"wp:attachment":[{"href":"https:\/\/academy.police.md\/gb\/wp-json\/wp\/v2\/media?parent=10082"}],"curies":[{"name":"wp","href":"https:\/\/api.w.org\/{rel}","templated":true}]}}